{"id":847,"date":"2026-03-28T13:43:52","date_gmt":"2026-03-28T13:43:52","guid":{"rendered":"https:\/\/nhunhu.azdigi.shop\/?post_type=product&#038;p=847"},"modified":"2026-04-12T02:51:18","modified_gmt":"2026-04-12T02:51:18","slug":"vong-phong-thuy","status":"publish","type":"product","link":"https:\/\/nhunhu.azdigi.shop\/?product=vong-phong-thuy","title":{"rendered":"V\u00f2ng Tay Th\u1ea1ch Anh T\u00f3c \u0110\u1ecf"},"content":{"rendered":"<p><img loading=\"lazy\" decoding=\"async\" class=\"size-medium wp-image-849 alignright\" src=\"https:\/\/nhunhu.azdigi.shop\/wp-content\/uploads\/2026\/03\/mhvtpt3-300x300.jpg\" alt=\"\" width=\"300\" height=\"300\" srcset=\"https:\/\/nhunhu.azdigi.shop\/wp-content\/uploads\/2026\/03\/mhvtpt3-300x300.jpg 300w, https:\/\/nhunhu.azdigi.shop\/wp-content\/uploads\/2026\/03\/mhvtpt3-150x150.jpg 150w, https:\/\/nhunhu.azdigi.shop\/wp-content\/uploads\/2026\/03\/mhvtpt3-768x768.jpg 768w, https:\/\/nhunhu.azdigi.shop\/wp-content\/uploads\/2026\/03\/mhvtpt3-600x600.jpg 600w, https:\/\/nhunhu.azdigi.shop\/wp-content\/uploads\/2026\/03\/mhvtpt3-100x100.jpg 100w, https:\/\/nhunhu.azdigi.shop\/wp-content\/uploads\/2026\/03\/mhvtpt3.jpg 800w\" sizes=\"auto, (max-width: 300px) 100vw, 300px\" \/>V\u00f2ng Tay Th\u1ea1ch Anh T\u00f3c \u0110\u1ecf kh\u00f4ng ch\u1ec9 l\u00e0 m\u00f3n trang s\u1ee9c tinh t\u1ebf m\u00e0 c\u00f2n mang \u00fd ngh\u0129a v\u1ec1 n\u0103ng l\u01b0\u1ee3ng, may m\u1eafn v\u00e0 s\u1ef1 c\u00e2n b\u1eb1ng trong cu\u1ed9c s\u1ed1ng. V\u00f2ng th\u1ea1ch anh\u0111\u01b0\u1ee3c ch\u1ebf t\u00e1c t\u1eeb \u0111\u00e1 t\u1ef1 nhi\u00ean, gi\u00fap ng\u01b0\u1eddi \u0111eo v\u1eeba th\u1ec3 hi\u1ec7n phong c\u00e1ch v\u1eeba thu h\u00fat ngu\u1ed3n n\u0103ng l\u01b0\u1ee3ng t\u00edch c\u1ef1c m\u1ed7i ng\u00e0y.<\/p>\n<p>V\u00f2ng th\u1ea1ch anh t\u1eeb l\u00e2u \u0111\u00e3 tr\u1edf th\u00e0nh m\u00f3n trang s\u1ee9c \u0111\u01b0\u1ee3c nhi\u1ec1u ng\u01b0\u1eddi y\u00eau th\u00edch b\u1edfi v\u1ebb \u0111\u1eb9p tinh t\u1ebf v\u00e0 \u00fd ngh\u0129a \u0111\u1eb7c bi\u1ec7t v\u1ec1 n\u0103ng l\u01b0\u1ee3ng. V\u00f2ng th\u1ea1ch anh kh\u00f4ng ch\u1ec9 gi\u00fap b\u1ea1n t\u1ea1o \u0111i\u1ec3m nh\u1ea5n cho phong c\u00e1ch m\u00e0 c\u00f2n mang \u0111\u1ebfn c\u1ea3m gi\u00e1c b\u00ecnh an, may m\u1eafn v\u00e0 s\u1ef1 t\u1ef1 tin trong cu\u1ed9c s\u1ed1ng h\u1eb1ng ng\u00e0y. V\u1edbi ch\u1ea5t li\u1ec7u \u0111\u00e1 t\u1ef1 nhi\u00ean c\u00f9ng thi\u1ebft k\u1ebf thanh l\u1ecbch, s\u1ea3n ph\u1ea9m ph\u00f9 h\u1ee3p cho c\u1ea3 \u0111i h\u1ecdc, \u0111i l\u00e0m v\u00e0 l\u00e0m qu\u00e0 t\u1eb7ng \u00fd ngh\u0129a.<\/p>\n<p><strong>\u00dd ngh\u0129a c\u1ee7a v\u00f2ng phong th\u1ee7y:<\/strong><\/p>\n<p>Khi l\u1ef1a ch\u1ecdn v\u00f2ng phong th\u1ee7y PN CHIC, b\u1ea1n \u0111ang h\u01b0\u1edbng \u0111\u1ebfn<\/p>\n<p>May m\u1eafn trong c\u00f4ng vi\u1ec7c<\/p>\n<p>B\u00ecnh an trong cu\u1ed9c s\u1ed1ng<\/p>\n<p>Thu h\u00fat n\u0103ng l\u01b0\u1ee3ng t\u1ed1t<\/p>\n<p>T\u0103ng s\u1ef1 t\u1ef1 tin<\/p>\n<p><strong>Ch\u1ea5t li\u1ec7u \u0111\u00e1 t\u1ef1 nhi\u00ean<\/strong><\/p>\n<p>Ch\u1ea5t li\u1ec7u: \u0110\u00e1 Th\u1ea1ch Anh T\u00f3c \u0110\u1ecf t\u1ef1 nhi\u00ean<\/p>\n<p>K\u00edch th\u01b0\u1edbc: 5\u00a0mm<\/p>\n<p><strong>V\u00ec sao n\u00ean ch\u1ecdn v\u00f2ng phong th\u1ee7y<\/strong><\/p>\n<p data-start=\"1662\" data-end=\"1778\">S\u1ea3n ph\u1ea9m n\u1ed5i b\u1eadt nh\u1edd: Thi\u1ebft k\u1ebf tinh t\u1ebf, \u0110\u00e1 t\u1ef1 nhi\u00ean \u0111\u1eb9p m\u1eaft, Ph\u00f9 h\u1ee3p nhi\u1ec1u phong c\u00e1ch, D\u1ec5 l\u00e0m qu\u00e0 t\u1eb7ng \u00fd ngh\u0129a,&#8230;<\/p>\n<p data-start=\"1662\" data-end=\"1778\"><strong>C\u00e1ch b\u1ea3o qu\u1ea3n<\/strong><\/p>\n<p data-start=\"1662\" data-end=\"1778\">\u0110\u1ec3 gi\u1eef v\u00f2ng phong th\u1ee7y lu\u00f4n \u0111\u1eb9p: Tr\u00e1nh va \u0111\u1eadp m\u1ea1nh, Tr\u00e1nh va \u0111\u1eadp m\u1ea1nh, Lau nh\u1eb9 b\u1eb1ng kh\u0103n m\u1ec1m.<\/p>\n<p data-start=\"1662\" data-end=\"1778\"><strong>Qu\u00e0 t\u1eb7ng<\/strong><\/p>\n<p>Tr\u1ecdn b\u1ed9 s\u1ea3n ph\u1ea9m bao g\u1ed3m: V\u00f2ng \u0111\u00e1 + h\u1ed9p g\u1ea5m + t\u00fai \u0111\u1ecf + gi\u1ea5y ki\u1ec3m \u0111\u1ecbnh ch\u1ea5t l\u01b0\u1ee3ng \u0111\u00e1 + thi\u1ec7p t\u1eb7ng qu\u00e0<\/p>\n<p>Tham kh\u1ea3o : https:\/\/www.wikihow.com\/Use-Crystals<\/p>\n","protected":false},"excerpt":{"rendered":"<p><span class=\"\">V\u00f2ng tay th\u1ea1ch anh kh\u00f4ng ch\u1ec9 l\u00e0 m\u1ed9t m\u00f3n trang s\u1ee9c th\u1eddi th\u01b0\u1ee3ng m\u00e0 c\u00f2n l\u00e0 v\u1eadt ph\u1ea9m phong th\u1ee7y mang l\u1ea1i s\u1ef1 c\u00e2n b\u1eb1ng cho t\u00e2m h\u1ed3n.<\/span><span class=\"\"> V\u1edbi s\u1eafc m\u00e0u t\u1ef1 nhi\u00ean \u0111a d\u1ea1ng,<\/span><span class=\"\"> m\u1ed7i vi\u00ean \u0111\u00e1 \u0111\u1ec1u mang m\u1ed9t c\u00e2u chuy\u1ec7n v\u00e0 s\u1ee9c m\u1ea1nh ri\u00eang.<\/span><\/p>\n","protected":false},"featured_media":848,"comment_status":"open","ping_status":"closed","template":"","meta":[],"product_brand":[],"product_cat":[47],"product_tag":[],"class_list":{"0":"post-847","1":"product","2":"type-product","3":"status-publish","4":"has-post-thumbnail","6":"product_cat-binh-an-moc","8":"first","9":"instock","10":"sale","11":"shipping-taxable","12":"purchasable","13":"product-type-variable"},"yoast_head":"<!-- This site is optimized with the Yoast SEO plugin v26.8 - https:\/\/yoast.com\/product\/yoast-seo-wordpress\/ -->\n<title>V\u00f2ng Tay Th\u1ea1ch Anh T\u00f3c \u0110\u1ecf - PN CHIC<\/title>\n<meta name=\"description\" content=\"V\u00f2ng Tay Th\u1ea1ch Anh T\u00f3c \u0110\u1ecf t\u1eeb \u0111\u00e1 t\u1ef1 nhi\u00ean gi\u00fap thu h\u00fat may m\u1eafn, b\u00ecnh an.\" \/>\n<meta name=\"robots\" content=\"index, follow, max-snippet:-1, max-image-preview:large, max-video-preview:-1\" \/>\n<link rel=\"canonical\" href=\"https:\/\/nhunhu.azdigi.shop\/?product=vong-phong-thuy\" \/>\n<meta property=\"og:locale\" content=\"vi_VN\" \/>\n<meta property=\"og:type\" content=\"article\" \/>\n<meta property=\"og:title\" content=\"V\u00f2ng Tay Th\u1ea1ch Anh T\u00f3c \u0110\u1ecf - PN CHIC\" \/>\n<meta property=\"og:description\" content=\"V\u00f2ng Tay Th\u1ea1ch Anh T\u00f3c \u0110\u1ecf t\u1eeb \u0111\u00e1 t\u1ef1 nhi\u00ean gi\u00fap thu h\u00fat may m\u1eafn, b\u00ecnh an.\" \/>\n<meta property=\"og:url\" content=\"https:\/\/nhunhu.azdigi.shop\/?product=vong-phong-thuy\" \/>\n<meta property=\"og:site_name\" content=\"PN CHIC\" \/>\n<meta property=\"article:modified_time\" content=\"2026-04-12T02:51:18+00:00\" \/>\n<meta property=\"og:image\" content=\"https:\/\/nhunhu.azdigi.shop\/wp-content\/uploads\/2026\/03\/vtpt3.jpg\" \/>\n\t<meta property=\"og:image:width\" content=\"800\" \/>\n\t<meta property=\"og:image:height\" content=\"800\" \/>\n\t<meta property=\"og:image:type\" content=\"image\/jpeg\" \/>\n<meta name=\"twitter:card\" content=\"summary_large_image\" \/>\n<meta name=\"twitter:label1\" content=\"\u01af\u1edbc t\u00ednh th\u1eddi gian \u0111\u1ecdc\" \/>\n\t<meta name=\"twitter:data1\" content=\"2 ph\u00fat\" \/>\n<script type=\"application\/ld+json\" class=\"yoast-schema-graph\">{\"@context\":\"https:\/\/schema.org\",\"@graph\":[{\"@type\":\"WebPage\",\"@id\":\"https:\/\/nhunhu.azdigi.shop\/?product=vong-phong-thuy\",\"url\":\"https:\/\/nhunhu.azdigi.shop\/?product=vong-phong-thuy\",\"name\":\"V\u00f2ng Tay Th\u1ea1ch Anh T\u00f3c \u0110\u1ecf - PN CHIC\",\"isPartOf\":{\"@id\":\"https:\/\/nhunhu.azdigi.shop\/#website\"},\"primaryImageOfPage\":{\"@id\":\"https:\/\/nhunhu.azdigi.shop\/?product=vong-phong-thuy#primaryimage\"},\"image\":{\"@id\":\"https:\/\/nhunhu.azdigi.shop\/?product=vong-phong-thuy#primaryimage\"},\"thumbnailUrl\":\"https:\/\/nhunhu.azdigi.shop\/wp-content\/uploads\/2026\/03\/vtpt3.jpg\",\"datePublished\":\"2026-03-28T13:43:52+00:00\",\"dateModified\":\"2026-04-12T02:51:18+00:00\",\"description\":\"V\u00f2ng Tay Th\u1ea1ch Anh T\u00f3c \u0110\u1ecf t\u1eeb \u0111\u00e1 t\u1ef1 nhi\u00ean gi\u00fap thu h\u00fat may m\u1eafn, b\u00ecnh an.\",\"breadcrumb\":{\"@id\":\"https:\/\/nhunhu.azdigi.shop\/?product=vong-phong-thuy#breadcrumb\"},\"inLanguage\":\"vi\",\"potentialAction\":[{\"@type\":\"ReadAction\",\"target\":[\"https:\/\/nhunhu.azdigi.shop\/?product=vong-phong-thuy\"]}]},{\"@type\":\"ImageObject\",\"inLanguage\":\"vi\",\"@id\":\"https:\/\/nhunhu.azdigi.shop\/?product=vong-phong-thuy#primaryimage\",\"url\":\"https:\/\/nhunhu.azdigi.shop\/wp-content\/uploads\/2026\/03\/vtpt3.jpg\",\"contentUrl\":\"https:\/\/nhunhu.azdigi.shop\/wp-content\/uploads\/2026\/03\/vtpt3.jpg\",\"width\":800,\"height\":800},{\"@type\":\"BreadcrumbList\",\"@id\":\"https:\/\/nhunhu.azdigi.shop\/?product=vong-phong-thuy#breadcrumb\",\"itemListElement\":[{\"@type\":\"ListItem\",\"position\":1,\"name\":\"Trang ch\u1ee7\",\"item\":\"https:\/\/nhunhu.azdigi.shop\/\"},{\"@type\":\"ListItem\",\"position\":2,\"name\":\"Shop\",\"item\":\"https:\/\/nhunhu.azdigi.shop\/?page_id=85\"},{\"@type\":\"ListItem\",\"position\":3,\"name\":\"V\u00f2ng Tay Th\u1ea1ch Anh T\u00f3c \u0110\u1ecf\"}]},{\"@type\":\"WebSite\",\"@id\":\"https:\/\/nhunhu.azdigi.shop\/#website\",\"url\":\"https:\/\/nhunhu.azdigi.shop\/\",\"name\":\"Ph\u1ee5 Ki\u1ec7n Nh\u1ecf - C\u00e1 T\u00ednh L\u1edbn\",\"description\":\"\",\"potentialAction\":[{\"@type\":\"SearchAction\",\"target\":{\"@type\":\"EntryPoint\",\"urlTemplate\":\"https:\/\/nhunhu.azdigi.shop\/?s={search_term_string}\"},\"query-input\":{\"@type\":\"PropertyValueSpecification\",\"valueRequired\":true,\"valueName\":\"search_term_string\"}}],\"inLanguage\":\"vi\"}]}<\/script>\n<!-- \/ Yoast SEO plugin. -->","yoast_head_json":{"title":"V\u00f2ng Tay Th\u1ea1ch Anh T\u00f3c \u0110\u1ecf - PN CHIC","description":"V\u00f2ng Tay Th\u1ea1ch Anh T\u00f3c \u0110\u1ecf t\u1eeb \u0111\u00e1 t\u1ef1 nhi\u00ean gi\u00fap thu h\u00fat may m\u1eafn, b\u00ecnh an.","robots":{"index":"index","follow":"follow","max-snippet":"max-snippet:-1","max-image-preview":"max-image-preview:large","max-video-preview":"max-video-preview:-1"},"canonical":"https:\/\/nhunhu.azdigi.shop\/?product=vong-phong-thuy","og_locale":"vi_VN","og_type":"article","og_title":"V\u00f2ng Tay Th\u1ea1ch Anh T\u00f3c \u0110\u1ecf - PN CHIC","og_description":"V\u00f2ng Tay Th\u1ea1ch Anh T\u00f3c \u0110\u1ecf t\u1eeb \u0111\u00e1 t\u1ef1 nhi\u00ean gi\u00fap thu h\u00fat may m\u1eafn, b\u00ecnh an.","og_url":"https:\/\/nhunhu.azdigi.shop\/?product=vong-phong-thuy","og_site_name":"PN CHIC","article_modified_time":"2026-04-12T02:51:18+00:00","og_image":[{"width":800,"height":800,"url":"https:\/\/nhunhu.azdigi.shop\/wp-content\/uploads\/2026\/03\/vtpt3.jpg","type":"image\/jpeg"}],"twitter_card":"summary_large_image","twitter_misc":{"\u01af\u1edbc t\u00ednh th\u1eddi gian \u0111\u1ecdc":"2 ph\u00fat"},"schema":{"@context":"https:\/\/schema.org","@graph":[{"@type":"WebPage","@id":"https:\/\/nhunhu.azdigi.shop\/?product=vong-phong-thuy","url":"https:\/\/nhunhu.azdigi.shop\/?product=vong-phong-thuy","name":"V\u00f2ng Tay Th\u1ea1ch Anh T\u00f3c \u0110\u1ecf - PN CHIC","isPartOf":{"@id":"https:\/\/nhunhu.azdigi.shop\/#website"},"primaryImageOfPage":{"@id":"https:\/\/nhunhu.azdigi.shop\/?product=vong-phong-thuy#primaryimage"},"image":{"@id":"https:\/\/nhunhu.azdigi.shop\/?product=vong-phong-thuy#primaryimage"},"thumbnailUrl":"https:\/\/nhunhu.azdigi.shop\/wp-content\/uploads\/2026\/03\/vtpt3.jpg","datePublished":"2026-03-28T13:43:52+00:00","dateModified":"2026-04-12T02:51:18+00:00","description":"V\u00f2ng Tay Th\u1ea1ch Anh T\u00f3c \u0110\u1ecf t\u1eeb \u0111\u00e1 t\u1ef1 nhi\u00ean gi\u00fap thu h\u00fat may m\u1eafn, b\u00ecnh an.","breadcrumb":{"@id":"https:\/\/nhunhu.azdigi.shop\/?product=vong-phong-thuy#breadcrumb"},"inLanguage":"vi","potentialAction":[{"@type":"ReadAction","target":["https:\/\/nhunhu.azdigi.shop\/?product=vong-phong-thuy"]}]},{"@type":"ImageObject","inLanguage":"vi","@id":"https:\/\/nhunhu.azdigi.shop\/?product=vong-phong-thuy#primaryimage","url":"https:\/\/nhunhu.azdigi.shop\/wp-content\/uploads\/2026\/03\/vtpt3.jpg","contentUrl":"https:\/\/nhunhu.azdigi.shop\/wp-content\/uploads\/2026\/03\/vtpt3.jpg","width":800,"height":800},{"@type":"BreadcrumbList","@id":"https:\/\/nhunhu.azdigi.shop\/?product=vong-phong-thuy#breadcrumb","itemListElement":[{"@type":"ListItem","position":1,"name":"Trang ch\u1ee7","item":"https:\/\/nhunhu.azdigi.shop\/"},{"@type":"ListItem","position":2,"name":"Shop","item":"https:\/\/nhunhu.azdigi.shop\/?page_id=85"},{"@type":"ListItem","position":3,"name":"V\u00f2ng Tay Th\u1ea1ch Anh T\u00f3c \u0110\u1ecf"}]},{"@type":"WebSite","@id":"https:\/\/nhunhu.azdigi.shop\/#website","url":"https:\/\/nhunhu.azdigi.shop\/","name":"Ph\u1ee5 Ki\u1ec7n Nh\u1ecf - C\u00e1 T\u00ednh L\u1edbn","description":"","potentialAction":[{"@type":"SearchAction","target":{"@type":"EntryPoint","urlTemplate":"https:\/\/nhunhu.azdigi.shop\/?s={search_term_string}"},"query-input":{"@type":"PropertyValueSpecification","valueRequired":true,"valueName":"search_term_string"}}],"inLanguage":"vi"}]}},"_links":{"self":[{"href":"https:\/\/nhunhu.azdigi.shop\/index.php?rest_route=\/wp\/v2\/product\/847","targetHints":{"allow":["GET"]}}],"collection":[{"href":"https:\/\/nhunhu.azdigi.shop\/index.php?rest_route=\/wp\/v2\/product"}],"about":[{"href":"https:\/\/nhunhu.azdigi.shop\/index.php?rest_route=\/wp\/v2\/types\/product"}],"replies":[{"embeddable":true,"href":"https:\/\/nhunhu.azdigi.shop\/index.php?rest_route=%2Fwp%2Fv2%2Fcomments&post=847"}],"wp:featuredmedia":[{"embeddable":true,"href":"https:\/\/nhunhu.azdigi.shop\/index.php?rest_route=\/wp\/v2\/media\/848"}],"wp:attachment":[{"href":"https:\/\/nhunhu.azdigi.shop\/index.php?rest_route=%2Fwp%2Fv2%2Fmedia&parent=847"}],"wp:term":[{"taxonomy":"product_brand","embeddable":true,"href":"https:\/\/nhunhu.azdigi.shop\/index.php?rest_route=%2Fwp%2Fv2%2Fproduct_brand&post=847"},{"taxonomy":"product_cat","embeddable":true,"href":"https:\/\/nhunhu.azdigi.shop\/index.php?rest_route=%2Fwp%2Fv2%2Fproduct_cat&post=847"},{"taxonomy":"product_tag","embeddable":true,"href":"https:\/\/nhunhu.azdigi.shop\/index.php?rest_route=%2Fwp%2Fv2%2Fproduct_tag&post=847"}],"curies":[{"name":"wp","href":"https:\/\/api.w.org\/{rel}","templated":true}]}}