{"id":842,"date":"2026-03-28T13:41:13","date_gmt":"2026-03-28T13:41:13","guid":{"rendered":"https:\/\/nhunhu.azdigi.shop\/?post_type=product&#038;p=842"},"modified":"2026-04-12T02:53:35","modified_gmt":"2026-04-12T02:53:35","slug":"vong-tay-thach-anh-nau-dong","status":"publish","type":"product","link":"https:\/\/nhunhu.azdigi.shop\/?product=vong-tay-thach-anh-nau-dong","title":{"rendered":"V\u00f2ng Tay Th\u1ea1ch Anh N\u00e2u \u0110\u1ed3ng"},"content":{"rendered":"<p data-start=\"867\" data-end=\"1026\"><strong data-start=\"480\" data-end=\"551\"><img loading=\"lazy\" decoding=\"async\" class=\" wp-image-844 alignright\" src=\"https:\/\/nhunhu.azdigi.shop\/wp-content\/uploads\/2026\/03\/mhvtpt2-300x300.jpg\" alt=\"\" width=\"275\" height=\"275\" srcset=\"https:\/\/nhunhu.azdigi.shop\/wp-content\/uploads\/2026\/03\/mhvtpt2-300x300.jpg 300w, https:\/\/nhunhu.azdigi.shop\/wp-content\/uploads\/2026\/03\/mhvtpt2-150x150.jpg 150w, https:\/\/nhunhu.azdigi.shop\/wp-content\/uploads\/2026\/03\/mhvtpt2-768x768.jpg 768w, https:\/\/nhunhu.azdigi.shop\/wp-content\/uploads\/2026\/03\/mhvtpt2-600x600.jpg 600w, https:\/\/nhunhu.azdigi.shop\/wp-content\/uploads\/2026\/03\/mhvtpt2-100x100.jpg 100w, https:\/\/nhunhu.azdigi.shop\/wp-content\/uploads\/2026\/03\/mhvtpt2.jpg 800w\" sizes=\"auto, (max-width: 275px) 100vw, 275px\" \/><\/strong><\/p>\n<p data-start=\"867\" data-end=\"1026\"><strong>\u00dd ngh\u0129a\u00a0<\/strong><\/p>\n<p data-start=\"867\" data-end=\"1026\">Kh\u00f4ng ch\u1ec9 l\u00e0 ph\u1ee5 ki\u1ec7n th\u1eddi trang, v\u00f2ng tay th\u1ea1ch anh n\u00e2u \u0111\u1ed3ng c\u00f2n mang nhi\u1ec1u gi\u00e1 tr\u1ecb phong th\u1ee7y:<\/p>\n<p data-start=\"867\" data-end=\"1026\">Thu h\u00fat t\u00e0i l\u1ed9c v\u00e0 may m\u1eafn<\/p>\n<p data-start=\"867\" data-end=\"1026\">T\u0103ng s\u1ef1 t\u1ef1 tin v\u00e0 b\u1ea3n l\u0129nh<\/p>\n<p data-start=\"867\" data-end=\"1026\">Gi\u00fap tinh th\u1ea7n \u1ed5n \u0111\u1ecbnh<\/p>\n<p data-start=\"867\" data-end=\"1026\">H\u1ed7 tr\u1ee3 s\u1ef1 t\u1eadp trung trong c\u00f4ng vi\u1ec7c<\/p>\n<p data-start=\"867\" data-end=\"1026\">\u0110\u00e2y l\u00e0 m\u1eabu v\u00f2ng r\u1ea5t \u0111\u01b0\u1ee3c y\u00eau th\u00edch b\u1edfi ng\u01b0\u1eddi \u0111i l\u00e0m, kinh doanh ho\u1eb7c nh\u1eefng ai mong mu\u1ed1n c\u00f3 th\u00eam ngu\u1ed3n n\u0103ng l\u01b0\u1ee3ng t\u00edch c\u1ef1c m\u1ed7i ng\u00e0y.<\/p>\n<p>Thi\u1ebft k\u1ebf sang tr\u1ecdng v\u00e0 d\u1ec5 ph\u1ed1i \u0111\u1ed3<\/p>\n<p>\u0110i\u1ec3m n\u1ed5i b\u1eadt<\/p>\n<p>Chu\u1ed7i h\u1ea1t tr\u00f2n \u0111\u1ec1u k\u00edch th\u01b0\u1edbc: 5 mm<\/p>\n<p>Ch\u1ea5t li\u1ec7u: \u0110\u00e1 Th\u1ea1ch Anh t\u1ef1 nhi\u00ean<\/p>\n<p><strong>C\u00e1ch b\u1ea3o qu\u1ea3n v\u00f2ng<\/strong><\/p>\n<p>Tr\u00e1nh ti\u1ebfp x\u00fac h\u00f3a ch\u1ea5t<\/p>\n<p>Kh\u00f4ng \u0111\u1ec3 va \u0111\u1eadp m\u1ea1nh<\/p>\n<p>Lau b\u1eb1ng kh\u0103n m\u1ec1m sau khi s\u1eed d\u1ee5ng<\/p>\n<p>C\u1ea5t trong h\u1ed9p ri\u00eang<\/p>\n<p><strong>Qu\u00e0 t\u1eb7ng<\/strong><\/p>\n<p>Tr\u1ecdn b\u1ed9 s\u1ea3n ph\u1ea9m bao g\u1ed3m: V\u00f2ng \u0111\u00e1 + t\u00fai nhung \u0111\u1ecf<\/p>\n<p data-start=\"553\" data-end=\"865\">V\u00f2ng tay th\u1ea1ch anh n\u00e2u \u0111\u1ed3ng l\u00e0 m\u00f3n trang s\u1ee9c \u0111\u01b0\u1ee3c nhi\u1ec1u kh\u00e1ch h\u00e0ng y\u00eau th\u00edch nh\u1edd s\u1eafc n\u00e2u \u00e1nh \u0111\u1ed3ng sang tr\u1ecdng v\u00e0 \u00fd ngh\u0129a phong th\u1ee7y t\u00edch c\u1ef1c. chi\u1ebfc v\u00f2ng n\u00e0y<strong data-start=\"694\" data-end=\"733\">\u00a0<\/strong>kh\u00f4ng ch\u1ec9 gi\u00fap t\u1ea1o \u0111i\u1ec3m nh\u1ea5n cho phong c\u00e1ch m\u00e0 c\u00f2n t\u01b0\u1ee3ng tr\u01b0ng cho s\u1ef1 \u1ed5n \u0111\u1ecbnh, t\u00e0i l\u1ed9c v\u00e0 ngu\u1ed3n n\u0103ng l\u01b0\u1ee3ng m\u1ea1nh m\u1ebd trong cu\u1ed9c s\u1ed1ng.<\/p>\n<p data-start=\"867\" data-end=\"1026\">M\u00e0u n\u00e2u \u0111\u1ed3ng mang \u0111\u1ebfn c\u1ea3m gi\u00e1c \u1ea5m \u00e1p, tr\u01b0\u1edfng th\u00e0nh v\u00e0 tinh t\u1ebf, r\u1ea5t ph\u00f9 h\u1ee3p v\u1edbi nh\u1eefng ai y\u00eau th\u00edch phong c\u00e1ch thanh l\u1ecbch nh\u01b0ng v\u1eabn mu\u1ed1n n\u1ed5i b\u1eadt theo c\u00e1ch ri\u00eang.<\/p>\n<p><strong data-start=\"84\" data-end=\"123\">V\u00f2ng tay th\u1ea1ch anh n\u00e2u \u0111\u1ed3ng <\/strong>\u00a0kh\u00f4ng ch\u1ec9 mang v\u1ebb \u0111\u1eb9p sang tr\u1ecdng m\u00e0 c\u00f2n gi\u00fap ng\u01b0\u1eddi \u0111eo c\u1ea3m nh\u1eadn s\u1ef1 \u1ed5n \u0111\u1ecbnh v\u00e0 t\u1ef1 tin trong cu\u1ed9c s\u1ed1ng. S\u1eafc n\u00e2u \u0111\u1ed3ng \u1ea5m \u00e1p d\u1ec5 ph\u1ed1i v\u1edbi nhi\u1ec1u phong c\u00e1ch, t\u1eeb thanh l\u1ecbch \u0111\u1ebfn c\u00e1 t\u00ednh, t\u1ea1o n\u00ean \u0111i\u1ec3m nh\u1ea5n tinh t\u1ebf cho m\u1ed7i ng\u00e0y.<\/p>\n<p>b\u1ea1n c\u00f3 th\u1ec3 tham kh\u1ea3o th\u00eam \u00fd ngh\u0129a \u0111\u00e1 phong th\u1ee7y t\u1ea1i WikiHow.<\/p>\n","protected":false},"excerpt":{"rendered":"<p>Kh\u00f4ng ch\u1ec9 l\u00e0 trang s\u1ee9c, v\u00f2ng th\u1ea1ch anh c\u00f2n l\u00e0 &#8220;l\u00e1 b\u00f9a&#8221; n\u0103ng l\u01b0\u1ee3ng gi\u00fap xua tan c\u0103ng th\u1eb3ng v\u00e0 mang l\u1ea1i b\u00ecnh an. T\u1eebng lo\u1ea1i \u0111\u00e1 t\u1eeb th\u1ea1ch anh t\u00edm, h\u1ed3ng \u0111\u1ebfn t\u00f3c v\u00e0ng \u0111\u1ec1u \u1ea9n ch\u1ee9a s\u1ee9c m\u1ea1nh ri\u00eang, h\u1ed7 tr\u1ee3 lu\u00e2n xa v\u00e0 c\u1ea3i thi\u1ec7n v\u01b0\u1ee3ng kh\u00ed cho ng\u01b0\u1eddi \u0111eo.<\/p>\n","protected":false},"featured_media":843,"comment_status":"open","ping_status":"closed","template":"","meta":[],"product_brand":[],"product_cat":[47],"product_tag":[],"class_list":{"0":"post-842","1":"product","2":"type-product","3":"status-publish","4":"has-post-thumbnail","6":"product_cat-binh-an-moc","8":"first","9":"instock","10":"shipping-taxable","11":"purchasable","12":"product-type-variable"},"yoast_head":"<!-- This site is optimized with the Yoast SEO plugin v26.8 - https:\/\/yoast.com\/product\/yoast-seo-wordpress\/ -->\n<title>V\u00f2ng Tay Th\u1ea1ch Anh N\u00e2u \u0110\u1ed3ng - PN CHIC<\/title>\n<meta name=\"description\" content=\"V\u00f2ng tay th\u1ea1ch anh n\u00e2u \u0111\u1ed3ng mang v\u1ebb \u0111\u1eb9p sang tr\u1ecdng, gi\u00fap thu h\u00fat t\u00e0i l\u1ed9c, t\u0103ng s\u1ef1 t\u1ef1 tin v\u00e0 t\u1ea1o \u0111i\u1ec3m nh\u1ea5n tinh t\u1ebf cho phong c\u00e1ch.\" \/>\n<meta name=\"robots\" content=\"index, follow, max-snippet:-1, max-image-preview:large, max-video-preview:-1\" \/>\n<link rel=\"canonical\" href=\"https:\/\/nhunhu.azdigi.shop\/?product=vong-tay-thach-anh-nau-dong\" \/>\n<meta property=\"og:locale\" content=\"vi_VN\" \/>\n<meta property=\"og:type\" content=\"article\" \/>\n<meta property=\"og:title\" content=\"V\u00f2ng Tay Th\u1ea1ch Anh N\u00e2u \u0110\u1ed3ng - PN CHIC\" \/>\n<meta property=\"og:description\" content=\"V\u00f2ng tay th\u1ea1ch anh n\u00e2u \u0111\u1ed3ng mang v\u1ebb \u0111\u1eb9p sang tr\u1ecdng, gi\u00fap thu h\u00fat t\u00e0i l\u1ed9c, t\u0103ng s\u1ef1 t\u1ef1 tin v\u00e0 t\u1ea1o \u0111i\u1ec3m nh\u1ea5n tinh t\u1ebf cho phong c\u00e1ch.\" \/>\n<meta property=\"og:url\" content=\"https:\/\/nhunhu.azdigi.shop\/?product=vong-tay-thach-anh-nau-dong\" \/>\n<meta property=\"og:site_name\" content=\"PN CHIC\" \/>\n<meta property=\"article:modified_time\" content=\"2026-04-12T02:53:35+00:00\" \/>\n<meta property=\"og:image\" content=\"https:\/\/nhunhu.azdigi.shop\/wp-content\/uploads\/2026\/03\/vtpt2.jpg\" \/>\n\t<meta property=\"og:image:width\" content=\"800\" \/>\n\t<meta property=\"og:image:height\" content=\"800\" \/>\n\t<meta property=\"og:image:type\" content=\"image\/jpeg\" \/>\n<meta name=\"twitter:card\" content=\"summary_large_image\" \/>\n<meta name=\"twitter:label1\" content=\"\u01af\u1edbc t\u00ednh th\u1eddi gian \u0111\u1ecdc\" \/>\n\t<meta name=\"twitter:data1\" content=\"3 ph\u00fat\" \/>\n<script type=\"application\/ld+json\" class=\"yoast-schema-graph\">{\"@context\":\"https:\/\/schema.org\",\"@graph\":[{\"@type\":\"WebPage\",\"@id\":\"https:\/\/nhunhu.azdigi.shop\/?product=vong-tay-thach-anh-nau-dong\",\"url\":\"https:\/\/nhunhu.azdigi.shop\/?product=vong-tay-thach-anh-nau-dong\",\"name\":\"V\u00f2ng Tay Th\u1ea1ch Anh N\u00e2u \u0110\u1ed3ng - PN CHIC\",\"isPartOf\":{\"@id\":\"https:\/\/nhunhu.azdigi.shop\/#website\"},\"primaryImageOfPage\":{\"@id\":\"https:\/\/nhunhu.azdigi.shop\/?product=vong-tay-thach-anh-nau-dong#primaryimage\"},\"image\":{\"@id\":\"https:\/\/nhunhu.azdigi.shop\/?product=vong-tay-thach-anh-nau-dong#primaryimage\"},\"thumbnailUrl\":\"https:\/\/nhunhu.azdigi.shop\/wp-content\/uploads\/2026\/03\/vtpt2.jpg\",\"datePublished\":\"2026-03-28T13:41:13+00:00\",\"dateModified\":\"2026-04-12T02:53:35+00:00\",\"description\":\"V\u00f2ng tay th\u1ea1ch anh n\u00e2u \u0111\u1ed3ng mang v\u1ebb \u0111\u1eb9p sang tr\u1ecdng, gi\u00fap thu h\u00fat t\u00e0i l\u1ed9c, t\u0103ng s\u1ef1 t\u1ef1 tin v\u00e0 t\u1ea1o \u0111i\u1ec3m nh\u1ea5n tinh t\u1ebf cho phong c\u00e1ch.\",\"breadcrumb\":{\"@id\":\"https:\/\/nhunhu.azdigi.shop\/?product=vong-tay-thach-anh-nau-dong#breadcrumb\"},\"inLanguage\":\"vi\",\"potentialAction\":[{\"@type\":\"ReadAction\",\"target\":[\"https:\/\/nhunhu.azdigi.shop\/?product=vong-tay-thach-anh-nau-dong\"]}]},{\"@type\":\"ImageObject\",\"inLanguage\":\"vi\",\"@id\":\"https:\/\/nhunhu.azdigi.shop\/?product=vong-tay-thach-anh-nau-dong#primaryimage\",\"url\":\"https:\/\/nhunhu.azdigi.shop\/wp-content\/uploads\/2026\/03\/vtpt2.jpg\",\"contentUrl\":\"https:\/\/nhunhu.azdigi.shop\/wp-content\/uploads\/2026\/03\/vtpt2.jpg\",\"width\":800,\"height\":800},{\"@type\":\"BreadcrumbList\",\"@id\":\"https:\/\/nhunhu.azdigi.shop\/?product=vong-tay-thach-anh-nau-dong#breadcrumb\",\"itemListElement\":[{\"@type\":\"ListItem\",\"position\":1,\"name\":\"Trang ch\u1ee7\",\"item\":\"https:\/\/nhunhu.azdigi.shop\/\"},{\"@type\":\"ListItem\",\"position\":2,\"name\":\"Shop\",\"item\":\"https:\/\/nhunhu.azdigi.shop\/?page_id=85\"},{\"@type\":\"ListItem\",\"position\":3,\"name\":\"V\u00f2ng Tay Th\u1ea1ch Anh N\u00e2u \u0110\u1ed3ng\"}]},{\"@type\":\"WebSite\",\"@id\":\"https:\/\/nhunhu.azdigi.shop\/#website\",\"url\":\"https:\/\/nhunhu.azdigi.shop\/\",\"name\":\"Ph\u1ee5 Ki\u1ec7n Nh\u1ecf - C\u00e1 T\u00ednh L\u1edbn\",\"description\":\"\",\"potentialAction\":[{\"@type\":\"SearchAction\",\"target\":{\"@type\":\"EntryPoint\",\"urlTemplate\":\"https:\/\/nhunhu.azdigi.shop\/?s={search_term_string}\"},\"query-input\":{\"@type\":\"PropertyValueSpecification\",\"valueRequired\":true,\"valueName\":\"search_term_string\"}}],\"inLanguage\":\"vi\"}]}<\/script>\n<!-- \/ Yoast SEO plugin. -->","yoast_head_json":{"title":"V\u00f2ng Tay Th\u1ea1ch Anh N\u00e2u \u0110\u1ed3ng - PN CHIC","description":"V\u00f2ng tay th\u1ea1ch anh n\u00e2u \u0111\u1ed3ng mang v\u1ebb \u0111\u1eb9p sang tr\u1ecdng, gi\u00fap thu h\u00fat t\u00e0i l\u1ed9c, t\u0103ng s\u1ef1 t\u1ef1 tin v\u00e0 t\u1ea1o \u0111i\u1ec3m nh\u1ea5n tinh t\u1ebf cho phong c\u00e1ch.","robots":{"index":"index","follow":"follow","max-snippet":"max-snippet:-1","max-image-preview":"max-image-preview:large","max-video-preview":"max-video-preview:-1"},"canonical":"https:\/\/nhunhu.azdigi.shop\/?product=vong-tay-thach-anh-nau-dong","og_locale":"vi_VN","og_type":"article","og_title":"V\u00f2ng Tay Th\u1ea1ch Anh N\u00e2u \u0110\u1ed3ng - PN CHIC","og_description":"V\u00f2ng tay th\u1ea1ch anh n\u00e2u \u0111\u1ed3ng mang v\u1ebb \u0111\u1eb9p sang tr\u1ecdng, gi\u00fap thu h\u00fat t\u00e0i l\u1ed9c, t\u0103ng s\u1ef1 t\u1ef1 tin v\u00e0 t\u1ea1o \u0111i\u1ec3m nh\u1ea5n tinh t\u1ebf cho phong c\u00e1ch.","og_url":"https:\/\/nhunhu.azdigi.shop\/?product=vong-tay-thach-anh-nau-dong","og_site_name":"PN CHIC","article_modified_time":"2026-04-12T02:53:35+00:00","og_image":[{"width":800,"height":800,"url":"https:\/\/nhunhu.azdigi.shop\/wp-content\/uploads\/2026\/03\/vtpt2.jpg","type":"image\/jpeg"}],"twitter_card":"summary_large_image","twitter_misc":{"\u01af\u1edbc t\u00ednh th\u1eddi gian \u0111\u1ecdc":"3 ph\u00fat"},"schema":{"@context":"https:\/\/schema.org","@graph":[{"@type":"WebPage","@id":"https:\/\/nhunhu.azdigi.shop\/?product=vong-tay-thach-anh-nau-dong","url":"https:\/\/nhunhu.azdigi.shop\/?product=vong-tay-thach-anh-nau-dong","name":"V\u00f2ng Tay Th\u1ea1ch Anh N\u00e2u \u0110\u1ed3ng - PN CHIC","isPartOf":{"@id":"https:\/\/nhunhu.azdigi.shop\/#website"},"primaryImageOfPage":{"@id":"https:\/\/nhunhu.azdigi.shop\/?product=vong-tay-thach-anh-nau-dong#primaryimage"},"image":{"@id":"https:\/\/nhunhu.azdigi.shop\/?product=vong-tay-thach-anh-nau-dong#primaryimage"},"thumbnailUrl":"https:\/\/nhunhu.azdigi.shop\/wp-content\/uploads\/2026\/03\/vtpt2.jpg","datePublished":"2026-03-28T13:41:13+00:00","dateModified":"2026-04-12T02:53:35+00:00","description":"V\u00f2ng tay th\u1ea1ch anh n\u00e2u \u0111\u1ed3ng mang v\u1ebb \u0111\u1eb9p sang tr\u1ecdng, gi\u00fap thu h\u00fat t\u00e0i l\u1ed9c, t\u0103ng s\u1ef1 t\u1ef1 tin v\u00e0 t\u1ea1o \u0111i\u1ec3m nh\u1ea5n tinh t\u1ebf cho phong c\u00e1ch.","breadcrumb":{"@id":"https:\/\/nhunhu.azdigi.shop\/?product=vong-tay-thach-anh-nau-dong#breadcrumb"},"inLanguage":"vi","potentialAction":[{"@type":"ReadAction","target":["https:\/\/nhunhu.azdigi.shop\/?product=vong-tay-thach-anh-nau-dong"]}]},{"@type":"ImageObject","inLanguage":"vi","@id":"https:\/\/nhunhu.azdigi.shop\/?product=vong-tay-thach-anh-nau-dong#primaryimage","url":"https:\/\/nhunhu.azdigi.shop\/wp-content\/uploads\/2026\/03\/vtpt2.jpg","contentUrl":"https:\/\/nhunhu.azdigi.shop\/wp-content\/uploads\/2026\/03\/vtpt2.jpg","width":800,"height":800},{"@type":"BreadcrumbList","@id":"https:\/\/nhunhu.azdigi.shop\/?product=vong-tay-thach-anh-nau-dong#breadcrumb","itemListElement":[{"@type":"ListItem","position":1,"name":"Trang ch\u1ee7","item":"https:\/\/nhunhu.azdigi.shop\/"},{"@type":"ListItem","position":2,"name":"Shop","item":"https:\/\/nhunhu.azdigi.shop\/?page_id=85"},{"@type":"ListItem","position":3,"name":"V\u00f2ng Tay Th\u1ea1ch Anh N\u00e2u \u0110\u1ed3ng"}]},{"@type":"WebSite","@id":"https:\/\/nhunhu.azdigi.shop\/#website","url":"https:\/\/nhunhu.azdigi.shop\/","name":"Ph\u1ee5 Ki\u1ec7n Nh\u1ecf - C\u00e1 T\u00ednh L\u1edbn","description":"","potentialAction":[{"@type":"SearchAction","target":{"@type":"EntryPoint","urlTemplate":"https:\/\/nhunhu.azdigi.shop\/?s={search_term_string}"},"query-input":{"@type":"PropertyValueSpecification","valueRequired":true,"valueName":"search_term_string"}}],"inLanguage":"vi"}]}},"_links":{"self":[{"href":"https:\/\/nhunhu.azdigi.shop\/index.php?rest_route=\/wp\/v2\/product\/842","targetHints":{"allow":["GET"]}}],"collection":[{"href":"https:\/\/nhunhu.azdigi.shop\/index.php?rest_route=\/wp\/v2\/product"}],"about":[{"href":"https:\/\/nhunhu.azdigi.shop\/index.php?rest_route=\/wp\/v2\/types\/product"}],"replies":[{"embeddable":true,"href":"https:\/\/nhunhu.azdigi.shop\/index.php?rest_route=%2Fwp%2Fv2%2Fcomments&post=842"}],"wp:featuredmedia":[{"embeddable":true,"href":"https:\/\/nhunhu.azdigi.shop\/index.php?rest_route=\/wp\/v2\/media\/843"}],"wp:attachment":[{"href":"https:\/\/nhunhu.azdigi.shop\/index.php?rest_route=%2Fwp%2Fv2%2Fmedia&parent=842"}],"wp:term":[{"taxonomy":"product_brand","embeddable":true,"href":"https:\/\/nhunhu.azdigi.shop\/index.php?rest_route=%2Fwp%2Fv2%2Fproduct_brand&post=842"},{"taxonomy":"product_cat","embeddable":true,"href":"https:\/\/nhunhu.azdigi.shop\/index.php?rest_route=%2Fwp%2Fv2%2Fproduct_cat&post=842"},{"taxonomy":"product_tag","embeddable":true,"href":"https:\/\/nhunhu.azdigi.shop\/index.php?rest_route=%2Fwp%2Fv2%2Fproduct_tag&post=842"}],"curies":[{"name":"wp","href":"https:\/\/api.w.org\/{rel}","templated":true}]}}