{"id":837,"date":"2026-03-28T13:37:38","date_gmt":"2026-03-28T13:37:38","guid":{"rendered":"https:\/\/nhunhu.azdigi.shop\/?post_type=product&#038;p=837"},"modified":"2026-04-12T02:55:25","modified_gmt":"2026-04-12T02:55:25","slug":"vong-tay-thach-anh-toc-vang","status":"publish","type":"product","link":"https:\/\/nhunhu.azdigi.shop\/?product=vong-tay-thach-anh-toc-vang","title":{"rendered":"V\u00f2ng Tay Th\u1ea1ch Anh T\u00f3c V\u00e0ng"},"content":{"rendered":"<p data-start=\"440\" data-end=\"720\">V\u00f2ng tay th\u1ea1ch anh t\u00f3c v\u00e0ng l\u00e0 m\u00f3n trang s\u1ee9c phong th\u1ee7y \u0111\u01b0\u1ee3c nhi\u1ec1u ng\u01b0\u1eddi y\u00eau th\u00edch nh\u1edd s\u1eafc v\u00e0ng \u00f3ng sang tr\u1ecdng v\u00e0 ngu\u1ed3n n\u0103ng l\u01b0\u1ee3ng t\u00edch c\u1ef1c. Kh\u00f4ng ch\u1ec9 mang v\u1ebb \u0111\u1eb9p tinh t\u1ebf, m\u1eabu v\u00f2ng n\u00e0y c\u00f2n \u0111\u01b0\u1ee3c xem l\u00e0 bi\u1ec3u t\u01b0\u1ee3ng c\u1ee7a t\u00e0i l\u1ed9c, may m\u1eafn v\u00e0 s\u1ef1 ph\u00e1t tri\u1ec3n trong c\u00f4ng vi\u1ec7c l\u1eabn cu\u1ed9c s\u1ed1ng.<\/p>\n<p data-start=\"722\" data-end=\"879\">Nh\u1eefng s\u1ee3i \u00e1nh kim b\u00ean trong vi\u00ean \u0111\u00e1 t\u1ea1o n\u00ean hi\u1ec7u \u1ee9ng l\u1ea5p l\u00e1nh \u0111\u1ed9c \u0111\u00e1o, gi\u00fap <strong data-start=\"798\" data-end=\"829\">v\u00f2ng tay th\u1ea1ch anh t\u00f3c v\u00e0ng<\/strong> tr\u1edf n\u00ean n\u1ed5i b\u1eadt v\u00e0 cu\u1ed1n h\u00fat h\u01a1n khi \u0111eo tr\u00ean tay.<\/p>\n<p>K\u00edch th\u01b0\u1edbc: 5 mm<\/p>\n<p>Ch\u1ea5t li\u1ec7u: \u0110\u00e1 Th\u1ea1ch Anh T\u00f3c V\u00e0ng t\u1ef1 nhi\u00ean<\/p>\n<p>Tr\u1ecdn b\u1ed9 s\u1ea3n ph\u1ea9m bao g\u1ed3m: V\u00f2ng \u0111\u00e1 + t\u00fai nhung \u0111\u1ecf<\/p>\n","protected":false},"excerpt":{"rendered":"<p>D\u00f9 b\u1ea1n y\u00eau th\u00edch phong c\u00e1ch t\u1ed1i gi\u1ea3n hay c\u00e1 t\u00ednh, m\u1ed9t chi\u1ebfc v\u00f2ng th\u1ea1ch anh mix charm b\u1ea1c s\u1ebd l\u00e0 \u0111i\u1ec3m nh\u1ea5n ho\u00e0n h\u1ea3o. Ch\u1ea5t \u0111\u00e1 m\u00e1t l\u1ea1nh, m\u00e0u s\u1eafc trendy gi\u00fap b\u1ea1n t\u1ef1 tin t\u1ecfa s\u00e1ng v\u00e0 thu h\u00fat m\u1ecdi \u00e1nh nh\u00ecn.<\/p>\n","protected":false},"featured_media":838,"comment_status":"open","ping_status":"closed","template":"","meta":[],"product_brand":[],"product_cat":[47],"product_tag":[],"class_list":{"0":"post-837","1":"product","2":"type-product","3":"status-publish","4":"has-post-thumbnail","6":"product_cat-binh-an-moc","8":"first","9":"instock","10":"sale","11":"shipping-taxable","12":"purchasable","13":"product-type-variable"},"yoast_head":"<!-- This site is optimized with the Yoast SEO plugin v26.8 - https:\/\/yoast.com\/product\/yoast-seo-wordpress\/ -->\n<title>V\u00f2ng Tay Th\u1ea1ch Anh T\u00f3c V\u00e0ng - PN CHIC<\/title>\n<meta name=\"description\" content=\"V\u00f2ng tay th\u1ea1ch anh t\u00f3c v\u00e0ng mang v\u1ebb \u0111\u1eb9p sang tr\u1ecdng, gi\u00fap thu h\u00fat t\u00e0i l\u1ed9c, may m\u1eafn v\u00e0 t\u1ea1o \u0111i\u1ec3m nh\u1ea5n phong th\u1ee7y tinh t\u1ebf.\" \/>\n<meta name=\"robots\" content=\"index, follow, max-snippet:-1, max-image-preview:large, max-video-preview:-1\" \/>\n<link rel=\"canonical\" href=\"https:\/\/nhunhu.azdigi.shop\/?product=vong-tay-thach-anh-toc-vang\" \/>\n<meta property=\"og:locale\" content=\"vi_VN\" \/>\n<meta property=\"og:type\" content=\"article\" \/>\n<meta property=\"og:title\" content=\"V\u00f2ng Tay Th\u1ea1ch Anh T\u00f3c V\u00e0ng - PN CHIC\" \/>\n<meta property=\"og:description\" content=\"V\u00f2ng tay th\u1ea1ch anh t\u00f3c v\u00e0ng mang v\u1ebb \u0111\u1eb9p sang tr\u1ecdng, gi\u00fap thu h\u00fat t\u00e0i l\u1ed9c, may m\u1eafn v\u00e0 t\u1ea1o \u0111i\u1ec3m nh\u1ea5n phong th\u1ee7y tinh t\u1ebf.\" \/>\n<meta property=\"og:url\" content=\"https:\/\/nhunhu.azdigi.shop\/?product=vong-tay-thach-anh-toc-vang\" \/>\n<meta property=\"og:site_name\" content=\"PN CHIC\" \/>\n<meta property=\"article:modified_time\" content=\"2026-04-12T02:55:25+00:00\" \/>\n<meta property=\"og:image\" content=\"https:\/\/nhunhu.azdigi.shop\/wp-content\/uploads\/2026\/03\/vtpt1.jpg\" \/>\n\t<meta property=\"og:image:width\" content=\"800\" \/>\n\t<meta property=\"og:image:height\" content=\"800\" \/>\n\t<meta property=\"og:image:type\" content=\"image\/jpeg\" \/>\n<meta name=\"twitter:card\" content=\"summary_large_image\" \/>\n<meta name=\"twitter:label1\" content=\"\u01af\u1edbc t\u00ednh th\u1eddi gian \u0111\u1ecdc\" \/>\n\t<meta name=\"twitter:data1\" content=\"1 ph\u00fat\" \/>\n<script type=\"application\/ld+json\" class=\"yoast-schema-graph\">{\"@context\":\"https:\/\/schema.org\",\"@graph\":[{\"@type\":\"WebPage\",\"@id\":\"https:\/\/nhunhu.azdigi.shop\/?product=vong-tay-thach-anh-toc-vang\",\"url\":\"https:\/\/nhunhu.azdigi.shop\/?product=vong-tay-thach-anh-toc-vang\",\"name\":\"V\u00f2ng Tay Th\u1ea1ch Anh T\u00f3c V\u00e0ng - PN CHIC\",\"isPartOf\":{\"@id\":\"https:\/\/nhunhu.azdigi.shop\/#website\"},\"primaryImageOfPage\":{\"@id\":\"https:\/\/nhunhu.azdigi.shop\/?product=vong-tay-thach-anh-toc-vang#primaryimage\"},\"image\":{\"@id\":\"https:\/\/nhunhu.azdigi.shop\/?product=vong-tay-thach-anh-toc-vang#primaryimage\"},\"thumbnailUrl\":\"https:\/\/nhunhu.azdigi.shop\/wp-content\/uploads\/2026\/03\/vtpt1.jpg\",\"datePublished\":\"2026-03-28T13:37:38+00:00\",\"dateModified\":\"2026-04-12T02:55:25+00:00\",\"description\":\"V\u00f2ng tay th\u1ea1ch anh t\u00f3c v\u00e0ng mang v\u1ebb \u0111\u1eb9p sang tr\u1ecdng, gi\u00fap thu h\u00fat t\u00e0i l\u1ed9c, may m\u1eafn v\u00e0 t\u1ea1o \u0111i\u1ec3m nh\u1ea5n phong th\u1ee7y tinh t\u1ebf.\",\"breadcrumb\":{\"@id\":\"https:\/\/nhunhu.azdigi.shop\/?product=vong-tay-thach-anh-toc-vang#breadcrumb\"},\"inLanguage\":\"vi\",\"potentialAction\":[{\"@type\":\"ReadAction\",\"target\":[\"https:\/\/nhunhu.azdigi.shop\/?product=vong-tay-thach-anh-toc-vang\"]}]},{\"@type\":\"ImageObject\",\"inLanguage\":\"vi\",\"@id\":\"https:\/\/nhunhu.azdigi.shop\/?product=vong-tay-thach-anh-toc-vang#primaryimage\",\"url\":\"https:\/\/nhunhu.azdigi.shop\/wp-content\/uploads\/2026\/03\/vtpt1.jpg\",\"contentUrl\":\"https:\/\/nhunhu.azdigi.shop\/wp-content\/uploads\/2026\/03\/vtpt1.jpg\",\"width\":800,\"height\":800},{\"@type\":\"BreadcrumbList\",\"@id\":\"https:\/\/nhunhu.azdigi.shop\/?product=vong-tay-thach-anh-toc-vang#breadcrumb\",\"itemListElement\":[{\"@type\":\"ListItem\",\"position\":1,\"name\":\"Trang ch\u1ee7\",\"item\":\"https:\/\/nhunhu.azdigi.shop\/\"},{\"@type\":\"ListItem\",\"position\":2,\"name\":\"Shop\",\"item\":\"https:\/\/nhunhu.azdigi.shop\/?page_id=85\"},{\"@type\":\"ListItem\",\"position\":3,\"name\":\"V\u00f2ng Tay Th\u1ea1ch Anh T\u00f3c V\u00e0ng\"}]},{\"@type\":\"WebSite\",\"@id\":\"https:\/\/nhunhu.azdigi.shop\/#website\",\"url\":\"https:\/\/nhunhu.azdigi.shop\/\",\"name\":\"Ph\u1ee5 Ki\u1ec7n Nh\u1ecf - C\u00e1 T\u00ednh L\u1edbn\",\"description\":\"\",\"potentialAction\":[{\"@type\":\"SearchAction\",\"target\":{\"@type\":\"EntryPoint\",\"urlTemplate\":\"https:\/\/nhunhu.azdigi.shop\/?s={search_term_string}\"},\"query-input\":{\"@type\":\"PropertyValueSpecification\",\"valueRequired\":true,\"valueName\":\"search_term_string\"}}],\"inLanguage\":\"vi\"}]}<\/script>\n<!-- \/ Yoast SEO plugin. -->","yoast_head_json":{"title":"V\u00f2ng Tay Th\u1ea1ch Anh T\u00f3c V\u00e0ng - PN CHIC","description":"V\u00f2ng tay th\u1ea1ch anh t\u00f3c v\u00e0ng mang v\u1ebb \u0111\u1eb9p sang tr\u1ecdng, gi\u00fap thu h\u00fat t\u00e0i l\u1ed9c, may m\u1eafn v\u00e0 t\u1ea1o \u0111i\u1ec3m nh\u1ea5n phong th\u1ee7y tinh t\u1ebf.","robots":{"index":"index","follow":"follow","max-snippet":"max-snippet:-1","max-image-preview":"max-image-preview:large","max-video-preview":"max-video-preview:-1"},"canonical":"https:\/\/nhunhu.azdigi.shop\/?product=vong-tay-thach-anh-toc-vang","og_locale":"vi_VN","og_type":"article","og_title":"V\u00f2ng Tay Th\u1ea1ch Anh T\u00f3c V\u00e0ng - PN CHIC","og_description":"V\u00f2ng tay th\u1ea1ch anh t\u00f3c v\u00e0ng mang v\u1ebb \u0111\u1eb9p sang tr\u1ecdng, gi\u00fap thu h\u00fat t\u00e0i l\u1ed9c, may m\u1eafn v\u00e0 t\u1ea1o \u0111i\u1ec3m nh\u1ea5n phong th\u1ee7y tinh t\u1ebf.","og_url":"https:\/\/nhunhu.azdigi.shop\/?product=vong-tay-thach-anh-toc-vang","og_site_name":"PN CHIC","article_modified_time":"2026-04-12T02:55:25+00:00","og_image":[{"width":800,"height":800,"url":"https:\/\/nhunhu.azdigi.shop\/wp-content\/uploads\/2026\/03\/vtpt1.jpg","type":"image\/jpeg"}],"twitter_card":"summary_large_image","twitter_misc":{"\u01af\u1edbc t\u00ednh th\u1eddi gian \u0111\u1ecdc":"1 ph\u00fat"},"schema":{"@context":"https:\/\/schema.org","@graph":[{"@type":"WebPage","@id":"https:\/\/nhunhu.azdigi.shop\/?product=vong-tay-thach-anh-toc-vang","url":"https:\/\/nhunhu.azdigi.shop\/?product=vong-tay-thach-anh-toc-vang","name":"V\u00f2ng Tay Th\u1ea1ch Anh T\u00f3c V\u00e0ng - PN CHIC","isPartOf":{"@id":"https:\/\/nhunhu.azdigi.shop\/#website"},"primaryImageOfPage":{"@id":"https:\/\/nhunhu.azdigi.shop\/?product=vong-tay-thach-anh-toc-vang#primaryimage"},"image":{"@id":"https:\/\/nhunhu.azdigi.shop\/?product=vong-tay-thach-anh-toc-vang#primaryimage"},"thumbnailUrl":"https:\/\/nhunhu.azdigi.shop\/wp-content\/uploads\/2026\/03\/vtpt1.jpg","datePublished":"2026-03-28T13:37:38+00:00","dateModified":"2026-04-12T02:55:25+00:00","description":"V\u00f2ng tay th\u1ea1ch anh t\u00f3c v\u00e0ng mang v\u1ebb \u0111\u1eb9p sang tr\u1ecdng, gi\u00fap thu h\u00fat t\u00e0i l\u1ed9c, may m\u1eafn v\u00e0 t\u1ea1o \u0111i\u1ec3m nh\u1ea5n phong th\u1ee7y tinh t\u1ebf.","breadcrumb":{"@id":"https:\/\/nhunhu.azdigi.shop\/?product=vong-tay-thach-anh-toc-vang#breadcrumb"},"inLanguage":"vi","potentialAction":[{"@type":"ReadAction","target":["https:\/\/nhunhu.azdigi.shop\/?product=vong-tay-thach-anh-toc-vang"]}]},{"@type":"ImageObject","inLanguage":"vi","@id":"https:\/\/nhunhu.azdigi.shop\/?product=vong-tay-thach-anh-toc-vang#primaryimage","url":"https:\/\/nhunhu.azdigi.shop\/wp-content\/uploads\/2026\/03\/vtpt1.jpg","contentUrl":"https:\/\/nhunhu.azdigi.shop\/wp-content\/uploads\/2026\/03\/vtpt1.jpg","width":800,"height":800},{"@type":"BreadcrumbList","@id":"https:\/\/nhunhu.azdigi.shop\/?product=vong-tay-thach-anh-toc-vang#breadcrumb","itemListElement":[{"@type":"ListItem","position":1,"name":"Trang ch\u1ee7","item":"https:\/\/nhunhu.azdigi.shop\/"},{"@type":"ListItem","position":2,"name":"Shop","item":"https:\/\/nhunhu.azdigi.shop\/?page_id=85"},{"@type":"ListItem","position":3,"name":"V\u00f2ng Tay Th\u1ea1ch Anh T\u00f3c V\u00e0ng"}]},{"@type":"WebSite","@id":"https:\/\/nhunhu.azdigi.shop\/#website","url":"https:\/\/nhunhu.azdigi.shop\/","name":"Ph\u1ee5 Ki\u1ec7n Nh\u1ecf - C\u00e1 T\u00ednh L\u1edbn","description":"","potentialAction":[{"@type":"SearchAction","target":{"@type":"EntryPoint","urlTemplate":"https:\/\/nhunhu.azdigi.shop\/?s={search_term_string}"},"query-input":{"@type":"PropertyValueSpecification","valueRequired":true,"valueName":"search_term_string"}}],"inLanguage":"vi"}]}},"_links":{"self":[{"href":"https:\/\/nhunhu.azdigi.shop\/index.php?rest_route=\/wp\/v2\/product\/837","targetHints":{"allow":["GET"]}}],"collection":[{"href":"https:\/\/nhunhu.azdigi.shop\/index.php?rest_route=\/wp\/v2\/product"}],"about":[{"href":"https:\/\/nhunhu.azdigi.shop\/index.php?rest_route=\/wp\/v2\/types\/product"}],"replies":[{"embeddable":true,"href":"https:\/\/nhunhu.azdigi.shop\/index.php?rest_route=%2Fwp%2Fv2%2Fcomments&post=837"}],"wp:featuredmedia":[{"embeddable":true,"href":"https:\/\/nhunhu.azdigi.shop\/index.php?rest_route=\/wp\/v2\/media\/838"}],"wp:attachment":[{"href":"https:\/\/nhunhu.azdigi.shop\/index.php?rest_route=%2Fwp%2Fv2%2Fmedia&parent=837"}],"wp:term":[{"taxonomy":"product_brand","embeddable":true,"href":"https:\/\/nhunhu.azdigi.shop\/index.php?rest_route=%2Fwp%2Fv2%2Fproduct_brand&post=837"},{"taxonomy":"product_cat","embeddable":true,"href":"https:\/\/nhunhu.azdigi.shop\/index.php?rest_route=%2Fwp%2Fv2%2Fproduct_cat&post=837"},{"taxonomy":"product_tag","embeddable":true,"href":"https:\/\/nhunhu.azdigi.shop\/index.php?rest_route=%2Fwp%2Fv2%2Fproduct_tag&post=837"}],"curies":[{"name":"wp","href":"https:\/\/api.w.org\/{rel}","templated":true}]}}