{"id":832,"date":"2026-03-28T13:31:53","date_gmt":"2026-03-28T13:31:53","guid":{"rendered":"https:\/\/nhunhu.azdigi.shop\/?post_type=product&#038;p=832"},"modified":"2026-04-12T03:34:13","modified_gmt":"2026-04-12T03:34:13","slug":"vong-tay-vang-kim-bao-nhu-y","status":"publish","type":"product","link":"https:\/\/nhunhu.azdigi.shop\/?product=vong-tay-vang-kim-bao-nhu-y","title":{"rendered":"V\u00f2ng tay V\u00e0ng Kim B\u1ea3o Nh\u01b0 \u00dd"},"content":{"rendered":"<div class=\"\">\n<div>\n<p data-start=\"600\" data-end=\"968\">V\u00f2ng tay v\u00e0ng Kim B\u1ea3o Nh\u01b0 \u00dd l\u00e0 m\u00f3n trang s\u1ee9c phong th\u1ee7y \u0111\u01b0\u1ee3c nhi\u1ec1u kh\u00e1ch h\u00e0ng y\u00eau th\u00edch nh\u1edd v\u1ebb \u0111\u1eb9p sang tr\u1ecdng c\u00f9ng \u00fd ngh\u0129a may m\u1eafn s\u00e2u s\u1eafc. L\u1ea5y c\u1ea3m h\u1ee9ng t\u1eeb bi\u1ec3u t\u01b0\u1ee3ng \u201cnh\u01b0 \u00fd\u201d \u2013 \u0111\u1ea1i di\u1ec7n cho s\u1ef1 thu\u1eadn l\u1ee3i, hanh th\u00f4ng v\u00e0 vi\u00ean m\u00e3n trong cu\u1ed9c s\u1ed1ng.<\/p>\n<p data-start=\"970\" data-end=\"1286\">S\u1eafc v\u00e0ng \u1ea5m \u00e1p c\u1ee7a ch\u1ea5t li\u1ec7u cao c\u1ea5p k\u1ebft h\u1ee3p c\u00f9ng chi ti\u1ebft Kim B\u1ea3o tinh x\u1ea3o t\u1ea1o n\u00ean t\u1ed5ng th\u1ec3 h\u00e0i h\u00f2a, sang tr\u1ecdng v\u00e0 \u0111\u1ea7y cu\u1ed1n h\u00fat. Ch\u00ednh v\u00ec v\u1eady, <strong data-start=\"1114\" data-end=\"1145\">v\u00f2ng tay v\u00e0ng Kim B\u1ea3o Nh\u01b0 \u00dd<\/strong> r\u1ea5t ph\u00f9 h\u1ee3p \u0111\u1ec3 \u0111eo h\u1eb1ng ng\u00e0y, l\u00e0m qu\u00e0 t\u1eb7ng phong th\u1ee7y cho ng\u01b0\u1eddi th\u00e2n ho\u1eb7c d\u00e0nh cho nh\u1eefng d\u1ecbp quan tr\u1ecdng nh\u01b0 khai tr\u01b0\u01a1ng, sinh nh\u1eadt, n\u0103m m\u1edbi.<\/p>\n<\/div>\n<div><strong>Gi\u1edbi thi\u1ec7u\u00a0<\/strong><\/div>\n<div class=\"px-2 py-1 text-[14px] bg-[#f2f2f2]\">D\u00f2ng h\u00e0ng:\u00a0Trang s\u1ee9c \u0110\u00e1 m\u00e0u<\/div>\n<\/div>\n<div class=\"\">\n<div class=\"px-2 py-1 text-[14px]\">Tr\u1ecdng l\u01b0\u1ee3ng tham kh\u1ea3o:\u00a010.16454 ph\u00e2n<\/div>\n<\/div>\n<div class=\"\">\n<div class=\"px-2 py-1 text-[14px] bg-[#f2f2f2]\">H\u00e0m l\u01b0\u1ee3ng ch\u1ea5t li\u1ec7u:\u00a05850<\/div>\n<\/div>\n<div class=\"\">\n<div class=\"px-2 py-1 text-[14px]\">Lo\u1ea1i \u0111\u00e1 ch\u00ednh:\u00a0Sapphire<\/div>\n<\/div>\n<div class=\"\">\n<div class=\"px-2 py-1 text-[14px] bg-[#f2f2f2]\">Lo\u1ea1i \u0111\u00e1 ph\u1ee5:\u00a0Kh\u00f4ng g\u1eafn \u0111\u00e1<\/div>\n<\/div>\n<div class=\"\">\n<div class=\"px-2 py-1 text-[14px]\">Gi\u1edbi t\u00ednh:\u00a0N\u1eef<\/div>\n<div>\n<p data-start=\"970\" data-end=\"1286\"><strong>\u00dd ngh\u0129a<\/strong><\/p>\n<p>T\u01b0\u1ee3ng tr\u01b0ng cho t\u00e0i l\u1ed9c d\u1ed3i d\u00e0o<\/p>\n<p>Mang \u00fd ngh\u0129a b\u00ecnh an, hanh th\u00f4ng<\/p>\n<p>Thu h\u00fat may m\u1eafn trong c\u00f4ng vi\u1ec7c<\/p>\n<p>L\u00e0 m\u00f3n qu\u00e0 phong th\u1ee7y \u00fd ngh\u0129a<\/p>\n<p><strong>\u0110i\u1ec3m n\u1ed5i b\u1eadt trong thi\u1ebft k\u1ebf<\/strong><\/p>\n<p>D\u00e2y v\u00e0ng thanh l\u1ecbch<\/p>\n<p>Charm Kim B\u1ea3o nh\u01b0 \u00fd<\/p>\n<p>\u0110i\u1ec3m nh\u1ea5n \u0111\u00e1 nh\u1ecf sang tr\u1ecdng<\/p>\n<p>&nbsp;<\/p>\n<\/div>\n<\/div>\n","protected":false},"excerpt":{"rendered":"<p>Kh\u00f4ng ch\u1ec9 \u0111\u01a1n thu\u1ea7n l\u00e0 m\u1ed9t m\u00f3n \u0111\u1ed3 trang s\u1ee9c, m\u1ed7i chi\u1ebfc v\u00f2ng tay phong th\u1ee7y l\u00e0 m\u1ed9t th\u1ef1c th\u1ec3 n\u0103ng l\u01b0\u1ee3ng gi\u00fap c\u00e2n b\u1eb1ng Th\u00e2n &#8211; T\u00e2m &#8211; Tr\u00ed. \u0110\u01b0\u1ee3c ch\u1ebf t\u00e1c t\u1eeb nh\u1eefng lo\u1ea1i \u0111\u00e1 qu\u00fd v\u00e0 g\u1ed7 qu\u00fd t\u1ef1 nhi\u00ean, s\u1ee3i v\u00f2ng \u0111\u00f3ng vai tr\u00f2 nh\u01b0 m\u1ed9t &#8220;l\u00e1 b\u00f9a&#8221; h\u1ed9 m\u1ec7nh, gi\u00fap xua tan nh\u1eefng n\u0103ng l\u01b0\u1ee3ng ti\u00eau c\u1ef1c v\u00e0 mang l\u1ea1i s\u1ef1 t\u0129nh t\u1ea1i trong t\u00e2m h\u1ed3n.<\/p>\n","protected":false},"featured_media":833,"comment_status":"open","ping_status":"closed","template":"","meta":[],"product_brand":[],"product_cat":[47],"product_tag":[],"class_list":{"0":"post-832","1":"product","2":"type-product","3":"status-publish","4":"has-post-thumbnail","6":"product_cat-binh-an-moc","8":"first","9":"instock","10":"sale","11":"shipping-taxable","12":"purchasable","13":"product-type-variable"},"yoast_head":"<!-- This site is optimized with the Yoast SEO plugin v26.8 - https:\/\/yoast.com\/product\/yoast-seo-wordpress\/ -->\n<title>V\u00f2ng tay V\u00e0ng Kim B\u1ea3o Nh\u01b0 \u00dd - PN CHIC<\/title>\n<meta name=\"description\" content=\"V\u00f2ng tay v\u00e0ng Kim B\u1ea3o Nh\u01b0 \u00dd mang v\u1ebb \u0111\u1eb9p sang tr\u1ecdng c\u00f9ng \u00fd ngh\u0129a t\u00e0i l\u1ed9c, b\u00ecnh an v\u00e0 may m\u1eafn cho ng\u01b0\u1eddi \u0111eo.\" \/>\n<meta name=\"robots\" content=\"index, follow, max-snippet:-1, max-image-preview:large, max-video-preview:-1\" \/>\n<link rel=\"canonical\" href=\"https:\/\/nhunhu.azdigi.shop\/?product=vong-tay-vang-kim-bao-nhu-y\" \/>\n<meta property=\"og:locale\" content=\"vi_VN\" \/>\n<meta property=\"og:type\" content=\"article\" \/>\n<meta property=\"og:title\" content=\"V\u00f2ng tay V\u00e0ng Kim B\u1ea3o Nh\u01b0 \u00dd - PN CHIC\" \/>\n<meta property=\"og:description\" content=\"V\u00f2ng tay v\u00e0ng Kim B\u1ea3o Nh\u01b0 \u00dd mang v\u1ebb \u0111\u1eb9p sang tr\u1ecdng c\u00f9ng \u00fd ngh\u0129a t\u00e0i l\u1ed9c, b\u00ecnh an v\u00e0 may m\u1eafn cho ng\u01b0\u1eddi \u0111eo.\" \/>\n<meta property=\"og:url\" content=\"https:\/\/nhunhu.azdigi.shop\/?product=vong-tay-vang-kim-bao-nhu-y\" \/>\n<meta property=\"og:site_name\" content=\"PN CHIC\" \/>\n<meta property=\"article:modified_time\" content=\"2026-04-12T03:34:13+00:00\" \/>\n<meta property=\"og:image\" content=\"https:\/\/nhunhu.azdigi.shop\/wp-content\/uploads\/2026\/03\/vtpt.png\" \/>\n\t<meta property=\"og:image:width\" content=\"2000\" \/>\n\t<meta property=\"og:image:height\" content=\"2000\" \/>\n\t<meta property=\"og:image:type\" content=\"image\/png\" \/>\n<meta name=\"twitter:card\" content=\"summary_large_image\" \/>\n<meta name=\"twitter:label1\" content=\"\u01af\u1edbc t\u00ednh th\u1eddi gian \u0111\u1ecdc\" \/>\n\t<meta name=\"twitter:data1\" content=\"2 ph\u00fat\" \/>\n<script type=\"application\/ld+json\" class=\"yoast-schema-graph\">{\"@context\":\"https:\/\/schema.org\",\"@graph\":[{\"@type\":\"WebPage\",\"@id\":\"https:\/\/nhunhu.azdigi.shop\/?product=vong-tay-vang-kim-bao-nhu-y\",\"url\":\"https:\/\/nhunhu.azdigi.shop\/?product=vong-tay-vang-kim-bao-nhu-y\",\"name\":\"V\u00f2ng tay V\u00e0ng Kim B\u1ea3o Nh\u01b0 \u00dd - PN CHIC\",\"isPartOf\":{\"@id\":\"https:\/\/nhunhu.azdigi.shop\/#website\"},\"primaryImageOfPage\":{\"@id\":\"https:\/\/nhunhu.azdigi.shop\/?product=vong-tay-vang-kim-bao-nhu-y#primaryimage\"},\"image\":{\"@id\":\"https:\/\/nhunhu.azdigi.shop\/?product=vong-tay-vang-kim-bao-nhu-y#primaryimage\"},\"thumbnailUrl\":\"https:\/\/nhunhu.azdigi.shop\/wp-content\/uploads\/2026\/03\/vtpt.png\",\"datePublished\":\"2026-03-28T13:31:53+00:00\",\"dateModified\":\"2026-04-12T03:34:13+00:00\",\"description\":\"V\u00f2ng tay v\u00e0ng Kim B\u1ea3o Nh\u01b0 \u00dd mang v\u1ebb \u0111\u1eb9p sang tr\u1ecdng c\u00f9ng \u00fd ngh\u0129a t\u00e0i l\u1ed9c, b\u00ecnh an v\u00e0 may m\u1eafn cho ng\u01b0\u1eddi \u0111eo.\",\"breadcrumb\":{\"@id\":\"https:\/\/nhunhu.azdigi.shop\/?product=vong-tay-vang-kim-bao-nhu-y#breadcrumb\"},\"inLanguage\":\"vi\",\"potentialAction\":[{\"@type\":\"ReadAction\",\"target\":[\"https:\/\/nhunhu.azdigi.shop\/?product=vong-tay-vang-kim-bao-nhu-y\"]}]},{\"@type\":\"ImageObject\",\"inLanguage\":\"vi\",\"@id\":\"https:\/\/nhunhu.azdigi.shop\/?product=vong-tay-vang-kim-bao-nhu-y#primaryimage\",\"url\":\"https:\/\/nhunhu.azdigi.shop\/wp-content\/uploads\/2026\/03\/vtpt.png\",\"contentUrl\":\"https:\/\/nhunhu.azdigi.shop\/wp-content\/uploads\/2026\/03\/vtpt.png\",\"width\":2000,\"height\":2000},{\"@type\":\"BreadcrumbList\",\"@id\":\"https:\/\/nhunhu.azdigi.shop\/?product=vong-tay-vang-kim-bao-nhu-y#breadcrumb\",\"itemListElement\":[{\"@type\":\"ListItem\",\"position\":1,\"name\":\"Trang ch\u1ee7\",\"item\":\"https:\/\/nhunhu.azdigi.shop\/\"},{\"@type\":\"ListItem\",\"position\":2,\"name\":\"Shop\",\"item\":\"https:\/\/nhunhu.azdigi.shop\/?page_id=85\"},{\"@type\":\"ListItem\",\"position\":3,\"name\":\"V\u00f2ng tay V\u00e0ng Kim B\u1ea3o Nh\u01b0 \u00dd\"}]},{\"@type\":\"WebSite\",\"@id\":\"https:\/\/nhunhu.azdigi.shop\/#website\",\"url\":\"https:\/\/nhunhu.azdigi.shop\/\",\"name\":\"Ph\u1ee5 Ki\u1ec7n Nh\u1ecf - C\u00e1 T\u00ednh L\u1edbn\",\"description\":\"\",\"potentialAction\":[{\"@type\":\"SearchAction\",\"target\":{\"@type\":\"EntryPoint\",\"urlTemplate\":\"https:\/\/nhunhu.azdigi.shop\/?s={search_term_string}\"},\"query-input\":{\"@type\":\"PropertyValueSpecification\",\"valueRequired\":true,\"valueName\":\"search_term_string\"}}],\"inLanguage\":\"vi\"}]}<\/script>\n<!-- \/ Yoast SEO plugin. -->","yoast_head_json":{"title":"V\u00f2ng tay V\u00e0ng Kim B\u1ea3o Nh\u01b0 \u00dd - PN CHIC","description":"V\u00f2ng tay v\u00e0ng Kim B\u1ea3o Nh\u01b0 \u00dd mang v\u1ebb \u0111\u1eb9p sang tr\u1ecdng c\u00f9ng \u00fd ngh\u0129a t\u00e0i l\u1ed9c, b\u00ecnh an v\u00e0 may m\u1eafn cho ng\u01b0\u1eddi \u0111eo.","robots":{"index":"index","follow":"follow","max-snippet":"max-snippet:-1","max-image-preview":"max-image-preview:large","max-video-preview":"max-video-preview:-1"},"canonical":"https:\/\/nhunhu.azdigi.shop\/?product=vong-tay-vang-kim-bao-nhu-y","og_locale":"vi_VN","og_type":"article","og_title":"V\u00f2ng tay V\u00e0ng Kim B\u1ea3o Nh\u01b0 \u00dd - PN CHIC","og_description":"V\u00f2ng tay v\u00e0ng Kim B\u1ea3o Nh\u01b0 \u00dd mang v\u1ebb \u0111\u1eb9p sang tr\u1ecdng c\u00f9ng \u00fd ngh\u0129a t\u00e0i l\u1ed9c, b\u00ecnh an v\u00e0 may m\u1eafn cho ng\u01b0\u1eddi \u0111eo.","og_url":"https:\/\/nhunhu.azdigi.shop\/?product=vong-tay-vang-kim-bao-nhu-y","og_site_name":"PN CHIC","article_modified_time":"2026-04-12T03:34:13+00:00","og_image":[{"width":2000,"height":2000,"url":"https:\/\/nhunhu.azdigi.shop\/wp-content\/uploads\/2026\/03\/vtpt.png","type":"image\/png"}],"twitter_card":"summary_large_image","twitter_misc":{"\u01af\u1edbc t\u00ednh th\u1eddi gian \u0111\u1ecdc":"2 ph\u00fat"},"schema":{"@context":"https:\/\/schema.org","@graph":[{"@type":"WebPage","@id":"https:\/\/nhunhu.azdigi.shop\/?product=vong-tay-vang-kim-bao-nhu-y","url":"https:\/\/nhunhu.azdigi.shop\/?product=vong-tay-vang-kim-bao-nhu-y","name":"V\u00f2ng tay V\u00e0ng Kim B\u1ea3o Nh\u01b0 \u00dd - PN CHIC","isPartOf":{"@id":"https:\/\/nhunhu.azdigi.shop\/#website"},"primaryImageOfPage":{"@id":"https:\/\/nhunhu.azdigi.shop\/?product=vong-tay-vang-kim-bao-nhu-y#primaryimage"},"image":{"@id":"https:\/\/nhunhu.azdigi.shop\/?product=vong-tay-vang-kim-bao-nhu-y#primaryimage"},"thumbnailUrl":"https:\/\/nhunhu.azdigi.shop\/wp-content\/uploads\/2026\/03\/vtpt.png","datePublished":"2026-03-28T13:31:53+00:00","dateModified":"2026-04-12T03:34:13+00:00","description":"V\u00f2ng tay v\u00e0ng Kim B\u1ea3o Nh\u01b0 \u00dd mang v\u1ebb \u0111\u1eb9p sang tr\u1ecdng c\u00f9ng \u00fd ngh\u0129a t\u00e0i l\u1ed9c, b\u00ecnh an v\u00e0 may m\u1eafn cho ng\u01b0\u1eddi \u0111eo.","breadcrumb":{"@id":"https:\/\/nhunhu.azdigi.shop\/?product=vong-tay-vang-kim-bao-nhu-y#breadcrumb"},"inLanguage":"vi","potentialAction":[{"@type":"ReadAction","target":["https:\/\/nhunhu.azdigi.shop\/?product=vong-tay-vang-kim-bao-nhu-y"]}]},{"@type":"ImageObject","inLanguage":"vi","@id":"https:\/\/nhunhu.azdigi.shop\/?product=vong-tay-vang-kim-bao-nhu-y#primaryimage","url":"https:\/\/nhunhu.azdigi.shop\/wp-content\/uploads\/2026\/03\/vtpt.png","contentUrl":"https:\/\/nhunhu.azdigi.shop\/wp-content\/uploads\/2026\/03\/vtpt.png","width":2000,"height":2000},{"@type":"BreadcrumbList","@id":"https:\/\/nhunhu.azdigi.shop\/?product=vong-tay-vang-kim-bao-nhu-y#breadcrumb","itemListElement":[{"@type":"ListItem","position":1,"name":"Trang ch\u1ee7","item":"https:\/\/nhunhu.azdigi.shop\/"},{"@type":"ListItem","position":2,"name":"Shop","item":"https:\/\/nhunhu.azdigi.shop\/?page_id=85"},{"@type":"ListItem","position":3,"name":"V\u00f2ng tay V\u00e0ng Kim B\u1ea3o Nh\u01b0 \u00dd"}]},{"@type":"WebSite","@id":"https:\/\/nhunhu.azdigi.shop\/#website","url":"https:\/\/nhunhu.azdigi.shop\/","name":"Ph\u1ee5 Ki\u1ec7n Nh\u1ecf - C\u00e1 T\u00ednh L\u1edbn","description":"","potentialAction":[{"@type":"SearchAction","target":{"@type":"EntryPoint","urlTemplate":"https:\/\/nhunhu.azdigi.shop\/?s={search_term_string}"},"query-input":{"@type":"PropertyValueSpecification","valueRequired":true,"valueName":"search_term_string"}}],"inLanguage":"vi"}]}},"_links":{"self":[{"href":"https:\/\/nhunhu.azdigi.shop\/index.php?rest_route=\/wp\/v2\/product\/832","targetHints":{"allow":["GET"]}}],"collection":[{"href":"https:\/\/nhunhu.azdigi.shop\/index.php?rest_route=\/wp\/v2\/product"}],"about":[{"href":"https:\/\/nhunhu.azdigi.shop\/index.php?rest_route=\/wp\/v2\/types\/product"}],"replies":[{"embeddable":true,"href":"https:\/\/nhunhu.azdigi.shop\/index.php?rest_route=%2Fwp%2Fv2%2Fcomments&post=832"}],"wp:featuredmedia":[{"embeddable":true,"href":"https:\/\/nhunhu.azdigi.shop\/index.php?rest_route=\/wp\/v2\/media\/833"}],"wp:attachment":[{"href":"https:\/\/nhunhu.azdigi.shop\/index.php?rest_route=%2Fwp%2Fv2%2Fmedia&parent=832"}],"wp:term":[{"taxonomy":"product_brand","embeddable":true,"href":"https:\/\/nhunhu.azdigi.shop\/index.php?rest_route=%2Fwp%2Fv2%2Fproduct_brand&post=832"},{"taxonomy":"product_cat","embeddable":true,"href":"https:\/\/nhunhu.azdigi.shop\/index.php?rest_route=%2Fwp%2Fv2%2Fproduct_cat&post=832"},{"taxonomy":"product_tag","embeddable":true,"href":"https:\/\/nhunhu.azdigi.shop\/index.php?rest_route=%2Fwp%2Fv2%2Fproduct_tag&post=832"}],"curies":[{"name":"wp","href":"https:\/\/api.w.org\/{rel}","templated":true}]}}