{"id":822,"date":"2026-03-28T12:41:59","date_gmt":"2026-03-28T12:41:59","guid":{"rendered":"https:\/\/nhunhu.azdigi.shop\/?post_type=product&#038;p=822"},"modified":"2026-04-03T11:21:18","modified_gmt":"2026-04-03T11:21:18","slug":"nhan-cuoi-to-hong-vang-2","status":"publish","type":"product","link":"https:\/\/nhunhu.azdigi.shop\/?product=nhan-cuoi-to-hong-vang-2","title":{"rendered":"Nh\u1eabn c\u01b0\u1edbi T\u01a1 H\u1ed3ng V\u00e0ng"},"content":{"rendered":"<div class=\"\">\n<div>\n<p data-start=\"656\" data-end=\"966\">Nh\u1eabn c\u01b0\u1edbi t\u01a1 h\u1ed3ng v\u00e0ng l\u00e0 l\u1ef1a ch\u1ecdn ho\u00e0n h\u1ea3o cho c\u00e1c c\u1eb7p \u0111\u00f4i y\u00eau th\u00edch v\u1ebb \u0111\u1eb9p l\u00e3ng m\u1ea1n v\u00e0 \u00fd ngh\u0129a s\u00e2u s\u1eafc trong ng\u00e0y tr\u1ecdng \u0111\u1ea1i. V\u1edbi s\u1eafc v\u00e0ng \u1ea5m \u00e1p k\u1ebft h\u1ee3p \u0111\u01b0\u1eddng n\u00e9t m\u1ec1m m\u1ea1i t\u01b0\u1ee3ng tr\u01b0ng cho s\u1ee3i t\u01a1 h\u1ed3ng g\u1eafn k\u1ebft<\/p>\n<p><img loading=\"lazy\" decoding=\"async\" class=\" wp-image-823 alignright\" src=\"https:\/\/nhunhu.azdigi.shop\/wp-content\/uploads\/2026\/03\/nc8-300x300.png\" alt=\"\" width=\"232\" height=\"232\" srcset=\"https:\/\/nhunhu.azdigi.shop\/wp-content\/uploads\/2026\/03\/nc8-300x300.png 300w, https:\/\/nhunhu.azdigi.shop\/wp-content\/uploads\/2026\/03\/nc8-1024x1024.png 1024w, https:\/\/nhunhu.azdigi.shop\/wp-content\/uploads\/2026\/03\/nc8-150x150.png 150w, https:\/\/nhunhu.azdigi.shop\/wp-content\/uploads\/2026\/03\/nc8-768x768.png 768w, https:\/\/nhunhu.azdigi.shop\/wp-content\/uploads\/2026\/03\/nc8-1536x1536.png 1536w, https:\/\/nhunhu.azdigi.shop\/wp-content\/uploads\/2026\/03\/nc8-600x600.png 600w, https:\/\/nhunhu.azdigi.shop\/wp-content\/uploads\/2026\/03\/nc8-100x100.png 100w, https:\/\/nhunhu.azdigi.shop\/wp-content\/uploads\/2026\/03\/nc8.png 2000w\" sizes=\"auto, (max-width: 232px) 100vw, 232px\" \/><\/p>\n<p data-start=\"656\" data-end=\"966\">m\u00e0 c\u00f2n l\u00e0 l\u1eddi h\u1ee9a v\u1ec1 s\u1ef1 \u0111\u1ed3ng h\u00e0nh l\u00e2u d\u00e0i.<\/p>\n<p data-start=\"968\" data-end=\"1321\">M\u1eabu <strong data-start=\"972\" data-end=\"998\">nh\u1eabn c\u01b0\u1edbi <\/strong>th\u01b0\u1eddng mang phong c\u00e1ch thanh l\u1ecbch, nh\u1eb9 nh\u00e0ng nh\u01b0ng v\u1eabn to\u00e1t l\u00ean s\u1ef1 sang tr\u1ecdng. \u0110\u00e2y l\u00e0 thi\u1ebft k\u1ebf r\u1ea5t \u0111\u01b0\u1ee3c y\u00eau th\u00edch b\u1edfi c\u00e1c c\u1eb7p \u0111\u00f4i tr\u1ebb nh\u1edd \u00fd ngh\u0129a v\u1ec1 t\u00ecnh y\u00eau b\u1ec1n ch\u1eb7t v\u00e0 s\u1ef1 g\u1eafn b\u00f3 d\u00e0i l\u00e2u.<\/p>\n<\/div>\n<div><strong>Gi\u1edbi thi\u1ec7u<\/strong><\/div>\n<div class=\"px-2 py-1 text-[14px] bg-[#f2f2f2]\">D\u00f2ng h\u00e0ng:\u00a0Trang s\u1ee9c ECZ<\/div>\n<p><span style=\"color: #333333;\">Tr\u1ecdng l\u01b0\u1ee3ng tham kh\u1ea3o: 4.23772 ph\u00e2n<\/span><\/p>\n<p><span style=\"color: #333333;\">Lo\u1ea1i \u0111\u00e1 ch\u00ednh:\u00a0Xoa\u0300n my\u0303<\/span><\/p>\n<\/div>\n<div class=\"\">\n<div class=\"px-2 py-1 text-[14px]\">S\u1ed1 vi\u00ean \u0111\u00e1 ch\u00ednh:\u00a01 vi\u00ean<\/div>\n<div><strong>\u00dd ngh\u0129a\u00a0<\/strong><\/div>\n<\/div>\n<div>T\u01b0\u1ee3ng tr\u01b0ng cho duy\u00ean ph\u1eadn<\/div>\n<div>G\u1eafn k\u1ebft t\u00ecnh y\u00eau b\u1ec1n ch\u1eb7t<\/div>\n<div>L\u01b0u gi\u1eef kho\u1ea3nh kh\u1eafc tr\u1ecdng \u0111\u1ea1i<\/div>\n<div><strong>V\u00ec sao n\u00ean ch\u1ecdn nh\u1eabn c\u01b0\u1edbi t\u01a1 h\u1ed3ng v\u00e0ng?<\/strong><\/div>\n<div>\u00dd ngh\u0129a t\u00ecnh y\u00eau s\u00e2u s\u1eafc<\/div>\n<div>Thi\u1ebft k\u1ebf sang tr\u1ecdng, kh\u00f4ng l\u1ed7i th\u1eddi<\/div>\n<div>D\u1ec5 \u0111eo h\u1eb1ng ng\u00e0y<\/div>\n<div>Ph\u00f9 h\u1ee3p l\u00e0m nh\u1eabn c\u01b0\u1edbi \u0111\u00f4i<\/div>\n<div>\n<h3 data-section-id=\"t4k6k2\" data-start=\"2218\" data-end=\"2238\">C\u00e1ch b\u1ea3o qu\u1ea3n<\/h3>\n<p data-start=\"2239\" data-end=\"2261\">\u0110\u1ec3 nh\u1eabn lu\u00f4n s\u00e1ng \u0111\u1eb9p:<\/p>\n<p data-start=\"2239\" data-end=\"2261\">Tr\u00e1nh h\u00f3a ch\u1ea5t m\u1ea1nh<\/p>\n<p>Lau b\u1eb1ng kh\u0103n m\u1ec1m<\/p>\n<p>Kh\u00f4ng \u0111\u1ec3 va ch\u1ea1m nhi\u1ec1u<\/p>\n<p>C\u1ea5t trong h\u1ed9p nhung ri\u00ean<\/p>\n<\/div>\n<div>Nh\u1eabn c\u01b0\u1edbi t\u01a1 h\u1ed3ng v\u00e0ng kh\u00f4ng ch\u1ec9 t\u00f4n l\u00ean v\u1ebb \u0111\u1eb9p thanh l\u1ecbch cho \u0111\u00f4i tay m\u00e0 c\u00f2n mang \u00fd ngh\u0129a v\u1ec1 s\u1ef1 g\u1eafn b\u00f3 v\u00e0 \u0111\u1ed3ng h\u00e0nh b\u1ec1n l\u00e2u. Thi\u1ebft k\u1ebf m\u1ec1m m\u1ea1i l\u1ea5y c\u1ea3m h\u1ee9ng t\u1eeb s\u1ee3i t\u01a1 h\u1ed3ng gi\u00fap m\u1eabu nh\u1eabn tr\u1edf n\u00ean tinh t\u1ebf v\u00e0 \u0111\u1ea7y c\u1ea3m x\u00fac.<\/div>\n<div>Tham kh\u1ea3o th\u00eam xu h\u01b0\u1edbng nh\u1eabn c\u01b0\u1edbi v\u00e0ng h\u1ed3ng: <a class=\"decorated-link\" href=\"https:\/\/www.tierra.vn\/tin-tuc\/nhan-cuoi-vang-hong-xu-huong-nhan-cuoi-hien-dai?utm_source=chatgpt.com\" target=\"_new\" rel=\"noopener\" data-start=\"2437\" data-end=\"2578\">nh\u1eabn c\u01b0\u1edbi v\u00e0ng h\u1ed3ng xu h\u01b0\u1edbng hi\u1ec7n \u0111\u1ea1i<\/a><\/div>\n<div><\/div>\n<div><\/div>\n","protected":false},"excerpt":{"rendered":"<p>Nh\u1eabn c\u01b0\u1edbi t\u01a1 h\u1ed3ng v\u00e0ng l\u00e0 l\u1ef1a ch\u1ecdn ho\u00e0n h\u1ea3o cho c\u00e1c c\u1eb7p \u0111\u00f4i y\u00eau th\u00edch v\u1ebb \u0111\u1eb9p l\u00e3ng m\u1ea1n v\u00e0 \u00fd ngh\u0129a s\u00e2u s\u1eafc trong ng\u00e0y tr\u1ecdng \u0111\u1ea1i. V\u1edbi s\u1eafc v\u00e0ng \u1ea5m \u00e1p k\u1ebft h\u1ee3p \u0111\u01b0\u1eddng n\u00e9t m\u1ec1m m\u1ea1i t\u01b0\u1ee3ng tr\u01b0ng cho s\u1ee3i t\u01a1 h\u1ed3ng g\u1eafn k\u1ebft m\u00e0 c\u00f2n l\u00e0 l\u1eddi h\u1ee9a v\u1ec1 s\u1ef1 [&#8230;]\n","protected":false},"featured_media":823,"comment_status":"open","ping_status":"closed","template":"","meta":[],"product_brand":[],"product_cat":[36],"product_tag":[],"class_list":{"0":"post-822","1":"product","2":"type-product","3":"status-publish","4":"has-post-thumbnail","6":"product_cat-nhan-cuoi","8":"first","9":"instock","10":"shipping-taxable","11":"purchasable","12":"product-type-variable"},"yoast_head":"<!-- This site is optimized with the Yoast SEO plugin v26.8 - https:\/\/yoast.com\/product\/yoast-seo-wordpress\/ -->\n<title>Nh\u1eabn c\u01b0\u1edbi T\u01a1 H\u1ed3ng V\u00e0ng - PN CHIC<\/title>\n<meta name=\"description\" content=\"Nh\u1eabn c\u01b0\u1edbi t\u01a1 h\u1ed3ng v\u00e0ng mang v\u1ebb \u0111\u1eb9p l\u00e3ng m\u1ea1n, sang tr\u1ecdng v\u00e0 l\u00e0 bi\u1ec3u t\u01b0\u1ee3ng cho t\u00ecnh y\u00eau g\u1eafn k\u1ebft tr\u1ecdn \u0111\u1eddi.\" \/>\n<meta name=\"robots\" content=\"index, follow, max-snippet:-1, max-image-preview:large, max-video-preview:-1\" \/>\n<link rel=\"canonical\" href=\"https:\/\/nhunhu.azdigi.shop\/?product=nhan-cuoi-to-hong-vang-2\" \/>\n<meta property=\"og:locale\" content=\"vi_VN\" \/>\n<meta property=\"og:type\" content=\"article\" \/>\n<meta property=\"og:title\" content=\"Nh\u1eabn c\u01b0\u1edbi T\u01a1 H\u1ed3ng V\u00e0ng - PN CHIC\" \/>\n<meta property=\"og:description\" content=\"Nh\u1eabn c\u01b0\u1edbi t\u01a1 h\u1ed3ng v\u00e0ng mang v\u1ebb \u0111\u1eb9p l\u00e3ng m\u1ea1n, sang tr\u1ecdng v\u00e0 l\u00e0 bi\u1ec3u t\u01b0\u1ee3ng cho t\u00ecnh y\u00eau g\u1eafn k\u1ebft tr\u1ecdn \u0111\u1eddi.\" \/>\n<meta property=\"og:url\" content=\"https:\/\/nhunhu.azdigi.shop\/?product=nhan-cuoi-to-hong-vang-2\" \/>\n<meta property=\"og:site_name\" content=\"PN CHIC\" \/>\n<meta property=\"article:modified_time\" content=\"2026-04-03T11:21:18+00:00\" \/>\n<meta property=\"og:image\" content=\"https:\/\/nhunhu.azdigi.shop\/wp-content\/uploads\/2026\/03\/nc8.png\" \/>\n\t<meta property=\"og:image:width\" content=\"2000\" \/>\n\t<meta property=\"og:image:height\" content=\"2000\" \/>\n\t<meta property=\"og:image:type\" content=\"image\/png\" \/>\n<meta name=\"twitter:card\" content=\"summary_large_image\" \/>\n<meta name=\"twitter:label1\" content=\"\u01af\u1edbc t\u00ednh th\u1eddi gian \u0111\u1ecdc\" \/>\n\t<meta name=\"twitter:data1\" content=\"2 ph\u00fat\" \/>\n<script type=\"application\/ld+json\" class=\"yoast-schema-graph\">{\"@context\":\"https:\/\/schema.org\",\"@graph\":[{\"@type\":\"WebPage\",\"@id\":\"https:\/\/nhunhu.azdigi.shop\/?product=nhan-cuoi-to-hong-vang-2\",\"url\":\"https:\/\/nhunhu.azdigi.shop\/?product=nhan-cuoi-to-hong-vang-2\",\"name\":\"Nh\u1eabn c\u01b0\u1edbi T\u01a1 H\u1ed3ng V\u00e0ng - PN CHIC\",\"isPartOf\":{\"@id\":\"https:\/\/nhunhu.azdigi.shop\/#website\"},\"primaryImageOfPage\":{\"@id\":\"https:\/\/nhunhu.azdigi.shop\/?product=nhan-cuoi-to-hong-vang-2#primaryimage\"},\"image\":{\"@id\":\"https:\/\/nhunhu.azdigi.shop\/?product=nhan-cuoi-to-hong-vang-2#primaryimage\"},\"thumbnailUrl\":\"https:\/\/nhunhu.azdigi.shop\/wp-content\/uploads\/2026\/03\/nc8.png\",\"datePublished\":\"2026-03-28T12:41:59+00:00\",\"dateModified\":\"2026-04-03T11:21:18+00:00\",\"description\":\"Nh\u1eabn c\u01b0\u1edbi t\u01a1 h\u1ed3ng v\u00e0ng mang v\u1ebb \u0111\u1eb9p l\u00e3ng m\u1ea1n, sang tr\u1ecdng v\u00e0 l\u00e0 bi\u1ec3u t\u01b0\u1ee3ng cho t\u00ecnh y\u00eau g\u1eafn k\u1ebft tr\u1ecdn \u0111\u1eddi.\",\"breadcrumb\":{\"@id\":\"https:\/\/nhunhu.azdigi.shop\/?product=nhan-cuoi-to-hong-vang-2#breadcrumb\"},\"inLanguage\":\"vi\",\"potentialAction\":[{\"@type\":\"ReadAction\",\"target\":[\"https:\/\/nhunhu.azdigi.shop\/?product=nhan-cuoi-to-hong-vang-2\"]}]},{\"@type\":\"ImageObject\",\"inLanguage\":\"vi\",\"@id\":\"https:\/\/nhunhu.azdigi.shop\/?product=nhan-cuoi-to-hong-vang-2#primaryimage\",\"url\":\"https:\/\/nhunhu.azdigi.shop\/wp-content\/uploads\/2026\/03\/nc8.png\",\"contentUrl\":\"https:\/\/nhunhu.azdigi.shop\/wp-content\/uploads\/2026\/03\/nc8.png\",\"width\":2000,\"height\":2000},{\"@type\":\"BreadcrumbList\",\"@id\":\"https:\/\/nhunhu.azdigi.shop\/?product=nhan-cuoi-to-hong-vang-2#breadcrumb\",\"itemListElement\":[{\"@type\":\"ListItem\",\"position\":1,\"name\":\"Trang ch\u1ee7\",\"item\":\"https:\/\/nhunhu.azdigi.shop\/\"},{\"@type\":\"ListItem\",\"position\":2,\"name\":\"Shop\",\"item\":\"https:\/\/nhunhu.azdigi.shop\/?page_id=85\"},{\"@type\":\"ListItem\",\"position\":3,\"name\":\"Nh\u1eabn c\u01b0\u1edbi T\u01a1 H\u1ed3ng V\u00e0ng\"}]},{\"@type\":\"WebSite\",\"@id\":\"https:\/\/nhunhu.azdigi.shop\/#website\",\"url\":\"https:\/\/nhunhu.azdigi.shop\/\",\"name\":\"Ph\u1ee5 Ki\u1ec7n Nh\u1ecf - C\u00e1 T\u00ednh L\u1edbn\",\"description\":\"\",\"potentialAction\":[{\"@type\":\"SearchAction\",\"target\":{\"@type\":\"EntryPoint\",\"urlTemplate\":\"https:\/\/nhunhu.azdigi.shop\/?s={search_term_string}\"},\"query-input\":{\"@type\":\"PropertyValueSpecification\",\"valueRequired\":true,\"valueName\":\"search_term_string\"}}],\"inLanguage\":\"vi\"}]}<\/script>\n<!-- \/ Yoast SEO plugin. -->","yoast_head_json":{"title":"Nh\u1eabn c\u01b0\u1edbi T\u01a1 H\u1ed3ng V\u00e0ng - PN CHIC","description":"Nh\u1eabn c\u01b0\u1edbi t\u01a1 h\u1ed3ng v\u00e0ng mang v\u1ebb \u0111\u1eb9p l\u00e3ng m\u1ea1n, sang tr\u1ecdng v\u00e0 l\u00e0 bi\u1ec3u t\u01b0\u1ee3ng cho t\u00ecnh y\u00eau g\u1eafn k\u1ebft tr\u1ecdn \u0111\u1eddi.","robots":{"index":"index","follow":"follow","max-snippet":"max-snippet:-1","max-image-preview":"max-image-preview:large","max-video-preview":"max-video-preview:-1"},"canonical":"https:\/\/nhunhu.azdigi.shop\/?product=nhan-cuoi-to-hong-vang-2","og_locale":"vi_VN","og_type":"article","og_title":"Nh\u1eabn c\u01b0\u1edbi T\u01a1 H\u1ed3ng V\u00e0ng - PN CHIC","og_description":"Nh\u1eabn c\u01b0\u1edbi t\u01a1 h\u1ed3ng v\u00e0ng mang v\u1ebb \u0111\u1eb9p l\u00e3ng m\u1ea1n, sang tr\u1ecdng v\u00e0 l\u00e0 bi\u1ec3u t\u01b0\u1ee3ng cho t\u00ecnh y\u00eau g\u1eafn k\u1ebft tr\u1ecdn \u0111\u1eddi.","og_url":"https:\/\/nhunhu.azdigi.shop\/?product=nhan-cuoi-to-hong-vang-2","og_site_name":"PN CHIC","article_modified_time":"2026-04-03T11:21:18+00:00","og_image":[{"width":2000,"height":2000,"url":"https:\/\/nhunhu.azdigi.shop\/wp-content\/uploads\/2026\/03\/nc8.png","type":"image\/png"}],"twitter_card":"summary_large_image","twitter_misc":{"\u01af\u1edbc t\u00ednh th\u1eddi gian \u0111\u1ecdc":"2 ph\u00fat"},"schema":{"@context":"https:\/\/schema.org","@graph":[{"@type":"WebPage","@id":"https:\/\/nhunhu.azdigi.shop\/?product=nhan-cuoi-to-hong-vang-2","url":"https:\/\/nhunhu.azdigi.shop\/?product=nhan-cuoi-to-hong-vang-2","name":"Nh\u1eabn c\u01b0\u1edbi T\u01a1 H\u1ed3ng V\u00e0ng - PN CHIC","isPartOf":{"@id":"https:\/\/nhunhu.azdigi.shop\/#website"},"primaryImageOfPage":{"@id":"https:\/\/nhunhu.azdigi.shop\/?product=nhan-cuoi-to-hong-vang-2#primaryimage"},"image":{"@id":"https:\/\/nhunhu.azdigi.shop\/?product=nhan-cuoi-to-hong-vang-2#primaryimage"},"thumbnailUrl":"https:\/\/nhunhu.azdigi.shop\/wp-content\/uploads\/2026\/03\/nc8.png","datePublished":"2026-03-28T12:41:59+00:00","dateModified":"2026-04-03T11:21:18+00:00","description":"Nh\u1eabn c\u01b0\u1edbi t\u01a1 h\u1ed3ng v\u00e0ng mang v\u1ebb \u0111\u1eb9p l\u00e3ng m\u1ea1n, sang tr\u1ecdng v\u00e0 l\u00e0 bi\u1ec3u t\u01b0\u1ee3ng cho t\u00ecnh y\u00eau g\u1eafn k\u1ebft tr\u1ecdn \u0111\u1eddi.","breadcrumb":{"@id":"https:\/\/nhunhu.azdigi.shop\/?product=nhan-cuoi-to-hong-vang-2#breadcrumb"},"inLanguage":"vi","potentialAction":[{"@type":"ReadAction","target":["https:\/\/nhunhu.azdigi.shop\/?product=nhan-cuoi-to-hong-vang-2"]}]},{"@type":"ImageObject","inLanguage":"vi","@id":"https:\/\/nhunhu.azdigi.shop\/?product=nhan-cuoi-to-hong-vang-2#primaryimage","url":"https:\/\/nhunhu.azdigi.shop\/wp-content\/uploads\/2026\/03\/nc8.png","contentUrl":"https:\/\/nhunhu.azdigi.shop\/wp-content\/uploads\/2026\/03\/nc8.png","width":2000,"height":2000},{"@type":"BreadcrumbList","@id":"https:\/\/nhunhu.azdigi.shop\/?product=nhan-cuoi-to-hong-vang-2#breadcrumb","itemListElement":[{"@type":"ListItem","position":1,"name":"Trang ch\u1ee7","item":"https:\/\/nhunhu.azdigi.shop\/"},{"@type":"ListItem","position":2,"name":"Shop","item":"https:\/\/nhunhu.azdigi.shop\/?page_id=85"},{"@type":"ListItem","position":3,"name":"Nh\u1eabn c\u01b0\u1edbi T\u01a1 H\u1ed3ng V\u00e0ng"}]},{"@type":"WebSite","@id":"https:\/\/nhunhu.azdigi.shop\/#website","url":"https:\/\/nhunhu.azdigi.shop\/","name":"Ph\u1ee5 Ki\u1ec7n Nh\u1ecf - C\u00e1 T\u00ednh L\u1edbn","description":"","potentialAction":[{"@type":"SearchAction","target":{"@type":"EntryPoint","urlTemplate":"https:\/\/nhunhu.azdigi.shop\/?s={search_term_string}"},"query-input":{"@type":"PropertyValueSpecification","valueRequired":true,"valueName":"search_term_string"}}],"inLanguage":"vi"}]}},"_links":{"self":[{"href":"https:\/\/nhunhu.azdigi.shop\/index.php?rest_route=\/wp\/v2\/product\/822","targetHints":{"allow":["GET"]}}],"collection":[{"href":"https:\/\/nhunhu.azdigi.shop\/index.php?rest_route=\/wp\/v2\/product"}],"about":[{"href":"https:\/\/nhunhu.azdigi.shop\/index.php?rest_route=\/wp\/v2\/types\/product"}],"replies":[{"embeddable":true,"href":"https:\/\/nhunhu.azdigi.shop\/index.php?rest_route=%2Fwp%2Fv2%2Fcomments&post=822"}],"wp:featuredmedia":[{"embeddable":true,"href":"https:\/\/nhunhu.azdigi.shop\/index.php?rest_route=\/wp\/v2\/media\/823"}],"wp:attachment":[{"href":"https:\/\/nhunhu.azdigi.shop\/index.php?rest_route=%2Fwp%2Fv2%2Fmedia&parent=822"}],"wp:term":[{"taxonomy":"product_brand","embeddable":true,"href":"https:\/\/nhunhu.azdigi.shop\/index.php?rest_route=%2Fwp%2Fv2%2Fproduct_brand&post=822"},{"taxonomy":"product_cat","embeddable":true,"href":"https:\/\/nhunhu.azdigi.shop\/index.php?rest_route=%2Fwp%2Fv2%2Fproduct_cat&post=822"},{"taxonomy":"product_tag","embeddable":true,"href":"https:\/\/nhunhu.azdigi.shop\/index.php?rest_route=%2Fwp%2Fv2%2Fproduct_tag&post=822"}],"curies":[{"name":"wp","href":"https:\/\/api.w.org\/{rel}","templated":true}]}}