{"id":809,"date":"2026-03-28T12:27:38","date_gmt":"2026-03-28T12:27:38","guid":{"rendered":"https:\/\/nhunhu.azdigi.shop\/?post_type=product&#038;p=809"},"modified":"2026-04-12T03:07:18","modified_gmt":"2026-04-12T03:07:18","slug":"cap-nhan-cuoi-kim-cuong-vang","status":"publish","type":"product","link":"https:\/\/nhunhu.azdigi.shop\/?product=cap-nhan-cuoi-kim-cuong-vang","title":{"rendered":"C\u1eb7p Nh\u1eabn C\u01b0\u1edbi Kim c\u01b0\u01a1ng V\u00e0ng"},"content":{"rendered":"<p data-start=\"563\" data-end=\"894\">C\u1eb7p nh\u1eabn c\u01b0\u1edbi kim c\u01b0\u01a1ng v\u00e0ng l\u00e0 l\u1ef1a ch\u1ecdn ho\u00e0n h\u1ea3o cho nh\u1eefng c\u1eb7p \u0111\u00f4i y\u00eau th\u00edch v\u1ebb \u0111\u1eb9p sang tr\u1ecdng v\u00e0 \u00fd ngh\u0129a b\u1ec1n l\u00e2u trong ng\u00e0y tr\u1ecdng \u0111\u1ea1i. V\u1edbi ch\u1ea5t li\u1ec7u v\u00e0ng cao c\u1ea5p k\u1ebft h\u1ee3p nh\u1eefng vi\u00ean kim c\u01b0\u01a1ng l\u1ea5p l\u00e1nh.<\/p>\n<p data-start=\"896\" data-end=\"1149\">Kh\u00f4ng ch\u1ec9 mang gi\u00e1 tr\u1ecb th\u1ea9m m\u1ef9, <strong data-start=\"928\" data-end=\"960\">c\u1eb7p nh\u1eabn c\u01b0\u1edbi<\/strong>\u00a0c\u00f2n th\u1ec3 hi\u1ec7n s\u1ef1 tinh t\u1ebf v\u00e0 \u0111\u1eb3ng c\u1ea5p c\u1ee7a c\u1eb7p \u0111\u00f4i. Thi\u1ebft k\u1ebf \u0111\u1ed3ng \u0111i\u1ec7u gi\u1eefa nh\u1eabn nam v\u00e0 nh\u1eabn n\u1eef gi\u00fap t\u1ed5ng th\u1ec3 h\u00e0i h\u00f2a, sang tr\u1ecdng v\u00e0 ph\u00f9 h\u1ee3p v\u1edbi nhi\u1ec1u phong c\u00e1ch c\u01b0\u1edbi t\u1eeb c\u1ed5 \u0111i\u1ec3n \u0111\u1ebfn hi\u1ec7n \u0111\u1ea1i.<\/p>\n<p data-start=\"896\" data-end=\"1149\"><strong>\u00dd ngh\u0129a<\/strong><\/p>\n<p>T\u01b0\u1ee3ng tr\u01b0ng cho t\u00ecnh y\u00eau v\u0129nh c\u1eedu<\/p>\n<p>Kim c\u01b0\u01a1ng \u0111\u1ea1i di\u1ec7n cho s\u1ef1 b\u1ec1n v\u1eefng<\/p>\n<p>V\u00e0ng mang \u00fd ngh\u0129a sung t\u00fac, \u0111\u1ee7 \u0111\u1ea7y<\/p>\n<p>L\u01b0u gi\u1eef kho\u1ea3nh kh\u1eafc thi\u00eang li\u00eang<\/p>\n<p><strong>Thi\u1ebft k\u1ebf<\/strong><\/p>\n<p>D\u00e1ng tr\u01a1n \u0111\u00ednh 1 vi\u00ean kim c\u01b0\u01a1ng<\/p>\n<p>Ki\u1ec3u \u0111\u00ednh nhi\u1ec1u \u0111\u00e1 nh\u1ecf sang tr\u1ecdng<\/p>\n<p>Form nh\u1eabn \u0111\u00f4i nam n\u1eef \u0111\u1ed3ng \u0111i\u1ec7u<\/p>\n<p>Ch\u1ea5t li\u1ec7u v\u00e0ng 14K ho\u1eb7c 18K<\/p>\n<p><strong>V\u00ec sao n\u00ean ch\u1ecdn c\u1eb7p nh\u1eabn c\u01b0\u1edbi n\u00e0y<\/strong><\/p>\n<p>T\u00f4n da tay \u0111\u1eb9p<\/p>\n<p>D\u1ec5 \u0111eo h\u1eb1ng ng\u00e0y<\/p>\n<p>Kh\u00f4ng l\u1ed7i th\u1eddi theo xu h\u01b0\u1edbng<\/p>\n<p>Ph\u00f9 h\u1ee3p nhi\u1ec1u concept c\u01b0\u1edbi<\/p>\n<p>Th\u1ec3 hi\u1ec7n \u0111\u1eb3ng c\u1ea5p v\u00e0 gi\u00e1 tr\u1ecb<\/p>\n<p><strong>C\u00e1ch b\u1ea3o qu\u1ea3n<\/strong><\/p>\n<p>Tr\u00e1nh h\u00f3a ch\u1ea5t m\u1ea1nh<\/p>\n<p>Lau b\u1eb1ng kh\u0103n m\u1ec1m<\/p>\n<p>Kh\u00f4ng \u0111\u1ec3 va ch\u1ea1m nhi\u1ec1u<\/p>\n<p>C\u1ea5t trong h\u1ed9p nhung ri\u00eang<\/p>\n<p>Tham kh\u1ea3o th\u00eam https:\/\/www.wikihow.com\/Clean-Gold-Jewelry<\/p>\n<p>C\u1eb7p nh\u1eabn c\u01b0\u1edbi kim c\u01b0\u01a1ng v\u00e0ng kh\u00f4ng ch\u1ec9 gi\u00fap \u0111\u00f4i tay tr\u1edf n\u00ean n\u1ed5i b\u1eadt m\u00e0 c\u00f2n l\u01b0u gi\u1eef gi\u00e1 tr\u1ecb c\u1ea3m x\u00fac thi\u00eang li\u00eang trong ng\u00e0y c\u01b0\u1edbi. \u00c1nh kim c\u01b0\u01a1ng l\u1ea5p l\u00e1nh tr\u00ean n\u1ec1n v\u00e0ng lu\u00f4n t\u1ea1o n\u00ean v\u1ebb \u0111\u1eb9p \u0111\u1eb3ng c\u1ea5p v\u00e0 \u0111\u1ea7y \u00fd ngh\u0129a.<\/p>\n<p>&nbsp;<\/p>\n","protected":false},"excerpt":{"rendered":"<p>M\u1ed7i c\u1eb7p nh\u1eabn \u0111\u1ec1u c\u00f3 th\u1ec3 \u0111\u01b0\u1ee3c c\u00e1 nh\u00e2n h\u00f3a b\u1eb1ng c\u00e1ch kh\u1eafc t\u00ean, ng\u00e0y k\u1ef7 ni\u1ec7m ho\u1eb7c nh\u1eefng th\u00f4ng \u0111i\u1ec7p b\u00ed m\u1eadt b\u00ean trong l\u00f2ng nh\u1eabn. \u0110\u00f3 l\u00e0 c\u00e1ch \u0111\u1ec3 t\u00ecnh y\u00eau lu\u00f4n hi\u1ec7n h\u1eefu tr\u00ean \u0111\u00f4i tay v\u00e0 s\u01b0\u1edfi \u1ea5m tr\u00e1i tim m\u1ed7i khi nh\u00ecn ng\u1eafm.<\/p>\n","protected":false},"featured_media":811,"comment_status":"open","ping_status":"closed","template":"","meta":[],"product_brand":[],"product_cat":[36],"product_tag":[],"class_list":{"0":"post-809","1":"product","2":"type-product","3":"status-publish","4":"has-post-thumbnail","6":"product_cat-nhan-cuoi","8":"first","9":"instock","10":"shipping-taxable","11":"purchasable","12":"product-type-variable"},"yoast_head":"<!-- This site is optimized with the Yoast SEO plugin v26.8 - https:\/\/yoast.com\/product\/yoast-seo-wordpress\/ -->\n<title>C\u1eb7p Nh\u1eabn C\u01b0\u1edbi Kim c\u01b0\u01a1ng V\u00e0ng - PN CHIC<\/title>\n<meta name=\"description\" content=\"C\u1eb7p nh\u1eabn c\u01b0\u1edbi kim c\u01b0\u01a1ng v\u00e0ng mang v\u1ebb \u0111\u1eb9p sang tr\u1ecdng, \u0111\u1eb3ng c\u1ea5p v\u00e0 l\u00e0 bi\u1ec3u t\u01b0\u1ee3ng cho t\u00ecnh y\u00eau v\u0129nh c\u1eedu.\" \/>\n<meta name=\"robots\" content=\"index, follow, max-snippet:-1, max-image-preview:large, max-video-preview:-1\" \/>\n<link rel=\"canonical\" href=\"https:\/\/nhunhu.azdigi.shop\/?product=cap-nhan-cuoi-kim-cuong-vang\" \/>\n<meta property=\"og:locale\" content=\"vi_VN\" \/>\n<meta property=\"og:type\" content=\"article\" \/>\n<meta property=\"og:title\" content=\"C\u1eb7p Nh\u1eabn C\u01b0\u1edbi Kim c\u01b0\u01a1ng V\u00e0ng - PN CHIC\" \/>\n<meta property=\"og:description\" content=\"C\u1eb7p nh\u1eabn c\u01b0\u1edbi kim c\u01b0\u01a1ng v\u00e0ng mang v\u1ebb \u0111\u1eb9p sang tr\u1ecdng, \u0111\u1eb3ng c\u1ea5p v\u00e0 l\u00e0 bi\u1ec3u t\u01b0\u1ee3ng cho t\u00ecnh y\u00eau v\u0129nh c\u1eedu.\" \/>\n<meta property=\"og:url\" content=\"https:\/\/nhunhu.azdigi.shop\/?product=cap-nhan-cuoi-kim-cuong-vang\" \/>\n<meta property=\"og:site_name\" content=\"PN CHIC\" \/>\n<meta property=\"article:modified_time\" content=\"2026-04-12T03:07:18+00:00\" \/>\n<meta property=\"og:image\" content=\"https:\/\/nhunhu.azdigi.shop\/wp-content\/uploads\/2026\/03\/mhnc4.jpg\" \/>\n\t<meta property=\"og:image:width\" content=\"2000\" \/>\n\t<meta property=\"og:image:height\" content=\"2000\" \/>\n\t<meta property=\"og:image:type\" content=\"image\/jpeg\" \/>\n<meta name=\"twitter:card\" content=\"summary_large_image\" \/>\n<meta name=\"twitter:label1\" content=\"\u01af\u1edbc t\u00ednh th\u1eddi gian \u0111\u1ecdc\" \/>\n\t<meta name=\"twitter:data1\" content=\"2 ph\u00fat\" \/>\n<script type=\"application\/ld+json\" class=\"yoast-schema-graph\">{\"@context\":\"https:\/\/schema.org\",\"@graph\":[{\"@type\":\"WebPage\",\"@id\":\"https:\/\/nhunhu.azdigi.shop\/?product=cap-nhan-cuoi-kim-cuong-vang\",\"url\":\"https:\/\/nhunhu.azdigi.shop\/?product=cap-nhan-cuoi-kim-cuong-vang\",\"name\":\"C\u1eb7p Nh\u1eabn C\u01b0\u1edbi Kim c\u01b0\u01a1ng V\u00e0ng - PN CHIC\",\"isPartOf\":{\"@id\":\"https:\/\/nhunhu.azdigi.shop\/#website\"},\"primaryImageOfPage\":{\"@id\":\"https:\/\/nhunhu.azdigi.shop\/?product=cap-nhan-cuoi-kim-cuong-vang#primaryimage\"},\"image\":{\"@id\":\"https:\/\/nhunhu.azdigi.shop\/?product=cap-nhan-cuoi-kim-cuong-vang#primaryimage\"},\"thumbnailUrl\":\"https:\/\/nhunhu.azdigi.shop\/wp-content\/uploads\/2026\/03\/mhnc4.jpg\",\"datePublished\":\"2026-03-28T12:27:38+00:00\",\"dateModified\":\"2026-04-12T03:07:18+00:00\",\"description\":\"C\u1eb7p nh\u1eabn c\u01b0\u1edbi kim c\u01b0\u01a1ng v\u00e0ng mang v\u1ebb \u0111\u1eb9p sang tr\u1ecdng, \u0111\u1eb3ng c\u1ea5p v\u00e0 l\u00e0 bi\u1ec3u t\u01b0\u1ee3ng cho t\u00ecnh y\u00eau v\u0129nh c\u1eedu.\",\"breadcrumb\":{\"@id\":\"https:\/\/nhunhu.azdigi.shop\/?product=cap-nhan-cuoi-kim-cuong-vang#breadcrumb\"},\"inLanguage\":\"vi\",\"potentialAction\":[{\"@type\":\"ReadAction\",\"target\":[\"https:\/\/nhunhu.azdigi.shop\/?product=cap-nhan-cuoi-kim-cuong-vang\"]}]},{\"@type\":\"ImageObject\",\"inLanguage\":\"vi\",\"@id\":\"https:\/\/nhunhu.azdigi.shop\/?product=cap-nhan-cuoi-kim-cuong-vang#primaryimage\",\"url\":\"https:\/\/nhunhu.azdigi.shop\/wp-content\/uploads\/2026\/03\/mhnc4.jpg\",\"contentUrl\":\"https:\/\/nhunhu.azdigi.shop\/wp-content\/uploads\/2026\/03\/mhnc4.jpg\",\"width\":2000,\"height\":2000},{\"@type\":\"BreadcrumbList\",\"@id\":\"https:\/\/nhunhu.azdigi.shop\/?product=cap-nhan-cuoi-kim-cuong-vang#breadcrumb\",\"itemListElement\":[{\"@type\":\"ListItem\",\"position\":1,\"name\":\"Trang ch\u1ee7\",\"item\":\"https:\/\/nhunhu.azdigi.shop\/\"},{\"@type\":\"ListItem\",\"position\":2,\"name\":\"Shop\",\"item\":\"https:\/\/nhunhu.azdigi.shop\/?page_id=85\"},{\"@type\":\"ListItem\",\"position\":3,\"name\":\"C\u1eb7p Nh\u1eabn C\u01b0\u1edbi Kim c\u01b0\u01a1ng V\u00e0ng\"}]},{\"@type\":\"WebSite\",\"@id\":\"https:\/\/nhunhu.azdigi.shop\/#website\",\"url\":\"https:\/\/nhunhu.azdigi.shop\/\",\"name\":\"Ph\u1ee5 Ki\u1ec7n Nh\u1ecf - C\u00e1 T\u00ednh L\u1edbn\",\"description\":\"\",\"potentialAction\":[{\"@type\":\"SearchAction\",\"target\":{\"@type\":\"EntryPoint\",\"urlTemplate\":\"https:\/\/nhunhu.azdigi.shop\/?s={search_term_string}\"},\"query-input\":{\"@type\":\"PropertyValueSpecification\",\"valueRequired\":true,\"valueName\":\"search_term_string\"}}],\"inLanguage\":\"vi\"}]}<\/script>\n<!-- \/ Yoast SEO plugin. -->","yoast_head_json":{"title":"C\u1eb7p Nh\u1eabn C\u01b0\u1edbi Kim c\u01b0\u01a1ng V\u00e0ng - PN CHIC","description":"C\u1eb7p nh\u1eabn c\u01b0\u1edbi kim c\u01b0\u01a1ng v\u00e0ng mang v\u1ebb \u0111\u1eb9p sang tr\u1ecdng, \u0111\u1eb3ng c\u1ea5p v\u00e0 l\u00e0 bi\u1ec3u t\u01b0\u1ee3ng cho t\u00ecnh y\u00eau v\u0129nh c\u1eedu.","robots":{"index":"index","follow":"follow","max-snippet":"max-snippet:-1","max-image-preview":"max-image-preview:large","max-video-preview":"max-video-preview:-1"},"canonical":"https:\/\/nhunhu.azdigi.shop\/?product=cap-nhan-cuoi-kim-cuong-vang","og_locale":"vi_VN","og_type":"article","og_title":"C\u1eb7p Nh\u1eabn C\u01b0\u1edbi Kim c\u01b0\u01a1ng V\u00e0ng - PN CHIC","og_description":"C\u1eb7p nh\u1eabn c\u01b0\u1edbi kim c\u01b0\u01a1ng v\u00e0ng mang v\u1ebb \u0111\u1eb9p sang tr\u1ecdng, \u0111\u1eb3ng c\u1ea5p v\u00e0 l\u00e0 bi\u1ec3u t\u01b0\u1ee3ng cho t\u00ecnh y\u00eau v\u0129nh c\u1eedu.","og_url":"https:\/\/nhunhu.azdigi.shop\/?product=cap-nhan-cuoi-kim-cuong-vang","og_site_name":"PN CHIC","article_modified_time":"2026-04-12T03:07:18+00:00","og_image":[{"width":2000,"height":2000,"url":"https:\/\/nhunhu.azdigi.shop\/wp-content\/uploads\/2026\/03\/mhnc4.jpg","type":"image\/jpeg"}],"twitter_card":"summary_large_image","twitter_misc":{"\u01af\u1edbc t\u00ednh th\u1eddi gian \u0111\u1ecdc":"2 ph\u00fat"},"schema":{"@context":"https:\/\/schema.org","@graph":[{"@type":"WebPage","@id":"https:\/\/nhunhu.azdigi.shop\/?product=cap-nhan-cuoi-kim-cuong-vang","url":"https:\/\/nhunhu.azdigi.shop\/?product=cap-nhan-cuoi-kim-cuong-vang","name":"C\u1eb7p Nh\u1eabn C\u01b0\u1edbi Kim c\u01b0\u01a1ng V\u00e0ng - PN CHIC","isPartOf":{"@id":"https:\/\/nhunhu.azdigi.shop\/#website"},"primaryImageOfPage":{"@id":"https:\/\/nhunhu.azdigi.shop\/?product=cap-nhan-cuoi-kim-cuong-vang#primaryimage"},"image":{"@id":"https:\/\/nhunhu.azdigi.shop\/?product=cap-nhan-cuoi-kim-cuong-vang#primaryimage"},"thumbnailUrl":"https:\/\/nhunhu.azdigi.shop\/wp-content\/uploads\/2026\/03\/mhnc4.jpg","datePublished":"2026-03-28T12:27:38+00:00","dateModified":"2026-04-12T03:07:18+00:00","description":"C\u1eb7p nh\u1eabn c\u01b0\u1edbi kim c\u01b0\u01a1ng v\u00e0ng mang v\u1ebb \u0111\u1eb9p sang tr\u1ecdng, \u0111\u1eb3ng c\u1ea5p v\u00e0 l\u00e0 bi\u1ec3u t\u01b0\u1ee3ng cho t\u00ecnh y\u00eau v\u0129nh c\u1eedu.","breadcrumb":{"@id":"https:\/\/nhunhu.azdigi.shop\/?product=cap-nhan-cuoi-kim-cuong-vang#breadcrumb"},"inLanguage":"vi","potentialAction":[{"@type":"ReadAction","target":["https:\/\/nhunhu.azdigi.shop\/?product=cap-nhan-cuoi-kim-cuong-vang"]}]},{"@type":"ImageObject","inLanguage":"vi","@id":"https:\/\/nhunhu.azdigi.shop\/?product=cap-nhan-cuoi-kim-cuong-vang#primaryimage","url":"https:\/\/nhunhu.azdigi.shop\/wp-content\/uploads\/2026\/03\/mhnc4.jpg","contentUrl":"https:\/\/nhunhu.azdigi.shop\/wp-content\/uploads\/2026\/03\/mhnc4.jpg","width":2000,"height":2000},{"@type":"BreadcrumbList","@id":"https:\/\/nhunhu.azdigi.shop\/?product=cap-nhan-cuoi-kim-cuong-vang#breadcrumb","itemListElement":[{"@type":"ListItem","position":1,"name":"Trang ch\u1ee7","item":"https:\/\/nhunhu.azdigi.shop\/"},{"@type":"ListItem","position":2,"name":"Shop","item":"https:\/\/nhunhu.azdigi.shop\/?page_id=85"},{"@type":"ListItem","position":3,"name":"C\u1eb7p Nh\u1eabn C\u01b0\u1edbi Kim c\u01b0\u01a1ng V\u00e0ng"}]},{"@type":"WebSite","@id":"https:\/\/nhunhu.azdigi.shop\/#website","url":"https:\/\/nhunhu.azdigi.shop\/","name":"Ph\u1ee5 Ki\u1ec7n Nh\u1ecf - C\u00e1 T\u00ednh L\u1edbn","description":"","potentialAction":[{"@type":"SearchAction","target":{"@type":"EntryPoint","urlTemplate":"https:\/\/nhunhu.azdigi.shop\/?s={search_term_string}"},"query-input":{"@type":"PropertyValueSpecification","valueRequired":true,"valueName":"search_term_string"}}],"inLanguage":"vi"}]}},"_links":{"self":[{"href":"https:\/\/nhunhu.azdigi.shop\/index.php?rest_route=\/wp\/v2\/product\/809","targetHints":{"allow":["GET"]}}],"collection":[{"href":"https:\/\/nhunhu.azdigi.shop\/index.php?rest_route=\/wp\/v2\/product"}],"about":[{"href":"https:\/\/nhunhu.azdigi.shop\/index.php?rest_route=\/wp\/v2\/types\/product"}],"replies":[{"embeddable":true,"href":"https:\/\/nhunhu.azdigi.shop\/index.php?rest_route=%2Fwp%2Fv2%2Fcomments&post=809"}],"wp:featuredmedia":[{"embeddable":true,"href":"https:\/\/nhunhu.azdigi.shop\/index.php?rest_route=\/wp\/v2\/media\/811"}],"wp:attachment":[{"href":"https:\/\/nhunhu.azdigi.shop\/index.php?rest_route=%2Fwp%2Fv2%2Fmedia&parent=809"}],"wp:term":[{"taxonomy":"product_brand","embeddable":true,"href":"https:\/\/nhunhu.azdigi.shop\/index.php?rest_route=%2Fwp%2Fv2%2Fproduct_brand&post=809"},{"taxonomy":"product_cat","embeddable":true,"href":"https:\/\/nhunhu.azdigi.shop\/index.php?rest_route=%2Fwp%2Fv2%2Fproduct_cat&post=809"},{"taxonomy":"product_tag","embeddable":true,"href":"https:\/\/nhunhu.azdigi.shop\/index.php?rest_route=%2Fwp%2Fv2%2Fproduct_tag&post=809"}],"curies":[{"name":"wp","href":"https:\/\/api.w.org\/{rel}","templated":true}]}}