{"id":772,"date":"2026-03-27T17:28:07","date_gmt":"2026-03-27T17:28:07","guid":{"rendered":"https:\/\/nhunhu.azdigi.shop\/?post_type=product&#038;p=772"},"modified":"2026-04-02T18:25:52","modified_gmt":"2026-04-02T18:25:52","slug":"day-chuyen-bac-y","status":"publish","type":"product","link":"https:\/\/nhunhu.azdigi.shop\/?product=day-chuyen-bac-y","title":{"rendered":"D\u00e2y chuy\u1ec1n B\u1ea1c \u00dd"},"content":{"rendered":"<div class=\"\">\n<div>\n<p data-start=\"499\" data-end=\"773\">D\u00e2y chuy\u1ec1n b\u1ea1c \u00dd l\u00e0 m\u00f3n trang s\u1ee9c \u0111\u01b0\u1ee3c nhi\u1ec1u ng\u01b0\u1eddi y\u00eau th\u00edch nh\u1edd \u0111\u1ed9 s\u00e1ng b\u00f3ng \u0111\u1eb9p, ch\u1ea5t li\u1ec7u b\u1ec1n v\u00e0 thi\u1ebft k\u1ebf tinh t\u1ebf mang h\u01a1i h\u01b0\u1edbng hi\u1ec7n \u0111\u1ea1i ch\u00e2u \u00c2u. V\u1edbi v\u1ebb ngo\u00e0i sang tr\u1ecdng nh\u01b0ng v\u1eabn nh\u1eb9 nh\u00e0ng.<\/p>\n<p data-start=\"775\" data-end=\"1046\">Kh\u00f4ng ch\u1ec9 l\u00e0 m\u00f3n ph\u1ee5 ki\u1ec7n th\u1eddi trang, <strong data-start=\"813\" data-end=\"833\">d\u00e2y chuy\u1ec1n b\u1ea1c \u00dd<\/strong> c\u00f2n n\u1ed5i b\u1eadt b\u1edfi \u0111\u1ed9 ho\u00e0n thi\u1ec7n cao, \u00edt x\u1ec9n m\u00e0u khi \u0111\u01b0\u1ee3c b\u1ea3o qu\u1ea3n \u0111\u00fang c\u00e1ch v\u00e0 d\u1ec5 ph\u1ed1i v\u1edbi nhi\u1ec1u lo\u1ea1i m\u1eb7t d\u00e2y kh\u00e1c nhau. \u0110\u00e2y l\u00e0 l\u1ef1a ch\u1ecdn l\u00fd t\u01b0\u1edfng cho nh\u1eefng ai y\u00eau th\u00edch s\u1ef1 thanh l\u1ecbch v\u00e0 tinh t\u1ebf trong t\u1eebng chi ti\u1ebft.<\/p>\n<p data-start=\"705\" data-end=\"974\"><strong>Gi\u1edbi thi\u1ec7u:<\/strong><\/p>\n<\/div>\n<div class=\"px-2 py-1 text-[14px] bg-[#f2f2f2]\">D\u00f2ng h\u00e0ng:\u00a0Trang s\u1ee9c B\u1ea1c<\/div>\n<\/div>\n<div class=\"\">\n<div class=\"px-2 py-1 text-[14px]\">Tr\u1ecdng l\u01b0\u1ee3ng tham kh\u1ea3o:\u00a027.665 ph\u00e2n<\/div>\n<\/div>\n<div class=\"\">\n<div class=\"px-2 py-1 text-[14px] bg-[#f2f2f2]\">H\u00e0m l\u01b0\u1ee3ng ch\u1ea5t li\u1ec7u:\u00a09250<\/div>\n<\/div>\n<div class=\"\">\n<div class=\"px-2 py-1 text-[14px]\">Lo\u1ea1i \u0111\u00e1 ch\u00ednh:\u00a0Kh\u00f4ng g\u1eafn \u0111\u00e1<\/div>\n<\/div>\n<div class=\"\">\n<div class=\"px-2 py-1 text-[14px] bg-[#f2f2f2]\">Lo\u1ea1i \u0111\u00e1 ph\u1ee5:\u00a0Kh\u00f4ng g\u1eafn \u0111\u00e1<\/div>\n<\/div>\n<div class=\"\">\n<div class=\"px-2 py-1 text-[14px]\">Gi\u1edbi t\u00ednh:\u00a0Unisex<\/div>\n<div><strong>\u0110i\u1ec3m n\u1ed5i b\u1eadt<\/strong><\/div>\n<div>\n<p>\u0110\u1ed9 s\u00e1ng b\u00f3ng cao<\/p>\n<p>Ch\u1ea5t li\u1ec7u b\u1ec1n \u0111\u1eb9p<\/p>\n<p>Thi\u1ebft k\u1ebf thanh l\u1ecbch chu\u1ea9n ch\u00e2u \u00c2u<\/p>\n<p>Ph\u00f9 h\u1ee3p c\u1ea3 nam v\u00e0 n\u1eef<\/p>\n<\/div>\n<div>\n<p><strong>V\u00ec sao n\u00ean ch\u1ecdn d\u00e2y chuy\u1ec1n b\u1ea1c \u00dd?<\/strong><\/p>\n<\/div>\n<\/div>\n<div class=\"\">\n<div class=\"px-2 py-1 text-[14px] bg-[#f2f2f2]\">\n<p>Mang v\u1ebb ngo\u00e0i sang tr\u1ecdng<\/p>\n<p>D\u1ec5 ph\u1ed1i v\u1edbi nh\u1eabn v\u00e0 l\u1eafc tay<\/p>\n<p>Ph\u00f9 h\u1ee3p l\u00e0m qu\u00e0 t\u1eb7ng<\/p>\n<p>D\u00f9ng h\u1eb1ng ng\u00e0y v\u1eabn r\u1ea5t \u0111\u1eb9p<\/p>\n<p><strong>C\u00e1ch b\u1ea3o qu\u1ea3n<\/strong><\/p>\n<p>Tr\u00e1nh ti\u1ebfp x\u00fac h\u00f3a ch\u1ea5t<\/p>\n<p>Lau b\u1eb1ng kh\u0103n m\u1ec1m sau khi \u0111eo<\/p>\n<p>Kh\u00f4ng \u0111eo khi t\u1eafm<\/p>\n<p>C\u1ea5t trong h\u1ed9p ri\u00eang<\/p>\n<p>Tham kh\u1ea3o th\u00eam: https:\/\/www.wikihow.com\/Clean-Sterling-Silver<\/p>\n<p>&nbsp;<\/p>\n<\/div>\n<\/div>\n","protected":false},"excerpt":{"rendered":"<p>D\u00e2y chuy\u1ec1n b\u1ea1c \u00dd l\u00e0 m\u00f3n trang s\u1ee9c \u0111\u01b0\u1ee3c nhi\u1ec1u ng\u01b0\u1eddi y\u00eau th\u00edch nh\u1edd \u0111\u1ed9 s\u00e1ng b\u00f3ng \u0111\u1eb9p, ch\u1ea5t li\u1ec7u b\u1ec1n v\u00e0 thi\u1ebft k\u1ebf tinh t\u1ebf mang h\u01a1i h\u01b0\u1edbng hi\u1ec7n \u0111\u1ea1i ch\u00e2u \u00c2u. V\u1edbi v\u1ebb ngo\u00e0i sang tr\u1ecdng nh\u01b0ng v\u1eabn nh\u1eb9 nh\u00e0ng. Kh\u00f4ng ch\u1ec9 l\u00e0 m\u00f3n ph\u1ee5 ki\u1ec7n th\u1eddi trang, d\u00e2y chuy\u1ec1n b\u1ea1c \u00dd c\u00f2n [&#8230;]\n","protected":false},"featured_media":773,"comment_status":"open","ping_status":"closed","template":"","meta":[],"product_brand":[],"product_cat":[40],"product_tag":[],"class_list":{"0":"post-772","1":"product","2":"type-product","3":"status-publish","4":"has-post-thumbnail","6":"product_cat-day-chuyen","8":"first","9":"instock","10":"shipping-taxable","11":"purchasable","12":"product-type-variable"},"yoast_head":"<!-- This site is optimized with the Yoast SEO plugin v26.8 - https:\/\/yoast.com\/product\/yoast-seo-wordpress\/ -->\n<title>D\u00e2y chuy\u1ec1n B\u1ea1c \u00dd - PN CHIC<\/title>\n<meta name=\"description\" content=\"D\u00e2y chuy\u1ec1n b\u1ea1c mang v\u1ebb \u0111\u1eb9p thanh l\u1ecbch, s\u00e1ng b\u00f3ng v\u00e0 d\u1ec5 ph\u1ed1i v\u1edbi nhi\u1ec1u phong c\u00e1ch cho c\u1ea3 nam v\u00e0 n\u1eef.\" \/>\n<meta name=\"robots\" content=\"index, follow, max-snippet:-1, max-image-preview:large, max-video-preview:-1\" \/>\n<link rel=\"canonical\" href=\"https:\/\/nhunhu.azdigi.shop\/?product=day-chuyen-bac-y\" \/>\n<meta property=\"og:locale\" content=\"vi_VN\" \/>\n<meta property=\"og:type\" content=\"article\" \/>\n<meta property=\"og:title\" content=\"D\u00e2y chuy\u1ec1n B\u1ea1c \u00dd - PN CHIC\" \/>\n<meta property=\"og:description\" content=\"D\u00e2y chuy\u1ec1n b\u1ea1c mang v\u1ebb \u0111\u1eb9p thanh l\u1ecbch, s\u00e1ng b\u00f3ng v\u00e0 d\u1ec5 ph\u1ed1i v\u1edbi nhi\u1ec1u phong c\u00e1ch cho c\u1ea3 nam v\u00e0 n\u1eef.\" \/>\n<meta property=\"og:url\" content=\"https:\/\/nhunhu.azdigi.shop\/?product=day-chuyen-bac-y\" \/>\n<meta property=\"og:site_name\" content=\"PN CHIC\" \/>\n<meta property=\"article:modified_time\" content=\"2026-04-02T18:25:52+00:00\" \/>\n<meta property=\"og:image\" content=\"https:\/\/nhunhu.azdigi.shop\/wp-content\/uploads\/2026\/03\/dcb.png\" \/>\n\t<meta property=\"og:image:width\" content=\"2000\" \/>\n\t<meta property=\"og:image:height\" content=\"2000\" \/>\n\t<meta property=\"og:image:type\" content=\"image\/png\" \/>\n<meta name=\"twitter:card\" content=\"summary_large_image\" \/>\n<meta name=\"twitter:label1\" content=\"\u01af\u1edbc t\u00ednh th\u1eddi gian \u0111\u1ecdc\" \/>\n\t<meta name=\"twitter:data1\" content=\"2 ph\u00fat\" \/>\n<script type=\"application\/ld+json\" class=\"yoast-schema-graph\">{\"@context\":\"https:\/\/schema.org\",\"@graph\":[{\"@type\":\"WebPage\",\"@id\":\"https:\/\/nhunhu.azdigi.shop\/?product=day-chuyen-bac-y\",\"url\":\"https:\/\/nhunhu.azdigi.shop\/?product=day-chuyen-bac-y\",\"name\":\"D\u00e2y chuy\u1ec1n B\u1ea1c \u00dd - PN CHIC\",\"isPartOf\":{\"@id\":\"https:\/\/nhunhu.azdigi.shop\/#website\"},\"primaryImageOfPage\":{\"@id\":\"https:\/\/nhunhu.azdigi.shop\/?product=day-chuyen-bac-y#primaryimage\"},\"image\":{\"@id\":\"https:\/\/nhunhu.azdigi.shop\/?product=day-chuyen-bac-y#primaryimage\"},\"thumbnailUrl\":\"https:\/\/nhunhu.azdigi.shop\/wp-content\/uploads\/2026\/03\/dcb.png\",\"datePublished\":\"2026-03-27T17:28:07+00:00\",\"dateModified\":\"2026-04-02T18:25:52+00:00\",\"description\":\"D\u00e2y chuy\u1ec1n b\u1ea1c mang v\u1ebb \u0111\u1eb9p thanh l\u1ecbch, s\u00e1ng b\u00f3ng v\u00e0 d\u1ec5 ph\u1ed1i v\u1edbi nhi\u1ec1u phong c\u00e1ch cho c\u1ea3 nam v\u00e0 n\u1eef.\",\"breadcrumb\":{\"@id\":\"https:\/\/nhunhu.azdigi.shop\/?product=day-chuyen-bac-y#breadcrumb\"},\"inLanguage\":\"vi\",\"potentialAction\":[{\"@type\":\"ReadAction\",\"target\":[\"https:\/\/nhunhu.azdigi.shop\/?product=day-chuyen-bac-y\"]}]},{\"@type\":\"ImageObject\",\"inLanguage\":\"vi\",\"@id\":\"https:\/\/nhunhu.azdigi.shop\/?product=day-chuyen-bac-y#primaryimage\",\"url\":\"https:\/\/nhunhu.azdigi.shop\/wp-content\/uploads\/2026\/03\/dcb.png\",\"contentUrl\":\"https:\/\/nhunhu.azdigi.shop\/wp-content\/uploads\/2026\/03\/dcb.png\",\"width\":2000,\"height\":2000},{\"@type\":\"BreadcrumbList\",\"@id\":\"https:\/\/nhunhu.azdigi.shop\/?product=day-chuyen-bac-y#breadcrumb\",\"itemListElement\":[{\"@type\":\"ListItem\",\"position\":1,\"name\":\"Trang ch\u1ee7\",\"item\":\"https:\/\/nhunhu.azdigi.shop\/\"},{\"@type\":\"ListItem\",\"position\":2,\"name\":\"Shop\",\"item\":\"https:\/\/nhunhu.azdigi.shop\/?page_id=85\"},{\"@type\":\"ListItem\",\"position\":3,\"name\":\"D\u00e2y chuy\u1ec1n B\u1ea1c \u00dd\"}]},{\"@type\":\"WebSite\",\"@id\":\"https:\/\/nhunhu.azdigi.shop\/#website\",\"url\":\"https:\/\/nhunhu.azdigi.shop\/\",\"name\":\"Ph\u1ee5 Ki\u1ec7n Nh\u1ecf - C\u00e1 T\u00ednh L\u1edbn\",\"description\":\"\",\"potentialAction\":[{\"@type\":\"SearchAction\",\"target\":{\"@type\":\"EntryPoint\",\"urlTemplate\":\"https:\/\/nhunhu.azdigi.shop\/?s={search_term_string}\"},\"query-input\":{\"@type\":\"PropertyValueSpecification\",\"valueRequired\":true,\"valueName\":\"search_term_string\"}}],\"inLanguage\":\"vi\"}]}<\/script>\n<!-- \/ Yoast SEO plugin. -->","yoast_head_json":{"title":"D\u00e2y chuy\u1ec1n B\u1ea1c \u00dd - PN CHIC","description":"D\u00e2y chuy\u1ec1n b\u1ea1c mang v\u1ebb \u0111\u1eb9p thanh l\u1ecbch, s\u00e1ng b\u00f3ng v\u00e0 d\u1ec5 ph\u1ed1i v\u1edbi nhi\u1ec1u phong c\u00e1ch cho c\u1ea3 nam v\u00e0 n\u1eef.","robots":{"index":"index","follow":"follow","max-snippet":"max-snippet:-1","max-image-preview":"max-image-preview:large","max-video-preview":"max-video-preview:-1"},"canonical":"https:\/\/nhunhu.azdigi.shop\/?product=day-chuyen-bac-y","og_locale":"vi_VN","og_type":"article","og_title":"D\u00e2y chuy\u1ec1n B\u1ea1c \u00dd - PN CHIC","og_description":"D\u00e2y chuy\u1ec1n b\u1ea1c mang v\u1ebb \u0111\u1eb9p thanh l\u1ecbch, s\u00e1ng b\u00f3ng v\u00e0 d\u1ec5 ph\u1ed1i v\u1edbi nhi\u1ec1u phong c\u00e1ch cho c\u1ea3 nam v\u00e0 n\u1eef.","og_url":"https:\/\/nhunhu.azdigi.shop\/?product=day-chuyen-bac-y","og_site_name":"PN CHIC","article_modified_time":"2026-04-02T18:25:52+00:00","og_image":[{"width":2000,"height":2000,"url":"https:\/\/nhunhu.azdigi.shop\/wp-content\/uploads\/2026\/03\/dcb.png","type":"image\/png"}],"twitter_card":"summary_large_image","twitter_misc":{"\u01af\u1edbc t\u00ednh th\u1eddi gian \u0111\u1ecdc":"2 ph\u00fat"},"schema":{"@context":"https:\/\/schema.org","@graph":[{"@type":"WebPage","@id":"https:\/\/nhunhu.azdigi.shop\/?product=day-chuyen-bac-y","url":"https:\/\/nhunhu.azdigi.shop\/?product=day-chuyen-bac-y","name":"D\u00e2y chuy\u1ec1n B\u1ea1c \u00dd - PN CHIC","isPartOf":{"@id":"https:\/\/nhunhu.azdigi.shop\/#website"},"primaryImageOfPage":{"@id":"https:\/\/nhunhu.azdigi.shop\/?product=day-chuyen-bac-y#primaryimage"},"image":{"@id":"https:\/\/nhunhu.azdigi.shop\/?product=day-chuyen-bac-y#primaryimage"},"thumbnailUrl":"https:\/\/nhunhu.azdigi.shop\/wp-content\/uploads\/2026\/03\/dcb.png","datePublished":"2026-03-27T17:28:07+00:00","dateModified":"2026-04-02T18:25:52+00:00","description":"D\u00e2y chuy\u1ec1n b\u1ea1c mang v\u1ebb \u0111\u1eb9p thanh l\u1ecbch, s\u00e1ng b\u00f3ng v\u00e0 d\u1ec5 ph\u1ed1i v\u1edbi nhi\u1ec1u phong c\u00e1ch cho c\u1ea3 nam v\u00e0 n\u1eef.","breadcrumb":{"@id":"https:\/\/nhunhu.azdigi.shop\/?product=day-chuyen-bac-y#breadcrumb"},"inLanguage":"vi","potentialAction":[{"@type":"ReadAction","target":["https:\/\/nhunhu.azdigi.shop\/?product=day-chuyen-bac-y"]}]},{"@type":"ImageObject","inLanguage":"vi","@id":"https:\/\/nhunhu.azdigi.shop\/?product=day-chuyen-bac-y#primaryimage","url":"https:\/\/nhunhu.azdigi.shop\/wp-content\/uploads\/2026\/03\/dcb.png","contentUrl":"https:\/\/nhunhu.azdigi.shop\/wp-content\/uploads\/2026\/03\/dcb.png","width":2000,"height":2000},{"@type":"BreadcrumbList","@id":"https:\/\/nhunhu.azdigi.shop\/?product=day-chuyen-bac-y#breadcrumb","itemListElement":[{"@type":"ListItem","position":1,"name":"Trang ch\u1ee7","item":"https:\/\/nhunhu.azdigi.shop\/"},{"@type":"ListItem","position":2,"name":"Shop","item":"https:\/\/nhunhu.azdigi.shop\/?page_id=85"},{"@type":"ListItem","position":3,"name":"D\u00e2y chuy\u1ec1n B\u1ea1c \u00dd"}]},{"@type":"WebSite","@id":"https:\/\/nhunhu.azdigi.shop\/#website","url":"https:\/\/nhunhu.azdigi.shop\/","name":"Ph\u1ee5 Ki\u1ec7n Nh\u1ecf - C\u00e1 T\u00ednh L\u1edbn","description":"","potentialAction":[{"@type":"SearchAction","target":{"@type":"EntryPoint","urlTemplate":"https:\/\/nhunhu.azdigi.shop\/?s={search_term_string}"},"query-input":{"@type":"PropertyValueSpecification","valueRequired":true,"valueName":"search_term_string"}}],"inLanguage":"vi"}]}},"_links":{"self":[{"href":"https:\/\/nhunhu.azdigi.shop\/index.php?rest_route=\/wp\/v2\/product\/772","targetHints":{"allow":["GET"]}}],"collection":[{"href":"https:\/\/nhunhu.azdigi.shop\/index.php?rest_route=\/wp\/v2\/product"}],"about":[{"href":"https:\/\/nhunhu.azdigi.shop\/index.php?rest_route=\/wp\/v2\/types\/product"}],"replies":[{"embeddable":true,"href":"https:\/\/nhunhu.azdigi.shop\/index.php?rest_route=%2Fwp%2Fv2%2Fcomments&post=772"}],"wp:featuredmedia":[{"embeddable":true,"href":"https:\/\/nhunhu.azdigi.shop\/index.php?rest_route=\/wp\/v2\/media\/773"}],"wp:attachment":[{"href":"https:\/\/nhunhu.azdigi.shop\/index.php?rest_route=%2Fwp%2Fv2%2Fmedia&parent=772"}],"wp:term":[{"taxonomy":"product_brand","embeddable":true,"href":"https:\/\/nhunhu.azdigi.shop\/index.php?rest_route=%2Fwp%2Fv2%2Fproduct_brand&post=772"},{"taxonomy":"product_cat","embeddable":true,"href":"https:\/\/nhunhu.azdigi.shop\/index.php?rest_route=%2Fwp%2Fv2%2Fproduct_cat&post=772"},{"taxonomy":"product_tag","embeddable":true,"href":"https:\/\/nhunhu.azdigi.shop\/index.php?rest_route=%2Fwp%2Fv2%2Fproduct_tag&post=772"}],"curies":[{"name":"wp","href":"https:\/\/api.w.org\/{rel}","templated":true}]}}