{"id":766,"date":"2026-03-27T17:22:15","date_gmt":"2026-03-27T17:22:15","guid":{"rendered":"https:\/\/nhunhu.azdigi.shop\/?post_type=product&#038;p=766"},"modified":"2026-04-12T03:19:26","modified_gmt":"2026-04-12T03:19:26","slug":"lac-tay-nam-bac-mancode","status":"publish","type":"product","link":"https:\/\/nhunhu.azdigi.shop\/?product=lac-tay-nam-bac-mancode","title":{"rendered":"L\u1eafc tay nam B\u1ea1c MANCODE"},"content":{"rendered":"<div class=\"\">\n<div>\n<p data-start=\"527\" data-end=\"826\">L\u1eafc tay nam b\u1ea1c MANCODE l\u00e0 m\u00f3n trang s\u1ee9c \u0111\u01b0\u1ee3c nhi\u1ec1u qu\u00fd \u00f4ng y\u00eau th\u00edch nh\u1edd thi\u1ebft k\u1ebf m\u1ea1nh m\u1ebd, t\u1ed1i gi\u1ea3n nh\u01b0ng v\u1eabn to\u00e1t l\u00ean v\u1ebb l\u1ecbch l\u00e3m hi\u1ec7n \u0111\u1ea1i. V\u1edbi ch\u1ea5t li\u1ec7u b\u1ea1c s\u00e1ng k\u1ebft h\u1ee3p ki\u1ec3u m\u1eaft x\u00edch nam t\u00ednh, <strong data-start=\"724\" data-end=\"751\">l\u1eafc tay nam b\u1ea1c MANCODE<\/strong> gi\u00fap c\u1ed5 tay tr\u1edf n\u00ean n\u1ed5i b\u1eadt v\u00e0 t\u1ea1o \u0111i\u1ec3m nh\u1ea5n ho\u00e0n h\u1ea3o cho t\u1ed5ng th\u1ec3 outfit.<\/p>\n<p data-start=\"828\" data-end=\"1062\">D\u00f9 ph\u1ed1i c\u00f9ng \u00e1o thun basic, s\u01a1 mi c\u00f4ng s\u1edf hay blazer l\u1ecbch s\u1ef1, <strong data-start=\"890\" data-end=\"917\">l\u1eafc tay nam b\u1ea1c MANCODE<\/strong> v\u1eabn mang l\u1ea1i c\u1ea3m gi\u00e1c ch\u1ec9n chu v\u00e0 phong th\u00e1i t\u1ef1 tin. \u0110\u00e2y l\u00e0 l\u1ef1a ch\u1ecdn l\u00fd t\u01b0\u1edfng cho nam gi\u1edbi y\u00eau th\u00edch phong c\u00e1ch hi\u1ec7n \u0111\u1ea1i nh\u01b0ng kh\u00f4ng qu\u00e1 c\u1ea7u k\u1ef3.<\/p>\n<\/div>\n<div><strong>Gi\u1edbi thi\u1ec7u<\/strong><\/div>\n<div class=\"px-2 py-1 text-[14px] bg-[#f2f2f2]\">D\u00f2ng h\u00e0ng:\u00a0Trang s\u1ee9c B\u1ea1c<\/div>\n<\/div>\n<div class=\"\">\n<div class=\"px-2 py-1 text-[14px]\">Tr\u1ecdng l\u01b0\u1ee3ng tham kh\u1ea3o:\u00a016.29951 ph\u00e2n<\/div>\n<\/div>\n<div class=\"\">\n<div class=\"px-2 py-1 text-[14px] bg-[#f2f2f2]\">H\u00e0m l\u01b0\u1ee3ng ch\u1ea5t li\u1ec7u:\u00a09250<\/div>\n<\/div>\n<div class=\"\">\n<div class=\"px-2 py-1 text-[14px]\">Lo\u1ea1i \u0111\u00e1 ch\u00ednh:\u00a0Kh\u00f4ng g\u1eafn \u0111\u00e1<\/div>\n<\/div>\n<div class=\"\">\n<div class=\"px-2 py-1 text-[14px] bg-[#f2f2f2]\">Lo\u1ea1i \u0111\u00e1 ph\u1ee5:\u00a0Kh\u00f4ng g\u1eafn \u0111\u00e1<\/div>\n<\/div>\n<div class=\"\">\n<div class=\"px-2 py-1 text-[14px]\">Gi\u1edbi t\u00ednh: Nam<\/div>\n<div><\/div>\n<\/div>\n<div class=\"\">\n<div class=\"px-2 py-1 text-[14px]\"><strong>\u0110i\u1ec3m n\u1ed5i b\u1eadt<\/strong><\/div>\n<div>\n<p>Thi\u1ebft k\u1ebf m\u1ea1nh m\u1ebd, nam t\u00ednh<\/p>\n<p>Ki\u1ec3u m\u1eaft x\u00edch sang tr\u1ecdng<\/p>\n<p>D\u1ec5 ph\u1ed1i v\u1edbi \u0111\u1ed3ng h\u1ed3 v\u00e0 nh\u1eabn b\u1ea1c nam<\/p>\n<p>Ph\u00f9 h\u1ee3p \u0111i l\u00e0m, \u0111i ch\u01a1i, g\u1eb7p \u0111\u1ed1i t\u00e1c<\/p>\n<p><strong>V\u00ec sao n\u00ean ch\u1ecdn l\u1eafc tay nam b\u1ea1c MANCODE?<\/strong><\/p>\n<p>T\u1ea1o \u0111i\u1ec3m nh\u1ea5n nam t\u00ednh<\/p>\n<p>Mang v\u1ebb ngo\u00e0i l\u1ecbch l\u00e3m<\/p>\n<p>Ph\u00f9 h\u1ee3p nhi\u1ec1u \u0111\u1ed9 tu\u1ed5i<\/p>\n<p>L\u00e0m qu\u00e0 t\u1eb7ng cho b\u1ea1n trai, ch\u1ed3ng r\u1ea5t h\u1ee3p<\/p>\n<p><strong>C\u00e1ch b\u1ea3o qu\u1ea3n<\/strong><\/p>\n<p>Tr\u00e1nh h\u00f3a ch\u1ea5t m\u1ea1nh<\/p>\n<p>Lau b\u1eb1ng kh\u0103n m\u1ec1m sau khi \u0111eo<\/p>\n<p>Kh\u00f4ng \u0111\u1ec3 chung v\u1edbi v\u1eadt c\u1ee9ng kh\u00e1c<\/p>\n<p>C\u1ea5t trong h\u1ed9p ri\u00eang<\/p>\n<p>Tham kh\u1ea3o th\u00eam https:\/\/www.wikihow.com\/Clean-Sterling-Silver<\/p>\n<\/div>\n<\/div>\n","protected":false},"excerpt":{"rendered":"<p>D\u00e0nh cho nh\u1eefng ai y\u00eau th\u00edch s\u1ef1 ph\u00e1 c\u00e1ch, m\u1eabu l\u1eafc tay d\u1ea1ng ki\u1ec1ng ho\u1eb7c x\u00edch to b\u1ea3n mang \u0111\u1ebfn v\u1ebb ngo\u00e0i \u0111\u1ea7y quy\u1ec1n l\u1ef1c v\u00e0 th\u1eddi th\u01b0\u1ee3ng. \u0110\u00e2y kh\u00f4ng ch\u1ec9 l\u00e0 trang s\u1ee9c, m\u00e0 c\u00f2n l\u00e0 tuy\u00ean ng\u00f4n v\u1ec1 gu th\u1ea9m m\u1ef9 hi\u1ec7n \u0111\u1ea1i, gi\u00fap set \u0111\u1ed3 c\u1ee7a b\u1ea1n tr\u1edf n\u00ean \u1ea5n t\u01b0\u1ee3ng v\u00e0 c\u00f3 chi\u1ec1u s\u00e2u h\u01a1n.<\/p>\n","protected":false},"featured_media":767,"comment_status":"open","ping_status":"closed","template":"","meta":[],"product_brand":[],"product_cat":[41],"product_tag":[],"class_list":{"0":"post-766","1":"product","2":"type-product","3":"status-publish","4":"has-post-thumbnail","6":"product_cat-lac-tay","8":"first","9":"instock","10":"shipping-taxable","11":"purchasable","12":"product-type-variable"},"yoast_head":"<!-- This site is optimized with the Yoast SEO plugin v26.8 - https:\/\/yoast.com\/product\/yoast-seo-wordpress\/ -->\n<title>L\u1eafc tay nam B\u1ea1c MANCODE - PN CHIC<\/title>\n<meta name=\"description\" content=\"L\u1eafc tay nam b\u1ea1c MANCODE mang phong c\u00e1ch m\u1ea1nh m\u1ebd, l\u1ecbch l\u00e3m v\u00e0 l\u00e0 \u0111i\u1ec3m nh\u1ea5n ho\u00e0n h\u1ea3o cho outfit nam hi\u1ec7n \u0111\u1ea1i.\" \/>\n<meta name=\"robots\" content=\"index, follow, max-snippet:-1, max-image-preview:large, max-video-preview:-1\" \/>\n<link rel=\"canonical\" href=\"https:\/\/nhunhu.azdigi.shop\/?product=lac-tay-nam-bac-mancode\" \/>\n<meta property=\"og:locale\" content=\"vi_VN\" \/>\n<meta property=\"og:type\" content=\"article\" \/>\n<meta property=\"og:title\" content=\"L\u1eafc tay nam B\u1ea1c MANCODE - PN CHIC\" \/>\n<meta property=\"og:description\" content=\"L\u1eafc tay nam b\u1ea1c MANCODE mang phong c\u00e1ch m\u1ea1nh m\u1ebd, l\u1ecbch l\u00e3m v\u00e0 l\u00e0 \u0111i\u1ec3m nh\u1ea5n ho\u00e0n h\u1ea3o cho outfit nam hi\u1ec7n \u0111\u1ea1i.\" \/>\n<meta property=\"og:url\" content=\"https:\/\/nhunhu.azdigi.shop\/?product=lac-tay-nam-bac-mancode\" \/>\n<meta property=\"og:site_name\" content=\"PN CHIC\" \/>\n<meta property=\"article:modified_time\" content=\"2026-04-12T03:19:26+00:00\" \/>\n<meta property=\"og:image\" content=\"https:\/\/nhunhu.azdigi.shop\/wp-content\/uploads\/2026\/03\/ltn.png\" \/>\n\t<meta property=\"og:image:width\" content=\"2000\" \/>\n\t<meta property=\"og:image:height\" content=\"2000\" \/>\n\t<meta property=\"og:image:type\" content=\"image\/png\" \/>\n<meta name=\"twitter:card\" content=\"summary_large_image\" \/>\n<meta name=\"twitter:label1\" content=\"\u01af\u1edbc t\u00ednh th\u1eddi gian \u0111\u1ecdc\" \/>\n\t<meta name=\"twitter:data1\" content=\"2 ph\u00fat\" \/>\n<script type=\"application\/ld+json\" class=\"yoast-schema-graph\">{\"@context\":\"https:\/\/schema.org\",\"@graph\":[{\"@type\":\"WebPage\",\"@id\":\"https:\/\/nhunhu.azdigi.shop\/?product=lac-tay-nam-bac-mancode\",\"url\":\"https:\/\/nhunhu.azdigi.shop\/?product=lac-tay-nam-bac-mancode\",\"name\":\"L\u1eafc tay nam B\u1ea1c MANCODE - PN CHIC\",\"isPartOf\":{\"@id\":\"https:\/\/nhunhu.azdigi.shop\/#website\"},\"primaryImageOfPage\":{\"@id\":\"https:\/\/nhunhu.azdigi.shop\/?product=lac-tay-nam-bac-mancode#primaryimage\"},\"image\":{\"@id\":\"https:\/\/nhunhu.azdigi.shop\/?product=lac-tay-nam-bac-mancode#primaryimage\"},\"thumbnailUrl\":\"https:\/\/nhunhu.azdigi.shop\/wp-content\/uploads\/2026\/03\/ltn.png\",\"datePublished\":\"2026-03-27T17:22:15+00:00\",\"dateModified\":\"2026-04-12T03:19:26+00:00\",\"description\":\"L\u1eafc tay nam b\u1ea1c MANCODE mang phong c\u00e1ch m\u1ea1nh m\u1ebd, l\u1ecbch l\u00e3m v\u00e0 l\u00e0 \u0111i\u1ec3m nh\u1ea5n ho\u00e0n h\u1ea3o cho outfit nam hi\u1ec7n \u0111\u1ea1i.\",\"breadcrumb\":{\"@id\":\"https:\/\/nhunhu.azdigi.shop\/?product=lac-tay-nam-bac-mancode#breadcrumb\"},\"inLanguage\":\"vi\",\"potentialAction\":[{\"@type\":\"ReadAction\",\"target\":[\"https:\/\/nhunhu.azdigi.shop\/?product=lac-tay-nam-bac-mancode\"]}]},{\"@type\":\"ImageObject\",\"inLanguage\":\"vi\",\"@id\":\"https:\/\/nhunhu.azdigi.shop\/?product=lac-tay-nam-bac-mancode#primaryimage\",\"url\":\"https:\/\/nhunhu.azdigi.shop\/wp-content\/uploads\/2026\/03\/ltn.png\",\"contentUrl\":\"https:\/\/nhunhu.azdigi.shop\/wp-content\/uploads\/2026\/03\/ltn.png\",\"width\":2000,\"height\":2000},{\"@type\":\"BreadcrumbList\",\"@id\":\"https:\/\/nhunhu.azdigi.shop\/?product=lac-tay-nam-bac-mancode#breadcrumb\",\"itemListElement\":[{\"@type\":\"ListItem\",\"position\":1,\"name\":\"Trang ch\u1ee7\",\"item\":\"https:\/\/nhunhu.azdigi.shop\/\"},{\"@type\":\"ListItem\",\"position\":2,\"name\":\"Shop\",\"item\":\"https:\/\/nhunhu.azdigi.shop\/?page_id=85\"},{\"@type\":\"ListItem\",\"position\":3,\"name\":\"L\u1eafc tay nam B\u1ea1c MANCODE\"}]},{\"@type\":\"WebSite\",\"@id\":\"https:\/\/nhunhu.azdigi.shop\/#website\",\"url\":\"https:\/\/nhunhu.azdigi.shop\/\",\"name\":\"Ph\u1ee5 Ki\u1ec7n Nh\u1ecf - C\u00e1 T\u00ednh L\u1edbn\",\"description\":\"\",\"potentialAction\":[{\"@type\":\"SearchAction\",\"target\":{\"@type\":\"EntryPoint\",\"urlTemplate\":\"https:\/\/nhunhu.azdigi.shop\/?s={search_term_string}\"},\"query-input\":{\"@type\":\"PropertyValueSpecification\",\"valueRequired\":true,\"valueName\":\"search_term_string\"}}],\"inLanguage\":\"vi\"}]}<\/script>\n<!-- \/ Yoast SEO plugin. -->","yoast_head_json":{"title":"L\u1eafc tay nam B\u1ea1c MANCODE - PN CHIC","description":"L\u1eafc tay nam b\u1ea1c MANCODE mang phong c\u00e1ch m\u1ea1nh m\u1ebd, l\u1ecbch l\u00e3m v\u00e0 l\u00e0 \u0111i\u1ec3m nh\u1ea5n ho\u00e0n h\u1ea3o cho outfit nam hi\u1ec7n \u0111\u1ea1i.","robots":{"index":"index","follow":"follow","max-snippet":"max-snippet:-1","max-image-preview":"max-image-preview:large","max-video-preview":"max-video-preview:-1"},"canonical":"https:\/\/nhunhu.azdigi.shop\/?product=lac-tay-nam-bac-mancode","og_locale":"vi_VN","og_type":"article","og_title":"L\u1eafc tay nam B\u1ea1c MANCODE - PN CHIC","og_description":"L\u1eafc tay nam b\u1ea1c MANCODE mang phong c\u00e1ch m\u1ea1nh m\u1ebd, l\u1ecbch l\u00e3m v\u00e0 l\u00e0 \u0111i\u1ec3m nh\u1ea5n ho\u00e0n h\u1ea3o cho outfit nam hi\u1ec7n \u0111\u1ea1i.","og_url":"https:\/\/nhunhu.azdigi.shop\/?product=lac-tay-nam-bac-mancode","og_site_name":"PN CHIC","article_modified_time":"2026-04-12T03:19:26+00:00","og_image":[{"width":2000,"height":2000,"url":"https:\/\/nhunhu.azdigi.shop\/wp-content\/uploads\/2026\/03\/ltn.png","type":"image\/png"}],"twitter_card":"summary_large_image","twitter_misc":{"\u01af\u1edbc t\u00ednh th\u1eddi gian \u0111\u1ecdc":"2 ph\u00fat"},"schema":{"@context":"https:\/\/schema.org","@graph":[{"@type":"WebPage","@id":"https:\/\/nhunhu.azdigi.shop\/?product=lac-tay-nam-bac-mancode","url":"https:\/\/nhunhu.azdigi.shop\/?product=lac-tay-nam-bac-mancode","name":"L\u1eafc tay nam B\u1ea1c MANCODE - PN CHIC","isPartOf":{"@id":"https:\/\/nhunhu.azdigi.shop\/#website"},"primaryImageOfPage":{"@id":"https:\/\/nhunhu.azdigi.shop\/?product=lac-tay-nam-bac-mancode#primaryimage"},"image":{"@id":"https:\/\/nhunhu.azdigi.shop\/?product=lac-tay-nam-bac-mancode#primaryimage"},"thumbnailUrl":"https:\/\/nhunhu.azdigi.shop\/wp-content\/uploads\/2026\/03\/ltn.png","datePublished":"2026-03-27T17:22:15+00:00","dateModified":"2026-04-12T03:19:26+00:00","description":"L\u1eafc tay nam b\u1ea1c MANCODE mang phong c\u00e1ch m\u1ea1nh m\u1ebd, l\u1ecbch l\u00e3m v\u00e0 l\u00e0 \u0111i\u1ec3m nh\u1ea5n ho\u00e0n h\u1ea3o cho outfit nam hi\u1ec7n \u0111\u1ea1i.","breadcrumb":{"@id":"https:\/\/nhunhu.azdigi.shop\/?product=lac-tay-nam-bac-mancode#breadcrumb"},"inLanguage":"vi","potentialAction":[{"@type":"ReadAction","target":["https:\/\/nhunhu.azdigi.shop\/?product=lac-tay-nam-bac-mancode"]}]},{"@type":"ImageObject","inLanguage":"vi","@id":"https:\/\/nhunhu.azdigi.shop\/?product=lac-tay-nam-bac-mancode#primaryimage","url":"https:\/\/nhunhu.azdigi.shop\/wp-content\/uploads\/2026\/03\/ltn.png","contentUrl":"https:\/\/nhunhu.azdigi.shop\/wp-content\/uploads\/2026\/03\/ltn.png","width":2000,"height":2000},{"@type":"BreadcrumbList","@id":"https:\/\/nhunhu.azdigi.shop\/?product=lac-tay-nam-bac-mancode#breadcrumb","itemListElement":[{"@type":"ListItem","position":1,"name":"Trang ch\u1ee7","item":"https:\/\/nhunhu.azdigi.shop\/"},{"@type":"ListItem","position":2,"name":"Shop","item":"https:\/\/nhunhu.azdigi.shop\/?page_id=85"},{"@type":"ListItem","position":3,"name":"L\u1eafc tay nam B\u1ea1c MANCODE"}]},{"@type":"WebSite","@id":"https:\/\/nhunhu.azdigi.shop\/#website","url":"https:\/\/nhunhu.azdigi.shop\/","name":"Ph\u1ee5 Ki\u1ec7n Nh\u1ecf - C\u00e1 T\u00ednh L\u1edbn","description":"","potentialAction":[{"@type":"SearchAction","target":{"@type":"EntryPoint","urlTemplate":"https:\/\/nhunhu.azdigi.shop\/?s={search_term_string}"},"query-input":{"@type":"PropertyValueSpecification","valueRequired":true,"valueName":"search_term_string"}}],"inLanguage":"vi"}]}},"_links":{"self":[{"href":"https:\/\/nhunhu.azdigi.shop\/index.php?rest_route=\/wp\/v2\/product\/766","targetHints":{"allow":["GET"]}}],"collection":[{"href":"https:\/\/nhunhu.azdigi.shop\/index.php?rest_route=\/wp\/v2\/product"}],"about":[{"href":"https:\/\/nhunhu.azdigi.shop\/index.php?rest_route=\/wp\/v2\/types\/product"}],"replies":[{"embeddable":true,"href":"https:\/\/nhunhu.azdigi.shop\/index.php?rest_route=%2Fwp%2Fv2%2Fcomments&post=766"}],"wp:featuredmedia":[{"embeddable":true,"href":"https:\/\/nhunhu.azdigi.shop\/index.php?rest_route=\/wp\/v2\/media\/767"}],"wp:attachment":[{"href":"https:\/\/nhunhu.azdigi.shop\/index.php?rest_route=%2Fwp%2Fv2%2Fmedia&parent=766"}],"wp:term":[{"taxonomy":"product_brand","embeddable":true,"href":"https:\/\/nhunhu.azdigi.shop\/index.php?rest_route=%2Fwp%2Fv2%2Fproduct_brand&post=766"},{"taxonomy":"product_cat","embeddable":true,"href":"https:\/\/nhunhu.azdigi.shop\/index.php?rest_route=%2Fwp%2Fv2%2Fproduct_cat&post=766"},{"taxonomy":"product_tag","embeddable":true,"href":"https:\/\/nhunhu.azdigi.shop\/index.php?rest_route=%2Fwp%2Fv2%2Fproduct_tag&post=766"}],"curies":[{"name":"wp","href":"https:\/\/api.w.org\/{rel}","templated":true}]}}