{"id":762,"date":"2026-03-27T17:19:23","date_gmt":"2026-03-27T17:19:23","guid":{"rendered":"https:\/\/nhunhu.azdigi.shop\/?post_type=product&#038;p=762"},"modified":"2026-04-12T03:21:14","modified_gmt":"2026-04-12T03:21:14","slug":"lac-tay-bac-disney","status":"publish","type":"product","link":"https:\/\/nhunhu.azdigi.shop\/?product=lac-tay-bac-disney","title":{"rendered":"L\u1eafc tay B\u1ea1c Disney"},"content":{"rendered":"<div class=\"\">\n<div><img loading=\"lazy\" decoding=\"async\" class=\" wp-image-763 alignright\" src=\"https:\/\/nhunhu.azdigi.shop\/wp-content\/uploads\/2026\/03\/ltb1-300x300.png\" alt=\"\" width=\"264\" height=\"264\" srcset=\"https:\/\/nhunhu.azdigi.shop\/wp-content\/uploads\/2026\/03\/ltb1-300x300.png 300w, https:\/\/nhunhu.azdigi.shop\/wp-content\/uploads\/2026\/03\/ltb1-1024x1024.png 1024w, https:\/\/nhunhu.azdigi.shop\/wp-content\/uploads\/2026\/03\/ltb1-150x150.png 150w, https:\/\/nhunhu.azdigi.shop\/wp-content\/uploads\/2026\/03\/ltb1-768x768.png 768w, https:\/\/nhunhu.azdigi.shop\/wp-content\/uploads\/2026\/03\/ltb1-1536x1536.png 1536w, https:\/\/nhunhu.azdigi.shop\/wp-content\/uploads\/2026\/03\/ltb1-600x600.png 600w, https:\/\/nhunhu.azdigi.shop\/wp-content\/uploads\/2026\/03\/ltb1-100x100.png 100w, https:\/\/nhunhu.azdigi.shop\/wp-content\/uploads\/2026\/03\/ltb1.png 2000w\" sizes=\"auto, (max-width: 264px) 100vw, 264px\" \/><\/div>\n<div>\n<p data-start=\"508\" data-end=\"839\">L\u1eafc tay b\u1ea1c Disney l\u00e0 m\u00f3n trang s\u1ee9c \u0111\u01b0\u1ee3c nhi\u1ec1u b\u1ea1n tr\u1ebb y\u00eau th\u00edch nh\u1edd thi\u1ebft k\u1ebf \u0111\u00e1ng y\u00eau, l\u1ea5y c\u1ea3m h\u1ee9ng t\u1eeb nh\u1eefng nh\u00e2n v\u1eadt v\u00e0 bi\u1ec3u t\u01b0\u1ee3ng n\u1ed5i ti\u1ebfng trong th\u1ebf gi\u1edbi Disney. V\u1edbi ch\u1ea5t li\u1ec7u b\u1ea1c s\u00e1ng k\u1ebft h\u1ee3p charm xinh x\u1eafn nh\u01b0 Mickey, Minnie, l\u00e2u \u0111\u00e0i ho\u1eb7c ng\u00f4i sao.<\/p>\n<p data-start=\"841\" data-end=\"1088\">Kh\u00f4ng ch\u1ec9 l\u00e0 m\u00f3n ph\u1ee5 ki\u1ec7n th\u1eddi trang, <strong data-start=\"879\" data-end=\"901\">l\u1eafc tay b\u1ea1c Disney<\/strong> c\u00f2n g\u1ee3i nh\u1edb \u0111\u1ebfn nh\u1eefng c\u00e2u chuy\u1ec7n c\u1ed5 t\u00edch, tu\u1ed5i th\u01a1 v\u00e0 c\u1ea3m gi\u00e1c m\u01a1 m\u1ed9ng \u0111\u1ea7y c\u1ea3m h\u1ee9ng. \u0110\u00e2y l\u00e0 l\u1ef1a ch\u1ecdn r\u1ea5t ph\u00f9 h\u1ee3p cho nh\u1eefng ai y\u00eau th\u00edch phong c\u00e1ch ng\u1ecdt ng\u00e0o, d\u1ec5 th\u01b0\u01a1ng nh\u01b0ng v\u1eabn tinh t\u1ebf.<\/p>\n<\/div>\n<div><strong>Gi\u1edbi thi\u1ec7u<\/strong><\/div>\n<div class=\"px-2 py-1 text-[14px] bg-[#f2f2f2]\">D\u00f2ng h\u00e0ng:\u00a0Trang s\u1ee9c B\u1ea1c<\/div>\n<\/div>\n<div class=\"\">\n<div class=\"px-2 py-1 text-[14px]\">Tr\u1ecdng l\u01b0\u1ee3ng tham kh\u1ea3o:\u00a07.23606 ph\u00e2n<\/div>\n<\/div>\n<div class=\"\">\n<div class=\"px-2 py-1 text-[14px] bg-[#f2f2f2]\">Lo\u1ea1i \u0111\u00e1 ch\u00ednh:\u00a0Kh\u00f4ng g\u1eafn \u0111\u00e1<\/div>\n<\/div>\n<div class=\"\">\n<div class=\"px-2 py-1 text-[14px]\">Lo\u1ea1i \u0111\u00e1 ph\u1ee5: Kh\u00f4ng g\u1eafn \u0111\u00e1<\/div>\n<div><\/div>\n<\/div>\n<div class=\"\">\n<div class=\"px-2 py-1 text-[14px]\"><strong>\u0110i\u1ec3m n\u1ed5i b\u1eadt<\/strong><\/div>\n<div>\n<p data-start=\"1138\" data-end=\"1191\">Nhi\u1ec1u kh\u00e1ch h\u00e0ng y\u00eau th\u00edch v\u00ec:<\/p>\n<p>Thi\u1ebft k\u1ebf charm d\u1ec5 th\u01b0\u01a1ng<\/p>\n<p>Phong c\u00e1ch tr\u1ebb trung, n\u1eef t\u00ednh<\/p>\n<p>D\u1ec5 ph\u1ed1i v\u1edbi d\u00e2y chuy\u1ec1n v\u00e0 nh\u1eabn b\u1ea1c<\/p>\n<p>Ph\u00f9 h\u1ee3p l\u00e0m qu\u00e0 t\u1eb7ng sinh nh\u1eadt<\/p>\n<p><strong>V\u00ec sao n\u00ean ch\u1ecdn l\u1eafc tay b\u1ea1c Disney?<\/strong><\/p>\n<p data-start=\"1752\" data-end=\"1786\">M\u1eabu l\u1eafc tay n\u00e0y \u0111\u01b0\u1ee3c y\u00eau th\u00edch v\u00ec:<\/p>\n<p>Mang v\u1ebb \u0111\u1eb9p d\u1ec5 th\u01b0\u01a1ng, kh\u00f4ng l\u1ed7i th\u1eddi<\/p>\n<p>D\u1ec5 ph\u1ed1i v\u1edbi outfit \u0111i h\u1ecdc, \u0111i ch\u01a1i<\/p>\n<p>Ph\u00f9 h\u1ee3p nhi\u1ec1u \u0111\u1ed9 tu\u1ed5i<\/p>\n<p>L\u00e0 m\u00f3n qu\u00e0 \u00fd ngh\u0129a cho ng\u01b0\u1eddi y\u00eau Disney<\/p>\n<p><strong>C\u00e1ch b\u1ea3o qu\u1ea3n<\/strong><\/p>\n<p>Tr\u00e1nh h\u00f3a ch\u1ea5t m\u1ea1nh<\/p>\n<p>Lau b\u1eb1ng kh\u0103n m\u1ec1m<\/p>\n<p>Kh\u00f4ng \u0111eo khi t\u1eafm<\/p>\n<p>C\u1ea5t trong h\u1ed9p ri\u00eang<\/p>\n<p>Tham kh\u1ea3o th\u00eam t\u1ea1i https:\/\/www.wikihow.com\/Clean-Sterling-Silver<\/p>\n<\/div>\n<\/div>\n","protected":false},"excerpt":{"rendered":"<p>L\u1eafc tay th\u01b0\u1eddng \u0111\u01b0\u1ee3c ch\u1ecdn l\u00e0m qu\u00e0 t\u1eb7ng v\u1edbi \u00fd ngh\u0129a mong mu\u1ed1n ng\u01b0\u1eddi nh\u1eadn lu\u00f4n \u0111\u01b0\u1ee3c b\u00ecnh an v\u00e0 g\u1eb7p nhi\u1ec1u may m\u1eafn. M\u1ed9t chi\u1ebfc l\u1eafc tay b\u1ea1c tinh kh\u00f4i hay v\u00e0ng h\u1ed3ng \u1ea5m \u00e1p s\u1ebd l\u00e0 l\u1eddi nh\u1eafc nh\u1edf v\u1ec1 s\u1ef1 hi\u1ec7n di\u1ec7n v\u00e0 quan t\u00e2m c\u1ee7a b\u1ea1n d\u00e0nh cho ng\u01b0\u1eddi ph\u1ee5 n\u1eef quan tr\u1ecdng nh\u1ea5t \u0111\u1eddi m\u00ecnh.<\/p>\n","protected":false},"featured_media":763,"comment_status":"open","ping_status":"closed","template":"","meta":[],"product_brand":[],"product_cat":[41],"product_tag":[],"class_list":{"0":"post-762","1":"product","2":"type-product","3":"status-publish","4":"has-post-thumbnail","6":"product_cat-lac-tay","8":"first","9":"instock","10":"sale","11":"shipping-taxable","12":"purchasable","13":"product-type-variable"},"yoast_head":"<!-- This site is optimized with the Yoast SEO plugin v26.8 - https:\/\/yoast.com\/product\/yoast-seo-wordpress\/ -->\n<title>L\u1eafc tay B\u1ea1c Disney - PN CHIC<\/title>\n<meta name=\"description\" content=\"L\u1eafc tay b\u1ea1c Disney mang v\u1ebb \u0111\u1eb9p d\u1ec5 th\u01b0\u01a1ng, tr\u1ebb trung v\u00e0 l\u00e0 m\u00f3n qu\u00e0 \u00fd ngh\u0129a cho nh\u1eefng ai y\u00eau th\u00edch th\u1ebf gi\u1edbi c\u1ed5 t\u00edch.\" \/>\n<meta name=\"robots\" content=\"index, follow, max-snippet:-1, max-image-preview:large, max-video-preview:-1\" \/>\n<link rel=\"canonical\" href=\"https:\/\/nhunhu.azdigi.shop\/?product=lac-tay-bac-disney\" \/>\n<meta property=\"og:locale\" content=\"vi_VN\" \/>\n<meta property=\"og:type\" content=\"article\" \/>\n<meta property=\"og:title\" content=\"L\u1eafc tay B\u1ea1c Disney - PN CHIC\" \/>\n<meta property=\"og:description\" content=\"L\u1eafc tay b\u1ea1c Disney mang v\u1ebb \u0111\u1eb9p d\u1ec5 th\u01b0\u01a1ng, tr\u1ebb trung v\u00e0 l\u00e0 m\u00f3n qu\u00e0 \u00fd ngh\u0129a cho nh\u1eefng ai y\u00eau th\u00edch th\u1ebf gi\u1edbi c\u1ed5 t\u00edch.\" \/>\n<meta property=\"og:url\" content=\"https:\/\/nhunhu.azdigi.shop\/?product=lac-tay-bac-disney\" \/>\n<meta property=\"og:site_name\" content=\"PN CHIC\" \/>\n<meta property=\"article:modified_time\" content=\"2026-04-12T03:21:14+00:00\" \/>\n<meta property=\"og:image\" content=\"https:\/\/nhunhu.azdigi.shop\/wp-content\/uploads\/2026\/03\/ltb1.png\" \/>\n\t<meta property=\"og:image:width\" content=\"2000\" \/>\n\t<meta property=\"og:image:height\" content=\"2000\" \/>\n\t<meta property=\"og:image:type\" content=\"image\/png\" \/>\n<meta name=\"twitter:card\" content=\"summary_large_image\" \/>\n<meta name=\"twitter:label1\" content=\"\u01af\u1edbc t\u00ednh th\u1eddi gian \u0111\u1ecdc\" \/>\n\t<meta name=\"twitter:data1\" content=\"2 ph\u00fat\" \/>\n<script type=\"application\/ld+json\" class=\"yoast-schema-graph\">{\"@context\":\"https:\/\/schema.org\",\"@graph\":[{\"@type\":\"WebPage\",\"@id\":\"https:\/\/nhunhu.azdigi.shop\/?product=lac-tay-bac-disney\",\"url\":\"https:\/\/nhunhu.azdigi.shop\/?product=lac-tay-bac-disney\",\"name\":\"L\u1eafc tay B\u1ea1c Disney - PN CHIC\",\"isPartOf\":{\"@id\":\"https:\/\/nhunhu.azdigi.shop\/#website\"},\"primaryImageOfPage\":{\"@id\":\"https:\/\/nhunhu.azdigi.shop\/?product=lac-tay-bac-disney#primaryimage\"},\"image\":{\"@id\":\"https:\/\/nhunhu.azdigi.shop\/?product=lac-tay-bac-disney#primaryimage\"},\"thumbnailUrl\":\"https:\/\/nhunhu.azdigi.shop\/wp-content\/uploads\/2026\/03\/ltb1.png\",\"datePublished\":\"2026-03-27T17:19:23+00:00\",\"dateModified\":\"2026-04-12T03:21:14+00:00\",\"description\":\"L\u1eafc tay b\u1ea1c Disney mang v\u1ebb \u0111\u1eb9p d\u1ec5 th\u01b0\u01a1ng, tr\u1ebb trung v\u00e0 l\u00e0 m\u00f3n qu\u00e0 \u00fd ngh\u0129a cho nh\u1eefng ai y\u00eau th\u00edch th\u1ebf gi\u1edbi c\u1ed5 t\u00edch.\",\"breadcrumb\":{\"@id\":\"https:\/\/nhunhu.azdigi.shop\/?product=lac-tay-bac-disney#breadcrumb\"},\"inLanguage\":\"vi\",\"potentialAction\":[{\"@type\":\"ReadAction\",\"target\":[\"https:\/\/nhunhu.azdigi.shop\/?product=lac-tay-bac-disney\"]}]},{\"@type\":\"ImageObject\",\"inLanguage\":\"vi\",\"@id\":\"https:\/\/nhunhu.azdigi.shop\/?product=lac-tay-bac-disney#primaryimage\",\"url\":\"https:\/\/nhunhu.azdigi.shop\/wp-content\/uploads\/2026\/03\/ltb1.png\",\"contentUrl\":\"https:\/\/nhunhu.azdigi.shop\/wp-content\/uploads\/2026\/03\/ltb1.png\",\"width\":2000,\"height\":2000},{\"@type\":\"BreadcrumbList\",\"@id\":\"https:\/\/nhunhu.azdigi.shop\/?product=lac-tay-bac-disney#breadcrumb\",\"itemListElement\":[{\"@type\":\"ListItem\",\"position\":1,\"name\":\"Trang ch\u1ee7\",\"item\":\"https:\/\/nhunhu.azdigi.shop\/\"},{\"@type\":\"ListItem\",\"position\":2,\"name\":\"Shop\",\"item\":\"https:\/\/nhunhu.azdigi.shop\/?page_id=85\"},{\"@type\":\"ListItem\",\"position\":3,\"name\":\"L\u1eafc tay B\u1ea1c Disney\"}]},{\"@type\":\"WebSite\",\"@id\":\"https:\/\/nhunhu.azdigi.shop\/#website\",\"url\":\"https:\/\/nhunhu.azdigi.shop\/\",\"name\":\"Ph\u1ee5 Ki\u1ec7n Nh\u1ecf - C\u00e1 T\u00ednh L\u1edbn\",\"description\":\"\",\"potentialAction\":[{\"@type\":\"SearchAction\",\"target\":{\"@type\":\"EntryPoint\",\"urlTemplate\":\"https:\/\/nhunhu.azdigi.shop\/?s={search_term_string}\"},\"query-input\":{\"@type\":\"PropertyValueSpecification\",\"valueRequired\":true,\"valueName\":\"search_term_string\"}}],\"inLanguage\":\"vi\"}]}<\/script>\n<!-- \/ Yoast SEO plugin. -->","yoast_head_json":{"title":"L\u1eafc tay B\u1ea1c Disney - PN CHIC","description":"L\u1eafc tay b\u1ea1c Disney mang v\u1ebb \u0111\u1eb9p d\u1ec5 th\u01b0\u01a1ng, tr\u1ebb trung v\u00e0 l\u00e0 m\u00f3n qu\u00e0 \u00fd ngh\u0129a cho nh\u1eefng ai y\u00eau th\u00edch th\u1ebf gi\u1edbi c\u1ed5 t\u00edch.","robots":{"index":"index","follow":"follow","max-snippet":"max-snippet:-1","max-image-preview":"max-image-preview:large","max-video-preview":"max-video-preview:-1"},"canonical":"https:\/\/nhunhu.azdigi.shop\/?product=lac-tay-bac-disney","og_locale":"vi_VN","og_type":"article","og_title":"L\u1eafc tay B\u1ea1c Disney - PN CHIC","og_description":"L\u1eafc tay b\u1ea1c Disney mang v\u1ebb \u0111\u1eb9p d\u1ec5 th\u01b0\u01a1ng, tr\u1ebb trung v\u00e0 l\u00e0 m\u00f3n qu\u00e0 \u00fd ngh\u0129a cho nh\u1eefng ai y\u00eau th\u00edch th\u1ebf gi\u1edbi c\u1ed5 t\u00edch.","og_url":"https:\/\/nhunhu.azdigi.shop\/?product=lac-tay-bac-disney","og_site_name":"PN CHIC","article_modified_time":"2026-04-12T03:21:14+00:00","og_image":[{"width":2000,"height":2000,"url":"https:\/\/nhunhu.azdigi.shop\/wp-content\/uploads\/2026\/03\/ltb1.png","type":"image\/png"}],"twitter_card":"summary_large_image","twitter_misc":{"\u01af\u1edbc t\u00ednh th\u1eddi gian \u0111\u1ecdc":"2 ph\u00fat"},"schema":{"@context":"https:\/\/schema.org","@graph":[{"@type":"WebPage","@id":"https:\/\/nhunhu.azdigi.shop\/?product=lac-tay-bac-disney","url":"https:\/\/nhunhu.azdigi.shop\/?product=lac-tay-bac-disney","name":"L\u1eafc tay B\u1ea1c Disney - PN CHIC","isPartOf":{"@id":"https:\/\/nhunhu.azdigi.shop\/#website"},"primaryImageOfPage":{"@id":"https:\/\/nhunhu.azdigi.shop\/?product=lac-tay-bac-disney#primaryimage"},"image":{"@id":"https:\/\/nhunhu.azdigi.shop\/?product=lac-tay-bac-disney#primaryimage"},"thumbnailUrl":"https:\/\/nhunhu.azdigi.shop\/wp-content\/uploads\/2026\/03\/ltb1.png","datePublished":"2026-03-27T17:19:23+00:00","dateModified":"2026-04-12T03:21:14+00:00","description":"L\u1eafc tay b\u1ea1c Disney mang v\u1ebb \u0111\u1eb9p d\u1ec5 th\u01b0\u01a1ng, tr\u1ebb trung v\u00e0 l\u00e0 m\u00f3n qu\u00e0 \u00fd ngh\u0129a cho nh\u1eefng ai y\u00eau th\u00edch th\u1ebf gi\u1edbi c\u1ed5 t\u00edch.","breadcrumb":{"@id":"https:\/\/nhunhu.azdigi.shop\/?product=lac-tay-bac-disney#breadcrumb"},"inLanguage":"vi","potentialAction":[{"@type":"ReadAction","target":["https:\/\/nhunhu.azdigi.shop\/?product=lac-tay-bac-disney"]}]},{"@type":"ImageObject","inLanguage":"vi","@id":"https:\/\/nhunhu.azdigi.shop\/?product=lac-tay-bac-disney#primaryimage","url":"https:\/\/nhunhu.azdigi.shop\/wp-content\/uploads\/2026\/03\/ltb1.png","contentUrl":"https:\/\/nhunhu.azdigi.shop\/wp-content\/uploads\/2026\/03\/ltb1.png","width":2000,"height":2000},{"@type":"BreadcrumbList","@id":"https:\/\/nhunhu.azdigi.shop\/?product=lac-tay-bac-disney#breadcrumb","itemListElement":[{"@type":"ListItem","position":1,"name":"Trang ch\u1ee7","item":"https:\/\/nhunhu.azdigi.shop\/"},{"@type":"ListItem","position":2,"name":"Shop","item":"https:\/\/nhunhu.azdigi.shop\/?page_id=85"},{"@type":"ListItem","position":3,"name":"L\u1eafc tay B\u1ea1c Disney"}]},{"@type":"WebSite","@id":"https:\/\/nhunhu.azdigi.shop\/#website","url":"https:\/\/nhunhu.azdigi.shop\/","name":"Ph\u1ee5 Ki\u1ec7n Nh\u1ecf - C\u00e1 T\u00ednh L\u1edbn","description":"","potentialAction":[{"@type":"SearchAction","target":{"@type":"EntryPoint","urlTemplate":"https:\/\/nhunhu.azdigi.shop\/?s={search_term_string}"},"query-input":{"@type":"PropertyValueSpecification","valueRequired":true,"valueName":"search_term_string"}}],"inLanguage":"vi"}]}},"_links":{"self":[{"href":"https:\/\/nhunhu.azdigi.shop\/index.php?rest_route=\/wp\/v2\/product\/762","targetHints":{"allow":["GET"]}}],"collection":[{"href":"https:\/\/nhunhu.azdigi.shop\/index.php?rest_route=\/wp\/v2\/product"}],"about":[{"href":"https:\/\/nhunhu.azdigi.shop\/index.php?rest_route=\/wp\/v2\/types\/product"}],"replies":[{"embeddable":true,"href":"https:\/\/nhunhu.azdigi.shop\/index.php?rest_route=%2Fwp%2Fv2%2Fcomments&post=762"}],"wp:featuredmedia":[{"embeddable":true,"href":"https:\/\/nhunhu.azdigi.shop\/index.php?rest_route=\/wp\/v2\/media\/763"}],"wp:attachment":[{"href":"https:\/\/nhunhu.azdigi.shop\/index.php?rest_route=%2Fwp%2Fv2%2Fmedia&parent=762"}],"wp:term":[{"taxonomy":"product_brand","embeddable":true,"href":"https:\/\/nhunhu.azdigi.shop\/index.php?rest_route=%2Fwp%2Fv2%2Fproduct_brand&post=762"},{"taxonomy":"product_cat","embeddable":true,"href":"https:\/\/nhunhu.azdigi.shop\/index.php?rest_route=%2Fwp%2Fv2%2Fproduct_cat&post=762"},{"taxonomy":"product_tag","embeddable":true,"href":"https:\/\/nhunhu.azdigi.shop\/index.php?rest_route=%2Fwp%2Fv2%2Fproduct_tag&post=762"}],"curies":[{"name":"wp","href":"https:\/\/api.w.org\/{rel}","templated":true}]}}