{"id":757,"date":"2026-03-27T17:16:24","date_gmt":"2026-03-27T17:16:24","guid":{"rendered":"https:\/\/nhunhu.azdigi.shop\/?post_type=product&#038;p=757"},"modified":"2026-04-12T03:23:16","modified_gmt":"2026-04-12T03:23:16","slug":"lac-tay-bac-dinh-da-ngoi-sao","status":"publish","type":"product","link":"https:\/\/nhunhu.azdigi.shop\/?product=lac-tay-bac-dinh-da-ngoi-sao","title":{"rendered":"L\u1eafc tay B\u1ea1c \u0111\u00ednh \u0111\u00e1 ng\u00f4i sao"},"content":{"rendered":"<div class=\"\">\n<div>\n<p data-start=\"512\" data-end=\"811\">L\u1eafc tay b\u1ea1c \u0111\u00ednh \u0111\u00e1 ng\u00f4i sao l\u00e0 m\u00f3n trang s\u1ee9c \u0111\u01b0\u1ee3c nhi\u1ec1u b\u1ea1n n\u1eef y\u00eau th\u00edch nh\u1edd thi\u1ebft k\u1ebf nh\u1eb9 nh\u00e0ng, tinh t\u1ebf v\u00e0 mang v\u1ebb \u0111\u1eb9p l\u1ea5p l\u00e1nh n\u1ed5i b\u1eadt. H\u00ecnh \u1ea3nh ng\u00f4i sao t\u01b0\u1ee3ng tr\u01b0ng cho hy v\u1ecdng, \u01b0\u1edbc m\u01a1 v\u00e0 nh\u1eefng \u0111i\u1ec1u t\u1ed1t \u0111\u1eb9p.<img loading=\"lazy\" decoding=\"async\" class=\" wp-image-758 alignright\" src=\"https:\/\/nhunhu.azdigi.shop\/wp-content\/uploads\/2026\/03\/ltb-300x300.png\" alt=\"\" width=\"218\" height=\"218\" srcset=\"https:\/\/nhunhu.azdigi.shop\/wp-content\/uploads\/2026\/03\/ltb-300x300.png 300w, https:\/\/nhunhu.azdigi.shop\/wp-content\/uploads\/2026\/03\/ltb-1024x1024.png 1024w, https:\/\/nhunhu.azdigi.shop\/wp-content\/uploads\/2026\/03\/ltb-150x150.png 150w, https:\/\/nhunhu.azdigi.shop\/wp-content\/uploads\/2026\/03\/ltb-768x768.png 768w, https:\/\/nhunhu.azdigi.shop\/wp-content\/uploads\/2026\/03\/ltb-1536x1536.png 1536w, https:\/\/nhunhu.azdigi.shop\/wp-content\/uploads\/2026\/03\/ltb-600x600.png 600w, https:\/\/nhunhu.azdigi.shop\/wp-content\/uploads\/2026\/03\/ltb-100x100.png 100w, https:\/\/nhunhu.azdigi.shop\/wp-content\/uploads\/2026\/03\/ltb.png 2000w\" sizes=\"auto, (max-width: 218px) 100vw, 218px\" \/><\/p>\n<p data-start=\"813\" data-end=\"1060\">V\u1edbi ch\u1ea5t li\u1ec7u b\u1ea1c s\u00e1ng k\u1ebft h\u1ee3p vi\u00ean \u0111\u00e1 nh\u1ecf l\u1ea5p l\u00e1nh, m\u1eabu <strong data-start=\"870\" data-end=\"902\">l\u1eafc tay b\u1ea1c \u0111\u00ednh \u0111\u00e1 ng\u00f4i sao<\/strong> gi\u00fap c\u1ed5 tay tr\u1edf n\u00ean thanh tho\u00e1t v\u00e0 n\u1ed5i b\u1eadt h\u01a1n trong m\u1ecdi outfit. D\u00f9 \u0111i h\u1ecdc, \u0111i l\u00e0m hay \u0111i ch\u01a1i, \u0111\u00e2y v\u1eabn l\u00e0 m\u00f3n ph\u1ee5 ki\u1ec7n d\u1ec5 ph\u1ed1i v\u00e0 lu\u00f4n t\u1ea1o c\u1ea3m gi\u00e1c n\u1eef t\u00ednh.<\/p>\n<\/div>\n<div><strong>Gi\u1edbi thi\u1ec7u<\/strong><\/div>\n<div class=\"px-2 py-1 text-[14px] bg-[#f2f2f2]\">D\u00f2ng h\u00e0ng:\u00a0Trang s\u1ee9c B\u1ea1c<\/div>\n<\/div>\n<div class=\"\">\n<div class=\"px-2 py-1 text-[14px]\">Tr\u1ecdng l\u01b0\u1ee3ng tham kh\u1ea3o:\u00a05.641 ph\u00e2n<\/div>\n<\/div>\n<div class=\"\">\n<div class=\"px-2 py-1 text-[14px] bg-[#f2f2f2]\">H\u00e0m l\u01b0\u1ee3ng ch\u1ea5t li\u1ec7u:\u00a09250<\/div>\n<\/div>\n<div class=\"\">\n<div class=\"px-2 py-1 text-[14px]\">Lo\u1ea1i \u0111\u00e1 ch\u00ednh:\u00a0Xoa\u0300n my\u0303<\/div>\n<\/div>\n<div class=\"\">\n<div class=\"px-2 py-1 text-[14px] bg-[#f2f2f2]\">Lo\u1ea1i \u0111\u00e1 ph\u1ee5:\u00a0Kh\u00f4ng g\u1eafn \u0111\u00e1<\/div>\n<\/div>\n<div class=\"\">\n<div class=\"px-2 py-1 text-[14px]\">Gi\u1edbi t\u00ednh: N\u1eef<\/div>\n<\/div>\n<div class=\"\">\n<div class=\"px-2 py-1 text-[14px]\"><strong>\u00dd ngh\u0129a<\/strong><\/div>\n<div>\n<p data-start=\"1115\" data-end=\"1173\">Nhi\u1ec1u ng\u01b0\u1eddi l\u1ef1a ch\u1ecdn b\u1edfi:<\/p>\n<p>T\u01b0\u1ee3ng tr\u01b0ng cho hy v\u1ecdng v\u00e0 may m\u1eafn<\/p>\n<p>Mang v\u1ebb \u0111\u1eb9p nh\u1eb9 nh\u00e0ng, tinh t\u1ebf<\/p>\n<p>L\u00e0 m\u00f3n qu\u00e0 \u00fd ngh\u0129a cho b\u1ea1n g\u00e1i<\/p>\n<p>Th\u1ec3 hi\u1ec7n phong c\u00e1ch n\u1eef t\u00ednh<\/p>\n<p><strong>C\u00e1ch b\u1ea3o qu\u1ea3n<\/strong><\/p>\n<p data-start=\"2023\" data-end=\"2044\">\u0110\u1ec3 l\u1eafc lu\u00f4n s\u00e1ng \u0111\u1eb9p:<\/p>\n<p>Tr\u00e1nh h\u00f3a ch\u1ea5t m\u1ea1nh<\/p>\n<p>Lau b\u1eb1ng kh\u0103n m\u1ec1m sau khi \u0111eo<\/p>\n<p>Kh\u00f4ng \u0111eo khi t\u1eafm<\/p>\n<p>C\u1ea5t trong h\u1ed9p ri\u00eang<\/p>\n<p>Tham kh\u1ea3o https:\/\/www.wikihow.com\/Clean-Sterling-Silver<\/p>\n<\/div>\n<\/div>\n","protected":false},"excerpt":{"rendered":"<p>L\u1eafc tay th\u01b0\u1eddng \u0111\u01b0\u1ee3c ch\u1ecdn l\u00e0m qu\u00e0 t\u1eb7ng v\u1edbi \u00fd ngh\u0129a mong mu\u1ed1n ng\u01b0\u1eddi nh\u1eadn lu\u00f4n \u0111\u01b0\u1ee3c b\u00ecnh an v\u00e0 g\u1eb7p nhi\u1ec1u may m\u1eafn. M\u1ed9t chi\u1ebfc l\u1eafc tay b\u1ea1c tinh kh\u00f4i hay v\u00e0ng h\u1ed3ng \u1ea5m \u00e1p s\u1ebd l\u00e0 l\u1eddi nh\u1eafc nh\u1edf v\u1ec1 s\u1ef1 hi\u1ec7n di\u1ec7n v\u00e0 quan t\u00e2m c\u1ee7a b\u1ea1n d\u00e0nh cho ng\u01b0\u1eddi ph\u1ee5 n\u1eef quan tr\u1ecdng nh\u1ea5t \u0111\u1eddi m\u00ecnh.<\/p>\n","protected":false},"featured_media":758,"comment_status":"open","ping_status":"closed","template":"","meta":[],"product_brand":[],"product_cat":[41],"product_tag":[],"class_list":{"0":"post-757","1":"product","2":"type-product","3":"status-publish","4":"has-post-thumbnail","6":"product_cat-lac-tay","8":"first","9":"instock","10":"sale","11":"shipping-taxable","12":"purchasable","13":"product-type-variable"},"yoast_head":"<!-- This site is optimized with the Yoast SEO plugin v26.8 - https:\/\/yoast.com\/product\/yoast-seo-wordpress\/ -->\n<title>L\u1eafc tay B\u1ea1c \u0111\u00ednh \u0111\u00e1 ng\u00f4i sao - PN CHIC<\/title>\n<meta name=\"description\" content=\"L\u1eafc tay b\u1ea1c \u0111\u00ednh \u0111\u00e1 ng\u00f4i sao mang v\u1ebb \u0111\u1eb9p l\u1ea5p l\u00e1nh, n\u1eef t\u00ednh v\u00e0 l\u00e0 m\u00f3n qu\u00e0 tinh t\u1ebf cho nh\u1eefng d\u1ecbp \u0111\u1eb7c bi\u1ec7t.\" \/>\n<meta name=\"robots\" content=\"index, follow, max-snippet:-1, max-image-preview:large, max-video-preview:-1\" \/>\n<link rel=\"canonical\" href=\"https:\/\/nhunhu.azdigi.shop\/?product=lac-tay-bac-dinh-da-ngoi-sao\" \/>\n<meta property=\"og:locale\" content=\"vi_VN\" \/>\n<meta property=\"og:type\" content=\"article\" \/>\n<meta property=\"og:title\" content=\"L\u1eafc tay B\u1ea1c \u0111\u00ednh \u0111\u00e1 ng\u00f4i sao - PN CHIC\" \/>\n<meta property=\"og:description\" content=\"L\u1eafc tay b\u1ea1c \u0111\u00ednh \u0111\u00e1 ng\u00f4i sao mang v\u1ebb \u0111\u1eb9p l\u1ea5p l\u00e1nh, n\u1eef t\u00ednh v\u00e0 l\u00e0 m\u00f3n qu\u00e0 tinh t\u1ebf cho nh\u1eefng d\u1ecbp \u0111\u1eb7c bi\u1ec7t.\" \/>\n<meta property=\"og:url\" content=\"https:\/\/nhunhu.azdigi.shop\/?product=lac-tay-bac-dinh-da-ngoi-sao\" \/>\n<meta property=\"og:site_name\" content=\"PN CHIC\" \/>\n<meta property=\"article:modified_time\" content=\"2026-04-12T03:23:16+00:00\" \/>\n<meta property=\"og:image\" content=\"https:\/\/nhunhu.azdigi.shop\/wp-content\/uploads\/2026\/03\/ltb.png\" \/>\n\t<meta property=\"og:image:width\" content=\"2000\" \/>\n\t<meta property=\"og:image:height\" content=\"2000\" \/>\n\t<meta property=\"og:image:type\" content=\"image\/png\" \/>\n<meta name=\"twitter:card\" content=\"summary_large_image\" \/>\n<meta name=\"twitter:label1\" content=\"\u01af\u1edbc t\u00ednh th\u1eddi gian \u0111\u1ecdc\" \/>\n\t<meta name=\"twitter:data1\" content=\"2 ph\u00fat\" \/>\n<script type=\"application\/ld+json\" class=\"yoast-schema-graph\">{\"@context\":\"https:\/\/schema.org\",\"@graph\":[{\"@type\":\"WebPage\",\"@id\":\"https:\/\/nhunhu.azdigi.shop\/?product=lac-tay-bac-dinh-da-ngoi-sao\",\"url\":\"https:\/\/nhunhu.azdigi.shop\/?product=lac-tay-bac-dinh-da-ngoi-sao\",\"name\":\"L\u1eafc tay B\u1ea1c \u0111\u00ednh \u0111\u00e1 ng\u00f4i sao - PN CHIC\",\"isPartOf\":{\"@id\":\"https:\/\/nhunhu.azdigi.shop\/#website\"},\"primaryImageOfPage\":{\"@id\":\"https:\/\/nhunhu.azdigi.shop\/?product=lac-tay-bac-dinh-da-ngoi-sao#primaryimage\"},\"image\":{\"@id\":\"https:\/\/nhunhu.azdigi.shop\/?product=lac-tay-bac-dinh-da-ngoi-sao#primaryimage\"},\"thumbnailUrl\":\"https:\/\/nhunhu.azdigi.shop\/wp-content\/uploads\/2026\/03\/ltb.png\",\"datePublished\":\"2026-03-27T17:16:24+00:00\",\"dateModified\":\"2026-04-12T03:23:16+00:00\",\"description\":\"L\u1eafc tay b\u1ea1c \u0111\u00ednh \u0111\u00e1 ng\u00f4i sao mang v\u1ebb \u0111\u1eb9p l\u1ea5p l\u00e1nh, n\u1eef t\u00ednh v\u00e0 l\u00e0 m\u00f3n qu\u00e0 tinh t\u1ebf cho nh\u1eefng d\u1ecbp \u0111\u1eb7c bi\u1ec7t.\",\"breadcrumb\":{\"@id\":\"https:\/\/nhunhu.azdigi.shop\/?product=lac-tay-bac-dinh-da-ngoi-sao#breadcrumb\"},\"inLanguage\":\"vi\",\"potentialAction\":[{\"@type\":\"ReadAction\",\"target\":[\"https:\/\/nhunhu.azdigi.shop\/?product=lac-tay-bac-dinh-da-ngoi-sao\"]}]},{\"@type\":\"ImageObject\",\"inLanguage\":\"vi\",\"@id\":\"https:\/\/nhunhu.azdigi.shop\/?product=lac-tay-bac-dinh-da-ngoi-sao#primaryimage\",\"url\":\"https:\/\/nhunhu.azdigi.shop\/wp-content\/uploads\/2026\/03\/ltb.png\",\"contentUrl\":\"https:\/\/nhunhu.azdigi.shop\/wp-content\/uploads\/2026\/03\/ltb.png\",\"width\":2000,\"height\":2000},{\"@type\":\"BreadcrumbList\",\"@id\":\"https:\/\/nhunhu.azdigi.shop\/?product=lac-tay-bac-dinh-da-ngoi-sao#breadcrumb\",\"itemListElement\":[{\"@type\":\"ListItem\",\"position\":1,\"name\":\"Trang ch\u1ee7\",\"item\":\"https:\/\/nhunhu.azdigi.shop\/\"},{\"@type\":\"ListItem\",\"position\":2,\"name\":\"Shop\",\"item\":\"https:\/\/nhunhu.azdigi.shop\/?page_id=85\"},{\"@type\":\"ListItem\",\"position\":3,\"name\":\"L\u1eafc tay B\u1ea1c \u0111\u00ednh \u0111\u00e1 ng\u00f4i sao\"}]},{\"@type\":\"WebSite\",\"@id\":\"https:\/\/nhunhu.azdigi.shop\/#website\",\"url\":\"https:\/\/nhunhu.azdigi.shop\/\",\"name\":\"Ph\u1ee5 Ki\u1ec7n Nh\u1ecf - C\u00e1 T\u00ednh L\u1edbn\",\"description\":\"\",\"potentialAction\":[{\"@type\":\"SearchAction\",\"target\":{\"@type\":\"EntryPoint\",\"urlTemplate\":\"https:\/\/nhunhu.azdigi.shop\/?s={search_term_string}\"},\"query-input\":{\"@type\":\"PropertyValueSpecification\",\"valueRequired\":true,\"valueName\":\"search_term_string\"}}],\"inLanguage\":\"vi\"}]}<\/script>\n<!-- \/ Yoast SEO plugin. -->","yoast_head_json":{"title":"L\u1eafc tay B\u1ea1c \u0111\u00ednh \u0111\u00e1 ng\u00f4i sao - PN CHIC","description":"L\u1eafc tay b\u1ea1c \u0111\u00ednh \u0111\u00e1 ng\u00f4i sao mang v\u1ebb \u0111\u1eb9p l\u1ea5p l\u00e1nh, n\u1eef t\u00ednh v\u00e0 l\u00e0 m\u00f3n qu\u00e0 tinh t\u1ebf cho nh\u1eefng d\u1ecbp \u0111\u1eb7c bi\u1ec7t.","robots":{"index":"index","follow":"follow","max-snippet":"max-snippet:-1","max-image-preview":"max-image-preview:large","max-video-preview":"max-video-preview:-1"},"canonical":"https:\/\/nhunhu.azdigi.shop\/?product=lac-tay-bac-dinh-da-ngoi-sao","og_locale":"vi_VN","og_type":"article","og_title":"L\u1eafc tay B\u1ea1c \u0111\u00ednh \u0111\u00e1 ng\u00f4i sao - PN CHIC","og_description":"L\u1eafc tay b\u1ea1c \u0111\u00ednh \u0111\u00e1 ng\u00f4i sao mang v\u1ebb \u0111\u1eb9p l\u1ea5p l\u00e1nh, n\u1eef t\u00ednh v\u00e0 l\u00e0 m\u00f3n qu\u00e0 tinh t\u1ebf cho nh\u1eefng d\u1ecbp \u0111\u1eb7c bi\u1ec7t.","og_url":"https:\/\/nhunhu.azdigi.shop\/?product=lac-tay-bac-dinh-da-ngoi-sao","og_site_name":"PN CHIC","article_modified_time":"2026-04-12T03:23:16+00:00","og_image":[{"width":2000,"height":2000,"url":"https:\/\/nhunhu.azdigi.shop\/wp-content\/uploads\/2026\/03\/ltb.png","type":"image\/png"}],"twitter_card":"summary_large_image","twitter_misc":{"\u01af\u1edbc t\u00ednh th\u1eddi gian \u0111\u1ecdc":"2 ph\u00fat"},"schema":{"@context":"https:\/\/schema.org","@graph":[{"@type":"WebPage","@id":"https:\/\/nhunhu.azdigi.shop\/?product=lac-tay-bac-dinh-da-ngoi-sao","url":"https:\/\/nhunhu.azdigi.shop\/?product=lac-tay-bac-dinh-da-ngoi-sao","name":"L\u1eafc tay B\u1ea1c \u0111\u00ednh \u0111\u00e1 ng\u00f4i sao - PN CHIC","isPartOf":{"@id":"https:\/\/nhunhu.azdigi.shop\/#website"},"primaryImageOfPage":{"@id":"https:\/\/nhunhu.azdigi.shop\/?product=lac-tay-bac-dinh-da-ngoi-sao#primaryimage"},"image":{"@id":"https:\/\/nhunhu.azdigi.shop\/?product=lac-tay-bac-dinh-da-ngoi-sao#primaryimage"},"thumbnailUrl":"https:\/\/nhunhu.azdigi.shop\/wp-content\/uploads\/2026\/03\/ltb.png","datePublished":"2026-03-27T17:16:24+00:00","dateModified":"2026-04-12T03:23:16+00:00","description":"L\u1eafc tay b\u1ea1c \u0111\u00ednh \u0111\u00e1 ng\u00f4i sao mang v\u1ebb \u0111\u1eb9p l\u1ea5p l\u00e1nh, n\u1eef t\u00ednh v\u00e0 l\u00e0 m\u00f3n qu\u00e0 tinh t\u1ebf cho nh\u1eefng d\u1ecbp \u0111\u1eb7c bi\u1ec7t.","breadcrumb":{"@id":"https:\/\/nhunhu.azdigi.shop\/?product=lac-tay-bac-dinh-da-ngoi-sao#breadcrumb"},"inLanguage":"vi","potentialAction":[{"@type":"ReadAction","target":["https:\/\/nhunhu.azdigi.shop\/?product=lac-tay-bac-dinh-da-ngoi-sao"]}]},{"@type":"ImageObject","inLanguage":"vi","@id":"https:\/\/nhunhu.azdigi.shop\/?product=lac-tay-bac-dinh-da-ngoi-sao#primaryimage","url":"https:\/\/nhunhu.azdigi.shop\/wp-content\/uploads\/2026\/03\/ltb.png","contentUrl":"https:\/\/nhunhu.azdigi.shop\/wp-content\/uploads\/2026\/03\/ltb.png","width":2000,"height":2000},{"@type":"BreadcrumbList","@id":"https:\/\/nhunhu.azdigi.shop\/?product=lac-tay-bac-dinh-da-ngoi-sao#breadcrumb","itemListElement":[{"@type":"ListItem","position":1,"name":"Trang ch\u1ee7","item":"https:\/\/nhunhu.azdigi.shop\/"},{"@type":"ListItem","position":2,"name":"Shop","item":"https:\/\/nhunhu.azdigi.shop\/?page_id=85"},{"@type":"ListItem","position":3,"name":"L\u1eafc tay B\u1ea1c \u0111\u00ednh \u0111\u00e1 ng\u00f4i sao"}]},{"@type":"WebSite","@id":"https:\/\/nhunhu.azdigi.shop\/#website","url":"https:\/\/nhunhu.azdigi.shop\/","name":"Ph\u1ee5 Ki\u1ec7n Nh\u1ecf - C\u00e1 T\u00ednh L\u1edbn","description":"","potentialAction":[{"@type":"SearchAction","target":{"@type":"EntryPoint","urlTemplate":"https:\/\/nhunhu.azdigi.shop\/?s={search_term_string}"},"query-input":{"@type":"PropertyValueSpecification","valueRequired":true,"valueName":"search_term_string"}}],"inLanguage":"vi"}]}},"_links":{"self":[{"href":"https:\/\/nhunhu.azdigi.shop\/index.php?rest_route=\/wp\/v2\/product\/757","targetHints":{"allow":["GET"]}}],"collection":[{"href":"https:\/\/nhunhu.azdigi.shop\/index.php?rest_route=\/wp\/v2\/product"}],"about":[{"href":"https:\/\/nhunhu.azdigi.shop\/index.php?rest_route=\/wp\/v2\/types\/product"}],"replies":[{"embeddable":true,"href":"https:\/\/nhunhu.azdigi.shop\/index.php?rest_route=%2Fwp%2Fv2%2Fcomments&post=757"}],"wp:featuredmedia":[{"embeddable":true,"href":"https:\/\/nhunhu.azdigi.shop\/index.php?rest_route=\/wp\/v2\/media\/758"}],"wp:attachment":[{"href":"https:\/\/nhunhu.azdigi.shop\/index.php?rest_route=%2Fwp%2Fv2%2Fmedia&parent=757"}],"wp:term":[{"taxonomy":"product_brand","embeddable":true,"href":"https:\/\/nhunhu.azdigi.shop\/index.php?rest_route=%2Fwp%2Fv2%2Fproduct_brand&post=757"},{"taxonomy":"product_cat","embeddable":true,"href":"https:\/\/nhunhu.azdigi.shop\/index.php?rest_route=%2Fwp%2Fv2%2Fproduct_cat&post=757"},{"taxonomy":"product_tag","embeddable":true,"href":"https:\/\/nhunhu.azdigi.shop\/index.php?rest_route=%2Fwp%2Fv2%2Fproduct_tag&post=757"}],"curies":[{"name":"wp","href":"https:\/\/api.w.org\/{rel}","templated":true}]}}