{"id":733,"date":"2026-03-27T16:59:07","date_gmt":"2026-03-27T16:59:07","guid":{"rendered":"https:\/\/nhunhu.azdigi.shop\/?post_type=product&#038;p=733"},"modified":"2026-04-12T03:32:34","modified_gmt":"2026-04-12T03:32:34","slug":"nhan-vang-trang-dinh-da","status":"publish","type":"product","link":"https:\/\/nhunhu.azdigi.shop\/?product=nhan-vang-trang-dinh-da","title":{"rendered":"Nh\u1eabn V\u00e0ng tr\u1eafng \u0111\u00ednh \u0111\u00e1"},"content":{"rendered":"<div class=\"\">\n<div>\n<p data-start=\"559\" data-end=\"873\">Nh\u1eabn v\u00e0ng tr\u1eafng \u0111\u00ednh \u0111\u00e1 l\u00e0 m\u00f3n trang s\u1ee9c \u0111\u01b0\u1ee3c y\u00eau th\u00edch nh\u1edd v\u1ebb \u0111\u1eb9p thanh l\u1ecbch, hi\u1ec7n \u0111\u1ea1i v\u00e0 kh\u1ea3 n\u0103ng t\u00f4n da tay r\u1ea5t t\u1ed1t. S\u1ef1 k\u1ebft h\u1ee3p gi\u1eefa s\u1eafc tr\u1eafng sang tr\u1ecdng c\u1ee7a v\u00e0ng tr\u1eafng c\u00f9ng \u00e1nh \u0111\u00e1 l\u1ea5p l\u00e1nh gi\u00fap <strong data-start=\"757\" data-end=\"784\">nh\u1eabn v\u00e0ng tr\u1eafng<\/strong>\u00a0tr\u1edf th\u00e0nh l\u1ef1a ch\u1ecdn ho\u00e0n h\u1ea3o cho nh\u1eefng ai y\u00eau th\u00edch phong c\u00e1ch tinh t\u1ebf nh\u01b0ng v\u1eabn n\u1ed5i b\u1eadt.<\/p>\n<p data-start=\"875\" data-end=\"1160\">Kh\u00f4ng ch\u1ec9 ph\u00f9 h\u1ee3p \u0111\u1ec3 \u0111eo h\u1eb1ng ng\u00e0y\u00a0c\u00f2n l\u00e0 m\u00f3n qu\u00e0 \u00fd ngh\u0129a trong c\u00e1c d\u1ecbp \u0111\u1eb7c bi\u1ec7t nh\u01b0 sinh nh\u1eadt, k\u1ef7 ni\u1ec7m, l\u1ec5 t\u00ecnh nh\u00e2n ho\u1eb7c c\u1ea7u h\u00f4n. Thi\u1ebft k\u1ebf \u0111a d\u1ea1ng t\u1eeb nh\u1eabn tr\u01a1n \u0111\u00ednh 1 vi\u00ean \u0111\u00e1 trung t\u00e2m \u0111\u1ebfn ki\u1ec3u halo nhi\u1ec1u \u0111\u00e1 gi\u00fap ng\u01b0\u1eddi \u0111eo d\u1ec5 d\u00e0ng l\u1ef1a ch\u1ecdn theo s\u1edf th\u00edch.<\/p>\n<\/div>\n<div class=\"px-2 py-1 text-[14px] bg-[#f2f2f2]\"><strong>Gi\u1edbi thi\u1ec7u<\/strong><\/div>\n<\/div>\n<div class=\"\">\n<div class=\"px-2 py-1 text-[14px]\">Tr\u1ecdng l\u01b0\u1ee3ng tham kh\u1ea3o:\u00a04.67997 ph\u00e2n<\/div>\n<\/div>\n<div class=\"\">\n<div class=\"px-2 py-1 text-[14px] bg-[#f2f2f2]\">H\u00e0m l\u01b0\u1ee3ng ch\u1ea5t li\u1ec7u: 4160<\/div>\n<\/div>\n<div class=\"\">\n<div class=\"px-2 py-1 text-[14px] bg-[#f2f2f2]\">M\u00e0u \u0111\u00e1 ch\u00ednh:\u00a0Tr\u1eafng<\/div>\n<\/div>\n<div class=\"\">\n<div class=\"px-2 py-1 text-[14px]\">Cut (Gi\u00e1c c\u1eaft\/ H\u00ecnh d\u1ea1ng kim c\u01b0\u01a1ng):\u00a0Facet<\/div>\n<\/div>\n<div class=\"\">\n<div class=\"px-2 py-1 text-[14px] bg-[#f2f2f2]\">H\u00ecnh d\u1ea1ng \u0111\u00e1: Tr\u00f2n<\/div>\n<\/div>\n<div class=\"\">\n<div class=\"px-2 py-1 text-[14px] bg-[#f2f2f2]\">M\u00e0u \u0111\u00e1 ph\u1ee5:\u00a0Tr\u1eafng<\/div>\n<\/div>\n<div class=\"\">\n<div class=\"px-2 py-1 text-[14px]\">S\u1ed1 vi\u00ean \u0111\u00e1 ch\u00ednh:\u00a01 vi\u00ean<\/div>\n<\/div>\n<div class=\"\">\n<div class=\"px-2 py-1 text-[14px] bg-[#f2f2f2]\">S\u1ed1 vi\u00ean \u0111\u00e1 ph\u1ee5:\u00a016 vi\u00ean<\/div>\n<\/div>\n<div class=\"\">\n<div class=\"px-2 py-1 text-[14px]\">Gi\u1edbi t\u00ednh:\u00a0N\u1eef<\/div>\n<div>\n<h3 data-section-id=\"m7rql0\" data-start=\"1167\" data-end=\"1214\">\u0110i\u1ec3m n\u1ed5i b\u1eadt c\u1ee7a nh\u1eabn v\u00e0ng tr\u1eafng \u0111\u00ednh \u0111\u00e1<\/h3>\n<p>T\u00f4n da tay s\u00e1ng \u0111\u1eb9p<\/p>\n<p>\u00c1nh \u0111\u00e1 l\u1ea5p l\u00e1nh sang tr\u1ecdng<\/p>\n<p>D\u1ec5 ph\u1ed1i v\u1edbi d\u00e2y chuy\u1ec1n v\u00e0 l\u1eafc tay<\/p>\n<p>Ph\u00f9 h\u1ee3p nhi\u1ec1u \u0111\u1ed9 tu\u1ed5i<\/p>\n<h3 data-section-id=\"t4k6k2\" data-start=\"2035\" data-end=\"2055\">C\u00e1ch b\u1ea3o qu\u1ea3n<\/h3>\n<p>Tr\u00e1nh h\u00f3a ch\u1ea5t m\u1ea1nh<\/p>\n<p>Lau b\u1eb1ng kh\u0103n m\u1ec1m<\/p>\n<p>Kh\u00f4ng \u0111\u1ec3 va ch\u1ea1m m\u1ea1nh v\u00e0o \u0111\u00e1<\/p>\n<p>C\u1ea5t trong h\u1ed9p nhung ri\u00eang<\/p>\n<\/div>\n<\/div>\n","protected":false},"excerpt":{"rendered":"<p>Chi\u1ebfc nh\u1eabn kh\u00f4ng ch\u1ec9 l\u00e0 m\u00f3n ph\u1ee5 ki\u1ec7n, m\u00e0 l\u00e0 tuy\u00ean ng\u00f4n v\u1ec1 phong c\u00e1ch v\u00e0 c\u00e1 t\u00ednh \u0111\u1ed9c b\u1ea3n. T\u1eeb nh\u1eefng \u0111\u01b0\u1eddng n\u00e9t ch\u1ea1m kh\u1eafc th\u1ee7 c\u00f4ng tinh x\u1ea3o \u0111\u1ebfn ch\u1ea5t li\u1ec7u kim lo\u1ea1i s\u00e1ng b\u00f3ng, m\u1ed7i thi\u1ebft k\u1ebf \u0111\u1ec1u \u0111\u01b0\u1ee3c t\u1ea1o ra \u0111\u1ec3 t\u00f4n vinh v\u1ebb \u0111\u1eb9p c\u1ee7a s\u1ef1 t\u1ef1 tin. D\u00f9 l\u00e0 m\u1ed9t chi\u1ebfc nh\u1eabn tr\u01a1n t\u1ed1i gi\u1ea3n hay \u0111\u00ednh \u0111\u00e1 c\u1ea7u k\u1ef3, \u0111\u00f4i tay b\u1ea1n s\u1ebd lu\u00f4n l\u00e0 n\u01a1i kh\u1edfi \u0111\u1ea7u c\u1ee7a nh\u1eefng c\u00e2u chuy\u1ec7n \u0111\u1ea7y c\u1ea3m h\u1ee9ng v\u00e0 s\u1ef1 thu h\u00fat kh\u00f3 c\u01b0\u1ee1ng.<\/p>\n","protected":false},"featured_media":734,"comment_status":"open","ping_status":"closed","template":"","meta":[],"product_brand":[],"product_cat":[38],"product_tag":[],"class_list":{"0":"post-733","1":"product","2":"type-product","3":"status-publish","4":"has-post-thumbnail","6":"product_cat-nhan-bac","8":"first","9":"instock","10":"shipping-taxable","11":"purchasable","12":"product-type-variable"},"yoast_head":"<!-- This site is optimized with the Yoast SEO plugin v26.8 - https:\/\/yoast.com\/product\/yoast-seo-wordpress\/ -->\n<title>Nh\u1eabn V\u00e0ng tr\u1eafng \u0111\u00ednh \u0111\u00e1 - PN CHIC<\/title>\n<meta name=\"robots\" content=\"index, follow, max-snippet:-1, max-image-preview:large, max-video-preview:-1\" \/>\n<link rel=\"canonical\" href=\"https:\/\/nhunhu.azdigi.shop\/?product=nhan-vang-trang-dinh-da\" \/>\n<meta property=\"og:locale\" content=\"vi_VN\" \/>\n<meta property=\"og:type\" content=\"article\" \/>\n<meta property=\"og:title\" content=\"Nh\u1eabn V\u00e0ng tr\u1eafng \u0111\u00ednh \u0111\u00e1 - PN CHIC\" \/>\n<meta property=\"og:description\" content=\"Chi\u1ebfc nh\u1eabn kh\u00f4ng ch\u1ec9 l\u00e0 m\u00f3n ph\u1ee5 ki\u1ec7n, m\u00e0 l\u00e0 tuy\u00ean ng\u00f4n v\u1ec1 phong c\u00e1ch v\u00e0 c\u00e1 t\u00ednh \u0111\u1ed9c b\u1ea3n. T\u1eeb nh\u1eefng \u0111\u01b0\u1eddng n\u00e9t ch\u1ea1m kh\u1eafc th\u1ee7 c\u00f4ng tinh x\u1ea3o \u0111\u1ebfn ch\u1ea5t li\u1ec7u kim lo\u1ea1i s\u00e1ng b\u00f3ng, m\u1ed7i thi\u1ebft k\u1ebf \u0111\u1ec1u \u0111\u01b0\u1ee3c t\u1ea1o ra \u0111\u1ec3 t\u00f4n vinh v\u1ebb \u0111\u1eb9p c\u1ee7a s\u1ef1 t\u1ef1 tin. D\u00f9 l\u00e0 m\u1ed9t chi\u1ebfc nh\u1eabn tr\u01a1n t\u1ed1i gi\u1ea3n hay \u0111\u00ednh \u0111\u00e1 c\u1ea7u k\u1ef3, \u0111\u00f4i tay b\u1ea1n s\u1ebd lu\u00f4n l\u00e0 n\u01a1i kh\u1edfi \u0111\u1ea7u c\u1ee7a nh\u1eefng c\u00e2u chuy\u1ec7n \u0111\u1ea7y c\u1ea3m h\u1ee9ng v\u00e0 s\u1ef1 thu h\u00fat kh\u00f3 c\u01b0\u1ee1ng.\" \/>\n<meta property=\"og:url\" content=\"https:\/\/nhunhu.azdigi.shop\/?product=nhan-vang-trang-dinh-da\" \/>\n<meta property=\"og:site_name\" content=\"PN CHIC\" \/>\n<meta property=\"article:modified_time\" content=\"2026-04-12T03:32:34+00:00\" \/>\n<meta property=\"og:image\" content=\"https:\/\/nhunhu.azdigi.shop\/wp-content\/uploads\/2026\/03\/nvt.png\" \/>\n\t<meta property=\"og:image:width\" content=\"2000\" \/>\n\t<meta property=\"og:image:height\" content=\"2000\" \/>\n\t<meta property=\"og:image:type\" content=\"image\/png\" \/>\n<meta name=\"twitter:card\" content=\"summary_large_image\" \/>\n<meta name=\"twitter:label1\" content=\"\u01af\u1edbc t\u00ednh th\u1eddi gian \u0111\u1ecdc\" \/>\n\t<meta name=\"twitter:data1\" content=\"2 ph\u00fat\" \/>\n<script type=\"application\/ld+json\" class=\"yoast-schema-graph\">{\"@context\":\"https:\/\/schema.org\",\"@graph\":[{\"@type\":\"WebPage\",\"@id\":\"https:\/\/nhunhu.azdigi.shop\/?product=nhan-vang-trang-dinh-da\",\"url\":\"https:\/\/nhunhu.azdigi.shop\/?product=nhan-vang-trang-dinh-da\",\"name\":\"Nh\u1eabn V\u00e0ng tr\u1eafng \u0111\u00ednh \u0111\u00e1 - PN CHIC\",\"isPartOf\":{\"@id\":\"https:\/\/nhunhu.azdigi.shop\/#website\"},\"primaryImageOfPage\":{\"@id\":\"https:\/\/nhunhu.azdigi.shop\/?product=nhan-vang-trang-dinh-da#primaryimage\"},\"image\":{\"@id\":\"https:\/\/nhunhu.azdigi.shop\/?product=nhan-vang-trang-dinh-da#primaryimage\"},\"thumbnailUrl\":\"https:\/\/nhunhu.azdigi.shop\/wp-content\/uploads\/2026\/03\/nvt.png\",\"datePublished\":\"2026-03-27T16:59:07+00:00\",\"dateModified\":\"2026-04-12T03:32:34+00:00\",\"breadcrumb\":{\"@id\":\"https:\/\/nhunhu.azdigi.shop\/?product=nhan-vang-trang-dinh-da#breadcrumb\"},\"inLanguage\":\"vi\",\"potentialAction\":[{\"@type\":\"ReadAction\",\"target\":[\"https:\/\/nhunhu.azdigi.shop\/?product=nhan-vang-trang-dinh-da\"]}]},{\"@type\":\"ImageObject\",\"inLanguage\":\"vi\",\"@id\":\"https:\/\/nhunhu.azdigi.shop\/?product=nhan-vang-trang-dinh-da#primaryimage\",\"url\":\"https:\/\/nhunhu.azdigi.shop\/wp-content\/uploads\/2026\/03\/nvt.png\",\"contentUrl\":\"https:\/\/nhunhu.azdigi.shop\/wp-content\/uploads\/2026\/03\/nvt.png\",\"width\":2000,\"height\":2000},{\"@type\":\"BreadcrumbList\",\"@id\":\"https:\/\/nhunhu.azdigi.shop\/?product=nhan-vang-trang-dinh-da#breadcrumb\",\"itemListElement\":[{\"@type\":\"ListItem\",\"position\":1,\"name\":\"Trang ch\u1ee7\",\"item\":\"https:\/\/nhunhu.azdigi.shop\/\"},{\"@type\":\"ListItem\",\"position\":2,\"name\":\"Shop\",\"item\":\"https:\/\/nhunhu.azdigi.shop\/?page_id=85\"},{\"@type\":\"ListItem\",\"position\":3,\"name\":\"Nh\u1eabn V\u00e0ng tr\u1eafng \u0111\u00ednh \u0111\u00e1\"}]},{\"@type\":\"WebSite\",\"@id\":\"https:\/\/nhunhu.azdigi.shop\/#website\",\"url\":\"https:\/\/nhunhu.azdigi.shop\/\",\"name\":\"Ph\u1ee5 Ki\u1ec7n Nh\u1ecf - C\u00e1 T\u00ednh L\u1edbn\",\"description\":\"\",\"potentialAction\":[{\"@type\":\"SearchAction\",\"target\":{\"@type\":\"EntryPoint\",\"urlTemplate\":\"https:\/\/nhunhu.azdigi.shop\/?s={search_term_string}\"},\"query-input\":{\"@type\":\"PropertyValueSpecification\",\"valueRequired\":true,\"valueName\":\"search_term_string\"}}],\"inLanguage\":\"vi\"}]}<\/script>\n<!-- \/ Yoast SEO plugin. -->","yoast_head_json":{"title":"Nh\u1eabn V\u00e0ng tr\u1eafng \u0111\u00ednh \u0111\u00e1 - PN CHIC","robots":{"index":"index","follow":"follow","max-snippet":"max-snippet:-1","max-image-preview":"max-image-preview:large","max-video-preview":"max-video-preview:-1"},"canonical":"https:\/\/nhunhu.azdigi.shop\/?product=nhan-vang-trang-dinh-da","og_locale":"vi_VN","og_type":"article","og_title":"Nh\u1eabn V\u00e0ng tr\u1eafng \u0111\u00ednh \u0111\u00e1 - PN CHIC","og_description":"Chi\u1ebfc nh\u1eabn kh\u00f4ng ch\u1ec9 l\u00e0 m\u00f3n ph\u1ee5 ki\u1ec7n, m\u00e0 l\u00e0 tuy\u00ean ng\u00f4n v\u1ec1 phong c\u00e1ch v\u00e0 c\u00e1 t\u00ednh \u0111\u1ed9c b\u1ea3n. T\u1eeb nh\u1eefng \u0111\u01b0\u1eddng n\u00e9t ch\u1ea1m kh\u1eafc th\u1ee7 c\u00f4ng tinh x\u1ea3o \u0111\u1ebfn ch\u1ea5t li\u1ec7u kim lo\u1ea1i s\u00e1ng b\u00f3ng, m\u1ed7i thi\u1ebft k\u1ebf \u0111\u1ec1u \u0111\u01b0\u1ee3c t\u1ea1o ra \u0111\u1ec3 t\u00f4n vinh v\u1ebb \u0111\u1eb9p c\u1ee7a s\u1ef1 t\u1ef1 tin. D\u00f9 l\u00e0 m\u1ed9t chi\u1ebfc nh\u1eabn tr\u01a1n t\u1ed1i gi\u1ea3n hay \u0111\u00ednh \u0111\u00e1 c\u1ea7u k\u1ef3, \u0111\u00f4i tay b\u1ea1n s\u1ebd lu\u00f4n l\u00e0 n\u01a1i kh\u1edfi \u0111\u1ea7u c\u1ee7a nh\u1eefng c\u00e2u chuy\u1ec7n \u0111\u1ea7y c\u1ea3m h\u1ee9ng v\u00e0 s\u1ef1 thu h\u00fat kh\u00f3 c\u01b0\u1ee1ng.","og_url":"https:\/\/nhunhu.azdigi.shop\/?product=nhan-vang-trang-dinh-da","og_site_name":"PN CHIC","article_modified_time":"2026-04-12T03:32:34+00:00","og_image":[{"width":2000,"height":2000,"url":"https:\/\/nhunhu.azdigi.shop\/wp-content\/uploads\/2026\/03\/nvt.png","type":"image\/png"}],"twitter_card":"summary_large_image","twitter_misc":{"\u01af\u1edbc t\u00ednh th\u1eddi gian \u0111\u1ecdc":"2 ph\u00fat"},"schema":{"@context":"https:\/\/schema.org","@graph":[{"@type":"WebPage","@id":"https:\/\/nhunhu.azdigi.shop\/?product=nhan-vang-trang-dinh-da","url":"https:\/\/nhunhu.azdigi.shop\/?product=nhan-vang-trang-dinh-da","name":"Nh\u1eabn V\u00e0ng tr\u1eafng \u0111\u00ednh \u0111\u00e1 - PN CHIC","isPartOf":{"@id":"https:\/\/nhunhu.azdigi.shop\/#website"},"primaryImageOfPage":{"@id":"https:\/\/nhunhu.azdigi.shop\/?product=nhan-vang-trang-dinh-da#primaryimage"},"image":{"@id":"https:\/\/nhunhu.azdigi.shop\/?product=nhan-vang-trang-dinh-da#primaryimage"},"thumbnailUrl":"https:\/\/nhunhu.azdigi.shop\/wp-content\/uploads\/2026\/03\/nvt.png","datePublished":"2026-03-27T16:59:07+00:00","dateModified":"2026-04-12T03:32:34+00:00","breadcrumb":{"@id":"https:\/\/nhunhu.azdigi.shop\/?product=nhan-vang-trang-dinh-da#breadcrumb"},"inLanguage":"vi","potentialAction":[{"@type":"ReadAction","target":["https:\/\/nhunhu.azdigi.shop\/?product=nhan-vang-trang-dinh-da"]}]},{"@type":"ImageObject","inLanguage":"vi","@id":"https:\/\/nhunhu.azdigi.shop\/?product=nhan-vang-trang-dinh-da#primaryimage","url":"https:\/\/nhunhu.azdigi.shop\/wp-content\/uploads\/2026\/03\/nvt.png","contentUrl":"https:\/\/nhunhu.azdigi.shop\/wp-content\/uploads\/2026\/03\/nvt.png","width":2000,"height":2000},{"@type":"BreadcrumbList","@id":"https:\/\/nhunhu.azdigi.shop\/?product=nhan-vang-trang-dinh-da#breadcrumb","itemListElement":[{"@type":"ListItem","position":1,"name":"Trang ch\u1ee7","item":"https:\/\/nhunhu.azdigi.shop\/"},{"@type":"ListItem","position":2,"name":"Shop","item":"https:\/\/nhunhu.azdigi.shop\/?page_id=85"},{"@type":"ListItem","position":3,"name":"Nh\u1eabn V\u00e0ng tr\u1eafng \u0111\u00ednh \u0111\u00e1"}]},{"@type":"WebSite","@id":"https:\/\/nhunhu.azdigi.shop\/#website","url":"https:\/\/nhunhu.azdigi.shop\/","name":"Ph\u1ee5 Ki\u1ec7n Nh\u1ecf - C\u00e1 T\u00ednh L\u1edbn","description":"","potentialAction":[{"@type":"SearchAction","target":{"@type":"EntryPoint","urlTemplate":"https:\/\/nhunhu.azdigi.shop\/?s={search_term_string}"},"query-input":{"@type":"PropertyValueSpecification","valueRequired":true,"valueName":"search_term_string"}}],"inLanguage":"vi"}]}},"_links":{"self":[{"href":"https:\/\/nhunhu.azdigi.shop\/index.php?rest_route=\/wp\/v2\/product\/733","targetHints":{"allow":["GET"]}}],"collection":[{"href":"https:\/\/nhunhu.azdigi.shop\/index.php?rest_route=\/wp\/v2\/product"}],"about":[{"href":"https:\/\/nhunhu.azdigi.shop\/index.php?rest_route=\/wp\/v2\/types\/product"}],"replies":[{"embeddable":true,"href":"https:\/\/nhunhu.azdigi.shop\/index.php?rest_route=%2Fwp%2Fv2%2Fcomments&post=733"}],"wp:featuredmedia":[{"embeddable":true,"href":"https:\/\/nhunhu.azdigi.shop\/index.php?rest_route=\/wp\/v2\/media\/734"}],"wp:attachment":[{"href":"https:\/\/nhunhu.azdigi.shop\/index.php?rest_route=%2Fwp%2Fv2%2Fmedia&parent=733"}],"wp:term":[{"taxonomy":"product_brand","embeddable":true,"href":"https:\/\/nhunhu.azdigi.shop\/index.php?rest_route=%2Fwp%2Fv2%2Fproduct_brand&post=733"},{"taxonomy":"product_cat","embeddable":true,"href":"https:\/\/nhunhu.azdigi.shop\/index.php?rest_route=%2Fwp%2Fv2%2Fproduct_cat&post=733"},{"taxonomy":"product_tag","embeddable":true,"href":"https:\/\/nhunhu.azdigi.shop\/index.php?rest_route=%2Fwp%2Fv2%2Fproduct_tag&post=733"}],"curies":[{"name":"wp","href":"https:\/\/api.w.org\/{rel}","templated":true}]}}