{"id":716,"date":"2026-03-27T16:40:11","date_gmt":"2026-03-27T16:40:11","guid":{"rendered":"https:\/\/nhunhu.azdigi.shop\/?post_type=product&#038;p=716"},"modified":"2026-04-12T03:41:42","modified_gmt":"2026-04-12T03:41:42","slug":"dong-ho-disney-watch-nu","status":"publish","type":"product","link":"https:\/\/nhunhu.azdigi.shop\/?product=dong-ho-disney-watch-nu","title":{"rendered":"\u0110\u1ed3ng h\u1ed3 Disney Watch N\u1eef"},"content":{"rendered":"<div class=\"\">\n<div>\n<p data-start=\"760\" data-end=\"1124\">\u0110\u1ed3ng h\u1ed3 Disney Watch n\u1eef l\u00e0 l\u1ef1a ch\u1ecdn ho\u00e0n h\u1ea3o cho nh\u1eefng c\u00f4 n\u00e0ng y\u00eau th\u00edch phong c\u00e1ch ng\u1ecdt ng\u00e0o, tr\u1ebb trung nh\u01b0ng v\u1eabn mu\u1ed1n gi\u1eef n\u00e9t thanh l\u1ecbch trong t\u1eebng chi ti\u1ebft. L\u1ea5y c\u1ea3m h\u1ee9ng t\u1eeb th\u1ebf gi\u1edbi Disney v\u1edbi nh\u1eefng bi\u1ec3u t\u01b0\u1ee3ng nh\u01b0 Mickey, Minnie, c\u00f4ng ch\u00faa hay ng\u00f4i sao c\u1ed5 t\u00edch, <strong data-start=\"1025\" data-end=\"1052\">\u0111\u1ed3ng h\u1ed3 Disney Watch n\u1eef<\/strong> kh\u00f4ng ch\u1ec9 l\u00e0 ph\u1ee5 ki\u1ec7n xem gi\u1edd m\u00e0 c\u00f2n l\u00e0 \u0111i\u1ec3m nh\u1ea5n th\u1eddi trang r\u1ea5t ri\u00eang.<\/p>\n<p data-start=\"1126\" data-end=\"1372\">Nhi\u1ec1u m\u1eabu hi\u1ec7n nay s\u1eed d\u1ee5ng m\u00e1y Quartz, k\u00ednh kho\u00e1ng v\u00e0 d\u00e2y kim lo\u1ea1i 25\u201331mm ho\u1eb7c d\u00e2y da 35mm, r\u1ea5t ph\u00f9 h\u1ee3p c\u1ed5 tay n\u1eef.<\/p>\n<\/div>\n<div><strong>Gi\u1edbi thi\u1ec7u<\/strong><\/div>\n<div class=\"px-2 py-1 text-[14px] bg-[#f2f2f2]\">D\u00f2ng h\u00e0ng:\u00a0\u0110\u1ed3ng h\u1ed3<\/div>\n<\/div>\n<div class=\"\">\n<div class=\"px-2 py-1 text-[14px]\">Xu\u1ea5t X\u1ee9 Th\u01b0\u01a1ng Hi\u1ec7u:\u00a0\u0110\u1ed3ng h\u1ed3 nh\u01b0\u1ee3ng quy\u1ec1n Disney<\/div>\n<\/div>\n<div class=\"\">\n<div class=\"px-2 py-1 text-[14px] bg-[#f2f2f2]\">L\u1eafp r\u00e1p t\u1ea1i:\u00a0Trung Qu\u1ed1c<\/div>\n<\/div>\n<div class=\"\">\n<div class=\"px-2 py-1 text-[14px]\">Lo\u1ea1i m\u00e1y \u0111\u1ed3ng h\u1ed3:\u00a0Quartz (Pin)<\/div>\n<\/div>\n<div class=\"\">\n<div class=\"px-2 py-1 text-[14px] bg-[#f2f2f2]\">Lo\u1ea1i m\u1eb7t k\u00ednh:\u00a0k\u00ednh kho\u00e1ng<\/div>\n<\/div>\n<div class=\"\">\n<div class=\"px-2 py-1 text-[14px]\">Ch\u1ea5t li\u1ec7u d\u00e2y:\u00a0D\u00e2y Alloy (h\u1ee3p kim xi)<\/div>\n<\/div>\n<div class=\"\">\n<div class=\"px-2 py-1 text-[14px] bg-[#f2f2f2]\">Ch\u1ea5t li\u1ec7u v\u1ecf:\u00a0Alloy (h\u1ee3p kim xi)<\/div>\n<\/div>\n<div class=\"\">\n<div class=\"px-2 py-1 text-[14px]\">H\u00ecnh d\u1ea1ng m\u1eb7t:\u00a0Tr\u00f2n<\/div>\n<\/div>\n<div class=\"\">\n<div class=\"px-2 py-1 text-[14px] bg-[#f2f2f2]\">M\u00e0u s\u1eafc m\u1eb7t:\u00a0X\u00e0 c\u1eeb<\/div>\n<\/div>\n<div class=\"\">\n<div class=\"px-2 py-1 text-[14px]\">K\u00edch th\u01b0\u1edbc d\u00e2y:\u00a010 mm<\/div>\n<\/div>\n<div class=\"\">\n<div class=\"px-2 py-1 text-[14px] bg-[#f2f2f2]\">K\u00edch th\u01b0\u1edbc m\u1eb7t:\u00a028 mm<\/div>\n<\/div>\n<div class=\"\">\n<div class=\"px-2 py-1 text-[14px]\">\u0110\u1ed9 ch\u1ecbu n\u01b0\u1edbc:\u00a03 atm<\/div>\n<\/div>\n<div class=\"\">\n<div class=\"px-2 py-1 text-[14px] bg-[#f2f2f2]\">S\u1ed1 Kim:\u00a03<\/div>\n<\/div>\n<div class=\"\">\n<div class=\"px-2 py-1 text-[14px]\">\u0110\u00e1 G\u1eafn K\u00e8m \u0110\u1ed3ng H\u1ed3:\u00a0\u0110\u00e1 t\u1ed5ng h\u1ee3p, pha l\u00ea<\/div>\n<\/div>\n<div class=\"\">\n<div class=\"px-2 py-1 text-[14px] bg-[#f2f2f2]\">Gi\u1edbi t\u00ednh:\u00a0N\u1eef<\/div>\n<\/div>\n<div class=\"\">\n<div class=\"px-2 py-1 text-[14px]\">Phong c\u00e1ch:\u00a0Fashion: Th\u1eddi trang<\/div>\n<div><strong>\u0110i\u1ec3m \u0111\u1eb7c bi\u1ec7t<\/strong><\/div>\n<div>\n<p>Thi\u1ebft k\u1ebf d\u1ec5 th\u01b0\u01a1ng, n\u1eef t\u00ednh<\/p>\n<p>H\u1ecda ti\u1ebft Disney \u0111\u1ed9c \u0111\u00e1o<\/p>\n<p>D\u1ec5 ph\u1ed1i v\u1edbi v\u00f2ng tay v\u00e0 nh\u1eabn<\/p>\n<p>Ph\u00f9 h\u1ee3p \u0111i h\u1ecdc, \u0111i l\u00e0m, \u0111i ch\u01a1i<\/p>\n<p><strong>V\u00ec sao n\u00ean ch\u1ecdn \u0111\u1ed3ng h\u1ed3 Disney Watch n\u1eef?<\/strong><\/p>\n<p>Mang v\u1ebb \u0111\u1eb9p tr\u1ebb trung, kh\u00f4ng l\u1ed7i th\u1eddi<\/p>\n<p>Ph\u00f9 h\u1ee3p l\u00e0m qu\u00e0 sinh nh\u1eadt ho\u1eb7c k\u1ef7 ni\u1ec7m<\/p>\n<p>C\u00f3 y\u1ebfu t\u1ed1 th\u01b0\u01a1ng hi\u1ec7u Disney r\u1ea5t h\u00fat kh\u00e1ch<\/p>\n<p>D\u1ec5 ph\u1ed1i v\u1edbi outfit n\u1eef t\u00ednh<\/p>\n<\/div>\n<\/div>\n","protected":false},"excerpt":{"rendered":"<p>S\u1ef1 giao thoa gi\u1eefa ngh\u1ec7 thu\u1eadt ch\u1ebf t\u00e1c v\u00e0 xu h\u01b0\u1edbng th\u1eddi trang hi\u1ec7n \u0111\u1ea1i. Nh\u1eefng m\u1eabu \u0111\u1ed3ng h\u1ed3 v\u1edbi m\u1eb7t s\u1ed1 t\u1ed1i gi\u1ea3n, \u0111\u00ednh \u0111\u00e1 sang tr\u1ecdng ho\u1eb7c d\u00e2y mesh thanh m\u1ea3nh s\u1ebd bi\u1ebfn c\u1ed5 tay b\u1ea1n th\u00e0nh m\u1ed9t t\u00e1c ph\u1ea9m ngh\u1ec7 thu\u1eadt. \u0110\u00e2y l\u00e0 \u0111i\u1ec3m nh\u1ea5n ho\u00e0n h\u1ea3o \u0111\u1ec3 ho\u00e0n thi\u1ec7n outfit m\u1ed7i ng\u00e0y, gi\u00fap b\u1ea1n t\u1ecfa s\u00e1ng m\u1ed9t c\u00e1ch nh\u1eb9 nh\u00e0ng nh\u01b0ng \u0111\u1ea7y l\u00f4i cu\u1ed1n.<\/p>\n","protected":false},"featured_media":717,"comment_status":"open","ping_status":"closed","template":"","meta":[],"product_brand":[],"product_cat":[42],"product_tag":[],"class_list":{"0":"post-716","1":"product","2":"type-product","3":"status-publish","4":"has-post-thumbnail","6":"product_cat-dong-ho-nu","8":"first","9":"instock","10":"sale","11":"shipping-taxable","12":"purchasable","13":"product-type-variable"},"yoast_head":"<!-- This site is optimized with the Yoast SEO plugin v26.8 - https:\/\/yoast.com\/product\/yoast-seo-wordpress\/ -->\n<title>\u0110\u1ed3ng h\u1ed3 Disney Watch N\u1eef - PN CHIC<\/title>\n<meta name=\"description\" content=\"\u0110\u1ed3ng h\u1ed3 Disney Watch n\u1eef mang v\u1ebb \u0111\u1eb9p d\u1ec5 th\u01b0\u01a1ng, thanh l\u1ecbch v\u00e0 l\u00e0 ph\u1ee5 ki\u1ec7n ho\u00e0n h\u1ea3o cho nh\u1eefng c\u00f4 n\u00e0ng y\u00eau phong c\u00e1ch c\u1ed5 t\u00edch.\" \/>\n<meta name=\"robots\" content=\"index, follow, max-snippet:-1, max-image-preview:large, max-video-preview:-1\" \/>\n<link rel=\"canonical\" href=\"https:\/\/nhunhu.azdigi.shop\/?product=dong-ho-disney-watch-nu\" \/>\n<meta property=\"og:locale\" content=\"vi_VN\" \/>\n<meta property=\"og:type\" content=\"article\" \/>\n<meta property=\"og:title\" content=\"\u0110\u1ed3ng h\u1ed3 Disney Watch N\u1eef - PN CHIC\" \/>\n<meta property=\"og:description\" content=\"\u0110\u1ed3ng h\u1ed3 Disney Watch n\u1eef mang v\u1ebb \u0111\u1eb9p d\u1ec5 th\u01b0\u01a1ng, thanh l\u1ecbch v\u00e0 l\u00e0 ph\u1ee5 ki\u1ec7n ho\u00e0n h\u1ea3o cho nh\u1eefng c\u00f4 n\u00e0ng y\u00eau phong c\u00e1ch c\u1ed5 t\u00edch.\" \/>\n<meta property=\"og:url\" content=\"https:\/\/nhunhu.azdigi.shop\/?product=dong-ho-disney-watch-nu\" \/>\n<meta property=\"og:site_name\" content=\"PN CHIC\" \/>\n<meta property=\"article:modified_time\" content=\"2026-04-12T03:41:42+00:00\" \/>\n<meta property=\"og:image\" content=\"https:\/\/nhunhu.azdigi.shop\/wp-content\/uploads\/2026\/03\/dhn.png\" \/>\n\t<meta property=\"og:image:width\" content=\"2000\" \/>\n\t<meta property=\"og:image:height\" content=\"2000\" \/>\n\t<meta property=\"og:image:type\" content=\"image\/png\" \/>\n<meta name=\"twitter:card\" content=\"summary_large_image\" \/>\n<meta name=\"twitter:label1\" content=\"\u01af\u1edbc t\u00ednh th\u1eddi gian \u0111\u1ecdc\" \/>\n\t<meta name=\"twitter:data1\" content=\"2 ph\u00fat\" \/>\n<script type=\"application\/ld+json\" class=\"yoast-schema-graph\">{\"@context\":\"https:\/\/schema.org\",\"@graph\":[{\"@type\":\"WebPage\",\"@id\":\"https:\/\/nhunhu.azdigi.shop\/?product=dong-ho-disney-watch-nu\",\"url\":\"https:\/\/nhunhu.azdigi.shop\/?product=dong-ho-disney-watch-nu\",\"name\":\"\u0110\u1ed3ng h\u1ed3 Disney Watch N\u1eef - PN CHIC\",\"isPartOf\":{\"@id\":\"https:\/\/nhunhu.azdigi.shop\/#website\"},\"primaryImageOfPage\":{\"@id\":\"https:\/\/nhunhu.azdigi.shop\/?product=dong-ho-disney-watch-nu#primaryimage\"},\"image\":{\"@id\":\"https:\/\/nhunhu.azdigi.shop\/?product=dong-ho-disney-watch-nu#primaryimage\"},\"thumbnailUrl\":\"https:\/\/nhunhu.azdigi.shop\/wp-content\/uploads\/2026\/03\/dhn.png\",\"datePublished\":\"2026-03-27T16:40:11+00:00\",\"dateModified\":\"2026-04-12T03:41:42+00:00\",\"description\":\"\u0110\u1ed3ng h\u1ed3 Disney Watch n\u1eef mang v\u1ebb \u0111\u1eb9p d\u1ec5 th\u01b0\u01a1ng, thanh l\u1ecbch v\u00e0 l\u00e0 ph\u1ee5 ki\u1ec7n ho\u00e0n h\u1ea3o cho nh\u1eefng c\u00f4 n\u00e0ng y\u00eau phong c\u00e1ch c\u1ed5 t\u00edch.\",\"breadcrumb\":{\"@id\":\"https:\/\/nhunhu.azdigi.shop\/?product=dong-ho-disney-watch-nu#breadcrumb\"},\"inLanguage\":\"vi\",\"potentialAction\":[{\"@type\":\"ReadAction\",\"target\":[\"https:\/\/nhunhu.azdigi.shop\/?product=dong-ho-disney-watch-nu\"]}]},{\"@type\":\"ImageObject\",\"inLanguage\":\"vi\",\"@id\":\"https:\/\/nhunhu.azdigi.shop\/?product=dong-ho-disney-watch-nu#primaryimage\",\"url\":\"https:\/\/nhunhu.azdigi.shop\/wp-content\/uploads\/2026\/03\/dhn.png\",\"contentUrl\":\"https:\/\/nhunhu.azdigi.shop\/wp-content\/uploads\/2026\/03\/dhn.png\",\"width\":2000,\"height\":2000},{\"@type\":\"BreadcrumbList\",\"@id\":\"https:\/\/nhunhu.azdigi.shop\/?product=dong-ho-disney-watch-nu#breadcrumb\",\"itemListElement\":[{\"@type\":\"ListItem\",\"position\":1,\"name\":\"Trang ch\u1ee7\",\"item\":\"https:\/\/nhunhu.azdigi.shop\/\"},{\"@type\":\"ListItem\",\"position\":2,\"name\":\"Shop\",\"item\":\"https:\/\/nhunhu.azdigi.shop\/?page_id=85\"},{\"@type\":\"ListItem\",\"position\":3,\"name\":\"\u0110\u1ed3ng h\u1ed3 Disney Watch N\u1eef\"}]},{\"@type\":\"WebSite\",\"@id\":\"https:\/\/nhunhu.azdigi.shop\/#website\",\"url\":\"https:\/\/nhunhu.azdigi.shop\/\",\"name\":\"Ph\u1ee5 Ki\u1ec7n Nh\u1ecf - C\u00e1 T\u00ednh L\u1edbn\",\"description\":\"\",\"potentialAction\":[{\"@type\":\"SearchAction\",\"target\":{\"@type\":\"EntryPoint\",\"urlTemplate\":\"https:\/\/nhunhu.azdigi.shop\/?s={search_term_string}\"},\"query-input\":{\"@type\":\"PropertyValueSpecification\",\"valueRequired\":true,\"valueName\":\"search_term_string\"}}],\"inLanguage\":\"vi\"}]}<\/script>\n<!-- \/ Yoast SEO plugin. -->","yoast_head_json":{"title":"\u0110\u1ed3ng h\u1ed3 Disney Watch N\u1eef - PN CHIC","description":"\u0110\u1ed3ng h\u1ed3 Disney Watch n\u1eef mang v\u1ebb \u0111\u1eb9p d\u1ec5 th\u01b0\u01a1ng, thanh l\u1ecbch v\u00e0 l\u00e0 ph\u1ee5 ki\u1ec7n ho\u00e0n h\u1ea3o cho nh\u1eefng c\u00f4 n\u00e0ng y\u00eau phong c\u00e1ch c\u1ed5 t\u00edch.","robots":{"index":"index","follow":"follow","max-snippet":"max-snippet:-1","max-image-preview":"max-image-preview:large","max-video-preview":"max-video-preview:-1"},"canonical":"https:\/\/nhunhu.azdigi.shop\/?product=dong-ho-disney-watch-nu","og_locale":"vi_VN","og_type":"article","og_title":"\u0110\u1ed3ng h\u1ed3 Disney Watch N\u1eef - PN CHIC","og_description":"\u0110\u1ed3ng h\u1ed3 Disney Watch n\u1eef mang v\u1ebb \u0111\u1eb9p d\u1ec5 th\u01b0\u01a1ng, thanh l\u1ecbch v\u00e0 l\u00e0 ph\u1ee5 ki\u1ec7n ho\u00e0n h\u1ea3o cho nh\u1eefng c\u00f4 n\u00e0ng y\u00eau phong c\u00e1ch c\u1ed5 t\u00edch.","og_url":"https:\/\/nhunhu.azdigi.shop\/?product=dong-ho-disney-watch-nu","og_site_name":"PN CHIC","article_modified_time":"2026-04-12T03:41:42+00:00","og_image":[{"width":2000,"height":2000,"url":"https:\/\/nhunhu.azdigi.shop\/wp-content\/uploads\/2026\/03\/dhn.png","type":"image\/png"}],"twitter_card":"summary_large_image","twitter_misc":{"\u01af\u1edbc t\u00ednh th\u1eddi gian \u0111\u1ecdc":"2 ph\u00fat"},"schema":{"@context":"https:\/\/schema.org","@graph":[{"@type":"WebPage","@id":"https:\/\/nhunhu.azdigi.shop\/?product=dong-ho-disney-watch-nu","url":"https:\/\/nhunhu.azdigi.shop\/?product=dong-ho-disney-watch-nu","name":"\u0110\u1ed3ng h\u1ed3 Disney Watch N\u1eef - PN CHIC","isPartOf":{"@id":"https:\/\/nhunhu.azdigi.shop\/#website"},"primaryImageOfPage":{"@id":"https:\/\/nhunhu.azdigi.shop\/?product=dong-ho-disney-watch-nu#primaryimage"},"image":{"@id":"https:\/\/nhunhu.azdigi.shop\/?product=dong-ho-disney-watch-nu#primaryimage"},"thumbnailUrl":"https:\/\/nhunhu.azdigi.shop\/wp-content\/uploads\/2026\/03\/dhn.png","datePublished":"2026-03-27T16:40:11+00:00","dateModified":"2026-04-12T03:41:42+00:00","description":"\u0110\u1ed3ng h\u1ed3 Disney Watch n\u1eef mang v\u1ebb \u0111\u1eb9p d\u1ec5 th\u01b0\u01a1ng, thanh l\u1ecbch v\u00e0 l\u00e0 ph\u1ee5 ki\u1ec7n ho\u00e0n h\u1ea3o cho nh\u1eefng c\u00f4 n\u00e0ng y\u00eau phong c\u00e1ch c\u1ed5 t\u00edch.","breadcrumb":{"@id":"https:\/\/nhunhu.azdigi.shop\/?product=dong-ho-disney-watch-nu#breadcrumb"},"inLanguage":"vi","potentialAction":[{"@type":"ReadAction","target":["https:\/\/nhunhu.azdigi.shop\/?product=dong-ho-disney-watch-nu"]}]},{"@type":"ImageObject","inLanguage":"vi","@id":"https:\/\/nhunhu.azdigi.shop\/?product=dong-ho-disney-watch-nu#primaryimage","url":"https:\/\/nhunhu.azdigi.shop\/wp-content\/uploads\/2026\/03\/dhn.png","contentUrl":"https:\/\/nhunhu.azdigi.shop\/wp-content\/uploads\/2026\/03\/dhn.png","width":2000,"height":2000},{"@type":"BreadcrumbList","@id":"https:\/\/nhunhu.azdigi.shop\/?product=dong-ho-disney-watch-nu#breadcrumb","itemListElement":[{"@type":"ListItem","position":1,"name":"Trang ch\u1ee7","item":"https:\/\/nhunhu.azdigi.shop\/"},{"@type":"ListItem","position":2,"name":"Shop","item":"https:\/\/nhunhu.azdigi.shop\/?page_id=85"},{"@type":"ListItem","position":3,"name":"\u0110\u1ed3ng h\u1ed3 Disney Watch N\u1eef"}]},{"@type":"WebSite","@id":"https:\/\/nhunhu.azdigi.shop\/#website","url":"https:\/\/nhunhu.azdigi.shop\/","name":"Ph\u1ee5 Ki\u1ec7n Nh\u1ecf - C\u00e1 T\u00ednh L\u1edbn","description":"","potentialAction":[{"@type":"SearchAction","target":{"@type":"EntryPoint","urlTemplate":"https:\/\/nhunhu.azdigi.shop\/?s={search_term_string}"},"query-input":{"@type":"PropertyValueSpecification","valueRequired":true,"valueName":"search_term_string"}}],"inLanguage":"vi"}]}},"_links":{"self":[{"href":"https:\/\/nhunhu.azdigi.shop\/index.php?rest_route=\/wp\/v2\/product\/716","targetHints":{"allow":["GET"]}}],"collection":[{"href":"https:\/\/nhunhu.azdigi.shop\/index.php?rest_route=\/wp\/v2\/product"}],"about":[{"href":"https:\/\/nhunhu.azdigi.shop\/index.php?rest_route=\/wp\/v2\/types\/product"}],"replies":[{"embeddable":true,"href":"https:\/\/nhunhu.azdigi.shop\/index.php?rest_route=%2Fwp%2Fv2%2Fcomments&post=716"}],"wp:featuredmedia":[{"embeddable":true,"href":"https:\/\/nhunhu.azdigi.shop\/index.php?rest_route=\/wp\/v2\/media\/717"}],"wp:attachment":[{"href":"https:\/\/nhunhu.azdigi.shop\/index.php?rest_route=%2Fwp%2Fv2%2Fmedia&parent=716"}],"wp:term":[{"taxonomy":"product_brand","embeddable":true,"href":"https:\/\/nhunhu.azdigi.shop\/index.php?rest_route=%2Fwp%2Fv2%2Fproduct_brand&post=716"},{"taxonomy":"product_cat","embeddable":true,"href":"https:\/\/nhunhu.azdigi.shop\/index.php?rest_route=%2Fwp%2Fv2%2Fproduct_cat&post=716"},{"taxonomy":"product_tag","embeddable":true,"href":"https:\/\/nhunhu.azdigi.shop\/index.php?rest_route=%2Fwp%2Fv2%2Fproduct_tag&post=716"}],"curies":[{"name":"wp","href":"https:\/\/api.w.org\/{rel}","templated":true}]}}