{"id":704,"date":"2026-03-27T16:30:42","date_gmt":"2026-03-27T16:30:42","guid":{"rendered":"https:\/\/nhunhu.azdigi.shop\/?post_type=product&#038;p=704"},"modified":"2026-04-12T03:44:07","modified_gmt":"2026-04-12T03:44:07","slug":"lac-tay-dinh-da-berry-boo","status":"publish","type":"product","link":"https:\/\/nhunhu.azdigi.shop\/?product=lac-tay-dinh-da-berry-boo","title":{"rendered":"L\u1eafc tay \u0111\u00ednh \u0111\u00e1 Berry Boo"},"content":{"rendered":"<div class=\"\">\n<div>\n<p data-start=\"499\" data-end=\"820\">L\u1eafc tay \u0111\u00ednh \u0111\u00e1 Berry Boo l\u00e0 m\u00f3n trang s\u1ee9c mang phong c\u00e1ch tr\u1ebb trung, n\u1eef t\u00ednh v\u00e0 c\u1ef1c k\u1ef3 n\u1ed5i b\u1eadt nh\u1edd nh\u1eefng chi ti\u1ebft \u0111\u00ednh \u0111\u00e1 l\u1ea5p l\u00e1nh. L\u1ea5y c\u1ea3m h\u1ee9ng t\u1eeb v\u1ebb ng\u1ecdt ng\u00e0o c\u1ee7a qu\u1ea3 berry c\u00f9ng n\u00e9t d\u1ec5 th\u01b0\u01a1ng hi\u1ec7n \u0111\u1ea1i.<\/p>\n<p data-start=\"822\" data-end=\"1097\">Thi\u1ebft k\u1ebf c\u1ee7a <strong data-start=\"835\" data-end=\"864\">l\u1eafc tay<\/strong>\u00a0th\u01b0\u1eddng n\u1ed5i b\u1eadt v\u1edbi d\u00e2y m\u1ea3nh thanh l\u1ecbch k\u1ebft h\u1ee3p charm berry ho\u1eb7c h\u1ecda ti\u1ebft m\u1ec1m m\u1ea1i, gi\u00fap c\u1ed5 tay tr\u1edf n\u00ean thanh tho\u00e1t h\u01a1n. \u00c1nh \u0111\u00e1 l\u1ea5p l\u00e1nh t\u1ea1o \u0111i\u1ec3m nh\u1ea5n nh\u1eb9 nh\u00e0ng, r\u1ea5t ph\u00f9 h\u1ee3p \u0111\u1ec3 \u0111eo h\u1eb1ng ng\u00e0y ho\u1eb7c l\u00e0m qu\u00e0 t\u1eb7ng trong nh\u1eefng d\u1ecbp \u0111\u1eb7c bi\u1ec7t.<\/p>\n<\/div>\n<div><strong>Gi\u1edbi thi\u1ec7u<\/strong><\/div>\n<div class=\"px-2 py-1 text-[14px] bg-[#f2f2f2]\">D\u00f2ng h\u00e0ng:\u00a0Trang s\u1ee9c B\u1ea1c<\/div>\n<\/div>\n<div class=\"\">\n<div class=\"px-2 py-1 text-[14px]\">Tr\u1ecdng l\u01b0\u1ee3ng tham kh\u1ea3o:\u00a07.88521 ph\u00e2n<\/div>\n<\/div>\n<div class=\"\">\n<div class=\"px-2 py-1 text-[14px] bg-[#f2f2f2]\">Gi\u1edbi t\u00ednh: N\u1eef<\/div>\n<\/div>\n<div class=\"\">\n<div class=\"px-2 py-1 text-[14px] bg-[#f2f2f2]\">Xu\u1ea5t x\u1ee9:\u00a0Vi\u1ec7t Nam<\/div>\n<div><strong>\u0110i\u1ec3m n\u1ed5i b\u1eadt<\/strong><\/div>\n<div>\n<p>Thi\u1ebft k\u1ebf ng\u1ecdt ng\u00e0o, d\u1ec5 th\u01b0\u01a1ng<\/p>\n<p>\u0110\u00ednh \u0111\u00e1 l\u1ea5p l\u00e1nh tinh t\u1ebf<\/p>\n<p>D\u1ec5 ph\u1ed1i v\u1edbi nh\u1eabn v\u00e0 d\u00e2y chuy\u1ec1n b\u1ea1c<\/p>\n<p>Ph\u00f9 h\u1ee3p l\u00e0m qu\u00e0 sinh nh\u1eadt<\/p>\n<p><strong>V\u00ec sao\u00a0<\/strong><\/p>\n<p>Mang phong c\u00e1ch tr\u1ebb trung<\/p>\n<p>D\u1ec5 ph\u1ed1i v\u1edbi outfit n\u1eef t\u00ednh<\/p>\n<p>Ph\u00f9 h\u1ee3p nhi\u1ec1u \u0111\u1ed9 tu\u1ed5i<\/p>\n<p>L\u00e0 m\u00f3n qu\u00e0 tinh t\u1ebf cho b\u1ea1n g\u00e1i<\/p>\n<p><strong>C\u00e1ch b\u1ea3o qu\u1ea3n<\/strong><\/p>\n<p>Tr\u00e1nh h\u00f3a ch\u1ea5t m\u1ea1nh<\/p>\n<p>Lau b\u1eb1ng kh\u0103n m\u1ec1m<\/p>\n<p>Kh\u00f4ng \u0111eo khi t\u1eafm<\/p>\n<p>C\u1ea5t trong h\u1ed9p ri\u00eang<\/p>\n<p>Tham kh\u1ea3o th\u00eam https:\/\/www.wikihow.com\/Clean-Sterling-Silver<\/p>\n<p>L\u1eafc tay \u0111\u00ednh \u0111\u00e1 Berry Boo kh\u00f4ng ch\u1ec9 gi\u00fap c\u1ed5 tay th\u00eam l\u1ea5p l\u00e1nh m\u00e0 c\u00f2n mang \u0111\u1ebfn c\u1ea3m gi\u00e1c tr\u1ebb trung v\u00e0 \u0111\u1ea7y s\u1ee9c s\u1ed1ng. Thi\u1ebft k\u1ebf berry \u0111\u00e1ng y\u00eau t\u1ea1o n\u00ean \u0111i\u1ec3m nh\u1ea5n r\u1ea5t ri\u00eang cho phong c\u00e1ch h\u1eb1ng ng\u00e0y.<\/p>\n<p>&nbsp;<\/p>\n<\/div>\n<\/div>\n","protected":false},"excerpt":{"rendered":"<p>S\u1ee3i l\u1eafc tay v\u1edbi thi\u1ebft k\u1ebf m\u1ea3nh mai, \u0111i\u1ec3m xuy\u1ebft nh\u1eefng m\u1eaft x\u00edch tinh x\u1ea3o gi\u00fap t\u00f4n l\u00ean s\u1ef1 thanh t\u00fa v\u00e0 n\u1eef t\u00ednh. \u0110\u00e2y l\u00e0 m\u00f3n ph\u1ee5 ki\u1ec7n ho\u00e0n h\u1ea3o \u0111\u1ec3 t\u1ea1o \u0111i\u1ec3m nh\u1ea5n nh\u1eb9 nh\u00e0ng, mang l\u1ea1i v\u1ebb \u0111\u1eb9p thanh l\u1ecbch v\u00e0 cu\u1ed1n h\u00fat cho ph\u00e1i \u0111\u1eb9p trong m\u1ecdi kho\u1ea3nh kh\u1eafc th\u01b0\u1eddng ng\u00e0y.<\/p>\n","protected":false},"featured_media":705,"comment_status":"open","ping_status":"closed","template":"","meta":[],"product_brand":[],"product_cat":[41],"product_tag":[],"class_list":{"0":"post-704","1":"product","2":"type-product","3":"status-publish","4":"has-post-thumbnail","6":"product_cat-lac-tay","8":"first","9":"instock","10":"shipping-taxable","11":"purchasable","12":"product-type-variable"},"yoast_head":"<!-- This site is optimized with the Yoast SEO plugin v26.8 - https:\/\/yoast.com\/product\/yoast-seo-wordpress\/ -->\n<title>L\u1eafc tay \u0111\u00ednh \u0111\u00e1 Berry Boo - PN CHIC<\/title>\n<meta name=\"description\" content=\"L\u1eafc tay \u0111\u00ednh \u0111\u00e1 Berry Boo mang v\u1ebb \u0111\u1eb9p ng\u1ecdt ng\u00e0o, tr\u1ebb trung v\u00e0 l\u00e0 m\u00f3n qu\u00e0 tinh t\u1ebf cho nh\u1eefng c\u00f4 n\u00e0ng y\u00eau phong c\u00e1ch d\u1ec5 th\u01b0\u01a1ng.\" \/>\n<meta name=\"robots\" content=\"index, follow, max-snippet:-1, max-image-preview:large, max-video-preview:-1\" \/>\n<link rel=\"canonical\" href=\"https:\/\/nhunhu.azdigi.shop\/?product=lac-tay-dinh-da-berry-boo\" \/>\n<meta property=\"og:locale\" content=\"vi_VN\" \/>\n<meta property=\"og:type\" content=\"article\" \/>\n<meta property=\"og:title\" content=\"L\u1eafc tay \u0111\u00ednh \u0111\u00e1 Berry Boo - PN CHIC\" \/>\n<meta property=\"og:description\" content=\"L\u1eafc tay \u0111\u00ednh \u0111\u00e1 Berry Boo mang v\u1ebb \u0111\u1eb9p ng\u1ecdt ng\u00e0o, tr\u1ebb trung v\u00e0 l\u00e0 m\u00f3n qu\u00e0 tinh t\u1ebf cho nh\u1eefng c\u00f4 n\u00e0ng y\u00eau phong c\u00e1ch d\u1ec5 th\u01b0\u01a1ng.\" \/>\n<meta property=\"og:url\" content=\"https:\/\/nhunhu.azdigi.shop\/?product=lac-tay-dinh-da-berry-boo\" \/>\n<meta property=\"og:site_name\" content=\"PN CHIC\" \/>\n<meta property=\"article:modified_time\" content=\"2026-04-12T03:44:07+00:00\" \/>\n<meta property=\"og:image\" content=\"https:\/\/nhunhu.azdigi.shop\/wp-content\/uploads\/2026\/03\/vtbn.png\" \/>\n\t<meta property=\"og:image:width\" content=\"2000\" \/>\n\t<meta property=\"og:image:height\" content=\"2000\" \/>\n\t<meta property=\"og:image:type\" content=\"image\/png\" \/>\n<meta name=\"twitter:card\" content=\"summary_large_image\" \/>\n<meta name=\"twitter:label1\" content=\"\u01af\u1edbc t\u00ednh th\u1eddi gian \u0111\u1ecdc\" \/>\n\t<meta name=\"twitter:data1\" content=\"2 ph\u00fat\" \/>\n<script type=\"application\/ld+json\" class=\"yoast-schema-graph\">{\"@context\":\"https:\/\/schema.org\",\"@graph\":[{\"@type\":\"WebPage\",\"@id\":\"https:\/\/nhunhu.azdigi.shop\/?product=lac-tay-dinh-da-berry-boo\",\"url\":\"https:\/\/nhunhu.azdigi.shop\/?product=lac-tay-dinh-da-berry-boo\",\"name\":\"L\u1eafc tay \u0111\u00ednh \u0111\u00e1 Berry Boo - PN CHIC\",\"isPartOf\":{\"@id\":\"https:\/\/nhunhu.azdigi.shop\/#website\"},\"primaryImageOfPage\":{\"@id\":\"https:\/\/nhunhu.azdigi.shop\/?product=lac-tay-dinh-da-berry-boo#primaryimage\"},\"image\":{\"@id\":\"https:\/\/nhunhu.azdigi.shop\/?product=lac-tay-dinh-da-berry-boo#primaryimage\"},\"thumbnailUrl\":\"https:\/\/nhunhu.azdigi.shop\/wp-content\/uploads\/2026\/03\/vtbn.png\",\"datePublished\":\"2026-03-27T16:30:42+00:00\",\"dateModified\":\"2026-04-12T03:44:07+00:00\",\"description\":\"L\u1eafc tay \u0111\u00ednh \u0111\u00e1 Berry Boo mang v\u1ebb \u0111\u1eb9p ng\u1ecdt ng\u00e0o, tr\u1ebb trung v\u00e0 l\u00e0 m\u00f3n qu\u00e0 tinh t\u1ebf cho nh\u1eefng c\u00f4 n\u00e0ng y\u00eau phong c\u00e1ch d\u1ec5 th\u01b0\u01a1ng.\",\"breadcrumb\":{\"@id\":\"https:\/\/nhunhu.azdigi.shop\/?product=lac-tay-dinh-da-berry-boo#breadcrumb\"},\"inLanguage\":\"vi\",\"potentialAction\":[{\"@type\":\"ReadAction\",\"target\":[\"https:\/\/nhunhu.azdigi.shop\/?product=lac-tay-dinh-da-berry-boo\"]}]},{\"@type\":\"ImageObject\",\"inLanguage\":\"vi\",\"@id\":\"https:\/\/nhunhu.azdigi.shop\/?product=lac-tay-dinh-da-berry-boo#primaryimage\",\"url\":\"https:\/\/nhunhu.azdigi.shop\/wp-content\/uploads\/2026\/03\/vtbn.png\",\"contentUrl\":\"https:\/\/nhunhu.azdigi.shop\/wp-content\/uploads\/2026\/03\/vtbn.png\",\"width\":2000,\"height\":2000},{\"@type\":\"BreadcrumbList\",\"@id\":\"https:\/\/nhunhu.azdigi.shop\/?product=lac-tay-dinh-da-berry-boo#breadcrumb\",\"itemListElement\":[{\"@type\":\"ListItem\",\"position\":1,\"name\":\"Trang ch\u1ee7\",\"item\":\"https:\/\/nhunhu.azdigi.shop\/\"},{\"@type\":\"ListItem\",\"position\":2,\"name\":\"Shop\",\"item\":\"https:\/\/nhunhu.azdigi.shop\/?page_id=85\"},{\"@type\":\"ListItem\",\"position\":3,\"name\":\"L\u1eafc tay \u0111\u00ednh \u0111\u00e1 Berry Boo\"}]},{\"@type\":\"WebSite\",\"@id\":\"https:\/\/nhunhu.azdigi.shop\/#website\",\"url\":\"https:\/\/nhunhu.azdigi.shop\/\",\"name\":\"Ph\u1ee5 Ki\u1ec7n Nh\u1ecf - C\u00e1 T\u00ednh L\u1edbn\",\"description\":\"\",\"potentialAction\":[{\"@type\":\"SearchAction\",\"target\":{\"@type\":\"EntryPoint\",\"urlTemplate\":\"https:\/\/nhunhu.azdigi.shop\/?s={search_term_string}\"},\"query-input\":{\"@type\":\"PropertyValueSpecification\",\"valueRequired\":true,\"valueName\":\"search_term_string\"}}],\"inLanguage\":\"vi\"}]}<\/script>\n<!-- \/ Yoast SEO plugin. -->","yoast_head_json":{"title":"L\u1eafc tay \u0111\u00ednh \u0111\u00e1 Berry Boo - PN CHIC","description":"L\u1eafc tay \u0111\u00ednh \u0111\u00e1 Berry Boo mang v\u1ebb \u0111\u1eb9p ng\u1ecdt ng\u00e0o, tr\u1ebb trung v\u00e0 l\u00e0 m\u00f3n qu\u00e0 tinh t\u1ebf cho nh\u1eefng c\u00f4 n\u00e0ng y\u00eau phong c\u00e1ch d\u1ec5 th\u01b0\u01a1ng.","robots":{"index":"index","follow":"follow","max-snippet":"max-snippet:-1","max-image-preview":"max-image-preview:large","max-video-preview":"max-video-preview:-1"},"canonical":"https:\/\/nhunhu.azdigi.shop\/?product=lac-tay-dinh-da-berry-boo","og_locale":"vi_VN","og_type":"article","og_title":"L\u1eafc tay \u0111\u00ednh \u0111\u00e1 Berry Boo - PN CHIC","og_description":"L\u1eafc tay \u0111\u00ednh \u0111\u00e1 Berry Boo mang v\u1ebb \u0111\u1eb9p ng\u1ecdt ng\u00e0o, tr\u1ebb trung v\u00e0 l\u00e0 m\u00f3n qu\u00e0 tinh t\u1ebf cho nh\u1eefng c\u00f4 n\u00e0ng y\u00eau phong c\u00e1ch d\u1ec5 th\u01b0\u01a1ng.","og_url":"https:\/\/nhunhu.azdigi.shop\/?product=lac-tay-dinh-da-berry-boo","og_site_name":"PN CHIC","article_modified_time":"2026-04-12T03:44:07+00:00","og_image":[{"width":2000,"height":2000,"url":"https:\/\/nhunhu.azdigi.shop\/wp-content\/uploads\/2026\/03\/vtbn.png","type":"image\/png"}],"twitter_card":"summary_large_image","twitter_misc":{"\u01af\u1edbc t\u00ednh th\u1eddi gian \u0111\u1ecdc":"2 ph\u00fat"},"schema":{"@context":"https:\/\/schema.org","@graph":[{"@type":"WebPage","@id":"https:\/\/nhunhu.azdigi.shop\/?product=lac-tay-dinh-da-berry-boo","url":"https:\/\/nhunhu.azdigi.shop\/?product=lac-tay-dinh-da-berry-boo","name":"L\u1eafc tay \u0111\u00ednh \u0111\u00e1 Berry Boo - PN CHIC","isPartOf":{"@id":"https:\/\/nhunhu.azdigi.shop\/#website"},"primaryImageOfPage":{"@id":"https:\/\/nhunhu.azdigi.shop\/?product=lac-tay-dinh-da-berry-boo#primaryimage"},"image":{"@id":"https:\/\/nhunhu.azdigi.shop\/?product=lac-tay-dinh-da-berry-boo#primaryimage"},"thumbnailUrl":"https:\/\/nhunhu.azdigi.shop\/wp-content\/uploads\/2026\/03\/vtbn.png","datePublished":"2026-03-27T16:30:42+00:00","dateModified":"2026-04-12T03:44:07+00:00","description":"L\u1eafc tay \u0111\u00ednh \u0111\u00e1 Berry Boo mang v\u1ebb \u0111\u1eb9p ng\u1ecdt ng\u00e0o, tr\u1ebb trung v\u00e0 l\u00e0 m\u00f3n qu\u00e0 tinh t\u1ebf cho nh\u1eefng c\u00f4 n\u00e0ng y\u00eau phong c\u00e1ch d\u1ec5 th\u01b0\u01a1ng.","breadcrumb":{"@id":"https:\/\/nhunhu.azdigi.shop\/?product=lac-tay-dinh-da-berry-boo#breadcrumb"},"inLanguage":"vi","potentialAction":[{"@type":"ReadAction","target":["https:\/\/nhunhu.azdigi.shop\/?product=lac-tay-dinh-da-berry-boo"]}]},{"@type":"ImageObject","inLanguage":"vi","@id":"https:\/\/nhunhu.azdigi.shop\/?product=lac-tay-dinh-da-berry-boo#primaryimage","url":"https:\/\/nhunhu.azdigi.shop\/wp-content\/uploads\/2026\/03\/vtbn.png","contentUrl":"https:\/\/nhunhu.azdigi.shop\/wp-content\/uploads\/2026\/03\/vtbn.png","width":2000,"height":2000},{"@type":"BreadcrumbList","@id":"https:\/\/nhunhu.azdigi.shop\/?product=lac-tay-dinh-da-berry-boo#breadcrumb","itemListElement":[{"@type":"ListItem","position":1,"name":"Trang ch\u1ee7","item":"https:\/\/nhunhu.azdigi.shop\/"},{"@type":"ListItem","position":2,"name":"Shop","item":"https:\/\/nhunhu.azdigi.shop\/?page_id=85"},{"@type":"ListItem","position":3,"name":"L\u1eafc tay \u0111\u00ednh \u0111\u00e1 Berry Boo"}]},{"@type":"WebSite","@id":"https:\/\/nhunhu.azdigi.shop\/#website","url":"https:\/\/nhunhu.azdigi.shop\/","name":"Ph\u1ee5 Ki\u1ec7n Nh\u1ecf - C\u00e1 T\u00ednh L\u1edbn","description":"","potentialAction":[{"@type":"SearchAction","target":{"@type":"EntryPoint","urlTemplate":"https:\/\/nhunhu.azdigi.shop\/?s={search_term_string}"},"query-input":{"@type":"PropertyValueSpecification","valueRequired":true,"valueName":"search_term_string"}}],"inLanguage":"vi"}]}},"_links":{"self":[{"href":"https:\/\/nhunhu.azdigi.shop\/index.php?rest_route=\/wp\/v2\/product\/704","targetHints":{"allow":["GET"]}}],"collection":[{"href":"https:\/\/nhunhu.azdigi.shop\/index.php?rest_route=\/wp\/v2\/product"}],"about":[{"href":"https:\/\/nhunhu.azdigi.shop\/index.php?rest_route=\/wp\/v2\/types\/product"}],"replies":[{"embeddable":true,"href":"https:\/\/nhunhu.azdigi.shop\/index.php?rest_route=%2Fwp%2Fv2%2Fcomments&post=704"}],"wp:featuredmedia":[{"embeddable":true,"href":"https:\/\/nhunhu.azdigi.shop\/index.php?rest_route=\/wp\/v2\/media\/705"}],"wp:attachment":[{"href":"https:\/\/nhunhu.azdigi.shop\/index.php?rest_route=%2Fwp%2Fv2%2Fmedia&parent=704"}],"wp:term":[{"taxonomy":"product_brand","embeddable":true,"href":"https:\/\/nhunhu.azdigi.shop\/index.php?rest_route=%2Fwp%2Fv2%2Fproduct_brand&post=704"},{"taxonomy":"product_cat","embeddable":true,"href":"https:\/\/nhunhu.azdigi.shop\/index.php?rest_route=%2Fwp%2Fv2%2Fproduct_cat&post=704"},{"taxonomy":"product_tag","embeddable":true,"href":"https:\/\/nhunhu.azdigi.shop\/index.php?rest_route=%2Fwp%2Fv2%2Fproduct_tag&post=704"}],"curies":[{"name":"wp","href":"https:\/\/api.w.org\/{rel}","templated":true}]}}