{"id":623,"date":"2026-03-27T15:11:37","date_gmt":"2026-03-27T15:11:37","guid":{"rendered":"https:\/\/nhunhu.azdigi.shop\/?post_type=product&#038;p=623"},"modified":"2026-04-12T03:47:42","modified_gmt":"2026-04-12T03:47:42","slug":"lac-tay-tre-em","status":"publish","type":"product","link":"https:\/\/nhunhu.azdigi.shop\/?product=lac-tay-tre-em","title":{"rendered":"L\u1eafc tay tr\u1ebb em"},"content":{"rendered":"<p data-start=\"497\" data-end=\"815\">L\u1eafc tay tr\u1ebb em l\u00e0 m\u00f3n trang s\u1ee9c nh\u1ecf xinh \u0111\u01b0\u1ee3c nhi\u1ec1u ph\u1ee5 huynh l\u1ef1a ch\u1ecdn cho b\u00e9 trong c\u00e1c d\u1ecbp \u0111\u1eb7c bi\u1ec7t nh\u01b0 \u0111\u1ea7y th\u00e1ng, th\u00f4i n\u00f4i, sinh nh\u1eadt ho\u1eb7c l\u1ec5 T\u1ebft. V\u1edbi thi\u1ebft k\u1ebf d\u1ec5 th\u01b0\u01a1ng, k\u00edch th\u01b0\u1edbc nh\u1ecf g\u1ecdn v\u00e0 ch\u1ea5t li\u1ec7u an to\u00e0n<\/p>\n<p data-start=\"817\" data-end=\"1098\">C\u00e1c m\u1eabu <strong data-start=\"825\" data-end=\"843\">l\u1eafc tay<\/strong>\u00a0th\u01b0\u1eddng \u0111\u01b0\u1ee3c l\u00e0m t\u1eeb b\u1ea1c ho\u1eb7c v\u00e0ng v\u1edbi ki\u1ec3u d\u00e1ng m\u1ec1m m\u1ea1i, bo tr\u00f2n \u0111\u1ec3 \u0111\u1ea3m b\u1ea3o an to\u00e0n khi b\u00e9 \u0111eo. M\u1ed9t s\u1ed1 thi\u1ebft k\u1ebf c\u00f2n c\u00f3 charm h\u00ecnh tr\u00e1i tim, ng\u00f4i sao, chu\u00f4ng nh\u1ecf ho\u1eb7c t\u00ean b\u00e9, t\u1ea1o n\u00ean d\u1ea5u \u1ea5n ri\u00eang v\u00e0 r\u1ea5t ph\u00f9 h\u1ee3p l\u00e0m qu\u00e0 t\u1eb7ng t\u1eeb \u00f4ng b\u00e0, ba m\u1eb9 hay ng\u01b0\u1eddi th\u00e2n.<\/p>\n<p data-start=\"817\" data-end=\"1098\"><strong>\u0110i\u1ec3m n\u1ed5i b\u1eadt<\/strong><\/p>\n<p>Thi\u1ebft k\u1ebf nh\u1ecf xinh, \u0111\u00e1ng y\u00eau<\/p>\n<p>Ch\u1ea5t li\u1ec7u an to\u00e0n cho da b\u00e9<\/p>\n<p>Mang \u00fd ngh\u0129a qu\u00e0 t\u1eb7ng \u0111\u1ea7u \u0111\u1eddi<\/p>\n<p>D\u1ec5 ph\u1ed1i v\u1edbi d\u00e2y chuy\u1ec1n ho\u1eb7c nh\u1eabn tr\u1ebb em<\/p>\n<p><strong>V\u00ec sao n\u00ean ch\u1ecdn l\u1eafc tay tr\u1ebb em?<\/strong><\/p>\n<p>L\u00e0 m\u00f3n qu\u00e0 \u00fd ngh\u0129a cho b\u00e9<\/p>\n<p>L\u01b0u gi\u1eef k\u1ef7 ni\u1ec7m tu\u1ed5i th\u01a1<\/p>\n<p>D\u1ec5 \u0111eo, kh\u00f4ng v\u01b0\u1edbng<\/p>\n<p>Ph\u00f9 h\u1ee3p nhi\u1ec1u d\u1ecbp \u0111\u1eb7c bi\u1ec7t<\/p>\n<p><strong>C\u00e1ch b\u1ea3o qu\u1ea3n<\/strong><\/p>\n<p>Lau b\u1eb1ng kh\u0103n m\u1ec1m<\/p>\n<p>Tr\u00e1nh \u0111\u1ec3 b\u00e9 c\u1eafn ho\u1eb7c k\u00e9o m\u1ea1nh<\/p>\n<p>Kh\u00f4ng \u0111\u1ec3 g\u1ea7n h\u00f3a ch\u1ea5t<\/p>\n<p>C\u1ea5t trong h\u1ed9p ri\u00eang khi kh\u00f4ng d\u00f9ng<\/p>\n<p>Tham kh\u1ea3o th\u00eam https:\/\/www.wikihow.com\/Clean-Sterling-Silver<\/p>\n<p>L\u1eafc tay tr\u1ebb em kh\u00f4ng ch\u1ec9 l\u00e0 m\u00f3n ph\u1ee5 ki\u1ec7n \u0111\u00e1ng y\u00eau m\u00e0 c\u00f2n gi\u00fap l\u01b0u gi\u1eef nh\u1eefng kho\u1ea3nh kh\u1eafc tu\u1ed5i th\u01a1 th\u1eadt \u0111\u1eb9p. Thi\u1ebft k\u1ebf nh\u1ecf xinh v\u00e0 an to\u00e0n gi\u00fap b\u00e9 lu\u00f4n tho\u1ea3i m\u00e1i khi \u0111eo.<\/p>\n","protected":false},"excerpt":{"rendered":"<p>S\u1ef1 k\u1ebft h\u1ee3p gi\u1eefa ch\u1ea5t li\u1ec7u kim lo\u1ea1i cao c\u1ea5p v\u00e0 nh\u1eefng vi\u00ean \u0111\u00e1 l\u1ea5p l\u00e1nh t\u1ea1o n\u00ean m\u1ed9t tuy\u1ec7t t\u00e1c tr\u00ean c\u1ed5 tay b\u1ea1n. Chi\u1ebfc l\u1eafc tay n\u00e0y kh\u00f4ng ch\u1ec9 l\u00e0 trang s\u1ee9c m\u00e0 c\u00f2n l\u00e0 bi\u1ec3u t\u01b0\u1ee3ng c\u1ee7a gu th\u1ea9m m\u1ef9 \u0111\u1eb3ng c\u1ea5p, gi\u00fap b\u1ea1n t\u1ecfa s\u00e1ng r\u1ea1ng r\u1ee1 v\u00e0 sang tr\u1ecdng trong nh\u1eefng bu\u1ed5i ti\u1ec7c t\u1ed1i hay s\u1ef1 ki\u1ec7n quan tr\u1ecdng.<\/p>\n","protected":false},"featured_media":624,"comment_status":"open","ping_status":"closed","template":"","meta":[],"product_brand":[],"product_cat":[41],"product_tag":[],"class_list":{"0":"post-623","1":"product","2":"type-product","3":"status-publish","4":"has-post-thumbnail","6":"product_cat-lac-tay","8":"first","9":"instock","10":"sale","11":"shipping-taxable","12":"purchasable","13":"product-type-variable"},"yoast_head":"<!-- This site is optimized with the Yoast SEO plugin v26.8 - https:\/\/yoast.com\/product\/yoast-seo-wordpress\/ -->\n<title>L\u1eafc tay tr\u1ebb em - PN CHIC<\/title>\n<meta name=\"description\" content=\"L\u1eafc tay tr\u1ebb em mang v\u1ebb \u0111\u1eb9p d\u1ec5 th\u01b0\u01a1ng, an to\u00e0n v\u00e0 l\u00e0 m\u00f3n qu\u00e0 \u00fd ngh\u0129a cho b\u00e9 trong nh\u1eefng d\u1ecbp \u0111\u1eb7c bi\u1ec7t.\" \/>\n<meta name=\"robots\" content=\"index, follow, max-snippet:-1, max-image-preview:large, max-video-preview:-1\" \/>\n<link rel=\"canonical\" href=\"https:\/\/nhunhu.azdigi.shop\/?product=lac-tay-tre-em\" \/>\n<meta property=\"og:locale\" content=\"vi_VN\" \/>\n<meta property=\"og:type\" content=\"article\" \/>\n<meta property=\"og:title\" content=\"L\u1eafc tay tr\u1ebb em - PN CHIC\" \/>\n<meta property=\"og:description\" content=\"L\u1eafc tay tr\u1ebb em mang v\u1ebb \u0111\u1eb9p d\u1ec5 th\u01b0\u01a1ng, an to\u00e0n v\u00e0 l\u00e0 m\u00f3n qu\u00e0 \u00fd ngh\u0129a cho b\u00e9 trong nh\u1eefng d\u1ecbp \u0111\u1eb7c bi\u1ec7t.\" \/>\n<meta property=\"og:url\" content=\"https:\/\/nhunhu.azdigi.shop\/?product=lac-tay-tre-em\" \/>\n<meta property=\"og:site_name\" content=\"PN CHIC\" \/>\n<meta property=\"article:modified_time\" content=\"2026-04-12T03:47:42+00:00\" \/>\n<meta property=\"og:image\" content=\"https:\/\/nhunhu.azdigi.shop\/wp-content\/uploads\/2026\/03\/sp-gl0000y004623-lac-tay-tre-em-vang-10k-pnj-mickey-minnie-1.png\" \/>\n\t<meta property=\"og:image:width\" content=\"2000\" \/>\n\t<meta property=\"og:image:height\" content=\"2000\" \/>\n\t<meta property=\"og:image:type\" content=\"image\/png\" \/>\n<meta name=\"twitter:card\" content=\"summary_large_image\" \/>\n<meta name=\"twitter:label1\" content=\"\u01af\u1edbc t\u00ednh th\u1eddi gian \u0111\u1ecdc\" \/>\n\t<meta name=\"twitter:data1\" content=\"2 ph\u00fat\" \/>\n<script type=\"application\/ld+json\" class=\"yoast-schema-graph\">{\"@context\":\"https:\/\/schema.org\",\"@graph\":[{\"@type\":\"WebPage\",\"@id\":\"https:\/\/nhunhu.azdigi.shop\/?product=lac-tay-tre-em\",\"url\":\"https:\/\/nhunhu.azdigi.shop\/?product=lac-tay-tre-em\",\"name\":\"L\u1eafc tay tr\u1ebb em - PN CHIC\",\"isPartOf\":{\"@id\":\"https:\/\/nhunhu.azdigi.shop\/#website\"},\"primaryImageOfPage\":{\"@id\":\"https:\/\/nhunhu.azdigi.shop\/?product=lac-tay-tre-em#primaryimage\"},\"image\":{\"@id\":\"https:\/\/nhunhu.azdigi.shop\/?product=lac-tay-tre-em#primaryimage\"},\"thumbnailUrl\":\"https:\/\/nhunhu.azdigi.shop\/wp-content\/uploads\/2026\/03\/sp-gl0000y004623-lac-tay-tre-em-vang-10k-pnj-mickey-minnie-1.png\",\"datePublished\":\"2026-03-27T15:11:37+00:00\",\"dateModified\":\"2026-04-12T03:47:42+00:00\",\"description\":\"L\u1eafc tay tr\u1ebb em mang v\u1ebb \u0111\u1eb9p d\u1ec5 th\u01b0\u01a1ng, an to\u00e0n v\u00e0 l\u00e0 m\u00f3n qu\u00e0 \u00fd ngh\u0129a cho b\u00e9 trong nh\u1eefng d\u1ecbp \u0111\u1eb7c bi\u1ec7t.\",\"breadcrumb\":{\"@id\":\"https:\/\/nhunhu.azdigi.shop\/?product=lac-tay-tre-em#breadcrumb\"},\"inLanguage\":\"vi\",\"potentialAction\":[{\"@type\":\"ReadAction\",\"target\":[\"https:\/\/nhunhu.azdigi.shop\/?product=lac-tay-tre-em\"]}]},{\"@type\":\"ImageObject\",\"inLanguage\":\"vi\",\"@id\":\"https:\/\/nhunhu.azdigi.shop\/?product=lac-tay-tre-em#primaryimage\",\"url\":\"https:\/\/nhunhu.azdigi.shop\/wp-content\/uploads\/2026\/03\/sp-gl0000y004623-lac-tay-tre-em-vang-10k-pnj-mickey-minnie-1.png\",\"contentUrl\":\"https:\/\/nhunhu.azdigi.shop\/wp-content\/uploads\/2026\/03\/sp-gl0000y004623-lac-tay-tre-em-vang-10k-pnj-mickey-minnie-1.png\",\"width\":2000,\"height\":2000},{\"@type\":\"BreadcrumbList\",\"@id\":\"https:\/\/nhunhu.azdigi.shop\/?product=lac-tay-tre-em#breadcrumb\",\"itemListElement\":[{\"@type\":\"ListItem\",\"position\":1,\"name\":\"Trang ch\u1ee7\",\"item\":\"https:\/\/nhunhu.azdigi.shop\/\"},{\"@type\":\"ListItem\",\"position\":2,\"name\":\"Shop\",\"item\":\"https:\/\/nhunhu.azdigi.shop\/?page_id=85\"},{\"@type\":\"ListItem\",\"position\":3,\"name\":\"L\u1eafc tay tr\u1ebb em\"}]},{\"@type\":\"WebSite\",\"@id\":\"https:\/\/nhunhu.azdigi.shop\/#website\",\"url\":\"https:\/\/nhunhu.azdigi.shop\/\",\"name\":\"Ph\u1ee5 Ki\u1ec7n Nh\u1ecf - C\u00e1 T\u00ednh L\u1edbn\",\"description\":\"\",\"potentialAction\":[{\"@type\":\"SearchAction\",\"target\":{\"@type\":\"EntryPoint\",\"urlTemplate\":\"https:\/\/nhunhu.azdigi.shop\/?s={search_term_string}\"},\"query-input\":{\"@type\":\"PropertyValueSpecification\",\"valueRequired\":true,\"valueName\":\"search_term_string\"}}],\"inLanguage\":\"vi\"}]}<\/script>\n<!-- \/ Yoast SEO plugin. -->","yoast_head_json":{"title":"L\u1eafc tay tr\u1ebb em - PN CHIC","description":"L\u1eafc tay tr\u1ebb em mang v\u1ebb \u0111\u1eb9p d\u1ec5 th\u01b0\u01a1ng, an to\u00e0n v\u00e0 l\u00e0 m\u00f3n qu\u00e0 \u00fd ngh\u0129a cho b\u00e9 trong nh\u1eefng d\u1ecbp \u0111\u1eb7c bi\u1ec7t.","robots":{"index":"index","follow":"follow","max-snippet":"max-snippet:-1","max-image-preview":"max-image-preview:large","max-video-preview":"max-video-preview:-1"},"canonical":"https:\/\/nhunhu.azdigi.shop\/?product=lac-tay-tre-em","og_locale":"vi_VN","og_type":"article","og_title":"L\u1eafc tay tr\u1ebb em - PN CHIC","og_description":"L\u1eafc tay tr\u1ebb em mang v\u1ebb \u0111\u1eb9p d\u1ec5 th\u01b0\u01a1ng, an to\u00e0n v\u00e0 l\u00e0 m\u00f3n qu\u00e0 \u00fd ngh\u0129a cho b\u00e9 trong nh\u1eefng d\u1ecbp \u0111\u1eb7c bi\u1ec7t.","og_url":"https:\/\/nhunhu.azdigi.shop\/?product=lac-tay-tre-em","og_site_name":"PN CHIC","article_modified_time":"2026-04-12T03:47:42+00:00","og_image":[{"width":2000,"height":2000,"url":"https:\/\/nhunhu.azdigi.shop\/wp-content\/uploads\/2026\/03\/sp-gl0000y004623-lac-tay-tre-em-vang-10k-pnj-mickey-minnie-1.png","type":"image\/png"}],"twitter_card":"summary_large_image","twitter_misc":{"\u01af\u1edbc t\u00ednh th\u1eddi gian \u0111\u1ecdc":"2 ph\u00fat"},"schema":{"@context":"https:\/\/schema.org","@graph":[{"@type":"WebPage","@id":"https:\/\/nhunhu.azdigi.shop\/?product=lac-tay-tre-em","url":"https:\/\/nhunhu.azdigi.shop\/?product=lac-tay-tre-em","name":"L\u1eafc tay tr\u1ebb em - PN CHIC","isPartOf":{"@id":"https:\/\/nhunhu.azdigi.shop\/#website"},"primaryImageOfPage":{"@id":"https:\/\/nhunhu.azdigi.shop\/?product=lac-tay-tre-em#primaryimage"},"image":{"@id":"https:\/\/nhunhu.azdigi.shop\/?product=lac-tay-tre-em#primaryimage"},"thumbnailUrl":"https:\/\/nhunhu.azdigi.shop\/wp-content\/uploads\/2026\/03\/sp-gl0000y004623-lac-tay-tre-em-vang-10k-pnj-mickey-minnie-1.png","datePublished":"2026-03-27T15:11:37+00:00","dateModified":"2026-04-12T03:47:42+00:00","description":"L\u1eafc tay tr\u1ebb em mang v\u1ebb \u0111\u1eb9p d\u1ec5 th\u01b0\u01a1ng, an to\u00e0n v\u00e0 l\u00e0 m\u00f3n qu\u00e0 \u00fd ngh\u0129a cho b\u00e9 trong nh\u1eefng d\u1ecbp \u0111\u1eb7c bi\u1ec7t.","breadcrumb":{"@id":"https:\/\/nhunhu.azdigi.shop\/?product=lac-tay-tre-em#breadcrumb"},"inLanguage":"vi","potentialAction":[{"@type":"ReadAction","target":["https:\/\/nhunhu.azdigi.shop\/?product=lac-tay-tre-em"]}]},{"@type":"ImageObject","inLanguage":"vi","@id":"https:\/\/nhunhu.azdigi.shop\/?product=lac-tay-tre-em#primaryimage","url":"https:\/\/nhunhu.azdigi.shop\/wp-content\/uploads\/2026\/03\/sp-gl0000y004623-lac-tay-tre-em-vang-10k-pnj-mickey-minnie-1.png","contentUrl":"https:\/\/nhunhu.azdigi.shop\/wp-content\/uploads\/2026\/03\/sp-gl0000y004623-lac-tay-tre-em-vang-10k-pnj-mickey-minnie-1.png","width":2000,"height":2000},{"@type":"BreadcrumbList","@id":"https:\/\/nhunhu.azdigi.shop\/?product=lac-tay-tre-em#breadcrumb","itemListElement":[{"@type":"ListItem","position":1,"name":"Trang ch\u1ee7","item":"https:\/\/nhunhu.azdigi.shop\/"},{"@type":"ListItem","position":2,"name":"Shop","item":"https:\/\/nhunhu.azdigi.shop\/?page_id=85"},{"@type":"ListItem","position":3,"name":"L\u1eafc tay tr\u1ebb em"}]},{"@type":"WebSite","@id":"https:\/\/nhunhu.azdigi.shop\/#website","url":"https:\/\/nhunhu.azdigi.shop\/","name":"Ph\u1ee5 Ki\u1ec7n Nh\u1ecf - C\u00e1 T\u00ednh L\u1edbn","description":"","potentialAction":[{"@type":"SearchAction","target":{"@type":"EntryPoint","urlTemplate":"https:\/\/nhunhu.azdigi.shop\/?s={search_term_string}"},"query-input":{"@type":"PropertyValueSpecification","valueRequired":true,"valueName":"search_term_string"}}],"inLanguage":"vi"}]}},"_links":{"self":[{"href":"https:\/\/nhunhu.azdigi.shop\/index.php?rest_route=\/wp\/v2\/product\/623","targetHints":{"allow":["GET"]}}],"collection":[{"href":"https:\/\/nhunhu.azdigi.shop\/index.php?rest_route=\/wp\/v2\/product"}],"about":[{"href":"https:\/\/nhunhu.azdigi.shop\/index.php?rest_route=\/wp\/v2\/types\/product"}],"replies":[{"embeddable":true,"href":"https:\/\/nhunhu.azdigi.shop\/index.php?rest_route=%2Fwp%2Fv2%2Fcomments&post=623"}],"wp:featuredmedia":[{"embeddable":true,"href":"https:\/\/nhunhu.azdigi.shop\/index.php?rest_route=\/wp\/v2\/media\/624"}],"wp:attachment":[{"href":"https:\/\/nhunhu.azdigi.shop\/index.php?rest_route=%2Fwp%2Fv2%2Fmedia&parent=623"}],"wp:term":[{"taxonomy":"product_brand","embeddable":true,"href":"https:\/\/nhunhu.azdigi.shop\/index.php?rest_route=%2Fwp%2Fv2%2Fproduct_brand&post=623"},{"taxonomy":"product_cat","embeddable":true,"href":"https:\/\/nhunhu.azdigi.shop\/index.php?rest_route=%2Fwp%2Fv2%2Fproduct_cat&post=623"},{"taxonomy":"product_tag","embeddable":true,"href":"https:\/\/nhunhu.azdigi.shop\/index.php?rest_route=%2Fwp%2Fv2%2Fproduct_tag&post=623"}],"curies":[{"name":"wp","href":"https:\/\/api.w.org\/{rel}","templated":true}]}}