{"id":556,"date":"2026-03-27T06:48:14","date_gmt":"2026-03-27T06:48:14","guid":{"rendered":"https:\/\/nhunhu.azdigi.shop\/?post_type=product&#038;p=556"},"modified":"2026-04-12T03:56:35","modified_gmt":"2026-04-12T03:56:35","slug":"hoa-tai","status":"publish","type":"product","link":"https:\/\/nhunhu.azdigi.shop\/?product=hoa-tai","title":{"rendered":"Hoa Tay"},"content":{"rendered":"<p data-start=\"478\" data-end=\"766\">Hoa tai l\u00e0 m\u00f3n trang s\u1ee9c kh\u00f4ng th\u1ec3 thi\u1ebfu gi\u00fap g\u01b0\u01a1ng m\u1eb7t tr\u1edf n\u00ean s\u00e1ng h\u01a1n v\u00e0 t\u1ed5ng th\u1ec3 phong c\u00e1ch th\u00eam cu\u1ed1n h\u00fat. T\u1eeb nh\u1eefng m\u1eabu d\u00e1ng tr\u00f2n t\u1ed1i gi\u1ea3n, \u0111\u00ednh \u0111\u00e1 thanh l\u1ecbch cho \u0111\u1ebfn ki\u1ec3u th\u1ea3 d\u00e0i sang tr\u1ecdng lu\u00f4n l\u00e0 ph\u1ee5 ki\u1ec7n gi\u00fap ph\u00e1i \u0111\u1eb9p th\u1ec3 hi\u1ec7n gu th\u1ea9m m\u1ef9 ri\u00eang trong t\u1eebng kho\u1ea3nh kh\u1eafc.<\/p>\n<p data-start=\"768\" data-end=\"1014\">\u0111a d\u1ea1ng v\u1ec1 ch\u1ea5t li\u1ec7u nh\u01b0 b\u1ea1c, v\u00e0ng, v\u00e0ng tr\u1eafng ho\u1eb7c \u0111\u00ednh \u0111\u00e1 CZ, ng\u1ecdc trai v\u00e0 kim c\u01b0\u01a1ng. Nh\u1edd s\u1ef1 linh ho\u1ea1t trong thi\u1ebft k\u1ebf, m\u00f3n ph\u1ee5 ki\u1ec7n n\u00e0y ph\u00f9 h\u1ee3p t\u1eeb \u0111i h\u1ecdc, \u0111i l\u00e0m \u0111\u1ebfn d\u1ef1 ti\u1ec7c ho\u1eb7c l\u00e0m qu\u00e0 t\u1eb7ng cho ng\u01b0\u1eddi th\u00e2n y\u00eau.<\/p>\n<h3 data-section-id=\"jrsom0\" data-start=\"1021\" data-end=\"1052\"><strong>\u0110i\u1ec3m n\u1ed5i b\u1eadt\u00a0<\/strong><\/h3>\n<p>Gi\u00fap g\u01b0\u01a1ng m\u1eb7t s\u00e1ng v\u00e0 thanh tho\u00e1t<\/p>\n<p>D\u1ec5 ph\u1ed1i v\u1edbi d\u00e2y chuy\u1ec1n, nh\u1eabn<\/p>\n<p>C\u00f3 nhi\u1ec1u ki\u1ec3u t\u1eeb nh\u1eb9 nh\u00e0ng \u0111\u1ebfn sang tr\u1ecdng<\/p>\n<p>Ph\u00f9 h\u1ee3p m\u1ecdi \u0111\u1ed9 tu\u1ed5i<\/p>\n<h3 data-section-id=\"145jn8b\" data-start=\"1628\" data-end=\"1659\"><strong>V\u00ec sao n\u00ean ch\u1ecdn?<\/strong><\/h3>\n<p>D\u1ec5 thay \u0111\u1ed5i theo outfit<\/p>\n<p>T\u1ea1o \u0111i\u1ec3m nh\u1ea5n cho khu\u00f4n m\u1eb7t<\/p>\n<p>Ph\u00f9 h\u1ee3p qu\u00e0 t\u1eb7ng sinh nh\u1eadt<\/p>\n<p>Kh\u00f4ng bao gi\u1edd l\u1ed7i th\u1eddi<\/p>\n<h3 data-section-id=\"t4k6k2\" data-start=\"1884\" data-end=\"1904\"><strong>C\u00e1ch b\u1ea3o qu\u1ea3n<\/strong><\/h3>\n<p>Lau b\u1eb1ng kh\u0103n m\u1ec1m sau khi \u0111eo<\/p>\n<p>Tr\u00e1nh ti\u1ebfp x\u00fac n\u01b0\u1edbc hoa, h\u00f3a ch\u1ea5t<\/p>\n<p>C\u1ea5t trong h\u1ed9p ri\u00eang<\/p>\n<p>Kh\u00f4ng \u0111\u1ec3 l\u1eabn v\u1edbi ph\u1ee5 ki\u1ec7n s\u1eafc nh\u1ecdn<\/p>\n<p>Tham kh\u1ea3o th\u00eam https:\/\/www.wikihow.com\/Clean-Sterling-Silver<\/p>\n<p>M\u1ed9t \u0111\u00f4i hoa tai \u0111\u1eb9p kh\u00f4ng ch\u1ec9 l\u00e0m s\u00e1ng khu\u00f4n m\u1eb7t m\u00e0 c\u00f2n gi\u00fap phong c\u00e1ch tr\u1edf n\u00ean ch\u1ec9n chu v\u00e0 cu\u1ed1n h\u00fat h\u01a1n. \u0110\u00e2y l\u00e0 m\u00f3n ph\u1ee5 ki\u1ec7n nh\u1ecf nh\u01b0ng lu\u00f4n t\u1ea1o hi\u1ec7u \u1ee9ng th\u1eddi trang r\u1ea5t l\u1edbn.<\/p>\n","protected":false},"excerpt":{"rendered":"<p>M\u1ed9t \u0111\u00f4i hoa tay nh\u1ecf nh\u1eafn nh\u01b0ng s\u1edf h\u1eefu quy\u1ec1n n\u0103ng k\u1ef3 di\u1ec7u trong vi\u1ec7c \u0111\u1ecbnh h\u00ecnh \u0111\u01b0\u1eddng n\u00e9t v\u00e0 l\u00e0m b\u1eebng s\u00e1ng g\u01b0\u01a1ng m\u1eb7t. \u0110\u00e2y l\u00e0 m\u00f3n trang s\u1ee9c g\u1ea7n g\u01b0\u01a1ng m\u1eb7t nh\u1ea5t, gi\u00fap t\u00f4n vinh l\u00e0n da v\u00e0 th\u1ea7n th\u00e1i c\u1ee7a ph\u00e1i \u0111\u1eb9p m\u1ed9t c\u00e1ch tinh t\u1ebf nh\u1ea5t.<\/p>\n","protected":false},"featured_media":561,"comment_status":"open","ping_status":"closed","template":"","meta":[],"product_brand":[],"product_cat":[45],"product_tag":[],"class_list":{"0":"post-556","1":"product","2":"type-product","3":"status-publish","4":"has-post-thumbnail","6":"product_cat-hoa-tay","8":"first","9":"instock","10":"shipping-taxable","11":"purchasable","12":"product-type-variable"},"yoast_head":"<!-- This site is optimized with the Yoast SEO plugin v26.8 - https:\/\/yoast.com\/product\/yoast-seo-wordpress\/ -->\n<title>Hoa Tay - PN CHIC<\/title>\n<meta name=\"description\" content=\"Hoa tai l\u00e0 m\u00f3n trang s\u1ee9c tinh t\u1ebf gi\u00fap g\u01b0\u01a1ng m\u1eb7t n\u1ed5i b\u1eadt, d\u1ec5 ph\u1ed1i v\u1edbi nhi\u1ec1u phong c\u00e1ch t\u1eeb h\u1eb1ng ng\u00e0y \u0111\u1ebfn d\u1ef1 ti\u1ec7c.\" \/>\n<meta name=\"robots\" content=\"index, follow, max-snippet:-1, max-image-preview:large, max-video-preview:-1\" \/>\n<link rel=\"canonical\" href=\"https:\/\/nhunhu.azdigi.shop\/?product=hoa-tai\" \/>\n<meta property=\"og:locale\" content=\"vi_VN\" \/>\n<meta property=\"og:type\" content=\"article\" \/>\n<meta property=\"og:title\" content=\"Hoa Tay - PN CHIC\" \/>\n<meta property=\"og:description\" content=\"Hoa tai l\u00e0 m\u00f3n trang s\u1ee9c tinh t\u1ebf gi\u00fap g\u01b0\u01a1ng m\u1eb7t n\u1ed5i b\u1eadt, d\u1ec5 ph\u1ed1i v\u1edbi nhi\u1ec1u phong c\u00e1ch t\u1eeb h\u1eb1ng ng\u00e0y \u0111\u1ebfn d\u1ef1 ti\u1ec7c.\" \/>\n<meta property=\"og:url\" content=\"https:\/\/nhunhu.azdigi.shop\/?product=hoa-tai\" \/>\n<meta property=\"og:site_name\" content=\"PN CHIC\" \/>\n<meta property=\"article:modified_time\" content=\"2026-04-12T03:56:35+00:00\" \/>\n<meta property=\"og:image\" content=\"https:\/\/nhunhu.azdigi.shop\/wp-content\/uploads\/2026\/03\/asp.jpg\" \/>\n\t<meta property=\"og:image:width\" content=\"1024\" \/>\n\t<meta property=\"og:image:height\" content=\"1024\" \/>\n\t<meta property=\"og:image:type\" content=\"image\/jpeg\" \/>\n<meta name=\"twitter:card\" content=\"summary_large_image\" \/>\n<meta name=\"twitter:label1\" content=\"\u01af\u1edbc t\u00ednh th\u1eddi gian \u0111\u1ecdc\" \/>\n\t<meta name=\"twitter:data1\" content=\"2 ph\u00fat\" \/>\n<script type=\"application\/ld+json\" class=\"yoast-schema-graph\">{\"@context\":\"https:\/\/schema.org\",\"@graph\":[{\"@type\":\"WebPage\",\"@id\":\"https:\/\/nhunhu.azdigi.shop\/?product=hoa-tai\",\"url\":\"https:\/\/nhunhu.azdigi.shop\/?product=hoa-tai\",\"name\":\"Hoa Tay - PN CHIC\",\"isPartOf\":{\"@id\":\"https:\/\/nhunhu.azdigi.shop\/#website\"},\"primaryImageOfPage\":{\"@id\":\"https:\/\/nhunhu.azdigi.shop\/?product=hoa-tai#primaryimage\"},\"image\":{\"@id\":\"https:\/\/nhunhu.azdigi.shop\/?product=hoa-tai#primaryimage\"},\"thumbnailUrl\":\"https:\/\/nhunhu.azdigi.shop\/wp-content\/uploads\/2026\/03\/asp.jpg\",\"datePublished\":\"2026-03-27T06:48:14+00:00\",\"dateModified\":\"2026-04-12T03:56:35+00:00\",\"description\":\"Hoa tai l\u00e0 m\u00f3n trang s\u1ee9c tinh t\u1ebf gi\u00fap g\u01b0\u01a1ng m\u1eb7t n\u1ed5i b\u1eadt, d\u1ec5 ph\u1ed1i v\u1edbi nhi\u1ec1u phong c\u00e1ch t\u1eeb h\u1eb1ng ng\u00e0y \u0111\u1ebfn d\u1ef1 ti\u1ec7c.\",\"breadcrumb\":{\"@id\":\"https:\/\/nhunhu.azdigi.shop\/?product=hoa-tai#breadcrumb\"},\"inLanguage\":\"vi\",\"potentialAction\":[{\"@type\":\"ReadAction\",\"target\":[\"https:\/\/nhunhu.azdigi.shop\/?product=hoa-tai\"]}]},{\"@type\":\"ImageObject\",\"inLanguage\":\"vi\",\"@id\":\"https:\/\/nhunhu.azdigi.shop\/?product=hoa-tai#primaryimage\",\"url\":\"https:\/\/nhunhu.azdigi.shop\/wp-content\/uploads\/2026\/03\/asp.jpg\",\"contentUrl\":\"https:\/\/nhunhu.azdigi.shop\/wp-content\/uploads\/2026\/03\/asp.jpg\",\"width\":1024,\"height\":1024},{\"@type\":\"BreadcrumbList\",\"@id\":\"https:\/\/nhunhu.azdigi.shop\/?product=hoa-tai#breadcrumb\",\"itemListElement\":[{\"@type\":\"ListItem\",\"position\":1,\"name\":\"Trang ch\u1ee7\",\"item\":\"https:\/\/nhunhu.azdigi.shop\/\"},{\"@type\":\"ListItem\",\"position\":2,\"name\":\"Shop\",\"item\":\"https:\/\/nhunhu.azdigi.shop\/?page_id=85\"},{\"@type\":\"ListItem\",\"position\":3,\"name\":\"Hoa Tay\"}]},{\"@type\":\"WebSite\",\"@id\":\"https:\/\/nhunhu.azdigi.shop\/#website\",\"url\":\"https:\/\/nhunhu.azdigi.shop\/\",\"name\":\"Ph\u1ee5 Ki\u1ec7n Nh\u1ecf - C\u00e1 T\u00ednh L\u1edbn\",\"description\":\"\",\"potentialAction\":[{\"@type\":\"SearchAction\",\"target\":{\"@type\":\"EntryPoint\",\"urlTemplate\":\"https:\/\/nhunhu.azdigi.shop\/?s={search_term_string}\"},\"query-input\":{\"@type\":\"PropertyValueSpecification\",\"valueRequired\":true,\"valueName\":\"search_term_string\"}}],\"inLanguage\":\"vi\"}]}<\/script>\n<!-- \/ Yoast SEO plugin. -->","yoast_head_json":{"title":"Hoa Tay - PN CHIC","description":"Hoa tai l\u00e0 m\u00f3n trang s\u1ee9c tinh t\u1ebf gi\u00fap g\u01b0\u01a1ng m\u1eb7t n\u1ed5i b\u1eadt, d\u1ec5 ph\u1ed1i v\u1edbi nhi\u1ec1u phong c\u00e1ch t\u1eeb h\u1eb1ng ng\u00e0y \u0111\u1ebfn d\u1ef1 ti\u1ec7c.","robots":{"index":"index","follow":"follow","max-snippet":"max-snippet:-1","max-image-preview":"max-image-preview:large","max-video-preview":"max-video-preview:-1"},"canonical":"https:\/\/nhunhu.azdigi.shop\/?product=hoa-tai","og_locale":"vi_VN","og_type":"article","og_title":"Hoa Tay - PN CHIC","og_description":"Hoa tai l\u00e0 m\u00f3n trang s\u1ee9c tinh t\u1ebf gi\u00fap g\u01b0\u01a1ng m\u1eb7t n\u1ed5i b\u1eadt, d\u1ec5 ph\u1ed1i v\u1edbi nhi\u1ec1u phong c\u00e1ch t\u1eeb h\u1eb1ng ng\u00e0y \u0111\u1ebfn d\u1ef1 ti\u1ec7c.","og_url":"https:\/\/nhunhu.azdigi.shop\/?product=hoa-tai","og_site_name":"PN CHIC","article_modified_time":"2026-04-12T03:56:35+00:00","og_image":[{"width":1024,"height":1024,"url":"https:\/\/nhunhu.azdigi.shop\/wp-content\/uploads\/2026\/03\/asp.jpg","type":"image\/jpeg"}],"twitter_card":"summary_large_image","twitter_misc":{"\u01af\u1edbc t\u00ednh th\u1eddi gian \u0111\u1ecdc":"2 ph\u00fat"},"schema":{"@context":"https:\/\/schema.org","@graph":[{"@type":"WebPage","@id":"https:\/\/nhunhu.azdigi.shop\/?product=hoa-tai","url":"https:\/\/nhunhu.azdigi.shop\/?product=hoa-tai","name":"Hoa Tay - PN CHIC","isPartOf":{"@id":"https:\/\/nhunhu.azdigi.shop\/#website"},"primaryImageOfPage":{"@id":"https:\/\/nhunhu.azdigi.shop\/?product=hoa-tai#primaryimage"},"image":{"@id":"https:\/\/nhunhu.azdigi.shop\/?product=hoa-tai#primaryimage"},"thumbnailUrl":"https:\/\/nhunhu.azdigi.shop\/wp-content\/uploads\/2026\/03\/asp.jpg","datePublished":"2026-03-27T06:48:14+00:00","dateModified":"2026-04-12T03:56:35+00:00","description":"Hoa tai l\u00e0 m\u00f3n trang s\u1ee9c tinh t\u1ebf gi\u00fap g\u01b0\u01a1ng m\u1eb7t n\u1ed5i b\u1eadt, d\u1ec5 ph\u1ed1i v\u1edbi nhi\u1ec1u phong c\u00e1ch t\u1eeb h\u1eb1ng ng\u00e0y \u0111\u1ebfn d\u1ef1 ti\u1ec7c.","breadcrumb":{"@id":"https:\/\/nhunhu.azdigi.shop\/?product=hoa-tai#breadcrumb"},"inLanguage":"vi","potentialAction":[{"@type":"ReadAction","target":["https:\/\/nhunhu.azdigi.shop\/?product=hoa-tai"]}]},{"@type":"ImageObject","inLanguage":"vi","@id":"https:\/\/nhunhu.azdigi.shop\/?product=hoa-tai#primaryimage","url":"https:\/\/nhunhu.azdigi.shop\/wp-content\/uploads\/2026\/03\/asp.jpg","contentUrl":"https:\/\/nhunhu.azdigi.shop\/wp-content\/uploads\/2026\/03\/asp.jpg","width":1024,"height":1024},{"@type":"BreadcrumbList","@id":"https:\/\/nhunhu.azdigi.shop\/?product=hoa-tai#breadcrumb","itemListElement":[{"@type":"ListItem","position":1,"name":"Trang ch\u1ee7","item":"https:\/\/nhunhu.azdigi.shop\/"},{"@type":"ListItem","position":2,"name":"Shop","item":"https:\/\/nhunhu.azdigi.shop\/?page_id=85"},{"@type":"ListItem","position":3,"name":"Hoa Tay"}]},{"@type":"WebSite","@id":"https:\/\/nhunhu.azdigi.shop\/#website","url":"https:\/\/nhunhu.azdigi.shop\/","name":"Ph\u1ee5 Ki\u1ec7n Nh\u1ecf - C\u00e1 T\u00ednh L\u1edbn","description":"","potentialAction":[{"@type":"SearchAction","target":{"@type":"EntryPoint","urlTemplate":"https:\/\/nhunhu.azdigi.shop\/?s={search_term_string}"},"query-input":{"@type":"PropertyValueSpecification","valueRequired":true,"valueName":"search_term_string"}}],"inLanguage":"vi"}]}},"_links":{"self":[{"href":"https:\/\/nhunhu.azdigi.shop\/index.php?rest_route=\/wp\/v2\/product\/556","targetHints":{"allow":["GET"]}}],"collection":[{"href":"https:\/\/nhunhu.azdigi.shop\/index.php?rest_route=\/wp\/v2\/product"}],"about":[{"href":"https:\/\/nhunhu.azdigi.shop\/index.php?rest_route=\/wp\/v2\/types\/product"}],"replies":[{"embeddable":true,"href":"https:\/\/nhunhu.azdigi.shop\/index.php?rest_route=%2Fwp%2Fv2%2Fcomments&post=556"}],"wp:featuredmedia":[{"embeddable":true,"href":"https:\/\/nhunhu.azdigi.shop\/index.php?rest_route=\/wp\/v2\/media\/561"}],"wp:attachment":[{"href":"https:\/\/nhunhu.azdigi.shop\/index.php?rest_route=%2Fwp%2Fv2%2Fmedia&parent=556"}],"wp:term":[{"taxonomy":"product_brand","embeddable":true,"href":"https:\/\/nhunhu.azdigi.shop\/index.php?rest_route=%2Fwp%2Fv2%2Fproduct_brand&post=556"},{"taxonomy":"product_cat","embeddable":true,"href":"https:\/\/nhunhu.azdigi.shop\/index.php?rest_route=%2Fwp%2Fv2%2Fproduct_cat&post=556"},{"taxonomy":"product_tag","embeddable":true,"href":"https:\/\/nhunhu.azdigi.shop\/index.php?rest_route=%2Fwp%2Fv2%2Fproduct_tag&post=556"}],"curies":[{"name":"wp","href":"https:\/\/api.w.org\/{rel}","templated":true}]}}