{"id":889,"date":"2026-03-29T03:25:09","date_gmt":"2026-03-29T03:25:09","guid":{"rendered":"https:\/\/nhunhu.azdigi.shop\/?page_id=889"},"modified":"2026-03-29T05:11:52","modified_gmt":"2026-03-29T05:11:52","slug":"dia-chi","status":"publish","type":"page","link":"https:\/\/nhunhu.azdigi.shop\/?page_id=889","title":{"rendered":"\u0110\u1ecba Ch\u1ec9"},"content":{"rendered":"<p><iframe src=\"https:\/\/www.google.com\/maps\/embed?pb=!1m18!1m12!1m3!1d3919.289976623548!2d106.66799407481824!3d10.789088389360485!2m3!1f0!2f0!3f0!3m2!1i1024!2i768!4f13.1!3m3!1m2!1s0x31752f0073d4d127%3A0xc1b20695e8ae6ec1!2zSOG7jWMgdmnhu4duIFF1w710IE5haWw!5e0!3m2!1svi!2s!4v1774753403993!5m2!1svi!2s\" width=\"600\" height=\"450\" style=\"border:0;\" allowfullscreen=\"\" loading=\"lazy\" referrerpolicy=\"no-referrer-when-downgrade\"><\/iframe><br \/>\n\t<div id=\"text-2014164096\" class=\"text\">\n\t\t\n<p>WHERE ELEGANCE BEGINS<br \/>\n\t\t\n<style>\n#text-2014164096 {\n  font-size: 1.7rem;\n  text-align: center;\n  color: #e13b3b;\n}\n#text-2014164096 > * {\n  color: #e13b3b;\n}\n<\/style>\n\t<\/div>\n\t\n\t<div id=\"gap-394836092\" class=\"gap-element clearfix\" style=\"display:block; height:auto;\">\n\t\t\n<style>\n#gap-394836092 {\n  padding-top: 10px;\n}\n<\/style>\n\t<\/div>\n\t\n\t<div id=\"text-2471257532\" class=\"text\">\n\t\t\n<p>Hotline: 0777.070.872<br \/>\n\t\t\n<style>\n#text-2471257532 {\n  line-height: 2.1;\n  text-align: center;\n  color: rgb(0,0,0);\n}\n#text-2471257532 > * {\n  color: rgb(0,0,0);\n}\n<\/style>\n\t<\/div>\n\t\n\t<div id=\"text-2721044460\" class=\"text\">\n\t\t\n<p>Email: PNCHIC1@gmail.com<br \/>\n\t\t\n<style>\n#text-2721044460 {\n  text-align: center;\n  color: rgb(0,0,0);\n}\n#text-2721044460 > * {\n  color: rgb(0,0,0);\n}\n<\/style>\n\t<\/div>\n\t\n\t<div id=\"text-2439244158\" class=\"text\">\n\t\t\n<p>H\u00e3y ch\u1ecdn cho m\u00ecnh 1 th\u01b0\u01a1ng hi\u1ec7u trang s\u1ee9c b\u1ea1c 925 uy t\u00edn v\u00e0 l\u00e2u \u0111\u1eddi \u0111\u1ec3 lu\u00f4n ch\u1eafc r\u1eb1ng trang s\u1ee9c c\u1ee7a b\u1ea1n \u0111\u01b0\u1ee3c b\u1ea3o h\u00e0nh tr\u1eafng s\u00e1ng MI\u1ec4N PH\u00cd V\u0128NH VI\u1ec4N.<br \/>\n\t\t\n<style>\n#text-2439244158 {\n  color: rgb(0,0,0);\n}\n#text-2439244158 > * {\n  color: rgb(0,0,0);\n}\n<\/style>\n\t<\/div>\n\t\n\t<div id=\"text-630019375\" class=\"text\">\n\t\t\n<p>UY T\u00cdN \u0111\u1eb7t l\u00ean H\u00c0NG \u0110\u1ea6U  \u2013 kh\u00e1ch h\u00e0i l\u00f2ng m\u1edbi l\u00e0 M\u1ee4C TI\u00caU  c\u1ee7a shop.<br \/>\n\t\t\n<style>\n#text-630019375 {\n  color: rgb(0,0,0);\n}\n#text-630019375 > * {\n  color: rgb(0,0,0);\n}\n<\/style>\n\t<\/div>\n\t\n\t<div id=\"text-3331343949\" class=\"text\">\n\t\t\n<p>Shop CAM K\u1ebeT S\u1ea2N PH\u1ea8M gi\u1ed1ng h\u00ecnh 100%, n\u00f3i kh\u00f4ng v\u1edbi h\u00e0ng k\u00e9m ch\u1ea5t l\u01b0\u1ee3ng.<br \/>\n\t\t\n<style>\n#text-3331343949 {\n  color: rgb(0,0,0);\n}\n#text-3331343949 > * {\n  color: rgb(0,0,0);\n}\n<\/style>\n\t<\/div>\n\t\n\t<div id=\"text-53082257\" class=\"text\">\n\t\t\n<p>Mua m\u1ed9t l\u1ea7n l\u00e0 Y\u00caN T\u00c2M quay l\u1ea1i.<br \/>\n\t\t\n<style>\n#text-53082257 {\n  color: rgb(0,0,0);\n}\n#text-53082257 > * {\n  color: rgb(0,0,0);\n}\n<\/style>\n\t<\/div>\n\t\n\t<div id=\"text-4211723887\" class=\"text\">\n\t\t\n<p>HO\u00c0N TI\u1ec0N G\u1ea4P 3 L\u1ea6N n\u1ebfu b\u1ea1c kh\u00f4ng \u0111\u1ee7 ti\u00eau chu\u1ea9n 925, h\u1ed7 tr\u1ee3 kh\u00e1ch ki\u1ec3m \u0111\u1ecbnh (t\u00ednh ph\u00ed).<br \/>\n\t\t\n<style>\n#text-4211723887 {\n  color: rgb(0,0,0);\n}\n#text-4211723887 > * {\n  color: rgb(0,0,0);\n}\n<\/style>\n\t<\/div>\n\t\n","protected":false},"excerpt":{"rendered":"","protected":false},"author":1,"featured_media":0,"parent":0,"menu_order":0,"comment_status":"closed","ping_status":"closed","template":"","meta":{"footnotes":""},"class_list":["post-889","page","type-page","status-publish","hentry"],"yoast_head":"<!-- This site is optimized with the Yoast SEO plugin v26.8 - https:\/\/yoast.com\/product\/yoast-seo-wordpress\/ -->\n<title>\u0110\u1ecba Ch\u1ec9 - PN CHIC<\/title>\n<meta name=\"robots\" content=\"index, follow, max-snippet:-1, max-image-preview:large, max-video-preview:-1\" \/>\n<link rel=\"canonical\" href=\"https:\/\/nhunhu.azdigi.shop\/?page_id=889\" \/>\n<meta property=\"og:locale\" content=\"vi_VN\" \/>\n<meta property=\"og:type\" content=\"article\" \/>\n<meta property=\"og:title\" content=\"\u0110\u1ecba Ch\u1ec9 - PN CHIC\" \/>\n<meta property=\"og:url\" content=\"https:\/\/nhunhu.azdigi.shop\/?page_id=889\" \/>\n<meta property=\"og:site_name\" content=\"PN CHIC\" \/>\n<meta property=\"article:modified_time\" content=\"2026-03-29T05:11:52+00:00\" \/>\n<meta name=\"twitter:card\" content=\"summary_large_image\" \/>\n<script type=\"application\/ld+json\" class=\"yoast-schema-graph\">{\"@context\":\"https:\/\/schema.org\",\"@graph\":[{\"@type\":\"WebPage\",\"@id\":\"https:\/\/nhunhu.azdigi.shop\/?page_id=889\",\"url\":\"https:\/\/nhunhu.azdigi.shop\/?page_id=889\",\"name\":\"\u0110\u1ecba Ch\u1ec9 - PN CHIC\",\"isPartOf\":{\"@id\":\"https:\/\/nhunhu.azdigi.shop\/#website\"},\"datePublished\":\"2026-03-29T03:25:09+00:00\",\"dateModified\":\"2026-03-29T05:11:52+00:00\",\"breadcrumb\":{\"@id\":\"https:\/\/nhunhu.azdigi.shop\/?page_id=889#breadcrumb\"},\"inLanguage\":\"vi\",\"potentialAction\":[{\"@type\":\"ReadAction\",\"target\":[\"https:\/\/nhunhu.azdigi.shop\/?page_id=889\"]}]},{\"@type\":\"BreadcrumbList\",\"@id\":\"https:\/\/nhunhu.azdigi.shop\/?page_id=889#breadcrumb\",\"itemListElement\":[{\"@type\":\"ListItem\",\"position\":1,\"name\":\"Trang ch\u1ee7\",\"item\":\"https:\/\/nhunhu.azdigi.shop\/\"},{\"@type\":\"ListItem\",\"position\":2,\"name\":\"\u0110\u1ecba Ch\u1ec9\"}]},{\"@type\":\"WebSite\",\"@id\":\"https:\/\/nhunhu.azdigi.shop\/#website\",\"url\":\"https:\/\/nhunhu.azdigi.shop\/\",\"name\":\"Ph\u1ee5 Ki\u1ec7n Nh\u1ecf - C\u00e1 T\u00ednh L\u1edbn\",\"description\":\"\",\"potentialAction\":[{\"@type\":\"SearchAction\",\"target\":{\"@type\":\"EntryPoint\",\"urlTemplate\":\"https:\/\/nhunhu.azdigi.shop\/?s={search_term_string}\"},\"query-input\":{\"@type\":\"PropertyValueSpecification\",\"valueRequired\":true,\"valueName\":\"search_term_string\"}}],\"inLanguage\":\"vi\"}]}<\/script>\n<!-- \/ Yoast SEO plugin. -->","yoast_head_json":{"title":"\u0110\u1ecba Ch\u1ec9 - PN CHIC","robots":{"index":"index","follow":"follow","max-snippet":"max-snippet:-1","max-image-preview":"max-image-preview:large","max-video-preview":"max-video-preview:-1"},"canonical":"https:\/\/nhunhu.azdigi.shop\/?page_id=889","og_locale":"vi_VN","og_type":"article","og_title":"\u0110\u1ecba Ch\u1ec9 - PN CHIC","og_url":"https:\/\/nhunhu.azdigi.shop\/?page_id=889","og_site_name":"PN CHIC","article_modified_time":"2026-03-29T05:11:52+00:00","twitter_card":"summary_large_image","schema":{"@context":"https:\/\/schema.org","@graph":[{"@type":"WebPage","@id":"https:\/\/nhunhu.azdigi.shop\/?page_id=889","url":"https:\/\/nhunhu.azdigi.shop\/?page_id=889","name":"\u0110\u1ecba Ch\u1ec9 - PN CHIC","isPartOf":{"@id":"https:\/\/nhunhu.azdigi.shop\/#website"},"datePublished":"2026-03-29T03:25:09+00:00","dateModified":"2026-03-29T05:11:52+00:00","breadcrumb":{"@id":"https:\/\/nhunhu.azdigi.shop\/?page_id=889#breadcrumb"},"inLanguage":"vi","potentialAction":[{"@type":"ReadAction","target":["https:\/\/nhunhu.azdigi.shop\/?page_id=889"]}]},{"@type":"BreadcrumbList","@id":"https:\/\/nhunhu.azdigi.shop\/?page_id=889#breadcrumb","itemListElement":[{"@type":"ListItem","position":1,"name":"Trang ch\u1ee7","item":"https:\/\/nhunhu.azdigi.shop\/"},{"@type":"ListItem","position":2,"name":"\u0110\u1ecba Ch\u1ec9"}]},{"@type":"WebSite","@id":"https:\/\/nhunhu.azdigi.shop\/#website","url":"https:\/\/nhunhu.azdigi.shop\/","name":"Ph\u1ee5 Ki\u1ec7n Nh\u1ecf - C\u00e1 T\u00ednh L\u1edbn","description":"","potentialAction":[{"@type":"SearchAction","target":{"@type":"EntryPoint","urlTemplate":"https:\/\/nhunhu.azdigi.shop\/?s={search_term_string}"},"query-input":{"@type":"PropertyValueSpecification","valueRequired":true,"valueName":"search_term_string"}}],"inLanguage":"vi"}]}},"_links":{"self":[{"href":"https:\/\/nhunhu.azdigi.shop\/index.php?rest_route=\/wp\/v2\/pages\/889","targetHints":{"allow":["GET"]}}],"collection":[{"href":"https:\/\/nhunhu.azdigi.shop\/index.php?rest_route=\/wp\/v2\/pages"}],"about":[{"href":"https:\/\/nhunhu.azdigi.shop\/index.php?rest_route=\/wp\/v2\/types\/page"}],"author":[{"embeddable":true,"href":"https:\/\/nhunhu.azdigi.shop\/index.php?rest_route=\/wp\/v2\/users\/1"}],"replies":[{"embeddable":true,"href":"https:\/\/nhunhu.azdigi.shop\/index.php?rest_route=%2Fwp%2Fv2%2Fcomments&post=889"}],"version-history":[{"count":5,"href":"https:\/\/nhunhu.azdigi.shop\/index.php?rest_route=\/wp\/v2\/pages\/889\/revisions"}],"predecessor-version":[{"id":905,"href":"https:\/\/nhunhu.azdigi.shop\/index.php?rest_route=\/wp\/v2\/pages\/889\/revisions\/905"}],"wp:attachment":[{"href":"https:\/\/nhunhu.azdigi.shop\/index.php?rest_route=%2Fwp%2Fv2%2Fmedia&parent=889"}],"curies":[{"name":"wp","href":"https:\/\/api.w.org\/{rel}","templated":true}]}}