{"id":457,"date":"2026-03-10T14:07:52","date_gmt":"2026-03-10T14:07:52","guid":{"rendered":"https:\/\/nhunhu.azdigi.shop\/?page_id=457"},"modified":"2026-04-10T10:48:07","modified_gmt":"2026-04-10T10:48:07","slug":"dong-ho-nam","status":"publish","type":"page","link":"https:\/\/nhunhu.azdigi.shop\/?page_id=457","title":{"rendered":"\u0110\u1ed3ng h\u1ed3 nam"},"content":{"rendered":"            <div class=\"row\"><div class=\"large-12 col\">\n          <div style=\"background-color:#FFF;\" class=\"slider flipContainer slider-nav-circle slide box-shadow-2\"\n            data-flickity-options='{\n              \"cellAlign\": \"center\",\n              \"wrapAround\": true,\n              \"percentPosition\": true,\n              \"imagesLoaded\": true,\n              \"pageDots\": true,\n              \"contain\": true\n          }'>\n                        <div class=\"slide\" style=\"background-color:#FFF;\">  <div class=\"row row-collapse align-middle flip-slide\" style=\"width:100%\">\n        <div class=\"large-6 col flip-page-one\">\n        <div class=\"featured-product col-inner\">\n          <a href=\"https:\/\/nhunhu.azdigi.shop\/?product=dong-ho-citizen-nam\">\n                <div class=\"product-image relative\">\n                   <div class=\"front-image\">\n                    <img loading=\"lazy\" decoding=\"async\" width=\"600\" height=\"600\" src=\"https:\/\/nhunhu.azdigi.shop\/wp-content\/uploads\/2026\/03\/dhnn-600x600.png\" class=\"attachment-woocommerce_single size-woocommerce_single wp-post-image\" alt=\"\" srcset=\"https:\/\/nhunhu.azdigi.shop\/wp-content\/uploads\/2026\/03\/dhnn-600x600.png 600w, https:\/\/nhunhu.azdigi.shop\/wp-content\/uploads\/2026\/03\/dhnn-300x300.png 300w, https:\/\/nhunhu.azdigi.shop\/wp-content\/uploads\/2026\/03\/dhnn-1024x1024.png 1024w, https:\/\/nhunhu.azdigi.shop\/wp-content\/uploads\/2026\/03\/dhnn-150x150.png 150w, https:\/\/nhunhu.azdigi.shop\/wp-content\/uploads\/2026\/03\/dhnn-768x768.png 768w, https:\/\/nhunhu.azdigi.shop\/wp-content\/uploads\/2026\/03\/dhnn-1536x1536.png 1536w, https:\/\/nhunhu.azdigi.shop\/wp-content\/uploads\/2026\/03\/dhnn-100x100.png 100w, https:\/\/nhunhu.azdigi.shop\/wp-content\/uploads\/2026\/03\/dhnn.png 2000w\" sizes=\"auto, (max-width: 600px) 100vw, 600px\" \/>                  <\/div>\n                  \n<div class=\"badge-container absolute left top z-1\">\n\t\t<div class=\"callout badge badge-circle\"><div class=\"badge-inner secondary on-sale\"><span class=\"onsale\">Gi\u1ea3m gi\u00e1!<\/span><\/div><\/div>\n<\/div>\n                <\/div>\n          <\/a>\n        <\/div>\n        <\/div>\n       <div class=\"large-6 col flip-page-two\">\n        <div class=\"product-info col-inner inner-padding\">\n              <h1 class=\"entry-title\"><a href=\"https:\/\/nhunhu.azdigi.shop\/?product=dong-ho-citizen-nam\">\u0110\u1ed3ng H\u1ed3 Citizen Nam<\/a><\/h1>\n              <div class=\"is-divider medium\"><\/div>\n              <div class=\"price-wrapper\">\n\t<p class=\"price product-page-price price-on-sale\">\n  <span class=\"woocommerce-Price-amount amount\" aria-hidden=\"true\"><bdi><span class=\"woocommerce-Price-currencySymbol\">&#8363;<\/span>6,185,000<\/bdi><\/span> <span aria-hidden=\"true\">&ndash;<\/span> <span class=\"woocommerce-Price-amount amount\" aria-hidden=\"true\"><bdi><span class=\"woocommerce-Price-currencySymbol\">&#8363;<\/span>6,750,000<\/bdi><\/span><span class=\"screen-reader-text\">Kho\u1ea3ng gi\u00e1: t\u1eeb &#8363;6,185,000 \u0111\u1ebfn &#8363;6,750,000<\/span><\/p>\n<\/div>\n<div class=\"product-short-description\">\n\t<p>D\u00e0nh cho nh\u1eefng t\u00e2m h\u1ed3n y\u00eau th\u00edch s\u1ef1 d\u1ecbch chuy\u1ec3n v\u00e0 kh\u00e1m ph\u00e1. Nh\u1eefng m\u1eabu \u0111\u1ed3ng h\u1ed3 v\u1edbi thi\u1ebft k\u1ebf th\u1ec3 thao m\u1ea1nh m\u1ebd, kh\u1ea3 n\u0103ng ch\u1ed1ng n\u01b0\u1edbc \u01b0u vi\u1ec7t v\u00e0 t\u00edch h\u1ee3p nhi\u1ec1u t\u00ednh n\u0103ng th\u00f4ng minh s\u1ebd c\u00f9ng b\u1ea1n chinh ph\u1ee5c m\u1ecdi th\u1eed th\u00e1ch. D\u00f9 l\u00e0 ph\u00f2ng t\u1eadp gym hay nh\u1eefng chuy\u1ebfn \u0111i ph\u01b0\u1ee3t, th\u1eddi gian lu\u00f4n n\u1eb1m trong t\u1ea7m ki\u1ec3m so\u00e1t c\u1ee7a b\u1ea1n.<\/p>\n<\/div>\n<div class=\"product_meta\">\n\n\t\n\t\n\t\t<span class=\"sku_wrapper\">SKU: <span class=\"sku\">Kh\u00f4ng \u00e1p d\u1ee5ng<\/span><\/span>\n\n\t\n\t<span class=\"posted_in\">Danh m\u1ee5c: <a href=\"https:\/\/nhunhu.azdigi.shop\/?product_cat=dong-ho-nam\" rel=\"tag\">\u0111\u1ed3ng h\u1ed3 nam<\/a><\/span>\n\t\n\t\n<\/div>\n              <a href=\"https:\/\/nhunhu.azdigi.shop\/?product=dong-ho-citizen-nam\" class=\"button\">\u0110\u1ecdc ti\u1ebfp<\/a>\n         <\/div>\n        <\/div>\n<\/div>\n<\/div>\n                    <\/div>\n          <\/div><\/div>\n          \n\n  \n    <div class=\"row large-columns-4 medium-columns-3 small-columns-2 row-small slider row-slider slider-nav-reveal\"  data-flickity-options='{\"imagesLoaded\": true, \"groupCells\": \"100%\", \"dragThreshold\" : 5, \"cellAlign\": \"left\",\"wrapAround\": true,\"prevNextButtons\": true,\"percentPosition\": true,\"pageDots\": false, \"rightToLeft\": false, \"autoPlay\" : false}'>\n\n  \t\n\t     \n\t\t\t\t\t\t            \t\n\t            \t<div class=\"col\" >\n\t\t\t\t\t\t<div class=\"col-inner\">\n\t\t\t\t\t\t\n<div class=\"badge-container absolute left top z-1\">\n\t\t<div class=\"callout badge badge-circle\"><div class=\"badge-inner secondary on-sale\"><span class=\"onsale\">Gi\u1ea3m gi\u00e1!<\/span><\/div><\/div>\n<\/div>\n\t\t\t\t\t\t<div class=\"product-small box has-hover box-push box-text-bottom\">\n\t\t\t\t\t\t\t<div class=\"box-image\" >\n\t\t\t\t\t\t\t\t<div class=\"\" >\n\t\t\t\t\t\t\t\t\t<a href=\"https:\/\/nhunhu.azdigi.shop\/?product=dong-ho-citizen-nam\" aria-label=\"\u0110\u1ed3ng H\u1ed3 Citizen Nam\">\n\t\t\t\t\t\t\t\t\t\t<img loading=\"lazy\" decoding=\"async\" width=\"300\" height=\"300\" src=\"https:\/\/nhunhu.azdigi.shop\/wp-content\/uploads\/2026\/03\/dhnn-300x300.png\" class=\"attachment-woocommerce_thumbnail size-woocommerce_thumbnail\" alt=\"\u0110\u1ed3ng H\u1ed3 Citizen Nam\" srcset=\"https:\/\/nhunhu.azdigi.shop\/wp-content\/uploads\/2026\/03\/dhnn-300x300.png 300w, https:\/\/nhunhu.azdigi.shop\/wp-content\/uploads\/2026\/03\/dhnn-1024x1024.png 1024w, https:\/\/nhunhu.azdigi.shop\/wp-content\/uploads\/2026\/03\/dhnn-150x150.png 150w, https:\/\/nhunhu.azdigi.shop\/wp-content\/uploads\/2026\/03\/dhnn-768x768.png 768w, https:\/\/nhunhu.azdigi.shop\/wp-content\/uploads\/2026\/03\/dhnn-1536x1536.png 1536w, https:\/\/nhunhu.azdigi.shop\/wp-content\/uploads\/2026\/03\/dhnn-600x600.png 600w, https:\/\/nhunhu.azdigi.shop\/wp-content\/uploads\/2026\/03\/dhnn-100x100.png 100w, https:\/\/nhunhu.azdigi.shop\/wp-content\/uploads\/2026\/03\/dhnn.png 2000w\" sizes=\"auto, (max-width: 300px) 100vw, 300px\" \/>\t\t\t\t\t\t\t\t\t<\/a>\n\t\t\t\t\t\t\t\t\t\t\t\t\t\t\t\t\t\t \t\t\t\t\t\t\t\t<\/div>\n\t\t\t\t\t\t\t\t<div class=\"image-tools top right show-on-hover\">\n\t\t\t\t\t\t\t\t\t\t\t\t\t\t\t\t\t<\/div>\n\t\t\t\t\t\t\t\t\t\t\t\t\t\t\t\t\t<div class=\"image-tools grid-tools text-center hide-for-small bottom hover-slide-in show-on-hover\">\n\t\t\t\t\t\t\t\t\t\t  <a class=\"quick-view\" data-prod=\"722\" href=\"#quick-view\">Quick View<\/a>\t\t\t\t\t\t\t\t\t<\/div>\n\t\t\t\t\t\t\t\t\t\t\t\t\t\t\t\t\t\t\t\t\t\t\t<\/div>\n\n\t\t\t\t\t\t\t<div class=\"box-text text-center\" >\n\t\t\t\t\t\t\t\t<div class=\"title-wrapper\">\t\t<p class=\"category uppercase is-smaller no-text-overflow product-cat op-7\">\n\t\t\t\u0111\u1ed3ng h\u1ed3 nam\t\t<\/p>\n\t<p class=\"name product-title woocommerce-loop-product__title\"><a href=\"https:\/\/nhunhu.azdigi.shop\/?product=dong-ho-citizen-nam\" class=\"woocommerce-LoopProduct-link woocommerce-loop-product__link\">\u0110\u1ed3ng H\u1ed3 Citizen Nam<\/a><\/p><\/div><div class=\"price-wrapper\">\n\t<span class=\"price\"><span class=\"woocommerce-Price-amount amount\" aria-hidden=\"true\"><bdi><span class=\"woocommerce-Price-currencySymbol\">&#8363;<\/span>6,185,000<\/bdi><\/span> <span aria-hidden=\"true\">&ndash;<\/span> <span class=\"woocommerce-Price-amount amount\" aria-hidden=\"true\"><bdi><span class=\"woocommerce-Price-currencySymbol\">&#8363;<\/span>6,750,000<\/bdi><\/span><span class=\"screen-reader-text\">Kho\u1ea3ng gi\u00e1: t\u1eeb &#8363;6,185,000 \u0111\u1ebfn &#8363;6,750,000<\/span><\/span>\n\n<div class=\"rate\">\n <span class=\"point\">4.9\/5 <i class=\"icon-star\"><\/i><\/span>\n                <span class=\"total-rate\">179 \u0111\u00e1nh gi\u00e1<\/span>\n<\/div>\n\n<\/div><div class=\"add-to-cart-button\"><a href=\"https:\/\/nhunhu.azdigi.shop\/?product=dong-ho-citizen-nam\" aria-describedby=\"woocommerce_loop_add_to_cart_link_describedby_722\" data-quantity=\"1\" class=\"primary is-small mb-0 button product_type_variable add_to_cart_button is-outline\" data-product_id=\"722\" data-product_sku=\"\" aria-label=\"L\u1ef1a ch\u1ecdn cho &ldquo;\u0110\u1ed3ng H\u1ed3 Citizen Nam&rdquo;\" rel=\"nofollow\">Ch\u1ecdn<\/a><\/div>\t<span id=\"woocommerce_loop_add_to_cart_link_describedby_722\" class=\"screen-reader-text\">\n\t\tS\u1ea3n ph\u1ea9m n\u00e0y c\u00f3 nhi\u1ec1u bi\u1ebfn th\u1ec3. C\u00e1c t\u00f9y ch\u1ecdn c\u00f3 th\u1ec3 \u0111\u01b0\u1ee3c ch\u1ecdn tr\u00ean trang s\u1ea3n ph\u1ea9m\t<\/span>\n\t\t\t\t\t\t\t<\/div>\n\t\t\t\t\t\t<\/div>\n\t\t\t\t\t\t<\/div>\n\t\t\t\t\t<\/div>\n\t\t\t\t\t\t            \t        <\/div>\n","protected":false},"excerpt":{"rendered":"","protected":false},"author":1,"featured_media":0,"parent":0,"menu_order":0,"comment_status":"closed","ping_status":"closed","template":"","meta":{"footnotes":""},"class_list":["post-457","page","type-page","status-publish","hentry"],"yoast_head":"<!-- This site is optimized with the Yoast SEO plugin v26.8 - https:\/\/yoast.com\/product\/yoast-seo-wordpress\/ -->\n<title>\u0110\u1ed3ng h\u1ed3 nam - PN CHIC<\/title>\n<meta name=\"robots\" content=\"index, follow, max-snippet:-1, max-image-preview:large, max-video-preview:-1\" \/>\n<link rel=\"canonical\" href=\"https:\/\/nhunhu.azdigi.shop\/?page_id=457\" \/>\n<meta property=\"og:locale\" content=\"vi_VN\" \/>\n<meta property=\"og:type\" content=\"article\" \/>\n<meta property=\"og:title\" content=\"\u0110\u1ed3ng h\u1ed3 nam - PN CHIC\" \/>\n<meta property=\"og:url\" content=\"https:\/\/nhunhu.azdigi.shop\/?page_id=457\" \/>\n<meta property=\"og:site_name\" content=\"PN CHIC\" \/>\n<meta property=\"article:modified_time\" content=\"2026-04-10T10:48:07+00:00\" \/>\n<meta name=\"twitter:card\" content=\"summary_large_image\" \/>\n<script type=\"application\/ld+json\" class=\"yoast-schema-graph\">{\"@context\":\"https:\/\/schema.org\",\"@graph\":[{\"@type\":\"WebPage\",\"@id\":\"https:\/\/nhunhu.azdigi.shop\/?page_id=457\",\"url\":\"https:\/\/nhunhu.azdigi.shop\/?page_id=457\",\"name\":\"\u0110\u1ed3ng h\u1ed3 nam - PN CHIC\",\"isPartOf\":{\"@id\":\"https:\/\/nhunhu.azdigi.shop\/#website\"},\"datePublished\":\"2026-03-10T14:07:52+00:00\",\"dateModified\":\"2026-04-10T10:48:07+00:00\",\"breadcrumb\":{\"@id\":\"https:\/\/nhunhu.azdigi.shop\/?page_id=457#breadcrumb\"},\"inLanguage\":\"vi\",\"potentialAction\":[{\"@type\":\"ReadAction\",\"target\":[\"https:\/\/nhunhu.azdigi.shop\/?page_id=457\"]}]},{\"@type\":\"BreadcrumbList\",\"@id\":\"https:\/\/nhunhu.azdigi.shop\/?page_id=457#breadcrumb\",\"itemListElement\":[{\"@type\":\"ListItem\",\"position\":1,\"name\":\"Trang ch\u1ee7\",\"item\":\"https:\/\/nhunhu.azdigi.shop\/\"},{\"@type\":\"ListItem\",\"position\":2,\"name\":\"\u0110\u1ed3ng h\u1ed3 nam\"}]},{\"@type\":\"WebSite\",\"@id\":\"https:\/\/nhunhu.azdigi.shop\/#website\",\"url\":\"https:\/\/nhunhu.azdigi.shop\/\",\"name\":\"Ph\u1ee5 Ki\u1ec7n Nh\u1ecf - C\u00e1 T\u00ednh L\u1edbn\",\"description\":\"\",\"potentialAction\":[{\"@type\":\"SearchAction\",\"target\":{\"@type\":\"EntryPoint\",\"urlTemplate\":\"https:\/\/nhunhu.azdigi.shop\/?s={search_term_string}\"},\"query-input\":{\"@type\":\"PropertyValueSpecification\",\"valueRequired\":true,\"valueName\":\"search_term_string\"}}],\"inLanguage\":\"vi\"}]}<\/script>\n<!-- \/ Yoast SEO plugin. -->","yoast_head_json":{"title":"\u0110\u1ed3ng h\u1ed3 nam - PN CHIC","robots":{"index":"index","follow":"follow","max-snippet":"max-snippet:-1","max-image-preview":"max-image-preview:large","max-video-preview":"max-video-preview:-1"},"canonical":"https:\/\/nhunhu.azdigi.shop\/?page_id=457","og_locale":"vi_VN","og_type":"article","og_title":"\u0110\u1ed3ng h\u1ed3 nam - PN CHIC","og_url":"https:\/\/nhunhu.azdigi.shop\/?page_id=457","og_site_name":"PN CHIC","article_modified_time":"2026-04-10T10:48:07+00:00","twitter_card":"summary_large_image","schema":{"@context":"https:\/\/schema.org","@graph":[{"@type":"WebPage","@id":"https:\/\/nhunhu.azdigi.shop\/?page_id=457","url":"https:\/\/nhunhu.azdigi.shop\/?page_id=457","name":"\u0110\u1ed3ng h\u1ed3 nam - PN CHIC","isPartOf":{"@id":"https:\/\/nhunhu.azdigi.shop\/#website"},"datePublished":"2026-03-10T14:07:52+00:00","dateModified":"2026-04-10T10:48:07+00:00","breadcrumb":{"@id":"https:\/\/nhunhu.azdigi.shop\/?page_id=457#breadcrumb"},"inLanguage":"vi","potentialAction":[{"@type":"ReadAction","target":["https:\/\/nhunhu.azdigi.shop\/?page_id=457"]}]},{"@type":"BreadcrumbList","@id":"https:\/\/nhunhu.azdigi.shop\/?page_id=457#breadcrumb","itemListElement":[{"@type":"ListItem","position":1,"name":"Trang ch\u1ee7","item":"https:\/\/nhunhu.azdigi.shop\/"},{"@type":"ListItem","position":2,"name":"\u0110\u1ed3ng h\u1ed3 nam"}]},{"@type":"WebSite","@id":"https:\/\/nhunhu.azdigi.shop\/#website","url":"https:\/\/nhunhu.azdigi.shop\/","name":"Ph\u1ee5 Ki\u1ec7n Nh\u1ecf - C\u00e1 T\u00ednh L\u1edbn","description":"","potentialAction":[{"@type":"SearchAction","target":{"@type":"EntryPoint","urlTemplate":"https:\/\/nhunhu.azdigi.shop\/?s={search_term_string}"},"query-input":{"@type":"PropertyValueSpecification","valueRequired":true,"valueName":"search_term_string"}}],"inLanguage":"vi"}]}},"_links":{"self":[{"href":"https:\/\/nhunhu.azdigi.shop\/index.php?rest_route=\/wp\/v2\/pages\/457","targetHints":{"allow":["GET"]}}],"collection":[{"href":"https:\/\/nhunhu.azdigi.shop\/index.php?rest_route=\/wp\/v2\/pages"}],"about":[{"href":"https:\/\/nhunhu.azdigi.shop\/index.php?rest_route=\/wp\/v2\/types\/page"}],"author":[{"embeddable":true,"href":"https:\/\/nhunhu.azdigi.shop\/index.php?rest_route=\/wp\/v2\/users\/1"}],"replies":[{"embeddable":true,"href":"https:\/\/nhunhu.azdigi.shop\/index.php?rest_route=%2Fwp%2Fv2%2Fcomments&post=457"}],"version-history":[{"count":3,"href":"https:\/\/nhunhu.azdigi.shop\/index.php?rest_route=\/wp\/v2\/pages\/457\/revisions"}],"predecessor-version":[{"id":1033,"href":"https:\/\/nhunhu.azdigi.shop\/index.php?rest_route=\/wp\/v2\/pages\/457\/revisions\/1033"}],"wp:attachment":[{"href":"https:\/\/nhunhu.azdigi.shop\/index.php?rest_route=%2Fwp%2Fv2%2Fmedia&parent=457"}],"curies":[{"name":"wp","href":"https:\/\/api.w.org\/{rel}","templated":true}]}}