{"id":445,"date":"2026-03-10T14:05:08","date_gmt":"2026-03-10T14:05:08","guid":{"rendered":"https:\/\/nhunhu.azdigi.shop\/?page_id=445"},"modified":"2026-04-10T10:33:11","modified_gmt":"2026-04-10T10:33:11","slug":"nhan-dinh-hon","status":"publish","type":"page","link":"https:\/\/nhunhu.azdigi.shop\/?page_id=445","title":{"rendered":"Nh\u1eabn \u0111\u00ednh h\u00f4n"},"content":{"rendered":"            <div class=\"row\"><div class=\"large-12 col\">\n          <div style=\"background-color:#FFF;\" class=\"slider flipContainer slider-nav-circle slide box-shadow-2\"\n            data-flickity-options='{\n              \"cellAlign\": \"center\",\n              \"wrapAround\": true,\n              \"percentPosition\": true,\n              \"imagesLoaded\": true,\n              \"pageDots\": true,\n              \"contain\": true\n          }'>\n                        <div class=\"slide\" style=\"background-color:#FFF;\">  <div class=\"row row-collapse align-middle flip-slide\" style=\"width:100%\">\n        <div class=\"large-6 col flip-page-one\">\n        <div class=\"featured-product col-inner\">\n          <a href=\"https:\/\/nhunhu.azdigi.shop\/?product=nhan-dinh-hon-engagement-ring\">\n                <div class=\"product-image relative\">\n                   <div class=\"front-image\">\n                    <img loading=\"lazy\" decoding=\"async\" width=\"600\" height=\"600\" src=\"https:\/\/nhunhu.azdigi.shop\/wp-content\/uploads\/2026\/03\/ndh-600x600.jpg\" class=\"attachment-woocommerce_single size-woocommerce_single wp-post-image\" alt=\"\" srcset=\"https:\/\/nhunhu.azdigi.shop\/wp-content\/uploads\/2026\/03\/ndh-600x600.jpg 600w, https:\/\/nhunhu.azdigi.shop\/wp-content\/uploads\/2026\/03\/ndh-300x300.jpg 300w, https:\/\/nhunhu.azdigi.shop\/wp-content\/uploads\/2026\/03\/ndh-150x150.jpg 150w, https:\/\/nhunhu.azdigi.shop\/wp-content\/uploads\/2026\/03\/ndh-768x768.jpg 768w, https:\/\/nhunhu.azdigi.shop\/wp-content\/uploads\/2026\/03\/ndh-100x100.jpg 100w, https:\/\/nhunhu.azdigi.shop\/wp-content\/uploads\/2026\/03\/ndh.jpg 1000w\" sizes=\"auto, (max-width: 600px) 100vw, 600px\" \/>                  <\/div>\n                  \n<div class=\"badge-container absolute left top z-1\">\n<\/div>\n                <\/div>\n          <\/a>\n        <\/div>\n        <\/div>\n       <div class=\"large-6 col flip-page-two\">\n        <div class=\"product-info col-inner inner-padding\">\n              <h1 class=\"entry-title\"><a href=\"https:\/\/nhunhu.azdigi.shop\/?product=nhan-dinh-hon-engagement-ring\">Nh\u1eabn \u0110\u00ednh h\u00f4n (Engagement Ring)<\/a><\/h1>\n              <div class=\"is-divider medium\"><\/div>\n              <div class=\"price-wrapper\">\n\t<p class=\"price product-page-price \">\n  <span class=\"woocommerce-Price-amount amount\" aria-hidden=\"true\"><bdi><span class=\"woocommerce-Price-currencySymbol\">&#8363;<\/span>18,500,000<\/bdi><\/span> <span aria-hidden=\"true\">&ndash;<\/span> <span class=\"woocommerce-Price-amount amount\" aria-hidden=\"true\"><bdi><span class=\"woocommerce-Price-currencySymbol\">&#8363;<\/span>21,000,000<\/bdi><\/span><span class=\"screen-reader-text\">Kho\u1ea3ng gi\u00e1: t\u1eeb &#8363;18,500,000 \u0111\u1ebfn &#8363;21,000,000<\/span><\/p>\n<\/div>\n<div class=\"product-short-description\">\n\t<p>Kho\u1ea3nh kh\u1eafc chi\u1ebfc nh\u1eabn \u0111\u00ednh h\u00f4n \u0111\u01b0\u1ee3c l\u1ed3ng v\u00e0o ng\u00f3n tay c\u0169ng l\u00e0 l\u00fac c\u00e2u chuy\u1ec7n t\u00ecnh y\u00eau b\u01b0\u1edbc sang m\u1ed9t ch\u01b0\u01a1ng m\u1edbi \u0111\u1ea7y h\u1ea1nh ph\u00fac. V\u1edbi vi\u00ean \u0111\u00e1 ch\u1ee7 l\u1ea5p l\u00e1nh ng\u1ef1 tr\u1ecb \u1edf v\u1ecb tr\u00ed trung t\u00e2m, chi\u1ebfc nh\u1eabn l\u00e0 bi\u1ec3u t\u01b0\u1ee3ng cho t\u00ecnh y\u00eau duy nh\u1ea5t, ch\u00e2n th\u00e0nh v\u00e0 kh\u00e1t v\u1ecdng c\u00f9ng nhau x\u00e2y d\u1ef1ng t\u1ed5 \u1ea5m v\u1eefng b\u1ec1n.<\/p>\n<\/div>\n<div class=\"product_meta\">\n\n\t\n\t\n\t\t<span class=\"sku_wrapper\">SKU: <span class=\"sku\">Kh\u00f4ng \u00e1p d\u1ee5ng<\/span><\/span>\n\n\t\n\t<span class=\"posted_in\">Danh m\u1ee5c: <a href=\"https:\/\/nhunhu.azdigi.shop\/?product_cat=nhan-dinh-hon\" rel=\"tag\">Nh\u1eabn \u0111\u00ednh h\u00f4n<\/a><\/span>\n\t\n\t\n<\/div>\n              <a href=\"https:\/\/nhunhu.azdigi.shop\/?product=nhan-dinh-hon-engagement-ring\" class=\"button\">\u0110\u1ecdc ti\u1ebfp<\/a>\n         <\/div>\n        <\/div>\n<\/div>\n<\/div>\n                    <\/div>\n          <\/div><\/div>\n          \n\n  \n    <div class=\"row large-columns-4 medium-columns-3 small-columns-2 row-small\">\n  \t\n\t     \n\t\t\t\t\t\t            \t\n\t            \t<div class=\"col\" >\n\t\t\t\t\t\t<div class=\"col-inner\">\n\t\t\t\t\t\t\n<div class=\"badge-container absolute left top z-1\">\n<\/div>\n\t\t\t\t\t\t<div class=\"product-small box has-hover box-push box-text-bottom\">\n\t\t\t\t\t\t\t<div class=\"box-image\" >\n\t\t\t\t\t\t\t\t<div class=\"\" >\n\t\t\t\t\t\t\t\t\t<a href=\"https:\/\/nhunhu.azdigi.shop\/?product=nhan-dinh-hon-engagement-ring\" aria-label=\"Nh\u1eabn \u0110\u00ednh h\u00f4n (Engagement Ring)\">\n\t\t\t\t\t\t\t\t\t\t<img loading=\"lazy\" decoding=\"async\" width=\"300\" height=\"300\" src=\"https:\/\/nhunhu.azdigi.shop\/wp-content\/uploads\/2026\/03\/ndh-300x300.jpg\" class=\"attachment-woocommerce_thumbnail size-woocommerce_thumbnail\" alt=\"Nh\u1eabn \u0110\u00ednh h\u00f4n (Engagement Ring)\" srcset=\"https:\/\/nhunhu.azdigi.shop\/wp-content\/uploads\/2026\/03\/ndh-300x300.jpg 300w, https:\/\/nhunhu.azdigi.shop\/wp-content\/uploads\/2026\/03\/ndh-150x150.jpg 150w, https:\/\/nhunhu.azdigi.shop\/wp-content\/uploads\/2026\/03\/ndh-768x768.jpg 768w, https:\/\/nhunhu.azdigi.shop\/wp-content\/uploads\/2026\/03\/ndh-600x600.jpg 600w, https:\/\/nhunhu.azdigi.shop\/wp-content\/uploads\/2026\/03\/ndh-100x100.jpg 100w, https:\/\/nhunhu.azdigi.shop\/wp-content\/uploads\/2026\/03\/ndh.jpg 1000w\" sizes=\"auto, (max-width: 300px) 100vw, 300px\" \/>\t\t\t\t\t\t\t\t\t<\/a>\n\t\t\t\t\t\t\t\t\t\t\t\t\t\t\t\t\t\t \t\t\t\t\t\t\t\t<\/div>\n\t\t\t\t\t\t\t\t<div class=\"image-tools top right show-on-hover\">\n\t\t\t\t\t\t\t\t\t\t\t\t\t\t\t\t\t<\/div>\n\t\t\t\t\t\t\t\t\t\t\t\t\t\t\t\t\t<div class=\"image-tools grid-tools text-center hide-for-small bottom hover-slide-in show-on-hover\">\n\t\t\t\t\t\t\t\t\t\t  <a class=\"quick-view\" data-prod=\"580\" href=\"#quick-view\">Quick View<\/a>\t\t\t\t\t\t\t\t\t<\/div>\n\t\t\t\t\t\t\t\t\t\t\t\t\t\t\t\t\t\t\t\t\t\t\t<\/div>\n\n\t\t\t\t\t\t\t<div class=\"box-text text-center\" >\n\t\t\t\t\t\t\t\t<div class=\"title-wrapper\">\t\t<p class=\"category uppercase is-smaller no-text-overflow product-cat op-7\">\n\t\t\tNh\u1eabn \u0111\u00ednh h\u00f4n\t\t<\/p>\n\t<p class=\"name product-title woocommerce-loop-product__title\"><a href=\"https:\/\/nhunhu.azdigi.shop\/?product=nhan-dinh-hon-engagement-ring\" class=\"woocommerce-LoopProduct-link woocommerce-loop-product__link\">Nh\u1eabn \u0110\u00ednh h\u00f4n (Engagement Ring)<\/a><\/p><\/div><div class=\"price-wrapper\">\n\t<span class=\"price\"><span class=\"woocommerce-Price-amount amount\" aria-hidden=\"true\"><bdi><span class=\"woocommerce-Price-currencySymbol\">&#8363;<\/span>18,500,000<\/bdi><\/span> <span aria-hidden=\"true\">&ndash;<\/span> <span class=\"woocommerce-Price-amount amount\" aria-hidden=\"true\"><bdi><span class=\"woocommerce-Price-currencySymbol\">&#8363;<\/span>21,000,000<\/bdi><\/span><span class=\"screen-reader-text\">Kho\u1ea3ng gi\u00e1: t\u1eeb &#8363;18,500,000 \u0111\u1ebfn &#8363;21,000,000<\/span><\/span>\n\n<div class=\"rate\">\n <span class=\"point\">4.9\/5 <i class=\"icon-star\"><\/i><\/span>\n                <span class=\"total-rate\">159 \u0111\u00e1nh gi\u00e1<\/span>\n<\/div>\n\n<\/div><div class=\"add-to-cart-button\"><a href=\"https:\/\/nhunhu.azdigi.shop\/?product=nhan-dinh-hon-engagement-ring\" aria-describedby=\"woocommerce_loop_add_to_cart_link_describedby_580\" data-quantity=\"1\" class=\"primary is-small mb-0 button product_type_variable add_to_cart_button is-outline\" data-product_id=\"580\" data-product_sku=\"\" aria-label=\"L\u1ef1a ch\u1ecdn cho &ldquo;Nh\u1eabn \u0110\u00ednh h\u00f4n (Engagement Ring)&rdquo;\" rel=\"nofollow\">Ch\u1ecdn<\/a><\/div>\t<span id=\"woocommerce_loop_add_to_cart_link_describedby_580\" class=\"screen-reader-text\">\n\t\tS\u1ea3n ph\u1ea9m n\u00e0y c\u00f3 nhi\u1ec1u bi\u1ebfn th\u1ec3. C\u00e1c t\u00f9y ch\u1ecdn c\u00f3 th\u1ec3 \u0111\u01b0\u1ee3c ch\u1ecdn tr\u00ean trang s\u1ea3n ph\u1ea9m\t<\/span>\n\t\t\t\t\t\t\t<\/div>\n\t\t\t\t\t\t<\/div>\n\t\t\t\t\t\t<\/div>\n\t\t\t\t\t<\/div>\n\t\t\t\t\t\t            \t        <\/div>\n","protected":false},"excerpt":{"rendered":"","protected":false},"author":1,"featured_media":0,"parent":0,"menu_order":0,"comment_status":"closed","ping_status":"closed","template":"","meta":{"footnotes":""},"class_list":["post-445","page","type-page","status-publish","hentry"],"yoast_head":"<!-- This site is optimized with the Yoast SEO plugin v26.8 - https:\/\/yoast.com\/product\/yoast-seo-wordpress\/ -->\n<title>Nh\u1eabn \u0111\u00ednh h\u00f4n - PN CHIC<\/title>\n<meta name=\"robots\" content=\"index, follow, max-snippet:-1, max-image-preview:large, max-video-preview:-1\" \/>\n<link rel=\"canonical\" href=\"https:\/\/nhunhu.azdigi.shop\/?page_id=445\" \/>\n<meta property=\"og:locale\" content=\"vi_VN\" \/>\n<meta property=\"og:type\" content=\"article\" \/>\n<meta property=\"og:title\" content=\"Nh\u1eabn \u0111\u00ednh h\u00f4n - PN CHIC\" \/>\n<meta property=\"og:url\" content=\"https:\/\/nhunhu.azdigi.shop\/?page_id=445\" \/>\n<meta property=\"og:site_name\" content=\"PN CHIC\" \/>\n<meta property=\"article:modified_time\" content=\"2026-04-10T10:33:11+00:00\" \/>\n<meta name=\"twitter:card\" content=\"summary_large_image\" \/>\n<script type=\"application\/ld+json\" class=\"yoast-schema-graph\">{\"@context\":\"https:\/\/schema.org\",\"@graph\":[{\"@type\":\"WebPage\",\"@id\":\"https:\/\/nhunhu.azdigi.shop\/?page_id=445\",\"url\":\"https:\/\/nhunhu.azdigi.shop\/?page_id=445\",\"name\":\"Nh\u1eabn \u0111\u00ednh h\u00f4n - PN CHIC\",\"isPartOf\":{\"@id\":\"https:\/\/nhunhu.azdigi.shop\/#website\"},\"datePublished\":\"2026-03-10T14:05:08+00:00\",\"dateModified\":\"2026-04-10T10:33:11+00:00\",\"breadcrumb\":{\"@id\":\"https:\/\/nhunhu.azdigi.shop\/?page_id=445#breadcrumb\"},\"inLanguage\":\"vi\",\"potentialAction\":[{\"@type\":\"ReadAction\",\"target\":[\"https:\/\/nhunhu.azdigi.shop\/?page_id=445\"]}]},{\"@type\":\"BreadcrumbList\",\"@id\":\"https:\/\/nhunhu.azdigi.shop\/?page_id=445#breadcrumb\",\"itemListElement\":[{\"@type\":\"ListItem\",\"position\":1,\"name\":\"Trang ch\u1ee7\",\"item\":\"https:\/\/nhunhu.azdigi.shop\/\"},{\"@type\":\"ListItem\",\"position\":2,\"name\":\"Nh\u1eabn \u0111\u00ednh h\u00f4n\"}]},{\"@type\":\"WebSite\",\"@id\":\"https:\/\/nhunhu.azdigi.shop\/#website\",\"url\":\"https:\/\/nhunhu.azdigi.shop\/\",\"name\":\"Ph\u1ee5 Ki\u1ec7n Nh\u1ecf - C\u00e1 T\u00ednh L\u1edbn\",\"description\":\"\",\"potentialAction\":[{\"@type\":\"SearchAction\",\"target\":{\"@type\":\"EntryPoint\",\"urlTemplate\":\"https:\/\/nhunhu.azdigi.shop\/?s={search_term_string}\"},\"query-input\":{\"@type\":\"PropertyValueSpecification\",\"valueRequired\":true,\"valueName\":\"search_term_string\"}}],\"inLanguage\":\"vi\"}]}<\/script>\n<!-- \/ Yoast SEO plugin. -->","yoast_head_json":{"title":"Nh\u1eabn \u0111\u00ednh h\u00f4n - PN CHIC","robots":{"index":"index","follow":"follow","max-snippet":"max-snippet:-1","max-image-preview":"max-image-preview:large","max-video-preview":"max-video-preview:-1"},"canonical":"https:\/\/nhunhu.azdigi.shop\/?page_id=445","og_locale":"vi_VN","og_type":"article","og_title":"Nh\u1eabn \u0111\u00ednh h\u00f4n - PN CHIC","og_url":"https:\/\/nhunhu.azdigi.shop\/?page_id=445","og_site_name":"PN CHIC","article_modified_time":"2026-04-10T10:33:11+00:00","twitter_card":"summary_large_image","schema":{"@context":"https:\/\/schema.org","@graph":[{"@type":"WebPage","@id":"https:\/\/nhunhu.azdigi.shop\/?page_id=445","url":"https:\/\/nhunhu.azdigi.shop\/?page_id=445","name":"Nh\u1eabn \u0111\u00ednh h\u00f4n - PN CHIC","isPartOf":{"@id":"https:\/\/nhunhu.azdigi.shop\/#website"},"datePublished":"2026-03-10T14:05:08+00:00","dateModified":"2026-04-10T10:33:11+00:00","breadcrumb":{"@id":"https:\/\/nhunhu.azdigi.shop\/?page_id=445#breadcrumb"},"inLanguage":"vi","potentialAction":[{"@type":"ReadAction","target":["https:\/\/nhunhu.azdigi.shop\/?page_id=445"]}]},{"@type":"BreadcrumbList","@id":"https:\/\/nhunhu.azdigi.shop\/?page_id=445#breadcrumb","itemListElement":[{"@type":"ListItem","position":1,"name":"Trang ch\u1ee7","item":"https:\/\/nhunhu.azdigi.shop\/"},{"@type":"ListItem","position":2,"name":"Nh\u1eabn \u0111\u00ednh h\u00f4n"}]},{"@type":"WebSite","@id":"https:\/\/nhunhu.azdigi.shop\/#website","url":"https:\/\/nhunhu.azdigi.shop\/","name":"Ph\u1ee5 Ki\u1ec7n Nh\u1ecf - C\u00e1 T\u00ednh L\u1edbn","description":"","potentialAction":[{"@type":"SearchAction","target":{"@type":"EntryPoint","urlTemplate":"https:\/\/nhunhu.azdigi.shop\/?s={search_term_string}"},"query-input":{"@type":"PropertyValueSpecification","valueRequired":true,"valueName":"search_term_string"}}],"inLanguage":"vi"}]}},"_links":{"self":[{"href":"https:\/\/nhunhu.azdigi.shop\/index.php?rest_route=\/wp\/v2\/pages\/445","targetHints":{"allow":["GET"]}}],"collection":[{"href":"https:\/\/nhunhu.azdigi.shop\/index.php?rest_route=\/wp\/v2\/pages"}],"about":[{"href":"https:\/\/nhunhu.azdigi.shop\/index.php?rest_route=\/wp\/v2\/types\/page"}],"author":[{"embeddable":true,"href":"https:\/\/nhunhu.azdigi.shop\/index.php?rest_route=\/wp\/v2\/users\/1"}],"replies":[{"embeddable":true,"href":"https:\/\/nhunhu.azdigi.shop\/index.php?rest_route=%2Fwp%2Fv2%2Fcomments&post=445"}],"version-history":[{"count":2,"href":"https:\/\/nhunhu.azdigi.shop\/index.php?rest_route=\/wp\/v2\/pages\/445\/revisions"}],"predecessor-version":[{"id":1027,"href":"https:\/\/nhunhu.azdigi.shop\/index.php?rest_route=\/wp\/v2\/pages\/445\/revisions\/1027"}],"wp:attachment":[{"href":"https:\/\/nhunhu.azdigi.shop\/index.php?rest_route=%2Fwp%2Fv2%2Fmedia&parent=445"}],"curies":[{"name":"wp","href":"https:\/\/api.w.org\/{rel}","templated":true}]}}