{"id":392,"date":"2026-03-10T08:10:59","date_gmt":"2026-03-10T08:10:59","guid":{"rendered":"https:\/\/nhunhu.azdigi.shop\/?page_id=392"},"modified":"2026-04-11T12:53:45","modified_gmt":"2026-04-11T12:53:45","slug":"day-chuyen","status":"publish","type":"page","link":"https:\/\/nhunhu.azdigi.shop\/?page_id=392","title":{"rendered":"D\u00e2y chuy\u1ec1n"},"content":{"rendered":"\n  <div class=\"banner has-hover is-full-height\" id=\"banner-1801263887\">\n          <div class=\"banner-inner fill\">\n        <div class=\"banner-bg fill\" >\n            <div class=\"bg fill bg-fill \"><\/div>\n                                    \n                    <\/div>\n        <div class=\"banner-layers container\">\n            <a class=\"fill\" href=\"https:\/\/nhunhu.azdigi.shop\/?p=282\"  ><div class=\"fill banner-link\"><\/div><\/a>            \n        <\/div>\n      <\/div>\n\n            \n<style>\n#banner-1801263887 {\n  padding-top: 100%;\n}\n#banner-1801263887 .bg.bg-loaded {\n  background-image: url(https:\/\/nhunhu.azdigi.shop\/wp-content\/uploads\/2026\/04\/dc.jpg);\n}\n<\/style>\n  <\/div>\n\n\n            <div class=\"row\"><div class=\"large-12 col\">\n          <div style=\"background-color:#FFF;\" class=\"slider flipContainer slider-nav-circle slide box-shadow-2\"\n            data-flickity-options='{\n              \"cellAlign\": \"center\",\n              \"wrapAround\": true,\n              \"percentPosition\": true,\n              \"imagesLoaded\": true,\n              \"pageDots\": true,\n              \"contain\": true\n          }'>\n                        <div class=\"slide\" style=\"background-color:#FFF;\">  <div class=\"row row-collapse align-middle flip-slide\" style=\"width:100%\">\n        <div class=\"large-6 col flip-page-one\">\n        <div class=\"featured-product col-inner\">\n          <a href=\"https:\/\/nhunhu.azdigi.shop\/?product=day-chuyen-nam-bac-mancode\">\n                <div class=\"product-image relative\">\n                   <div class=\"front-image\">\n                    <img loading=\"lazy\" decoding=\"async\" width=\"600\" height=\"600\" src=\"https:\/\/nhunhu.azdigi.shop\/wp-content\/uploads\/2026\/03\/dcb-1-600x600.png\" class=\"attachment-woocommerce_single size-woocommerce_single wp-post-image\" alt=\"\" srcset=\"https:\/\/nhunhu.azdigi.shop\/wp-content\/uploads\/2026\/03\/dcb-1-600x600.png 600w, https:\/\/nhunhu.azdigi.shop\/wp-content\/uploads\/2026\/03\/dcb-1-300x300.png 300w, https:\/\/nhunhu.azdigi.shop\/wp-content\/uploads\/2026\/03\/dcb-1-1024x1024.png 1024w, https:\/\/nhunhu.azdigi.shop\/wp-content\/uploads\/2026\/03\/dcb-1-150x150.png 150w, https:\/\/nhunhu.azdigi.shop\/wp-content\/uploads\/2026\/03\/dcb-1-768x768.png 768w, https:\/\/nhunhu.azdigi.shop\/wp-content\/uploads\/2026\/03\/dcb-1-1536x1536.png 1536w, https:\/\/nhunhu.azdigi.shop\/wp-content\/uploads\/2026\/03\/dcb-1-100x100.png 100w, https:\/\/nhunhu.azdigi.shop\/wp-content\/uploads\/2026\/03\/dcb-1.png 2000w\" sizes=\"auto, (max-width: 600px) 100vw, 600px\" \/>                  <\/div>\n                  \n<div class=\"badge-container absolute left top z-1\">\n\t\t<div class=\"callout badge badge-circle\"><div class=\"badge-inner secondary on-sale\"><span class=\"onsale\">Gi\u1ea3m gi\u00e1!<\/span><\/div><\/div>\n<\/div>\n                <\/div>\n          <\/a>\n        <\/div>\n        <\/div>\n       <div class=\"large-6 col flip-page-two\">\n        <div class=\"product-info col-inner inner-padding\">\n              <h1 class=\"entry-title\"><a href=\"https:\/\/nhunhu.azdigi.shop\/?product=day-chuyen-nam-bac-mancode\">D\u00e2y chuy\u1ec1n nam B\u1ea1c MANCODE<\/a><\/h1>\n              <div class=\"is-divider medium\"><\/div>\n              <div class=\"price-wrapper\">\n\t<p class=\"price product-page-price price-on-sale\">\n  <span class=\"woocommerce-Price-amount amount\" aria-hidden=\"true\"><bdi><span class=\"woocommerce-Price-currencySymbol\">&#8363;<\/span>610,000<\/bdi><\/span> <span aria-hidden=\"true\">&ndash;<\/span> <span class=\"woocommerce-Price-amount amount\" aria-hidden=\"true\"><bdi><span class=\"woocommerce-Price-currencySymbol\">&#8363;<\/span>665,000<\/bdi><\/span><span class=\"screen-reader-text\">Kho\u1ea3ng gi\u00e1: t\u1eeb &#8363;610,000 \u0111\u1ebfn &#8363;665,000<\/span><\/p>\n<\/div>\n<div class=\"product-short-description\">\n\t<p>H\u01a1n c\u1ea3 m\u1ed9t m\u00f3n trang s\u1ee9c, m\u1ed7i m\u1eb7t d\u00e2y chuy\u1ec1n l\u00e0 m\u1ed9t bi\u1ec3u t\u01b0\u1ee3ng mang th\u00f4ng \u0111i\u1ec7p ri\u00eang\u2014t\u1eeb h\u00ecnh tr\u00e1i tim y\u00eau th\u01b0\u01a1ng \u0111\u1ebfn c\u1ecf b\u1ed1n l\u00e1 may m\u1eafn. H\u00e3y \u0111\u1ec3 s\u1ee3i d\u00e2y chuy\u1ec1n k\u1ec3 c\u00e2u chuy\u1ec7n c\u1ee7a ri\u00eang b\u1ea1n v\u00e0 tr\u1edf th\u00e0nh v\u1eadt ph\u1ea9m mang l\u1ea1i n\u0103ng l\u01b0\u1ee3ng t\u00edch c\u1ef1c m\u1ed7i ng\u00e0y.<\/p>\n<\/div>\n<div class=\"product_meta\">\n\n\t\n\t\n\t\t<span class=\"sku_wrapper\">SKU: <span class=\"sku\">Kh\u00f4ng \u00e1p d\u1ee5ng<\/span><\/span>\n\n\t\n\t<span class=\"posted_in\">Danh m\u1ee5c: <a href=\"https:\/\/nhunhu.azdigi.shop\/?product_cat=day-chuyen\" rel=\"tag\">D\u00e2y chuy\u1ec1n<\/a><\/span>\n\t\n\t\n<\/div>\n              <a href=\"https:\/\/nhunhu.azdigi.shop\/?product=day-chuyen-nam-bac-mancode\" class=\"button\">\u0110\u1ecdc ti\u1ebfp<\/a>\n         <\/div>\n        <\/div>\n<\/div>\n<\/div>\n                    <\/div>\n          <\/div><\/div>\n          \n\n  \n    <div class=\"row large-columns-3 medium-columns- small-columns-2 row-small slider row-slider slider-nav-reveal\"  data-flickity-options='{\"imagesLoaded\": true, \"groupCells\": \"100%\", \"dragThreshold\" : 5, \"cellAlign\": \"left\",\"wrapAround\": true,\"prevNextButtons\": true,\"percentPosition\": true,\"pageDots\": false, \"rightToLeft\": false, \"autoPlay\" : false}'>\n\n  \t\n\t     \n\t\t\t\t\t\t            \t\n\t            \t<div class=\"col\" >\n\t\t\t\t\t\t<div class=\"col-inner\">\n\t\t\t\t\t\t\n<div class=\"badge-container absolute left top z-1\">\n\t\t<div class=\"callout badge badge-circle\"><div class=\"badge-inner secondary on-sale\"><span class=\"onsale\">Gi\u1ea3m gi\u00e1!<\/span><\/div><\/div>\n<\/div>\n\t\t\t\t\t\t<div class=\"product-small box has-hover box-push box-text-bottom\">\n\t\t\t\t\t\t\t<div class=\"box-image\" >\n\t\t\t\t\t\t\t\t<div class=\"\" >\n\t\t\t\t\t\t\t\t\t<a href=\"https:\/\/nhunhu.azdigi.shop\/?product=day-chuyen-nam-bac-mancode\" aria-label=\"D\u00e2y chuy\u1ec1n nam B\u1ea1c MANCODE\">\n\t\t\t\t\t\t\t\t\t\t<img loading=\"lazy\" decoding=\"async\" width=\"300\" height=\"300\" src=\"https:\/\/nhunhu.azdigi.shop\/wp-content\/uploads\/2026\/03\/mhdcn2-300x300.png\" class=\"show-on-hover absolute fill hide-for-small back-image\" alt=\"\" srcset=\"https:\/\/nhunhu.azdigi.shop\/wp-content\/uploads\/2026\/03\/mhdcn2-300x300.png 300w, https:\/\/nhunhu.azdigi.shop\/wp-content\/uploads\/2026\/03\/mhdcn2-1024x1024.png 1024w, https:\/\/nhunhu.azdigi.shop\/wp-content\/uploads\/2026\/03\/mhdcn2-150x150.png 150w, https:\/\/nhunhu.azdigi.shop\/wp-content\/uploads\/2026\/03\/mhdcn2-768x768.png 768w, https:\/\/nhunhu.azdigi.shop\/wp-content\/uploads\/2026\/03\/mhdcn2-1536x1536.png 1536w, https:\/\/nhunhu.azdigi.shop\/wp-content\/uploads\/2026\/03\/mhdcn2-600x600.png 600w, https:\/\/nhunhu.azdigi.shop\/wp-content\/uploads\/2026\/03\/mhdcn2-100x100.png 100w, https:\/\/nhunhu.azdigi.shop\/wp-content\/uploads\/2026\/03\/mhdcn2.png 2000w\" sizes=\"auto, (max-width: 300px) 100vw, 300px\" \/><img loading=\"lazy\" decoding=\"async\" width=\"300\" height=\"300\" src=\"https:\/\/nhunhu.azdigi.shop\/wp-content\/uploads\/2026\/03\/dcb-1-300x300.png\" class=\"attachment-woocommerce_thumbnail size-woocommerce_thumbnail\" alt=\"D\u00e2y chuy\u1ec1n nam B\u1ea1c MANCODE\" srcset=\"https:\/\/nhunhu.azdigi.shop\/wp-content\/uploads\/2026\/03\/dcb-1-300x300.png 300w, https:\/\/nhunhu.azdigi.shop\/wp-content\/uploads\/2026\/03\/dcb-1-1024x1024.png 1024w, https:\/\/nhunhu.azdigi.shop\/wp-content\/uploads\/2026\/03\/dcb-1-150x150.png 150w, https:\/\/nhunhu.azdigi.shop\/wp-content\/uploads\/2026\/03\/dcb-1-768x768.png 768w, https:\/\/nhunhu.azdigi.shop\/wp-content\/uploads\/2026\/03\/dcb-1-1536x1536.png 1536w, https:\/\/nhunhu.azdigi.shop\/wp-content\/uploads\/2026\/03\/dcb-1-600x600.png 600w, https:\/\/nhunhu.azdigi.shop\/wp-content\/uploads\/2026\/03\/dcb-1-100x100.png 100w, https:\/\/nhunhu.azdigi.shop\/wp-content\/uploads\/2026\/03\/dcb-1.png 2000w\" sizes=\"auto, (max-width: 300px) 100vw, 300px\" \/>\t\t\t\t\t\t\t\t\t<\/a>\n\t\t\t\t\t\t\t\t\t\t\t\t\t\t\t\t\t\t \t\t\t\t\t\t\t\t<\/div>\n\t\t\t\t\t\t\t\t<div class=\"image-tools top right show-on-hover\">\n\t\t\t\t\t\t\t\t\t\t\t\t\t\t\t\t\t<\/div>\n\t\t\t\t\t\t\t\t\t\t\t\t\t\t\t\t\t<div class=\"image-tools grid-tools text-center hide-for-small bottom hover-slide-in show-on-hover\">\n\t\t\t\t\t\t\t\t\t\t  <a class=\"quick-view\" data-prod=\"780\" href=\"#quick-view\">Quick View<\/a>\t\t\t\t\t\t\t\t\t<\/div>\n\t\t\t\t\t\t\t\t\t\t\t\t\t\t\t\t\t\t\t\t\t\t\t<\/div>\n\n\t\t\t\t\t\t\t<div class=\"box-text text-center\" >\n\t\t\t\t\t\t\t\t<div class=\"title-wrapper\">\t\t<p class=\"category uppercase is-smaller no-text-overflow product-cat op-7\">\n\t\t\tD\u00e2y chuy\u1ec1n\t\t<\/p>\n\t<p class=\"name product-title woocommerce-loop-product__title\"><a href=\"https:\/\/nhunhu.azdigi.shop\/?product=day-chuyen-nam-bac-mancode\" class=\"woocommerce-LoopProduct-link woocommerce-loop-product__link\">D\u00e2y chuy\u1ec1n nam B\u1ea1c MANCODE<\/a><\/p><\/div><div class=\"price-wrapper\">\n\t<span class=\"price\"><span class=\"woocommerce-Price-amount amount\" aria-hidden=\"true\"><bdi><span class=\"woocommerce-Price-currencySymbol\">&#8363;<\/span>610,000<\/bdi><\/span> <span aria-hidden=\"true\">&ndash;<\/span> <span class=\"woocommerce-Price-amount amount\" aria-hidden=\"true\"><bdi><span class=\"woocommerce-Price-currencySymbol\">&#8363;<\/span>665,000<\/bdi><\/span><span class=\"screen-reader-text\">Kho\u1ea3ng gi\u00e1: t\u1eeb &#8363;610,000 \u0111\u1ebfn &#8363;665,000<\/span><\/span>\n\n<div class=\"rate\">\n <span class=\"point\">4.9\/5 <i class=\"icon-star\"><\/i><\/span>\n                <span class=\"total-rate\">171 \u0111\u00e1nh gi\u00e1<\/span>\n<\/div>\n\n<\/div><div class=\"add-to-cart-button\"><a href=\"https:\/\/nhunhu.azdigi.shop\/?product=day-chuyen-nam-bac-mancode\" aria-describedby=\"woocommerce_loop_add_to_cart_link_describedby_780\" data-quantity=\"1\" class=\"primary is-small mb-0 button product_type_variable add_to_cart_button is-outline\" data-product_id=\"780\" data-product_sku=\"\" aria-label=\"L\u1ef1a ch\u1ecdn cho &ldquo;D\u00e2y chuy\u1ec1n nam B\u1ea1c MANCODE&rdquo;\" rel=\"nofollow\">Ch\u1ecdn<\/a><\/div>\t<span id=\"woocommerce_loop_add_to_cart_link_describedby_780\" class=\"screen-reader-text\">\n\t\tS\u1ea3n ph\u1ea9m n\u00e0y c\u00f3 nhi\u1ec1u bi\u1ebfn th\u1ec3. C\u00e1c t\u00f9y ch\u1ecdn c\u00f3 th\u1ec3 \u0111\u01b0\u1ee3c ch\u1ecdn tr\u00ean trang s\u1ea3n ph\u1ea9m\t<\/span>\n\t\t\t\t\t\t\t<\/div>\n\t\t\t\t\t\t<\/div>\n\t\t\t\t\t\t<\/div>\n\t\t\t\t\t<\/div>\n\t\t\t\t\t\t            \n\t\t\t\t\t\t            \t\n\t            \t<div class=\"col\" >\n\t\t\t\t\t\t<div class=\"col-inner\">\n\t\t\t\t\t\t\n<div class=\"badge-container absolute left top z-1\">\n<\/div>\n\t\t\t\t\t\t<div class=\"product-small box has-hover box-push box-text-bottom\">\n\t\t\t\t\t\t\t<div class=\"box-image\" >\n\t\t\t\t\t\t\t\t<div class=\"\" >\n\t\t\t\t\t\t\t\t\t<a href=\"https:\/\/nhunhu.azdigi.shop\/?product=day-chuyen-bac\" aria-label=\"D\u00e2y chuy\u1ec1n B\u1ea1c \u00dd\">\n\t\t\t\t\t\t\t\t\t\t<img loading=\"lazy\" decoding=\"async\" width=\"300\" height=\"300\" src=\"https:\/\/nhunhu.azdigi.shop\/wp-content\/uploads\/2026\/03\/mhdcb1-300x300.png\" class=\"show-on-hover absolute fill hide-for-small back-image\" alt=\"\" srcset=\"https:\/\/nhunhu.azdigi.shop\/wp-content\/uploads\/2026\/03\/mhdcb1-300x300.png 300w, https:\/\/nhunhu.azdigi.shop\/wp-content\/uploads\/2026\/03\/mhdcb1-1024x1024.png 1024w, https:\/\/nhunhu.azdigi.shop\/wp-content\/uploads\/2026\/03\/mhdcb1-150x150.png 150w, https:\/\/nhunhu.azdigi.shop\/wp-content\/uploads\/2026\/03\/mhdcb1-768x768.png 768w, https:\/\/nhunhu.azdigi.shop\/wp-content\/uploads\/2026\/03\/mhdcb1-1536x1536.png 1536w, https:\/\/nhunhu.azdigi.shop\/wp-content\/uploads\/2026\/03\/mhdcb1-600x600.png 600w, https:\/\/nhunhu.azdigi.shop\/wp-content\/uploads\/2026\/03\/mhdcb1-100x100.png 100w, https:\/\/nhunhu.azdigi.shop\/wp-content\/uploads\/2026\/03\/mhdcb1.png 2000w\" sizes=\"auto, (max-width: 300px) 100vw, 300px\" \/><img loading=\"lazy\" decoding=\"async\" width=\"300\" height=\"300\" src=\"https:\/\/nhunhu.azdigi.shop\/wp-content\/uploads\/2026\/03\/dcb1-300x300.png\" class=\"attachment-woocommerce_thumbnail size-woocommerce_thumbnail\" alt=\"D\u00e2y chuy\u1ec1n B\u1ea1c \u00dd\" srcset=\"https:\/\/nhunhu.azdigi.shop\/wp-content\/uploads\/2026\/03\/dcb1-300x300.png 300w, https:\/\/nhunhu.azdigi.shop\/wp-content\/uploads\/2026\/03\/dcb1-1024x1024.png 1024w, https:\/\/nhunhu.azdigi.shop\/wp-content\/uploads\/2026\/03\/dcb1-150x150.png 150w, https:\/\/nhunhu.azdigi.shop\/wp-content\/uploads\/2026\/03\/dcb1-768x768.png 768w, https:\/\/nhunhu.azdigi.shop\/wp-content\/uploads\/2026\/03\/dcb1-1536x1536.png 1536w, https:\/\/nhunhu.azdigi.shop\/wp-content\/uploads\/2026\/03\/dcb1-600x600.png 600w, https:\/\/nhunhu.azdigi.shop\/wp-content\/uploads\/2026\/03\/dcb1-100x100.png 100w, https:\/\/nhunhu.azdigi.shop\/wp-content\/uploads\/2026\/03\/dcb1.png 2000w\" sizes=\"auto, (max-width: 300px) 100vw, 300px\" \/>\t\t\t\t\t\t\t\t\t<\/a>\n\t\t\t\t\t\t\t\t\t\t\t\t\t\t\t\t\t\t \t\t\t\t\t\t\t\t<\/div>\n\t\t\t\t\t\t\t\t<div class=\"image-tools top right show-on-hover\">\n\t\t\t\t\t\t\t\t\t\t\t\t\t\t\t\t\t<\/div>\n\t\t\t\t\t\t\t\t\t\t\t\t\t\t\t\t\t<div class=\"image-tools grid-tools text-center hide-for-small bottom hover-slide-in show-on-hover\">\n\t\t\t\t\t\t\t\t\t\t  <a class=\"quick-view\" data-prod=\"776\" href=\"#quick-view\">Quick View<\/a>\t\t\t\t\t\t\t\t\t<\/div>\n\t\t\t\t\t\t\t\t\t\t\t\t\t\t\t\t\t\t\t\t\t\t\t<\/div>\n\n\t\t\t\t\t\t\t<div class=\"box-text text-center\" >\n\t\t\t\t\t\t\t\t<div class=\"title-wrapper\">\t\t<p class=\"category uppercase is-smaller no-text-overflow product-cat op-7\">\n\t\t\tD\u00e2y chuy\u1ec1n\t\t<\/p>\n\t<p class=\"name product-title woocommerce-loop-product__title\"><a href=\"https:\/\/nhunhu.azdigi.shop\/?product=day-chuyen-bac\" class=\"woocommerce-LoopProduct-link woocommerce-loop-product__link\">D\u00e2y chuy\u1ec1n B\u1ea1c \u00dd<\/a><\/p><\/div><div class=\"price-wrapper\">\n\t<span class=\"price\"><span class=\"woocommerce-Price-amount amount\"><bdi><span class=\"woocommerce-Price-currencySymbol\">&#8363;<\/span>455,000<\/bdi><\/span><\/span>\n\n<div class=\"rate\">\n <span class=\"point\">4.9\/5 <i class=\"icon-star\"><\/i><\/span>\n                <span class=\"total-rate\">227 \u0111\u00e1nh gi\u00e1<\/span>\n<\/div>\n\n<\/div><div class=\"add-to-cart-button\"><a href=\"https:\/\/nhunhu.azdigi.shop\/?product=day-chuyen-bac\" aria-describedby=\"woocommerce_loop_add_to_cart_link_describedby_776\" data-quantity=\"1\" class=\"primary is-small mb-0 button product_type_variable add_to_cart_button is-outline\" data-product_id=\"776\" data-product_sku=\"\" aria-label=\"L\u1ef1a ch\u1ecdn cho &ldquo;D\u00e2y chuy\u1ec1n B\u1ea1c \u00dd&rdquo;\" rel=\"nofollow\">Ch\u1ecdn<\/a><\/div>\t<span id=\"woocommerce_loop_add_to_cart_link_describedby_776\" class=\"screen-reader-text\">\n\t\tS\u1ea3n ph\u1ea9m n\u00e0y c\u00f3 nhi\u1ec1u bi\u1ebfn th\u1ec3. C\u00e1c t\u00f9y ch\u1ecdn c\u00f3 th\u1ec3 \u0111\u01b0\u1ee3c ch\u1ecdn tr\u00ean trang s\u1ea3n ph\u1ea9m\t<\/span>\n\t\t\t\t\t\t\t<\/div>\n\t\t\t\t\t\t<\/div>\n\t\t\t\t\t\t<\/div>\n\t\t\t\t\t<\/div>\n\t\t\t\t\t\t            \n\t\t\t\t\t\t            \t\n\t            \t<div class=\"col\" >\n\t\t\t\t\t\t<div class=\"col-inner\">\n\t\t\t\t\t\t\n<div class=\"badge-container absolute left top z-1\">\n<\/div>\n\t\t\t\t\t\t<div class=\"product-small box has-hover box-push box-text-bottom\">\n\t\t\t\t\t\t\t<div class=\"box-image\" >\n\t\t\t\t\t\t\t\t<div class=\"\" >\n\t\t\t\t\t\t\t\t\t<a href=\"https:\/\/nhunhu.azdigi.shop\/?product=day-chuyen-bac-y\" aria-label=\"D\u00e2y chuy\u1ec1n B\u1ea1c \u00dd\">\n\t\t\t\t\t\t\t\t\t\t<img loading=\"lazy\" decoding=\"async\" width=\"300\" height=\"300\" src=\"https:\/\/nhunhu.azdigi.shop\/wp-content\/uploads\/2026\/03\/mhdcb-300x300.jpg\" class=\"show-on-hover absolute fill hide-for-small back-image\" alt=\"\" srcset=\"https:\/\/nhunhu.azdigi.shop\/wp-content\/uploads\/2026\/03\/mhdcb-300x300.jpg 300w, https:\/\/nhunhu.azdigi.shop\/wp-content\/uploads\/2026\/03\/mhdcb-1024x1024.jpg 1024w, https:\/\/nhunhu.azdigi.shop\/wp-content\/uploads\/2026\/03\/mhdcb-150x150.jpg 150w, https:\/\/nhunhu.azdigi.shop\/wp-content\/uploads\/2026\/03\/mhdcb-768x768.jpg 768w, https:\/\/nhunhu.azdigi.shop\/wp-content\/uploads\/2026\/03\/mhdcb-1536x1536.jpg 1536w, https:\/\/nhunhu.azdigi.shop\/wp-content\/uploads\/2026\/03\/mhdcb-600x600.jpg 600w, https:\/\/nhunhu.azdigi.shop\/wp-content\/uploads\/2026\/03\/mhdcb-100x100.jpg 100w, https:\/\/nhunhu.azdigi.shop\/wp-content\/uploads\/2026\/03\/mhdcb.jpg 2000w\" sizes=\"auto, (max-width: 300px) 100vw, 300px\" \/><img loading=\"lazy\" decoding=\"async\" width=\"300\" height=\"300\" src=\"https:\/\/nhunhu.azdigi.shop\/wp-content\/uploads\/2026\/03\/dcb-300x300.png\" class=\"attachment-woocommerce_thumbnail size-woocommerce_thumbnail\" alt=\"D\u00e2y chuy\u1ec1n B\u1ea1c \u00dd\" srcset=\"https:\/\/nhunhu.azdigi.shop\/wp-content\/uploads\/2026\/03\/dcb-300x300.png 300w, https:\/\/nhunhu.azdigi.shop\/wp-content\/uploads\/2026\/03\/dcb-1024x1024.png 1024w, https:\/\/nhunhu.azdigi.shop\/wp-content\/uploads\/2026\/03\/dcb-150x150.png 150w, https:\/\/nhunhu.azdigi.shop\/wp-content\/uploads\/2026\/03\/dcb-768x768.png 768w, https:\/\/nhunhu.azdigi.shop\/wp-content\/uploads\/2026\/03\/dcb-1536x1536.png 1536w, https:\/\/nhunhu.azdigi.shop\/wp-content\/uploads\/2026\/03\/dcb-600x600.png 600w, https:\/\/nhunhu.azdigi.shop\/wp-content\/uploads\/2026\/03\/dcb-100x100.png 100w, https:\/\/nhunhu.azdigi.shop\/wp-content\/uploads\/2026\/03\/dcb.png 2000w\" sizes=\"auto, (max-width: 300px) 100vw, 300px\" \/>\t\t\t\t\t\t\t\t\t<\/a>\n\t\t\t\t\t\t\t\t\t\t\t\t\t\t\t\t\t\t \t\t\t\t\t\t\t\t<\/div>\n\t\t\t\t\t\t\t\t<div class=\"image-tools top right show-on-hover\">\n\t\t\t\t\t\t\t\t\t\t\t\t\t\t\t\t\t<\/div>\n\t\t\t\t\t\t\t\t\t\t\t\t\t\t\t\t\t<div class=\"image-tools grid-tools text-center hide-for-small bottom hover-slide-in show-on-hover\">\n\t\t\t\t\t\t\t\t\t\t  <a class=\"quick-view\" data-prod=\"772\" href=\"#quick-view\">Quick View<\/a>\t\t\t\t\t\t\t\t\t<\/div>\n\t\t\t\t\t\t\t\t\t\t\t\t\t\t\t\t\t\t\t\t\t\t\t<\/div>\n\n\t\t\t\t\t\t\t<div class=\"box-text text-center\" >\n\t\t\t\t\t\t\t\t<div class=\"title-wrapper\">\t\t<p class=\"category uppercase is-smaller no-text-overflow product-cat op-7\">\n\t\t\tD\u00e2y chuy\u1ec1n\t\t<\/p>\n\t<p class=\"name product-title woocommerce-loop-product__title\"><a href=\"https:\/\/nhunhu.azdigi.shop\/?product=day-chuyen-bac-y\" class=\"woocommerce-LoopProduct-link woocommerce-loop-product__link\">D\u00e2y chuy\u1ec1n B\u1ea1c \u00dd<\/a><\/p><\/div><div class=\"price-wrapper\">\n\t<span class=\"price\"><span class=\"woocommerce-Price-amount amount\"><bdi><span class=\"woocommerce-Price-currencySymbol\">&#8363;<\/span>1,550,000<\/bdi><\/span><\/span>\n\n<div class=\"rate\">\n <span class=\"point\">4.9\/5 <i class=\"icon-star\"><\/i><\/span>\n                <span class=\"total-rate\">158 \u0111\u00e1nh gi\u00e1<\/span>\n<\/div>\n\n<\/div><div class=\"add-to-cart-button\"><a href=\"https:\/\/nhunhu.azdigi.shop\/?product=day-chuyen-bac-y\" aria-describedby=\"woocommerce_loop_add_to_cart_link_describedby_772\" data-quantity=\"1\" class=\"primary is-small mb-0 button product_type_variable add_to_cart_button is-outline\" data-product_id=\"772\" data-product_sku=\"\" aria-label=\"L\u1ef1a ch\u1ecdn cho &ldquo;D\u00e2y chuy\u1ec1n B\u1ea1c \u00dd&rdquo;\" rel=\"nofollow\">Ch\u1ecdn<\/a><\/div>\t<span id=\"woocommerce_loop_add_to_cart_link_describedby_772\" class=\"screen-reader-text\">\n\t\tS\u1ea3n ph\u1ea9m n\u00e0y c\u00f3 nhi\u1ec1u bi\u1ebfn th\u1ec3. C\u00e1c t\u00f9y ch\u1ecdn c\u00f3 th\u1ec3 \u0111\u01b0\u1ee3c ch\u1ecdn tr\u00ean trang s\u1ea3n ph\u1ea9m\t<\/span>\n\t\t\t\t\t\t\t<\/div>\n\t\t\t\t\t\t<\/div>\n\t\t\t\t\t\t<\/div>\n\t\t\t\t\t<\/div>\n\t\t\t\t\t\t            \t        <\/div>\n","protected":false},"excerpt":{"rendered":"","protected":false},"author":1,"featured_media":0,"parent":0,"menu_order":0,"comment_status":"closed","ping_status":"closed","template":"","meta":{"footnotes":""},"class_list":["post-392","page","type-page","status-publish","hentry"],"yoast_head":"<!-- This site is optimized with the Yoast SEO plugin v26.8 - https:\/\/yoast.com\/product\/yoast-seo-wordpress\/ -->\n<title>D\u00e2y chuy\u1ec1n - PN CHIC<\/title>\n<meta name=\"robots\" content=\"index, follow, max-snippet:-1, max-image-preview:large, max-video-preview:-1\" \/>\n<link rel=\"canonical\" href=\"https:\/\/nhunhu.azdigi.shop\/?page_id=392\" \/>\n<meta property=\"og:locale\" content=\"vi_VN\" \/>\n<meta property=\"og:type\" content=\"article\" \/>\n<meta property=\"og:title\" content=\"D\u00e2y chuy\u1ec1n - PN CHIC\" \/>\n<meta property=\"og:url\" content=\"https:\/\/nhunhu.azdigi.shop\/?page_id=392\" \/>\n<meta property=\"og:site_name\" content=\"PN CHIC\" \/>\n<meta property=\"article:modified_time\" content=\"2026-04-11T12:53:45+00:00\" \/>\n<meta name=\"twitter:card\" content=\"summary_large_image\" \/>\n<script type=\"application\/ld+json\" class=\"yoast-schema-graph\">{\"@context\":\"https:\/\/schema.org\",\"@graph\":[{\"@type\":\"WebPage\",\"@id\":\"https:\/\/nhunhu.azdigi.shop\/?page_id=392\",\"url\":\"https:\/\/nhunhu.azdigi.shop\/?page_id=392\",\"name\":\"D\u00e2y chuy\u1ec1n - PN CHIC\",\"isPartOf\":{\"@id\":\"https:\/\/nhunhu.azdigi.shop\/#website\"},\"datePublished\":\"2026-03-10T08:10:59+00:00\",\"dateModified\":\"2026-04-11T12:53:45+00:00\",\"breadcrumb\":{\"@id\":\"https:\/\/nhunhu.azdigi.shop\/?page_id=392#breadcrumb\"},\"inLanguage\":\"vi\",\"potentialAction\":[{\"@type\":\"ReadAction\",\"target\":[\"https:\/\/nhunhu.azdigi.shop\/?page_id=392\"]}]},{\"@type\":\"BreadcrumbList\",\"@id\":\"https:\/\/nhunhu.azdigi.shop\/?page_id=392#breadcrumb\",\"itemListElement\":[{\"@type\":\"ListItem\",\"position\":1,\"name\":\"Trang ch\u1ee7\",\"item\":\"https:\/\/nhunhu.azdigi.shop\/\"},{\"@type\":\"ListItem\",\"position\":2,\"name\":\"D\u00e2y chuy\u1ec1n\"}]},{\"@type\":\"WebSite\",\"@id\":\"https:\/\/nhunhu.azdigi.shop\/#website\",\"url\":\"https:\/\/nhunhu.azdigi.shop\/\",\"name\":\"Ph\u1ee5 Ki\u1ec7n Nh\u1ecf - C\u00e1 T\u00ednh L\u1edbn\",\"description\":\"\",\"potentialAction\":[{\"@type\":\"SearchAction\",\"target\":{\"@type\":\"EntryPoint\",\"urlTemplate\":\"https:\/\/nhunhu.azdigi.shop\/?s={search_term_string}\"},\"query-input\":{\"@type\":\"PropertyValueSpecification\",\"valueRequired\":true,\"valueName\":\"search_term_string\"}}],\"inLanguage\":\"vi\"}]}<\/script>\n<!-- \/ Yoast SEO plugin. -->","yoast_head_json":{"title":"D\u00e2y chuy\u1ec1n - PN CHIC","robots":{"index":"index","follow":"follow","max-snippet":"max-snippet:-1","max-image-preview":"max-image-preview:large","max-video-preview":"max-video-preview:-1"},"canonical":"https:\/\/nhunhu.azdigi.shop\/?page_id=392","og_locale":"vi_VN","og_type":"article","og_title":"D\u00e2y chuy\u1ec1n - PN CHIC","og_url":"https:\/\/nhunhu.azdigi.shop\/?page_id=392","og_site_name":"PN CHIC","article_modified_time":"2026-04-11T12:53:45+00:00","twitter_card":"summary_large_image","schema":{"@context":"https:\/\/schema.org","@graph":[{"@type":"WebPage","@id":"https:\/\/nhunhu.azdigi.shop\/?page_id=392","url":"https:\/\/nhunhu.azdigi.shop\/?page_id=392","name":"D\u00e2y chuy\u1ec1n - PN CHIC","isPartOf":{"@id":"https:\/\/nhunhu.azdigi.shop\/#website"},"datePublished":"2026-03-10T08:10:59+00:00","dateModified":"2026-04-11T12:53:45+00:00","breadcrumb":{"@id":"https:\/\/nhunhu.azdigi.shop\/?page_id=392#breadcrumb"},"inLanguage":"vi","potentialAction":[{"@type":"ReadAction","target":["https:\/\/nhunhu.azdigi.shop\/?page_id=392"]}]},{"@type":"BreadcrumbList","@id":"https:\/\/nhunhu.azdigi.shop\/?page_id=392#breadcrumb","itemListElement":[{"@type":"ListItem","position":1,"name":"Trang ch\u1ee7","item":"https:\/\/nhunhu.azdigi.shop\/"},{"@type":"ListItem","position":2,"name":"D\u00e2y chuy\u1ec1n"}]},{"@type":"WebSite","@id":"https:\/\/nhunhu.azdigi.shop\/#website","url":"https:\/\/nhunhu.azdigi.shop\/","name":"Ph\u1ee5 Ki\u1ec7n Nh\u1ecf - C\u00e1 T\u00ednh L\u1edbn","description":"","potentialAction":[{"@type":"SearchAction","target":{"@type":"EntryPoint","urlTemplate":"https:\/\/nhunhu.azdigi.shop\/?s={search_term_string}"},"query-input":{"@type":"PropertyValueSpecification","valueRequired":true,"valueName":"search_term_string"}}],"inLanguage":"vi"}]}},"_links":{"self":[{"href":"https:\/\/nhunhu.azdigi.shop\/index.php?rest_route=\/wp\/v2\/pages\/392","targetHints":{"allow":["GET"]}}],"collection":[{"href":"https:\/\/nhunhu.azdigi.shop\/index.php?rest_route=\/wp\/v2\/pages"}],"about":[{"href":"https:\/\/nhunhu.azdigi.shop\/index.php?rest_route=\/wp\/v2\/types\/page"}],"author":[{"embeddable":true,"href":"https:\/\/nhunhu.azdigi.shop\/index.php?rest_route=\/wp\/v2\/users\/1"}],"replies":[{"embeddable":true,"href":"https:\/\/nhunhu.azdigi.shop\/index.php?rest_route=%2Fwp%2Fv2%2Fcomments&post=392"}],"version-history":[{"count":3,"href":"https:\/\/nhunhu.azdigi.shop\/index.php?rest_route=\/wp\/v2\/pages\/392\/revisions"}],"predecessor-version":[{"id":1103,"href":"https:\/\/nhunhu.azdigi.shop\/index.php?rest_route=\/wp\/v2\/pages\/392\/revisions\/1103"}],"wp:attachment":[{"href":"https:\/\/nhunhu.azdigi.shop\/index.php?rest_route=%2Fwp%2Fv2%2Fmedia&parent=392"}],"curies":[{"name":"wp","href":"https:\/\/api.w.org\/{rel}","templated":true}]}}